{"id":15210,"date":"2019-02-21T13:40:26","date_gmt":"2019-02-21T12:40:26","guid":{"rendered":"https:\/\/www.framence.com\/?page_id=15210"},"modified":"2025-12-12T13:32:21","modified_gmt":"2025-12-12T12:32:21","slug":"impressum","status":"publish","type":"page","link":"https:\/\/www.framence.com\/de\/impressum\/","title":{"rendered":"Impressum"},"content":{"rendered":"<div class=\"wpb-content-wrapper\"><p>[vc_row css=&#8220;.vc_custom_1677057365644{margin-top: 100px !important;margin-bottom: 150px !important;}&#8220;][vc_column]<div id=\"ultimate-heading-143869ea7cb076d43\" class=\"uvc-heading ult-adjust-bottom-margin ultimate-heading-143869ea7cb076d43 uvc-2119  uvc-heading-default-font-sizes\" data-hspacer=\"no_spacer\"  data-halign=\"left\" style=\"text-align:left\"><div class=\"uvc-heading-spacer no_spacer\" style=\"top\"><\/div><div class=\"uvc-main-heading ult-responsive\"  data-ultimate-target='.uvc-heading.ultimate-heading-143869ea7cb076d43 h2'  data-responsive-json-new='{\"font-size\":\"\",\"line-height\":\"\"}' ><h2 style=\"--font-weight:theme;\">Impressum<\/h2><\/div><\/div>[vc_column_text css=&#8220;.vc_custom_1677654615319{padding-top: 40px !important;}&#8220;]Framence GmbH<br \/>\nBerliner Ring 103<br \/>\nD \u2013 64625 Bensheim<\/p>\n<p>vertreten durch die Gesch\u00e4ftsf\u00fchrer: Dr. Peter Merkel und Adrian Merkel<\/p>\n<p><strong>Informationen zur Kontaktaufnahme:<\/strong><br \/>\nTelefon: +49 6251 \/ 584\u2013 0<br \/>\nTelefax: +49 6251 \/ 584\u2013 301<br \/>\nE-Mail:\u00a0<a href=\"mailto:info@framence.com\">info@framence.com<\/a><br \/>\nWebsite:\u00a0<a href=\"https:\/\/www.framence.com\" target=\"_blank\" rel=\"noopener noreferrer\">https:\/\/www.framence.com<\/a><\/p>\n<p>Eingetragen im Handelsregister beim Amtsgericht Darmstadt unter<br \/>\nHRB 98794 \u2013 Ust-ID-Nr.: DE 322 326 934<\/p>\n<p><strong>Haftungshinweis (Disclaimer):<\/strong><br \/>\nTrotz sorgf\u00e4ltiger inhaltlicher Kontrolle \u00fcbernehmen wir keinerlei Haftung f\u00fcr die Inhalte externer Links.<br \/>\nF\u00fcr den Inhalt der verlinkten Seiten sind ausschlie\u00dflich deren Betreiber verantwortlich.<\/p>\n<p><strong>Quellenangaben:<br \/>\n<\/strong>Bildquelle:<br \/>\n<a href=\"https:\/\/www.fotolia.com\/\" target=\"_blank\" rel=\"noopener noreferrer\">Fotolia.com<\/a><br \/>\n<a href=\"https:\/\/de.freepik.com\/\" target=\"_blank\" rel=\"noopener noreferrer\">freepik.com<\/a>[\/vc_column_text][\/vc_column][\/vc_row]<\/p>\n<\/div>","protected":false},"excerpt":{"rendered":"<p>[vc_row css=&#8220;.vc_custom_1677057365644{margin-top: 100px !important;margin-bottom: 150px !important;}&#8220;][vc_column][vc_column_text css=&#8220;.vc_custom_1677654615319{padding-top: 40px !important;}&#8220;]Framence GmbH Berliner Ring 103 D \u2013 64625 Bensheim vertreten durch die Gesch\u00e4ftsf\u00fchrer: Dr. Peter Merkel und Adrian Merkel Informationen zur Kontaktaufnahme: Telefon: +49 6251 \/ 584\u2013 0 Telefax: +49 6251 \/ 584\u2013 301 E-Mail:\u00a0info@framence.com Website:\u00a0https:\/\/www.framence.com Eingetragen im Handelsregister beim Amtsgericht Darmstadt unter HRB 98794 \u2013 Ust-ID-Nr.:&hellip;<\/p>\n","protected":false},"author":1,"featured_media":0,"parent":0,"menu_order":1,"comment_status":"closed","ping_status":"closed","template":"template-microsite.php","meta":{"footnotes":""},"class_list":["post-15210","page","type-page","status-publish","hentry","description-off"],"yoast_head":"<!-- This site is optimized with the Yoast SEO plugin v27.4 - https:\/\/yoast.com\/product\/yoast-seo-wordpress\/ -->\n<title>Impressum | FRAMENCE<\/title>\n<meta name=\"description\" content=\"Impressum der FRAMENCE GmbH \u2013 rechtliche Informationen, Kontaktdaten und gesetzliche Angaben.\" \/>\n<meta name=\"robots\" content=\"index, follow, max-snippet:-1, max-image-preview:large, max-video-preview:-1\" \/>\n<link rel=\"canonical\" href=\"https:\/\/www.framence.com\/de\/impressum\/\" \/>\n<meta property=\"og:locale\" content=\"de_DE\" \/>\n<meta property=\"og:type\" content=\"article\" \/>\n<meta property=\"og:title\" content=\"Impressum | FRAMENCE\" \/>\n<meta property=\"og:description\" content=\"Impressum der FRAMENCE GmbH \u2013 rechtliche Informationen, Kontaktdaten und gesetzliche Angaben.\" \/>\n<meta property=\"og:url\" content=\"https:\/\/www.framence.com\/de\/impressum\/\" \/>\n<meta property=\"og:site_name\" content=\"FRAMENCE\" \/>\n<meta property=\"article:modified_time\" content=\"2025-12-12T12:32:21+00:00\" \/>\n<meta property=\"og:image\" content=\"https:\/\/www.framence.com\/wp-content\/uploads\/2025\/12\/Framence_Favicon_32x32.png\" \/>\n\t<meta property=\"og:image:width\" content=\"32\" \/>\n\t<meta property=\"og:image:height\" content=\"32\" \/>\n\t<meta property=\"og:image:type\" content=\"image\/png\" \/>\n<meta name=\"twitter:card\" content=\"summary_large_image\" \/>\n<meta name=\"twitter:label1\" content=\"Gesch\u00e4tzte Lesezeit\" \/>\n\t<meta name=\"twitter:data1\" content=\"1\u00a0Minute\" \/>\n<script type=\"application\/ld+json\" class=\"yoast-schema-graph\">{\"@context\":\"https:\\\/\\\/schema.org\",\"@graph\":[{\"@type\":\"WebPage\",\"@id\":\"https:\\\/\\\/www.framence.com\\\/de\\\/impressum\\\/\",\"url\":\"https:\\\/\\\/www.framence.com\\\/de\\\/impressum\\\/\",\"name\":\"Impressum | FRAMENCE\",\"isPartOf\":{\"@id\":\"https:\\\/\\\/www.framence.com\\\/#website\"},\"datePublished\":\"2019-02-21T12:40:26+00:00\",\"dateModified\":\"2025-12-12T12:32:21+00:00\",\"description\":\"Impressum der FRAMENCE GmbH \u2013 rechtliche Informationen, Kontaktdaten und gesetzliche Angaben.\",\"breadcrumb\":{\"@id\":\"https:\\\/\\\/www.framence.com\\\/de\\\/impressum\\\/#breadcrumb\"},\"inLanguage\":\"de\",\"potentialAction\":[{\"@type\":\"ReadAction\",\"target\":[\"https:\\\/\\\/www.framence.com\\\/de\\\/impressum\\\/\"]}]},{\"@type\":\"BreadcrumbList\",\"@id\":\"https:\\\/\\\/www.framence.com\\\/de\\\/impressum\\\/#breadcrumb\",\"itemListElement\":[{\"@type\":\"ListItem\",\"position\":1,\"name\":\"Startseite\",\"item\":\"https:\\\/\\\/www.framence.com\\\/de\\\/\"},{\"@type\":\"ListItem\",\"position\":2,\"name\":\"Impressum\"}]},{\"@type\":\"WebSite\",\"@id\":\"https:\\\/\\\/www.framence.com\\\/#website\",\"url\":\"https:\\\/\\\/www.framence.com\\\/\",\"name\":\"FRAMENCE\",\"description\":\"\",\"potentialAction\":[{\"@type\":\"SearchAction\",\"target\":{\"@type\":\"EntryPoint\",\"urlTemplate\":\"https:\\\/\\\/www.framence.com\\\/?s={search_term_string}\"},\"query-input\":{\"@type\":\"PropertyValueSpecification\",\"valueRequired\":true,\"valueName\":\"search_term_string\"}}],\"inLanguage\":\"de\"}]}<\/script>\n<!-- \/ Yoast SEO plugin. -->","yoast_head_json":{"title":"Impressum | FRAMENCE","description":"Impressum der FRAMENCE GmbH \u2013 rechtliche Informationen, Kontaktdaten und gesetzliche Angaben.","robots":{"index":"index","follow":"follow","max-snippet":"max-snippet:-1","max-image-preview":"max-image-preview:large","max-video-preview":"max-video-preview:-1"},"canonical":"https:\/\/www.framence.com\/de\/impressum\/","og_locale":"de_DE","og_type":"article","og_title":"Impressum | FRAMENCE","og_description":"Impressum der FRAMENCE GmbH \u2013 rechtliche Informationen, Kontaktdaten und gesetzliche Angaben.","og_url":"https:\/\/www.framence.com\/de\/impressum\/","og_site_name":"FRAMENCE","article_modified_time":"2025-12-12T12:32:21+00:00","og_image":[{"width":32,"height":32,"url":"https:\/\/www.framence.com\/wp-content\/uploads\/2025\/12\/Framence_Favicon_32x32.png","type":"image\/png"}],"twitter_card":"summary_large_image","twitter_misc":{"Gesch\u00e4tzte Lesezeit":"1\u00a0Minute"},"schema":{"@context":"https:\/\/schema.org","@graph":[{"@type":"WebPage","@id":"https:\/\/www.framence.com\/de\/impressum\/","url":"https:\/\/www.framence.com\/de\/impressum\/","name":"Impressum | FRAMENCE","isPartOf":{"@id":"https:\/\/www.framence.com\/#website"},"datePublished":"2019-02-21T12:40:26+00:00","dateModified":"2025-12-12T12:32:21+00:00","description":"Impressum der FRAMENCE GmbH \u2013 rechtliche Informationen, Kontaktdaten und gesetzliche Angaben.","breadcrumb":{"@id":"https:\/\/www.framence.com\/de\/impressum\/#breadcrumb"},"inLanguage":"de","potentialAction":[{"@type":"ReadAction","target":["https:\/\/www.framence.com\/de\/impressum\/"]}]},{"@type":"BreadcrumbList","@id":"https:\/\/www.framence.com\/de\/impressum\/#breadcrumb","itemListElement":[{"@type":"ListItem","position":1,"name":"Startseite","item":"https:\/\/www.framence.com\/de\/"},{"@type":"ListItem","position":2,"name":"Impressum"}]},{"@type":"WebSite","@id":"https:\/\/www.framence.com\/#website","url":"https:\/\/www.framence.com\/","name":"FRAMENCE","description":"","potentialAction":[{"@type":"SearchAction","target":{"@type":"EntryPoint","urlTemplate":"https:\/\/www.framence.com\/?s={search_term_string}"},"query-input":{"@type":"PropertyValueSpecification","valueRequired":true,"valueName":"search_term_string"}}],"inLanguage":"de"}]}},"_links":{"self":[{"href":"https:\/\/www.framence.com\/de\/wp-json\/wp\/v2\/pages\/15210","targetHints":{"allow":["GET"]}}],"collection":[{"href":"https:\/\/www.framence.com\/de\/wp-json\/wp\/v2\/pages"}],"about":[{"href":"https:\/\/www.framence.com\/de\/wp-json\/wp\/v2\/types\/page"}],"author":[{"embeddable":true,"href":"https:\/\/www.framence.com\/de\/wp-json\/wp\/v2\/users\/1"}],"replies":[{"embeddable":true,"href":"https:\/\/www.framence.com\/de\/wp-json\/wp\/v2\/comments?post=15210"}],"version-history":[{"count":24,"href":"https:\/\/www.framence.com\/de\/wp-json\/wp\/v2\/pages\/15210\/revisions"}],"predecessor-version":[{"id":35354,"href":"https:\/\/www.framence.com\/de\/wp-json\/wp\/v2\/pages\/15210\/revisions\/35354"}],"wp:attachment":[{"href":"https:\/\/www.framence.com\/de\/wp-json\/wp\/v2\/media?parent=15210"}],"curies":[{"name":"wp","href":"https:\/\/api.w.org\/{rel}","templated":true}]}}