{"id":25698,"date":"2021-03-17T09:57:15","date_gmt":"2021-03-17T08:57:15","guid":{"rendered":"https:\/\/www.framence.com\/?page_id=25698"},"modified":"2025-12-12T13:54:17","modified_gmt":"2025-12-12T12:54:17","slug":"demo","status":"publish","type":"page","link":"https:\/\/www.framence.com\/de\/demo\/","title":{"rendered":"Online-Live-Demo"},"content":{"rendered":"<div class=\"wpb-content-wrapper\"><p>[vc_row bg_type=&#8220;image&#8220; parallax_style=&#8220;vcpb-default&#8220; bg_image_new=&#8220;id^34217|url^https:\/\/www.framence.com\/wp-content\/uploads\/2023\/01\/Framence_Hintergrundbild_Termine.jpg|caption^null|alt^null|title^Framence_Hintergrundbild_Termine|description^null&#8220; bg_override=&#8220;full&#8220; css=&#8220;.vc_custom_1705482225663{padding-top: 180px !important;padding-bottom: 80px !important;}&#8220;][vc_column]<div id=\"ultimate-heading-441369d6dc9897c13\" class=\"uvc-heading ult-adjust-bottom-margin ultimate-heading-441369d6dc9897c13 uvc-464 \" data-hspacer=\"no_spacer\"  data-halign=\"left\" style=\"text-align:left\"><div class=\"uvc-heading-spacer no_spacer\" style=\"top\"><\/div><div class=\"uvc-main-heading ult-responsive\"  data-ultimate-target='.uvc-heading.ultimate-heading-441369d6dc9897c13 h2'  data-responsive-json-new='{\"font-size\":\"desktop:45px;\",\"line-height\":\"desktop:50px;\"}' ><h2 style=\"--font-weight:theme;color:#ffffff;margin-bottom:10px;\">Online-Live-Demo<\/h2><\/div><div class=\"uvc-sub-heading ult-responsive\"  data-ultimate-target='.uvc-heading.ultimate-heading-441369d6dc9897c13 .uvc-sub-heading '  data-responsive-json-new='{\"font-size\":\"desktop:25px;\",\"line-height\":\"desktop:38px;\"}'  style=\"font-weight:normal;color:#ffffff;\">Lernen Sie FRAMENCE kennen!<\/div><\/div>[\/vc_column][\/vc_row][vc_row bg_type=&#8220;bg_color&#8220; bg_override=&#8220;full&#8220; css=&#8220;.vc_custom_1635938197195{margin-top: 100px !important;margin-bottom: 100px !important;}&#8220;][vc_column width=&#8220;1\/2&#8243; css=&#8220;.vc_custom_1675867129548{padding-right: 50px !important;}&#8220;][vc_column_text]<\/p>\n<h3>Buchen Sie eine unverbindliche Live-Demo und lassen Sie sich von der innovativen FRAMENCE-Technologie \u00fcberzeugen!<\/h3>\n<p>[\/vc_column_text]<div class=\"gap\" style=\"line-height: 50px; height: 50px;\"><\/div>[vc_column_text]<strong>In dieser kostenlosen Live-Demo erwartet Sie Folgendes:<\/strong><\/p>\n<ol>\n<li>Vorstellung der FRAMENCE-Technologie<\/li>\n<li>\u00dcberblick \u00fcber die Vorteile und Anwendungsf\u00e4lle<\/li>\n<li>Live-Demonstration der Funktionen<\/li>\n<li>Raum f\u00fcr Ihre Fragen und konkreten Anwendungsfall<\/li>\n<\/ol>\n<p><strong>Dauer:<\/strong> ca. 30 Minuten[\/vc_column_text]<div class=\"gap\" style=\"line-height: 50px; height: 50px;\"><\/div>[vc_column_text]<strong>Gehen Sie den n\u00e4chsten Schritt in Ihrer Digitalisierungsstrategie \u2013 mit FRAMENCE.<\/strong>[\/vc_column_text]<div class=\"gap\" style=\"line-height: 50px; height: 50px;\"><\/div>[\/vc_column][vc_column width=&#8220;1\/2&#8243;]\n<div class=\"wpcf7 no-js\" id=\"wpcf7-f32457-o1\" lang=\"de-DE\" dir=\"ltr\" data-wpcf7-id=\"32457\">\n<div class=\"screen-reader-response\"><p role=\"status\" aria-live=\"polite\" aria-atomic=\"true\"><\/p> <ul><\/ul><\/div>\n<form action=\"\/de\/wp-json\/wp\/v2\/pages\/25698#wpcf7-f32457-o1\" method=\"post\" class=\"wpcf7-form init\" aria-label=\"Kontaktformular\" novalidate=\"novalidate\" data-status=\"init\">\n<fieldset class=\"hidden-fields-container\"><input type=\"hidden\" name=\"_wpcf7\" value=\"32457\" \/><input type=\"hidden\" name=\"_wpcf7_version\" value=\"6.1.5\" \/><input type=\"hidden\" name=\"_wpcf7_locale\" value=\"de_DE\" \/><input type=\"hidden\" name=\"_wpcf7_unit_tag\" value=\"wpcf7-f32457-o1\" \/><input type=\"hidden\" name=\"_wpcf7_container_post\" value=\"0\" \/><input type=\"hidden\" name=\"_wpcf7_posted_data_hash\" value=\"\" \/><input type=\"hidden\" name=\"_wpcf7_recaptcha_response\" value=\"\" \/>\n<\/fieldset>\n<p><label> Vorname*:<br \/>\n<span class=\"wpcf7-form-control-wrap\" data-name=\"first-name\"><input size=\"40\" maxlength=\"400\" class=\"wpcf7-form-control wpcf7-text wpcf7-validates-as-required\" aria-required=\"true\" aria-invalid=\"false\" value=\"\" type=\"text\" name=\"first-name\" \/><\/span> <\/label>\n<\/p>\n<p><label> Nachname*:<br \/>\n<span class=\"wpcf7-form-control-wrap\" data-name=\"surname\"><input size=\"40\" maxlength=\"400\" class=\"wpcf7-form-control wpcf7-text wpcf7-validates-as-required\" aria-required=\"true\" aria-invalid=\"false\" value=\"\" type=\"text\" name=\"surname\" \/><\/span> <\/label>\n<\/p>\n<p><label> Unternehmen*:<br \/>\n<span class=\"wpcf7-form-control-wrap\" data-name=\"company\"><input size=\"40\" maxlength=\"400\" class=\"wpcf7-form-control wpcf7-text wpcf7-validates-as-required\" aria-required=\"true\" aria-invalid=\"false\" value=\"\" type=\"text\" name=\"company\" \/><\/span> <\/label>\n<\/p>\n<p><label> Gesch\u00e4ftliche E-Mail*:<br \/>\n<span class=\"wpcf7-form-control-wrap\" data-name=\"your-email\"><input size=\"40\" maxlength=\"400\" class=\"wpcf7-form-control wpcf7-email wpcf7-validates-as-required wpcf7-text wpcf7-validates-as-email\" aria-required=\"true\" aria-invalid=\"false\" value=\"\" type=\"email\" name=\"your-email\" \/><\/span> <\/label>\n<\/p>\n<p><label> Telefonnummer*:<br \/>\n<span class=\"wpcf7-form-control-wrap\" data-name=\"telephone-number\"><input size=\"40\" maxlength=\"400\" class=\"wpcf7-form-control wpcf7-tel wpcf7-validates-as-required wpcf7-text wpcf7-validates-as-tel\" aria-required=\"true\" aria-invalid=\"false\" value=\"\" type=\"tel\" name=\"telephone-number\" \/><\/span> <\/label>\n<\/p>\n<p><label> Land*:<br \/>\n<span class=\"wpcf7-form-control-wrap\" data-name=\"country\"><input size=\"40\" maxlength=\"400\" class=\"wpcf7-form-control wpcf7-text wpcf7-validates-as-required\" aria-required=\"true\" aria-invalid=\"false\" value=\"\" type=\"text\" name=\"country\" \/><\/span> <\/label>\n<\/p>\n<p class=\"datenschutz\"><br \/>\n<strong>Datenschutz<\/strong><br \/>\n<span class=\"wpcf7-form-control-wrap\" data-name=\"zustimmung-datenschutz\"><span class=\"wpcf7-form-control wpcf7-acceptance\"><span class=\"wpcf7-list-item\"><label><input type=\"checkbox\" name=\"zustimmung-datenschutz\" value=\"1\" aria-invalid=\"false\" \/><span class=\"wpcf7-list-item-label\">Ich habe die <a href=\"https:\/\/www.framence.com\/de\/datenschutzerklaerung\/\" target=\"_blank\"><strong>Datenschutzerkl\u00e4rung<\/strong><\/a> gelesen und akzeptiert.<\/span><\/label><\/span><\/span><\/span>\n<\/p>\n<p><input class=\"wpcf7-form-control wpcf7-submit has-spinner\" type=\"submit\" value=\"Demo buchen\" \/>\n<\/p><div class=\"wpcf7-response-output\" aria-hidden=\"true\"><\/div>\n<\/form>\n<\/div>\n[\/vc_column][\/vc_row]<\/p>\n<\/div>","protected":false},"excerpt":{"rendered":"<p>[vc_row bg_type=&#8220;image&#8220; parallax_style=&#8220;vcpb-default&#8220; bg_image_new=&#8220;id^34217|url^https:\/\/www.framence.com\/wp-content\/uploads\/2023\/01\/Framence_Hintergrundbild_Termine.jpg|caption^null|alt^null|title^Framence_Hintergrundbild_Termine|description^null&#8220; bg_override=&#8220;full&#8220; css=&#8220;.vc_custom_1705482225663{padding-top: 180px !important;padding-bottom: 80px !important;}&#8220;][vc_column][\/vc_column][\/vc_row][vc_row bg_type=&#8220;bg_color&#8220; bg_override=&#8220;full&#8220; css=&#8220;.vc_custom_1635938197195{margin-top: 100px !important;margin-bottom: 100px !important;}&#8220;][vc_column width=&#8220;1\/2&#8243; css=&#8220;.vc_custom_1675867129548{padding-right: 50px !important;}&#8220;][vc_column_text] Buchen Sie eine unverbindliche Live-Demo und lassen Sie sich von der innovativen FRAMENCE-Technologie \u00fcberzeugen! [\/vc_column_text][vc_column_text]In dieser kostenlosen Live-Demo erwartet Sie Folgendes: Vorstellung der FRAMENCE-Technologie \u00dcberblick \u00fcber die Vorteile und Anwendungsf\u00e4lle Live-Demonstration der Funktionen Raum&hellip;<\/p>\n","protected":false},"author":1,"featured_media":0,"parent":0,"menu_order":1,"comment_status":"closed","ping_status":"closed","template":"template-microsite.php","meta":{"footnotes":""},"class_list":["post-25698","page","type-page","status-publish","hentry","description-off"],"yoast_head":"<!-- This site is optimized with the Yoast SEO plugin v27.3 - https:\/\/yoast.com\/product\/yoast-seo-wordpress\/ -->\n<title>Demo | FRAMENCE<\/title>\n<meta name=\"description\" content=\"FRAMENCE Demo: Erleben Sie fotorealistische digitale Zwillinge live und entdecken Sie Funktionen und Anwendungsf\u00e4lle.\" \/>\n<meta name=\"robots\" content=\"index, follow, max-snippet:-1, max-image-preview:large, max-video-preview:-1\" \/>\n<link rel=\"canonical\" href=\"https:\/\/www.framence.com\/de\/demo\/\" \/>\n<meta property=\"og:locale\" content=\"de_DE\" \/>\n<meta property=\"og:type\" content=\"article\" \/>\n<meta property=\"og:title\" content=\"Demo | FRAMENCE\" \/>\n<meta property=\"og:description\" content=\"FRAMENCE Demo: Erleben Sie fotorealistische digitale Zwillinge live und entdecken Sie Funktionen und Anwendungsf\u00e4lle.\" \/>\n<meta property=\"og:url\" content=\"https:\/\/www.framence.com\/de\/demo\/\" \/>\n<meta property=\"og:site_name\" content=\"FRAMENCE\" \/>\n<meta property=\"article:modified_time\" content=\"2025-12-12T12:54:17+00:00\" \/>\n<meta property=\"og:image\" content=\"https:\/\/www.framence.com\/wp-content\/uploads\/2025\/12\/Framence_Favicon_32x32.png\" \/>\n\t<meta property=\"og:image:width\" content=\"32\" \/>\n\t<meta property=\"og:image:height\" content=\"32\" \/>\n\t<meta property=\"og:image:type\" content=\"image\/png\" \/>\n<meta name=\"twitter:card\" content=\"summary_large_image\" \/>\n<meta name=\"twitter:label1\" content=\"Gesch\u00e4tzte Lesezeit\" \/>\n\t<meta name=\"twitter:data1\" content=\"1\u00a0Minute\" \/>\n<script type=\"application\/ld+json\" class=\"yoast-schema-graph\">{\"@context\":\"https:\\\/\\\/schema.org\",\"@graph\":[{\"@type\":\"WebPage\",\"@id\":\"https:\\\/\\\/www.framence.com\\\/de\\\/demo\\\/\",\"url\":\"https:\\\/\\\/www.framence.com\\\/de\\\/demo\\\/\",\"name\":\"Demo | FRAMENCE\",\"isPartOf\":{\"@id\":\"https:\\\/\\\/www.framence.com\\\/#website\"},\"datePublished\":\"2021-03-17T08:57:15+00:00\",\"dateModified\":\"2025-12-12T12:54:17+00:00\",\"description\":\"FRAMENCE Demo: Erleben Sie fotorealistische digitale Zwillinge live und entdecken Sie Funktionen und Anwendungsf\u00e4lle.\",\"breadcrumb\":{\"@id\":\"https:\\\/\\\/www.framence.com\\\/de\\\/demo\\\/#breadcrumb\"},\"inLanguage\":\"de\",\"potentialAction\":[{\"@type\":\"ReadAction\",\"target\":[\"https:\\\/\\\/www.framence.com\\\/de\\\/demo\\\/\"]}]},{\"@type\":\"BreadcrumbList\",\"@id\":\"https:\\\/\\\/www.framence.com\\\/de\\\/demo\\\/#breadcrumb\",\"itemListElement\":[{\"@type\":\"ListItem\",\"position\":1,\"name\":\"Startseite\",\"item\":\"https:\\\/\\\/www.framence.com\\\/de\\\/\"},{\"@type\":\"ListItem\",\"position\":2,\"name\":\"Online-Live-Demo\"}]},{\"@type\":\"WebSite\",\"@id\":\"https:\\\/\\\/www.framence.com\\\/#website\",\"url\":\"https:\\\/\\\/www.framence.com\\\/\",\"name\":\"FRAMENCE\",\"description\":\"\",\"potentialAction\":[{\"@type\":\"SearchAction\",\"target\":{\"@type\":\"EntryPoint\",\"urlTemplate\":\"https:\\\/\\\/www.framence.com\\\/?s={search_term_string}\"},\"query-input\":{\"@type\":\"PropertyValueSpecification\",\"valueRequired\":true,\"valueName\":\"search_term_string\"}}],\"inLanguage\":\"de\"}]}<\/script>\n<!-- \/ Yoast SEO plugin. -->","yoast_head_json":{"title":"Demo | FRAMENCE","description":"FRAMENCE Demo: Erleben Sie fotorealistische digitale Zwillinge live und entdecken Sie Funktionen und Anwendungsf\u00e4lle.","robots":{"index":"index","follow":"follow","max-snippet":"max-snippet:-1","max-image-preview":"max-image-preview:large","max-video-preview":"max-video-preview:-1"},"canonical":"https:\/\/www.framence.com\/de\/demo\/","og_locale":"de_DE","og_type":"article","og_title":"Demo | FRAMENCE","og_description":"FRAMENCE Demo: Erleben Sie fotorealistische digitale Zwillinge live und entdecken Sie Funktionen und Anwendungsf\u00e4lle.","og_url":"https:\/\/www.framence.com\/de\/demo\/","og_site_name":"FRAMENCE","article_modified_time":"2025-12-12T12:54:17+00:00","og_image":[{"width":32,"height":32,"url":"https:\/\/www.framence.com\/wp-content\/uploads\/2025\/12\/Framence_Favicon_32x32.png","type":"image\/png"}],"twitter_card":"summary_large_image","twitter_misc":{"Gesch\u00e4tzte Lesezeit":"1\u00a0Minute"},"schema":{"@context":"https:\/\/schema.org","@graph":[{"@type":"WebPage","@id":"https:\/\/www.framence.com\/de\/demo\/","url":"https:\/\/www.framence.com\/de\/demo\/","name":"Demo | FRAMENCE","isPartOf":{"@id":"https:\/\/www.framence.com\/#website"},"datePublished":"2021-03-17T08:57:15+00:00","dateModified":"2025-12-12T12:54:17+00:00","description":"FRAMENCE Demo: Erleben Sie fotorealistische digitale Zwillinge live und entdecken Sie Funktionen und Anwendungsf\u00e4lle.","breadcrumb":{"@id":"https:\/\/www.framence.com\/de\/demo\/#breadcrumb"},"inLanguage":"de","potentialAction":[{"@type":"ReadAction","target":["https:\/\/www.framence.com\/de\/demo\/"]}]},{"@type":"BreadcrumbList","@id":"https:\/\/www.framence.com\/de\/demo\/#breadcrumb","itemListElement":[{"@type":"ListItem","position":1,"name":"Startseite","item":"https:\/\/www.framence.com\/de\/"},{"@type":"ListItem","position":2,"name":"Online-Live-Demo"}]},{"@type":"WebSite","@id":"https:\/\/www.framence.com\/#website","url":"https:\/\/www.framence.com\/","name":"FRAMENCE","description":"","potentialAction":[{"@type":"SearchAction","target":{"@type":"EntryPoint","urlTemplate":"https:\/\/www.framence.com\/?s={search_term_string}"},"query-input":{"@type":"PropertyValueSpecification","valueRequired":true,"valueName":"search_term_string"}}],"inLanguage":"de"}]}},"_links":{"self":[{"href":"https:\/\/www.framence.com\/de\/wp-json\/wp\/v2\/pages\/25698","targetHints":{"allow":["GET"]}}],"collection":[{"href":"https:\/\/www.framence.com\/de\/wp-json\/wp\/v2\/pages"}],"about":[{"href":"https:\/\/www.framence.com\/de\/wp-json\/wp\/v2\/types\/page"}],"author":[{"embeddable":true,"href":"https:\/\/www.framence.com\/de\/wp-json\/wp\/v2\/users\/1"}],"replies":[{"embeddable":true,"href":"https:\/\/www.framence.com\/de\/wp-json\/wp\/v2\/comments?post=25698"}],"version-history":[{"count":27,"href":"https:\/\/www.framence.com\/de\/wp-json\/wp\/v2\/pages\/25698\/revisions"}],"predecessor-version":[{"id":37110,"href":"https:\/\/www.framence.com\/de\/wp-json\/wp\/v2\/pages\/25698\/revisions\/37110"}],"wp:attachment":[{"href":"https:\/\/www.framence.com\/de\/wp-json\/wp\/v2\/media?parent=25698"}],"curies":[{"name":"wp","href":"https:\/\/api.w.org\/{rel}","templated":true}]}}