{"id":29411,"date":"2021-08-11T16:22:21","date_gmt":"2021-08-11T14:22:21","guid":{"rendered":"https:\/\/www.framence.com\/?page_id=29411"},"modified":"2025-12-11T15:31:29","modified_gmt":"2025-12-11T14:31:29","slug":"ueber-uns","status":"publish","type":"page","link":"https:\/\/www.framence.com\/de\/ueber-uns\/","title":{"rendered":"\u00dcber uns"},"content":{"rendered":"<div class=\"wpb-content-wrapper\"><p>[vc_row bg_type=&#8220;image&#8220; parallax_style=&#8220;vcpb-default&#8220; bg_image_new=&#8220;id^34199|url^https:\/\/www.framence.com\/wp-content\/uploads\/2023\/01\/Framence_Hintergrundbild_Kontakt.jpg|caption^null|alt^null|title^Framence_Hintergrundbild_Kontakt|description^null&#8220; bg_override=&#8220;full&#8220; css=&#8220;.vc_custom_1676021727184{padding-top: 150px !important;padding-bottom: 150px !important;}&#8220;][vc_column width=&#8220;1\/2&#8243;]<div id=\"ultimate-heading-425769d4054b07591\" class=\"uvc-heading ult-adjust-bottom-margin ultimate-heading-425769d4054b07591 uvc-5731 \" data-hspacer=\"no_spacer\"  data-halign=\"left\" style=\"text-align:left\"><div class=\"uvc-heading-spacer no_spacer\" style=\"top\"><\/div><div class=\"uvc-main-heading ult-responsive\"  data-ultimate-target='.uvc-heading.ultimate-heading-425769d4054b07591 h2'  data-responsive-json-new='{\"font-size\":\"desktop:45px;\",\"line-height\":\"desktop:50px;\"}' ><h2 style=\"--font-weight:theme;color:#ffffff;margin-bottom:30px;\">Wer wir sind<\/h2><\/div><div class=\"uvc-sub-heading ult-responsive\"  data-ultimate-target='.uvc-heading.ultimate-heading-425769d4054b07591 .uvc-sub-heading '  data-responsive-json-new='{\"font-size\":\"desktop:25px;\",\"line-height\":\"desktop:38px;\"}'  style=\"font-weight:normal;color:#ffffff;\">Wir machen Asset-Managern das Leben leichter mit unseren fotorealistischen digitalen Zwillingen.<\/div><\/div>[\/vc_column][vc_column width=&#8220;1\/2&#8243;][\/vc_column][\/vc_row][vc_row content_placement=&#8220;middle&#8220; css=&#8220;.vc_custom_1676035232873{margin-top: 100px !important;margin-bottom: 110px !important;}&#8220;][vc_column width=&#8220;1\/4&#8243;]<div class=\"gap\" style=\"line-height: 30px; height: 30px;\"><\/div>[vc_single_image image=&#8220;34731&#8243; img_size=&#8220;full&#8220; alignment=&#8220;center&#8220;]<div class=\"gap\" style=\"line-height: 30px; height: 30px;\"><\/div>[\/vc_column][vc_column width=&#8220;3\/4&#8243;][vc_column_text]<\/p>\n<h2>Holen Sie die Realit\u00e4t an Ihren Monitor<\/h2>\n<p>[\/vc_column_text]<div class=\"gap\" style=\"line-height: 30px; height: 30px;\"><\/div>[vc_column_text]<strong>Wir haben 2019 die Framence GmbH mit dem Wissen gegr\u00fcndet, dass dreidimensionale, fotorealistische digitale Zwillinge einen unsch\u00e4tzbaren Mehrwert f\u00fcr den Betrieb von Geb\u00e4uden, technischen Anlagen und Installationen bieten.<\/strong>[\/vc_column_text]<div class=\"gap\" style=\"line-height: 30px; height: 30px;\"><\/div>[vc_column_text]Da sich diese Mehrwerte nur realisieren lassen, wenn die Erstellung und Aktualisierung der Zwillinge schnell, einfach und kosteng\u00fcnstig ist, haben wir eine neue, bahnbrechende Methode entwickelt. Aus einfachen Fotos entstehen mit unserer KI-gest\u00fctzten Software automatisch dreidimensionale fotorealistische digitale Zwillinge. Der Anwender kann den Zwilling in jedem Browser \u00f6ffnen und ist damit in Sekunden quasi vor Ort. Unser Fokus liegt auf einem hohen ROI, der es unseren Kunden erm\u00f6glicht, ihre Investitionen zu maximieren und ihre Gewinne zu steigern. Das gelingt uns mithilfe unserer digitalen Zwillinge, die die Workflows in den Teams unserer Kunden sowie mit externen Diensteistern unterst\u00fctzen.[\/vc_column_text]<div class=\"gap\" style=\"line-height: 30px; height: 30px;\"><\/div>[vc_column_text]<strong>Bei Framence gehen wir neue Wege und revolutionieren so den industriellen Digitalisierungsfortschritt.<\/strong>[\/vc_column_text][\/vc_column][\/vc_row][vc_row bg_type=&#8220;bg_color&#8220; bg_override=&#8220;full&#8220; css=&#8220;.vc_custom_1675858943794{padding-top: 120px !important;padding-bottom: 80px !important;}&#8220; bg_color_value=&#8220;#ededed&#8220;][vc_column width=&#8220;1\/3&#8243;][vc_column_text]<\/p>\n<h2>Unsere Gr\u00fcnder<\/h2>\n<p>[\/vc_column_text]<div class=\"gap\" style=\"line-height: 50px; height: 50px;\"><\/div>[\/vc_column][vc_column width=&#8220;2\/3&#8243;][vc_row_inner content_placement=&#8220;middle&#8220;][vc_column_inner width=&#8220;1\/2&#8243;][vc_single_image image=&#8220;35090&#8243; img_size=&#8220;full&#8220;]<div class=\"gap\" style=\"line-height: 35px; height: 35px;\"><\/div><div id=\"ultimate-heading-361769d4054b07683\" class=\"uvc-heading ult-adjust-bottom-margin ultimate-heading-361769d4054b07683 uvc-1238 \" data-hspacer=\"line_only\"  data-halign=\"left\" style=\"text-align:left\"><div class=\"uvc-main-heading ult-responsive\"  data-ultimate-target='.uvc-heading.ultimate-heading-361769d4054b07683 h2'  data-responsive-json-new='{\"font-size\":\"desktop:20px;\",\"line-height\":\"\"}' ><h2 style=\"--font-weight:theme;\">Dr. Peter Merkel<\/h2><\/div><div class=\"uvc-heading-spacer line_only\" style=\"margin-top:10px;margin-bottom:10px;height:3px;\"><span class=\"uvc-headings-line\" style=\"border-style:solid;border-bottom-width:3px;border-color:#A32D33;width:30px;\"><\/span><\/div><div class=\"uvc-sub-heading ult-responsive\"  data-ultimate-target='.uvc-heading.ultimate-heading-361769d4054b07683 .uvc-sub-heading '  data-responsive-json-new='{\"font-size\":\"desktop:16px;\",\"line-height\":\"\"}'  style=\"font-weight:normal;\"><strong>Technischer Mastermind<\/strong><\/p>\n<p>Promotion an der TU Darmstadt<br \/>\n<em>40+ Jahre Erfahrung in der Entwicklung von<br \/>\nCAD- und grafischen CAFM-Systemen<\/em><\/div><\/div><div class=\"gap\" style=\"line-height: 20px; height: 20px;\"><\/div>[\/vc_column_inner][vc_column_inner width=&#8220;1\/2&#8243;][vc_single_image image=&#8220;35092&#8243; img_size=&#8220;full&#8220;]<div class=\"gap\" style=\"line-height: 35px; height: 35px;\"><\/div><div id=\"ultimate-heading-829769d4054b076ed\" class=\"uvc-heading ult-adjust-bottom-margin ultimate-heading-829769d4054b076ed uvc-2204 \" data-hspacer=\"line_only\"  data-halign=\"left\" style=\"text-align:left\"><div class=\"uvc-main-heading ult-responsive\"  data-ultimate-target='.uvc-heading.ultimate-heading-829769d4054b076ed h2'  data-responsive-json-new='{\"font-size\":\"desktop:20px;\",\"line-height\":\"\"}' ><h2 style=\"--font-weight:theme;\">Adrian Merkel<\/h2><\/div><div class=\"uvc-heading-spacer line_only\" style=\"margin-top:10px;margin-bottom:10px;height:3px;\"><span class=\"uvc-headings-line\" style=\"border-style:solid;border-bottom-width:3px;border-color:#A32D33;width:30px;\"><\/span><\/div><div class=\"uvc-sub-heading ult-responsive\"  data-ultimate-target='.uvc-heading.ultimate-heading-829769d4054b076ed .uvc-sub-heading '  data-responsive-json-new='{\"font-size\":\"desktop:16px;\",\"line-height\":\"\"}'  style=\"font-weight:normal;\"><strong>Marketing, Vertrieb &amp; Internationalisierung<\/strong><\/p>\n<p>Master in Aberdeen und Forschung an der TU Graz<br \/>\n<em>20 Jahre Erfahrung in der Entwicklung von<br \/>\nCAFM und Energiemanagement-Systemen<\/em><\/div><\/div><div class=\"gap\" style=\"line-height: 20px; height: 20px;\"><\/div>[\/vc_column_inner][\/vc_row_inner][\/vc_column][\/vc_row][vc_row css=&#8220;.vc_custom_1676634742756{margin-top: 130px !important;margin-bottom: 130px !important;}&#8220;][vc_column][vc_column_text]<\/p>\n<h2 style=\"text-align: center;\">Hinter jeder gro\u00dfartigen Vision steht ein noch gro\u00dfartigeres Team.<\/h2>\n<p>[\/vc_column_text]<div class=\"gap\" style=\"line-height: 30px; height: 30px;\"><\/div>[vc_column_text]<\/p>\n<p style=\"text-align: center;\">Ohne unser ausgezeichnetes Team k\u00f6nnten wir unsere Vision nicht realisieren. Unsere Mitarbeitenden kommen aus der ganzen Welt, aus den verschiedensten Branchen und bringen mit ihren vielseitigen beruflichen Erfahrungen neue Perspektiven in unsere Technologie. So stellen wir sicher, dass wir unseren Kunden eine holistische Software bieten k\u00f6nnen, die alle Stakeholder entlang der Projektabwicklung unterst\u00fctzt.<\/p>\n<p>[\/vc_column_text][\/vc_column][\/vc_row][vc_row bg_type=&#8220;image&#8220; parallax_style=&#8220;vcpb-default&#8220; bg_image_new=&#8220;id^35000|url^https:\/\/www.framence.com\/wp-content\/uploads\/2023\/02\/Framence_Hintergrundbild_Ende.jpg|caption^null|alt^null|title^Framence_Hintergrundbild_Ende|description^null&#8220; bg_override=&#8220;full&#8220; seperator_enable=&#8220;seperator_enable_value&#8220; seperator_type=&#8220;triangle_svg_seperator&#8220; seperator_shape_background=&#8220;#ffffff&#8220; css=&#8220;.vc_custom_1676905349317{padding-top: 150px !important;padding-bottom: 100px !important;}&#8220;][vc_column]<div id=\"ultimate-heading-804369d4054b07744\" class=\"uvc-heading ult-adjust-bottom-margin ultimate-heading-804369d4054b07744 uvc-4365  uvc-heading-default-font-sizes\" data-hspacer=\"no_spacer\"  data-halign=\"center\" style=\"text-align:center\"><div class=\"uvc-heading-spacer no_spacer\" style=\"top\"><\/div><div class=\"uvc-main-heading ult-responsive\"  data-ultimate-target='.uvc-heading.ultimate-heading-804369d4054b07744 h2'  data-responsive-json-new='{\"font-size\":\"\",\"line-height\":\"\"}' ><h2 style=\"--font-weight:theme;color:#ffffff;\">Komm zu uns ins Team!<\/h2><\/div><\/div><div class=\"gap\" style=\"line-height: 30px; height: 30px;\"><\/div><div class=\" ubtn-ctn-center \"><a class=\"ubtn-link ult-adjust-bottom-margin ubtn-center ubtn-normal \" href=\"\/de\/karriere\/\" ><button type=\"button\" id=\"ubtn-7547\"  class=\"ubtn ult-adjust-bottom-margin ult-responsive ubtn-normal ubtn-no-hover-bg  none  ubtn-center   tooltip-69d4054b0778b\"  data-hover=\"#000000\" data-border-color=\"\" data-bg=\"#FF9696\" data-hover-bg=\"#FF5F5F\" data-border-hover=\"\" data-shadow-hover=\"\" data-shadow-click=\"none\" data-shadow=\"\" data-shd-shadow=\"\"  data-ultimate-target='#ubtn-7547'  data-responsive-json-new='{\"font-size\":\"desktop:14px;\",\"line-height\":\"\"}'  style=\"font-weight:bold;border:none;background: #FF9696;color: #000000;\"><span class=\"ubtn-hover\" style=\"background-color:#FF5F5F\"><\/span><span class=\"ubtn-data ubtn-text \" >Karriere<\/span><\/button><\/a><\/div>[\/vc_column][\/vc_row]<\/p>\n<\/div>","protected":false},"excerpt":{"rendered":"<p>[vc_row bg_type=&#8220;image&#8220; parallax_style=&#8220;vcpb-default&#8220; bg_image_new=&#8220;id^34199|url^https:\/\/www.framence.com\/wp-content\/uploads\/2023\/01\/Framence_Hintergrundbild_Kontakt.jpg|caption^null|alt^null|title^Framence_Hintergrundbild_Kontakt|description^null&#8220; bg_override=&#8220;full&#8220; css=&#8220;.vc_custom_1676021727184{padding-top: 150px !important;padding-bottom: 150px !important;}&#8220;][vc_column width=&#8220;1\/2&#8243;][\/vc_column][vc_column width=&#8220;1\/2&#8243;][\/vc_column][\/vc_row][vc_row content_placement=&#8220;middle&#8220; css=&#8220;.vc_custom_1676035232873{margin-top: 100px !important;margin-bottom: 110px !important;}&#8220;][vc_column width=&#8220;1\/4&#8243;][vc_single_image image=&#8220;34731&#8243; img_size=&#8220;full&#8220; alignment=&#8220;center&#8220;][\/vc_column][vc_column width=&#8220;3\/4&#8243;][vc_column_text] Holen Sie die Realit\u00e4t an Ihren Monitor [\/vc_column_text][vc_column_text]Wir haben 2019 die Framence GmbH mit dem Wissen gegr\u00fcndet, dass dreidimensionale, fotorealistische digitale Zwillinge einen unsch\u00e4tzbaren Mehrwert f\u00fcr den Betrieb von Geb\u00e4uden, technischen Anlagen&hellip;<\/p>\n","protected":false},"author":1,"featured_media":0,"parent":0,"menu_order":1,"comment_status":"closed","ping_status":"closed","template":"template-microsite.php","meta":{"footnotes":""},"class_list":["post-29411","page","type-page","status-publish","hentry","description-off"],"yoast_head":"<!-- This site is optimized with the Yoast SEO plugin v27.3 - https:\/\/yoast.com\/product\/yoast-seo-wordpress\/ -->\n<title>\u00dcber uns | FRAMENCE<\/title>\n<meta name=\"description\" content=\"Lernen Sie FRAMENCE kennen: unsere Geschichte, Mission, unser Team und unsere Vision f\u00fcr digitale Zwillinge.\" \/>\n<meta name=\"robots\" content=\"index, follow, max-snippet:-1, max-image-preview:large, max-video-preview:-1\" \/>\n<link rel=\"canonical\" href=\"https:\/\/www.framence.com\/de\/ueber-uns\/\" \/>\n<meta property=\"og:locale\" content=\"de_DE\" \/>\n<meta property=\"og:type\" content=\"article\" \/>\n<meta property=\"og:title\" content=\"\u00dcber uns | FRAMENCE\" \/>\n<meta property=\"og:description\" content=\"Lernen Sie FRAMENCE kennen: unsere Geschichte, Mission, unser Team und unsere Vision f\u00fcr digitale Zwillinge.\" \/>\n<meta property=\"og:url\" content=\"https:\/\/www.framence.com\/de\/ueber-uns\/\" \/>\n<meta property=\"og:site_name\" content=\"FRAMENCE\" \/>\n<meta property=\"article:modified_time\" content=\"2025-12-11T14:31:29+00:00\" \/>\n<meta property=\"og:image\" content=\"https:\/\/www.framence.com\/wp-content\/uploads\/2025\/12\/Framence_Favicon_32x32.png\" \/>\n\t<meta property=\"og:image:width\" content=\"32\" \/>\n\t<meta property=\"og:image:height\" content=\"32\" \/>\n\t<meta property=\"og:image:type\" content=\"image\/png\" \/>\n<meta name=\"twitter:card\" content=\"summary_large_image\" \/>\n<meta name=\"twitter:label1\" content=\"Gesch\u00e4tzte Lesezeit\" \/>\n\t<meta name=\"twitter:data1\" content=\"3\u00a0Minuten\" \/>\n<script type=\"application\/ld+json\" class=\"yoast-schema-graph\">{\"@context\":\"https:\\\/\\\/schema.org\",\"@graph\":[{\"@type\":\"WebPage\",\"@id\":\"https:\\\/\\\/www.framence.com\\\/de\\\/ueber-uns\\\/\",\"url\":\"https:\\\/\\\/www.framence.com\\\/de\\\/ueber-uns\\\/\",\"name\":\"\u00dcber uns | FRAMENCE\",\"isPartOf\":{\"@id\":\"https:\\\/\\\/www.framence.com\\\/#website\"},\"datePublished\":\"2021-08-11T14:22:21+00:00\",\"dateModified\":\"2025-12-11T14:31:29+00:00\",\"description\":\"Lernen Sie FRAMENCE kennen: unsere Geschichte, Mission, unser Team und unsere Vision f\u00fcr digitale Zwillinge.\",\"breadcrumb\":{\"@id\":\"https:\\\/\\\/www.framence.com\\\/de\\\/ueber-uns\\\/#breadcrumb\"},\"inLanguage\":\"de\",\"potentialAction\":[{\"@type\":\"ReadAction\",\"target\":[\"https:\\\/\\\/www.framence.com\\\/de\\\/ueber-uns\\\/\"]}]},{\"@type\":\"BreadcrumbList\",\"@id\":\"https:\\\/\\\/www.framence.com\\\/de\\\/ueber-uns\\\/#breadcrumb\",\"itemListElement\":[{\"@type\":\"ListItem\",\"position\":1,\"name\":\"Startseite\",\"item\":\"https:\\\/\\\/www.framence.com\\\/de\\\/\"},{\"@type\":\"ListItem\",\"position\":2,\"name\":\"\u00dcber uns\"}]},{\"@type\":\"WebSite\",\"@id\":\"https:\\\/\\\/www.framence.com\\\/#website\",\"url\":\"https:\\\/\\\/www.framence.com\\\/\",\"name\":\"FRAMENCE\",\"description\":\"\",\"potentialAction\":[{\"@type\":\"SearchAction\",\"target\":{\"@type\":\"EntryPoint\",\"urlTemplate\":\"https:\\\/\\\/www.framence.com\\\/?s={search_term_string}\"},\"query-input\":{\"@type\":\"PropertyValueSpecification\",\"valueRequired\":true,\"valueName\":\"search_term_string\"}}],\"inLanguage\":\"de\"}]}<\/script>\n<!-- \/ Yoast SEO plugin. -->","yoast_head_json":{"title":"\u00dcber uns | FRAMENCE","description":"Lernen Sie FRAMENCE kennen: unsere Geschichte, Mission, unser Team und unsere Vision f\u00fcr digitale Zwillinge.","robots":{"index":"index","follow":"follow","max-snippet":"max-snippet:-1","max-image-preview":"max-image-preview:large","max-video-preview":"max-video-preview:-1"},"canonical":"https:\/\/www.framence.com\/de\/ueber-uns\/","og_locale":"de_DE","og_type":"article","og_title":"\u00dcber uns | FRAMENCE","og_description":"Lernen Sie FRAMENCE kennen: unsere Geschichte, Mission, unser Team und unsere Vision f\u00fcr digitale Zwillinge.","og_url":"https:\/\/www.framence.com\/de\/ueber-uns\/","og_site_name":"FRAMENCE","article_modified_time":"2025-12-11T14:31:29+00:00","og_image":[{"width":32,"height":32,"url":"https:\/\/www.framence.com\/wp-content\/uploads\/2025\/12\/Framence_Favicon_32x32.png","type":"image\/png"}],"twitter_card":"summary_large_image","twitter_misc":{"Gesch\u00e4tzte Lesezeit":"3\u00a0Minuten"},"schema":{"@context":"https:\/\/schema.org","@graph":[{"@type":"WebPage","@id":"https:\/\/www.framence.com\/de\/ueber-uns\/","url":"https:\/\/www.framence.com\/de\/ueber-uns\/","name":"\u00dcber uns | FRAMENCE","isPartOf":{"@id":"https:\/\/www.framence.com\/#website"},"datePublished":"2021-08-11T14:22:21+00:00","dateModified":"2025-12-11T14:31:29+00:00","description":"Lernen Sie FRAMENCE kennen: unsere Geschichte, Mission, unser Team und unsere Vision f\u00fcr digitale Zwillinge.","breadcrumb":{"@id":"https:\/\/www.framence.com\/de\/ueber-uns\/#breadcrumb"},"inLanguage":"de","potentialAction":[{"@type":"ReadAction","target":["https:\/\/www.framence.com\/de\/ueber-uns\/"]}]},{"@type":"BreadcrumbList","@id":"https:\/\/www.framence.com\/de\/ueber-uns\/#breadcrumb","itemListElement":[{"@type":"ListItem","position":1,"name":"Startseite","item":"https:\/\/www.framence.com\/de\/"},{"@type":"ListItem","position":2,"name":"\u00dcber uns"}]},{"@type":"WebSite","@id":"https:\/\/www.framence.com\/#website","url":"https:\/\/www.framence.com\/","name":"FRAMENCE","description":"","potentialAction":[{"@type":"SearchAction","target":{"@type":"EntryPoint","urlTemplate":"https:\/\/www.framence.com\/?s={search_term_string}"},"query-input":{"@type":"PropertyValueSpecification","valueRequired":true,"valueName":"search_term_string"}}],"inLanguage":"de"}]}},"_links":{"self":[{"href":"https:\/\/www.framence.com\/de\/wp-json\/wp\/v2\/pages\/29411","targetHints":{"allow":["GET"]}}],"collection":[{"href":"https:\/\/www.framence.com\/de\/wp-json\/wp\/v2\/pages"}],"about":[{"href":"https:\/\/www.framence.com\/de\/wp-json\/wp\/v2\/types\/page"}],"author":[{"embeddable":true,"href":"https:\/\/www.framence.com\/de\/wp-json\/wp\/v2\/users\/1"}],"replies":[{"embeddable":true,"href":"https:\/\/www.framence.com\/de\/wp-json\/wp\/v2\/comments?post=29411"}],"version-history":[{"count":121,"href":"https:\/\/www.framence.com\/de\/wp-json\/wp\/v2\/pages\/29411\/revisions"}],"predecessor-version":[{"id":38607,"href":"https:\/\/www.framence.com\/de\/wp-json\/wp\/v2\/pages\/29411\/revisions\/38607"}],"wp:attachment":[{"href":"https:\/\/www.framence.com\/de\/wp-json\/wp\/v2\/media?parent=29411"}],"curies":[{"name":"wp","href":"https:\/\/api.w.org\/{rel}","templated":true}]}}