{"id":29453,"date":"2021-08-11T16:59:16","date_gmt":"2021-08-11T14:59:16","guid":{"rendered":"https:\/\/www.framence.com\/?page_id=29453"},"modified":"2026-01-28T10:28:37","modified_gmt":"2026-01-28T09:28:37","slug":"karriere","status":"publish","type":"page","link":"https:\/\/www.framence.com\/de\/karriere\/","title":{"rendered":"Karriere"},"content":{"rendered":"<div class=\"wpb-content-wrapper\"><p>[vc_row bg_type=&#8220;image&#8220; parallax_style=&#8220;vcpb-default&#8220; bg_image_new=&#8220;id^34197|url^https:\/\/www.framence.com\/wp-content\/uploads\/2023\/01\/Framence_Hintergrundbild_Karriere.jpg|caption^null|alt^null|title^Framence_Hintergrundbild_Karriere|description^null&#8220; bg_override=&#8220;full&#8220; css=&#8220;.vc_custom_1676022554835{padding-top: 150px !important;padding-bottom: 150px !important;}&#8220;][vc_column width=&#8220;1\/2&#8243;]<div id=\"ultimate-heading-790869ea7ba9325b5\" class=\"uvc-heading ult-adjust-bottom-margin ultimate-heading-790869ea7ba9325b5 uvc-8059 \" data-hspacer=\"no_spacer\"  data-halign=\"left\" style=\"text-align:left\"><div class=\"uvc-heading-spacer no_spacer\" style=\"top\"><\/div><div class=\"uvc-main-heading ult-responsive\"  data-ultimate-target='.uvc-heading.ultimate-heading-790869ea7ba9325b5 h2'  data-responsive-json-new='{\"font-size\":\"desktop:45px;\",\"line-height\":\"desktop:50px;\"}' ><h2 style=\"--font-weight:theme;color:#ffffff;margin-bottom:30px;\">Bist Du bereit, durchzustarten?<\/h2><\/div><div class=\"uvc-sub-heading ult-responsive\"  data-ultimate-target='.uvc-heading.ultimate-heading-790869ea7ba9325b5 .uvc-sub-heading '  data-responsive-json-new='{\"font-size\":\"desktop:25px;\",\"line-height\":\"desktop:38px;\"}'  style=\"font-weight:normal;color:#ffffff;\">Komm zu uns ins Team und hilf uns, die Digitalisierung von Geb\u00e4uden und technischen Anlagen zu revolutionieren!<\/div><\/div>[\/vc_column][vc_column width=&#8220;1\/2&#8243;][\/vc_column][\/vc_row][vc_row content_placement=&#8220;middle&#8220; css=&#8220;.vc_custom_1673864210423{margin-top: 100px !important;margin-bottom: 100px !important;}&#8220;][vc_column width=&#8220;1\/4&#8243;]<div class=\"gap\" style=\"line-height: 30px; height: 30px;\"><\/div>[vc_single_image image=&#8220;35023&#8243; img_size=&#8220;full&#8220;]<div class=\"gap\" style=\"line-height: 30px; height: 30px;\"><\/div>[\/vc_column][vc_column width=&#8220;3\/4&#8243;][vc_column_text]<strong>Wir sind ein f\u00fchrender Anbieter von Digitalisierungsmethoden f\u00fcr Geb\u00e4ude und technische Anlagen. Unsere Kunden sind weltweit verteilt und nutzen unsere bahnbrechende Technologie, um Ihre technischen Anlagen und Geb\u00e4ude als fotorealistische digitale Zwillinge zu erfassen.<\/strong>[\/vc_column_text]<div class=\"gap\" style=\"line-height: 30px; height: 30px;\"><\/div>[vc_column_text]Als familiengef\u00fchrtes Unternehmen liegt uns jede einzelne Mitarbeiterin und jeder einzelne Mitarbeiter am Herzen: Unsere Arbeitskultur basiert auf gegenseitigem Vertrauen, Anerkennung f\u00fcr gute Arbeit und Raum f\u00fcr die eigenen Ideen.[\/vc_column_text]<div class=\"gap\" style=\"line-height: 30px; height: 30px;\"><\/div>[vc_column_text]M\u00f6chtest Du auch neue Wege mit uns gehen und die Digitalisierung neu denken? Dann bewirb dich jetzt! Bei uns \u00fcbernimmst Du Verantwortung ab Tag 1 und erh\u00e4ltst nat\u00fcrlich Unterst\u00fctzung von Deinen Kolleginnen und Kollegen, damit Du Deine innovativen L\u00f6sungen erfolgreich umsetzen kannst. Dank unserer flachen Hierarchien hast Du einen direkten Draht zum CEO und erh\u00e4ltst Feedback, das Dich weiterbringt.[\/vc_column_text][\/vc_column][\/vc_row][vc_row bg_type=&#8220;bg_color&#8220; bg_override=&#8220;full&#8220; css=&#8220;.vc_custom_1676889425034{padding-top: 100px !important;padding-bottom: 80px !important;}&#8220; bg_color_value=&#8220;#ededed&#8220;][vc_column][vc_column_text]<\/p>\n<h2 style=\"text-align: center;\"><strong>Aktuelle Stellenangebote<\/strong><\/h2>\n<p>[\/vc_column_text]<div class=\"gap\" style=\"line-height: 20px; height: 20px;\"><\/div>[vc_column_text]<\/p>\n<p style=\"text-align: center;\">Wir freuen uns auf Deine Bewerbung mit Lebenslauf und Motivationsschreiben an <strong><a href=\"mailto:fra-jobs@framence.com\">fra-jobs@framence.com<\/a><\/strong>!<\/p>\n<p>[\/vc_column_text]<div class=\"gap\" style=\"line-height: 60px; height: 60px;\"><\/div><div id=\"highlight-box-wrap-7905\"  data-ultimate-target='#highlight-box-wrap-7905'  data-responsive-json-new='{\"font-size\":\"desktop:20px;\",\"line-height\":\"\"}'  class=\"ultimate-call-to-action ult-adjust-bottom-margin  ctaction-text-center ult-responsive\" style=\"font-weight:normal;color:#ffffff;background:#A32D33;padding-top:20px;padding-bottom:20px;\"  data-background=\"#A32D33\"  data-background-hover=\"#642D33\"  data-override=\"0\" ><div class=\"uvc-ctaction-data uvc-ctaction-data-no-effect ult-responsive\"><strong>Consultant f\u00fcr Digitale Zwillinge (m\/w\/d)<\/strong><\/div><a class=\"ulimate-call-to-action-link\" href=\"\/de\/consultant-fuer-digitale-zwillinge-m-w-d\/\" ><\/a><\/div><div id=\"highlight-box-wrap-2378\"  data-ultimate-target='#highlight-box-wrap-2378'  data-responsive-json-new='{\"font-size\":\"desktop:20px;\",\"line-height\":\"\"}'  class=\"ultimate-call-to-action ult-adjust-bottom-margin  ctaction-text-center ult-responsive\" style=\"font-weight:normal;color:#ffffff;background:#A32D33;padding-top:20px;padding-bottom:20px;\"  data-background=\"#A32D33\"  data-background-hover=\"#642D33\"  data-override=\"0\" ><div class=\"uvc-ctaction-data uvc-ctaction-data-no-effect ult-responsive\"><strong>Customer Success Manager (m\/w\/d) \u2013 Bestandskunden-Development<\/strong><\/div><a class=\"ulimate-call-to-action-link\" href=\"\/de\/customer-success-manager-m-w-d-bestandskunden-development\/\" ><\/a><\/div><div id=\"highlight-box-wrap-6537\"  data-ultimate-target='#highlight-box-wrap-6537'  data-responsive-json-new='{\"font-size\":\"desktop:20px;\",\"line-height\":\"\"}'  class=\"ultimate-call-to-action ult-adjust-bottom-margin  ctaction-text-center ult-responsive\" style=\"font-weight:normal;color:#ffffff;background:#A32D33;padding-top:20px;padding-bottom:20px;\"  data-background=\"#A32D33\"  data-background-hover=\"#642D33\"  data-override=\"0\" ><div class=\"uvc-ctaction-data uvc-ctaction-data-no-effect ult-responsive\"><strong>Sales Specialist (m\/w\/d)<\/strong><\/div><a class=\"ulimate-call-to-action-link\" href=\"\/de\/sales-specialist-m-w-d\/\" ><\/a><\/div><div id=\"highlight-box-wrap-8985\"  data-ultimate-target='#highlight-box-wrap-8985'  data-responsive-json-new='{\"font-size\":\"desktop:20px;\",\"line-height\":\"\"}'  class=\"ultimate-call-to-action ult-adjust-bottom-margin  ctaction-text-center ult-responsive\" style=\"font-weight:normal;color:#ffffff;background:#A32D33;padding-top:20px;padding-bottom:20px;\"  data-background=\"#A32D33\"  data-background-hover=\"#642D33\"  data-override=\"0\" ><div class=\"uvc-ctaction-data uvc-ctaction-data-no-effect ult-responsive\"><strong>Web-Entwickler (m\/w\/d)<\/strong><\/div><a class=\"ulimate-call-to-action-link\" href=\"\/de\/web-entwickler-m-w-d\/\" ><\/a><\/div>[\/vc_column][\/vc_row]<\/p>\n<\/div>","protected":false},"excerpt":{"rendered":"<p>[vc_row bg_type=&#8220;image&#8220; parallax_style=&#8220;vcpb-default&#8220; bg_image_new=&#8220;id^34197|url^https:\/\/www.framence.com\/wp-content\/uploads\/2023\/01\/Framence_Hintergrundbild_Karriere.jpg|caption^null|alt^null|title^Framence_Hintergrundbild_Karriere|description^null&#8220; bg_override=&#8220;full&#8220; css=&#8220;.vc_custom_1676022554835{padding-top: 150px !important;padding-bottom: 150px !important;}&#8220;][vc_column width=&#8220;1\/2&#8243;][\/vc_column][vc_column width=&#8220;1\/2&#8243;][\/vc_column][\/vc_row][vc_row content_placement=&#8220;middle&#8220; css=&#8220;.vc_custom_1673864210423{margin-top: 100px !important;margin-bottom: 100px !important;}&#8220;][vc_column width=&#8220;1\/4&#8243;][vc_single_image image=&#8220;35023&#8243; img_size=&#8220;full&#8220;][\/vc_column][vc_column width=&#8220;3\/4&#8243;][vc_column_text]Wir sind ein f\u00fchrender Anbieter von Digitalisierungsmethoden f\u00fcr Geb\u00e4ude und technische Anlagen. Unsere Kunden sind weltweit verteilt und nutzen unsere bahnbrechende Technologie, um Ihre technischen Anlagen und Geb\u00e4ude als fotorealistische digitale Zwillinge zu erfassen.[\/vc_column_text][vc_column_text]Als&hellip;<\/p>\n","protected":false},"author":1,"featured_media":0,"parent":0,"menu_order":1,"comment_status":"closed","ping_status":"closed","template":"template-microsite.php","meta":{"footnotes":""},"class_list":["post-29453","page","type-page","status-publish","hentry","description-off"],"yoast_head":"<!-- This site is optimized with the Yoast SEO plugin v27.4 - https:\/\/yoast.com\/product\/yoast-seo-wordpress\/ -->\n<title>Karriere | FRAMENCE<\/title>\n<meta name=\"description\" content=\"Ihre berufliche Zukunft bei FRAMENCE: Entdecken Sie spannende Jobs, Entwicklungsm\u00f6glichkeiten und innovative Projekte.\" \/>\n<meta name=\"robots\" content=\"index, follow, max-snippet:-1, max-image-preview:large, max-video-preview:-1\" \/>\n<link rel=\"canonical\" href=\"https:\/\/www.framence.com\/de\/karriere\/\" \/>\n<meta property=\"og:locale\" content=\"de_DE\" \/>\n<meta property=\"og:type\" content=\"article\" \/>\n<meta property=\"og:title\" content=\"Karriere | FRAMENCE\" \/>\n<meta property=\"og:description\" content=\"Ihre berufliche Zukunft bei FRAMENCE: Entdecken Sie spannende Jobs, Entwicklungsm\u00f6glichkeiten und innovative Projekte.\" \/>\n<meta property=\"og:url\" content=\"https:\/\/www.framence.com\/de\/karriere\/\" \/>\n<meta property=\"og:site_name\" content=\"FRAMENCE\" \/>\n<meta property=\"article:modified_time\" content=\"2026-01-28T09:28:37+00:00\" \/>\n<meta property=\"og:image\" content=\"https:\/\/www.framence.com\/wp-content\/uploads\/2025\/12\/Framence_Favicon_32x32.png\" \/>\n\t<meta property=\"og:image:width\" content=\"32\" \/>\n\t<meta property=\"og:image:height\" content=\"32\" \/>\n\t<meta property=\"og:image:type\" content=\"image\/png\" \/>\n<meta name=\"twitter:card\" content=\"summary_large_image\" \/>\n<meta name=\"twitter:label1\" content=\"Gesch\u00e4tzte Lesezeit\" \/>\n\t<meta name=\"twitter:data1\" content=\"2\u00a0Minuten\" \/>\n<script type=\"application\/ld+json\" class=\"yoast-schema-graph\">{\"@context\":\"https:\\\/\\\/schema.org\",\"@graph\":[{\"@type\":\"WebPage\",\"@id\":\"https:\\\/\\\/www.framence.com\\\/de\\\/karriere\\\/\",\"url\":\"https:\\\/\\\/www.framence.com\\\/de\\\/karriere\\\/\",\"name\":\"Karriere | FRAMENCE\",\"isPartOf\":{\"@id\":\"https:\\\/\\\/www.framence.com\\\/#website\"},\"datePublished\":\"2021-08-11T14:59:16+00:00\",\"dateModified\":\"2026-01-28T09:28:37+00:00\",\"description\":\"Ihre berufliche Zukunft bei FRAMENCE: Entdecken Sie spannende Jobs, Entwicklungsm\u00f6glichkeiten und innovative Projekte.\",\"breadcrumb\":{\"@id\":\"https:\\\/\\\/www.framence.com\\\/de\\\/karriere\\\/#breadcrumb\"},\"inLanguage\":\"de\",\"potentialAction\":[{\"@type\":\"ReadAction\",\"target\":[\"https:\\\/\\\/www.framence.com\\\/de\\\/karriere\\\/\"]}]},{\"@type\":\"BreadcrumbList\",\"@id\":\"https:\\\/\\\/www.framence.com\\\/de\\\/karriere\\\/#breadcrumb\",\"itemListElement\":[{\"@type\":\"ListItem\",\"position\":1,\"name\":\"Startseite\",\"item\":\"https:\\\/\\\/www.framence.com\\\/de\\\/\"},{\"@type\":\"ListItem\",\"position\":2,\"name\":\"Karriere\"}]},{\"@type\":\"WebSite\",\"@id\":\"https:\\\/\\\/www.framence.com\\\/#website\",\"url\":\"https:\\\/\\\/www.framence.com\\\/\",\"name\":\"FRAMENCE\",\"description\":\"\",\"potentialAction\":[{\"@type\":\"SearchAction\",\"target\":{\"@type\":\"EntryPoint\",\"urlTemplate\":\"https:\\\/\\\/www.framence.com\\\/?s={search_term_string}\"},\"query-input\":{\"@type\":\"PropertyValueSpecification\",\"valueRequired\":true,\"valueName\":\"search_term_string\"}}],\"inLanguage\":\"de\"}]}<\/script>\n<!-- \/ Yoast SEO plugin. -->","yoast_head_json":{"title":"Karriere | FRAMENCE","description":"Ihre berufliche Zukunft bei FRAMENCE: Entdecken Sie spannende Jobs, Entwicklungsm\u00f6glichkeiten und innovative Projekte.","robots":{"index":"index","follow":"follow","max-snippet":"max-snippet:-1","max-image-preview":"max-image-preview:large","max-video-preview":"max-video-preview:-1"},"canonical":"https:\/\/www.framence.com\/de\/karriere\/","og_locale":"de_DE","og_type":"article","og_title":"Karriere | FRAMENCE","og_description":"Ihre berufliche Zukunft bei FRAMENCE: Entdecken Sie spannende Jobs, Entwicklungsm\u00f6glichkeiten und innovative Projekte.","og_url":"https:\/\/www.framence.com\/de\/karriere\/","og_site_name":"FRAMENCE","article_modified_time":"2026-01-28T09:28:37+00:00","og_image":[{"width":32,"height":32,"url":"https:\/\/www.framence.com\/wp-content\/uploads\/2025\/12\/Framence_Favicon_32x32.png","type":"image\/png"}],"twitter_card":"summary_large_image","twitter_misc":{"Gesch\u00e4tzte Lesezeit":"2\u00a0Minuten"},"schema":{"@context":"https:\/\/schema.org","@graph":[{"@type":"WebPage","@id":"https:\/\/www.framence.com\/de\/karriere\/","url":"https:\/\/www.framence.com\/de\/karriere\/","name":"Karriere | FRAMENCE","isPartOf":{"@id":"https:\/\/www.framence.com\/#website"},"datePublished":"2021-08-11T14:59:16+00:00","dateModified":"2026-01-28T09:28:37+00:00","description":"Ihre berufliche Zukunft bei FRAMENCE: Entdecken Sie spannende Jobs, Entwicklungsm\u00f6glichkeiten und innovative Projekte.","breadcrumb":{"@id":"https:\/\/www.framence.com\/de\/karriere\/#breadcrumb"},"inLanguage":"de","potentialAction":[{"@type":"ReadAction","target":["https:\/\/www.framence.com\/de\/karriere\/"]}]},{"@type":"BreadcrumbList","@id":"https:\/\/www.framence.com\/de\/karriere\/#breadcrumb","itemListElement":[{"@type":"ListItem","position":1,"name":"Startseite","item":"https:\/\/www.framence.com\/de\/"},{"@type":"ListItem","position":2,"name":"Karriere"}]},{"@type":"WebSite","@id":"https:\/\/www.framence.com\/#website","url":"https:\/\/www.framence.com\/","name":"FRAMENCE","description":"","potentialAction":[{"@type":"SearchAction","target":{"@type":"EntryPoint","urlTemplate":"https:\/\/www.framence.com\/?s={search_term_string}"},"query-input":{"@type":"PropertyValueSpecification","valueRequired":true,"valueName":"search_term_string"}}],"inLanguage":"de"}]}},"_links":{"self":[{"href":"https:\/\/www.framence.com\/de\/wp-json\/wp\/v2\/pages\/29453","targetHints":{"allow":["GET"]}}],"collection":[{"href":"https:\/\/www.framence.com\/de\/wp-json\/wp\/v2\/pages"}],"about":[{"href":"https:\/\/www.framence.com\/de\/wp-json\/wp\/v2\/types\/page"}],"author":[{"embeddable":true,"href":"https:\/\/www.framence.com\/de\/wp-json\/wp\/v2\/users\/1"}],"replies":[{"embeddable":true,"href":"https:\/\/www.framence.com\/de\/wp-json\/wp\/v2\/comments?post=29453"}],"version-history":[{"count":189,"href":"https:\/\/www.framence.com\/de\/wp-json\/wp\/v2\/pages\/29453\/revisions"}],"predecessor-version":[{"id":38954,"href":"https:\/\/www.framence.com\/de\/wp-json\/wp\/v2\/pages\/29453\/revisions\/38954"}],"wp:attachment":[{"href":"https:\/\/www.framence.com\/de\/wp-json\/wp\/v2\/media?parent=29453"}],"curies":[{"name":"wp","href":"https:\/\/api.w.org\/{rel}","templated":true}]}}