{"id":30089,"date":"2021-10-05T15:16:13","date_gmt":"2021-10-05T13:16:13","guid":{"rendered":"https:\/\/www.framence.com\/?page_id=30089"},"modified":"2025-12-12T14:06:49","modified_gmt":"2025-12-12T13:06:49","slug":"partner-werden","status":"publish","type":"page","link":"https:\/\/www.framence.com\/de\/partner-werden\/","title":{"rendered":"Partner werden"},"content":{"rendered":"<div class=\"wpb-content-wrapper\"><p>[vc_row bg_type=&#8220;image&#8220; parallax_style=&#8220;vcpb-default&#8220; bg_image_new=&#8220;id^34205|url^https:\/\/www.framence.com\/wp-content\/uploads\/2023\/01\/Framence_Hintergrundbild_Partner_werden.jpg|caption^null|alt^null|title^Framence_Hintergrundbild_Partner_werden|description^null&#8220; bg_override=&#8220;full&#8220; css=&#8220;.vc_custom_1699343485807{padding-top: 150px !important;padding-bottom: 150px !important;}&#8220;][vc_column width=&#8220;1\/2&#8243;]<div id=\"ultimate-heading-982469e532275c0fc\" class=\"uvc-heading ult-adjust-bottom-margin ultimate-heading-982469e532275c0fc uvc-5485 \" data-hspacer=\"no_spacer\"  data-halign=\"left\" style=\"text-align:left\"><div class=\"uvc-heading-spacer no_spacer\" style=\"top\"><\/div><div class=\"uvc-main-heading ult-responsive\"  data-ultimate-target='.uvc-heading.ultimate-heading-982469e532275c0fc h2'  data-responsive-json-new='{\"font-size\":\"desktop:45px;\",\"line-height\":\"desktop:50px;\"}' ><h2 style=\"--font-weight:theme;color:#ffffff;margin-bottom:30px;\">Werden Sie Teil unserer FRAMENCE-Familie!<\/h2><\/div><div class=\"uvc-sub-heading ult-responsive\"  data-ultimate-target='.uvc-heading.ultimate-heading-982469e532275c0fc .uvc-sub-heading '  data-responsive-json-new='{\"font-size\":\"desktop:25px;\",\"line-height\":\"desktop:38px;\"}'  style=\"font-weight:normal;color:#ffffff;\">Werden Sie FRAMENCE-Partner, steigern Sie Ihre Ums\u00e4tze und treiben Sie die Digitalisierung von Geb\u00e4uden und technischen Anlagen weiter voran.<\/div><\/div>[\/vc_column][vc_column width=&#8220;1\/2&#8243;][\/vc_column][\/vc_row][vc_row content_placement=&#8220;middle&#8220; css=&#8220;.vc_custom_1673522609413{margin-top: 100px !important;margin-bottom: 100px !important;}&#8220;][vc_column width=&#8220;1\/4&#8243;]<div class=\"gap\" style=\"line-height: 30px; height: 30px;\"><\/div>[vc_single_image image=&#8220;35043&#8243; img_size=&#8220;full&#8220;]<div class=\"gap\" style=\"line-height: 30px; height: 30px;\"><\/div>[\/vc_column][vc_column width=&#8220;3\/4&#8243;][vc_column_text]<\/p>\n<h2>Machen Sie FRAMENCE weltweit verf\u00fcgbar<\/h2>\n<p>[\/vc_column_text]<div class=\"gap\" style=\"line-height: 30px; height: 30px;\"><\/div>[vc_column_text]Bereits bei unserer Gr\u00fcndung hatten wir die Vision, ein globales Partnernetzwerk aufzubauen. Daher ist unsere Plattform so angelegt, dass Sie als Partner auf Basis unserer digitalen Zwillinge Ihren Kunden ein eigenst\u00e4ndiges Gesch\u00e4ftsmodell anbieten k\u00f6nnen.[\/vc_column_text]<div class=\"gap\" style=\"line-height: 30px; height: 30px;\"><\/div>[vc_column_text]<strong>Sie machen das, was Sie am besten k\u00f6nnen, und wir unterst\u00fctzen Sie dabei mit modernster Technologie.<\/strong>[\/vc_column_text][\/vc_column][\/vc_row][vc_row bg_type=&#8220;bg_color&#8220; bg_override=&#8220;full&#8220; css=&#8220;.vc_custom_1742306801746{padding-top: 80px !important;padding-bottom: 80px !important;}&#8220; bg_color_value=&#8220;#EDEDED&#8220;][vc_column][vc_column_text]<\/p>\n<h2 style=\"text-align: center;\">Werden Sie Partner<\/h2>\n<p>[\/vc_column_text]<div class=\"gap\" style=\"line-height: 30px; height: 30px;\"><\/div>[vc_column_text css=&#8220;&#8220;]<\/p>\n<p style=\"text-align: center;\">Als unser Partner repr\u00e4sentieren Sie die Framence GmbH vollumf\u00e4nglich in Ihrem lokalen Markt. Sie identifizieren potenzielle Kundengruppen, entwickeln passgenaue Vertriebs- und Projektans\u00e4tze und implementieren die Plattform bei Ihren Kunden. Wir unterst\u00fctzen Sie mit Knowhow, Ideen und Marketing-Material, damit Sie in Ihrem Markt Erfolg haben. Selbstverst\u00e4ndlich erhalten Sie auf die Software-Ums\u00e4tze eine sehr attraktive Provision.<\/p>\n<p>[\/vc_column_text][\/vc_column][\/vc_row][vc_row content_placement=&#8220;middle&#8220; css=&#8220;.vc_custom_1673521772847{padding-top: 100px !important;padding-bottom: 90px !important;}&#8220;][vc_column][vc_column_text]<\/p>\n<h2 style=\"text-align: center;\">Ihre Vorteile als Partner<\/h2>\n<p>[\/vc_column_text]<div class=\"gap\" style=\"line-height: 50px; height: 50px;\"><\/div>[vc_row_inner][vc_column_inner width=&#8220;1\/3&#8243;]<div class=\"flip-box-wrap\" tabindex=\"0\" style=\"padding:10px;\"><div class=\"flip-box ifb-custom-height  horizontal_flip_left flip-box-custom-height flip-ifb-custom-height\"  style=\"\"  data-min-height='200px'><div class=\"ifb-flip-box\" id=\"flip-box-wrap-1068\"><div class=\"ifb-face ifb-front \" style=\"color:#333333;background:#ededed;   \">\n\t\t\t\t\t\t\t<div class=\"ifb-flip-box-section ifb-flip-box-section-vertical-middle\">\n\t\t\t\t\t\t\t<div class=\"flip-box-icon\"><div class=\"ult-just-icon-wrapper  \"><div class=\"align-icon\" style=\"text-align:center;\">\n<div class=\"aio-icon-img \" style=\"font-size:100px;display:inline-block;\" >\n\t<img decoding=\"async\" class=\"img-icon\" alt=\"null\" src=\"https:\/\/www.framence.com\/wp-content\/uploads\/2023\/01\/Framence_Partner_Praemien_verdienen.png\"\/>\n<\/div><\/div><\/div><\/div><h3 class=\"ult-responsive flipbox_heading\"  data-ultimate-target='#flip-box-wrap-1068 .ult-responsive.flipbox_heading'  data-responsive-json-new='{\"font-size\":\"\",\"line-height\":\"\"}'  style=\"color:#333333; \">Pr\u00e4mien verdienen<\/h3><\/div><\/div><!-- END .front -->\n\t\t\t\t\t\t<div class=\"ifb-face ifb-back\" style=\"color:#333333;background:#ededed;   \">\n\t\t\t\t\t\t\t<div class=\"ifb-flip-box-section ifb-flip-box-section-vertical-middle\"><div class=\"ifb-flip-box-section-content ult-responsive\"  data-ultimate-target='#flip-box-wrap-1068 .ifb-flip-box-section-content.ult-responsive'  data-responsive-json-new='{\"font-size\":\"desktop:16px;\",\"line-height\":\"desktop:22px;\"}'  style=\"color:#333333;color:#333333;\"><p>Mit jedem Kauf erhalten Sie hohe Provisionen.<\/p><\/div><\/div><\/div><!-- END .back --><\/div> <!-- ifb-flip-box --><\/div> <!-- flip-box --><\/div><!-- End icon block -->[\/vc_column_inner][vc_column_inner width=&#8220;1\/3&#8243;]<div class=\"flip-box-wrap\" tabindex=\"0\" style=\"padding:10px;\"><div class=\"flip-box ifb-custom-height  horizontal_flip_left flip-box-custom-height flip-ifb-custom-height\"  style=\"\"  data-min-height='200px'><div class=\"ifb-flip-box\" id=\"flip-box-wrap-3335\"><div class=\"ifb-face ifb-front \" style=\"color:#333333;background:#ededed;   \">\n\t\t\t\t\t\t\t<div class=\"ifb-flip-box-section ifb-flip-box-section-vertical-middle\">\n\t\t\t\t\t\t\t<div class=\"flip-box-icon\"><div class=\"ult-just-icon-wrapper  \"><div class=\"align-icon\" style=\"text-align:center;\">\n<div class=\"aio-icon-img \" style=\"font-size:100px;display:inline-block;\" >\n\t<img decoding=\"async\" class=\"img-icon\" alt=\"null\" src=\"https:\/\/www.framence.com\/wp-content\/uploads\/2023\/01\/Framence_Partner_Umsatz_steigern.png\"\/>\n<\/div><\/div><\/div><\/div><h3 class=\"ult-responsive flipbox_heading\"  data-ultimate-target='#flip-box-wrap-3335 .ult-responsive.flipbox_heading'  data-responsive-json-new='{\"font-size\":\"\",\"line-height\":\"\"}'  style=\"color:#333333; \">Umsatz steigern<\/h3><\/div><\/div><!-- END .front -->\n\t\t\t\t\t\t<div class=\"ifb-face ifb-back\" style=\"color:#333333;background:#ededed;   \">\n\t\t\t\t\t\t\t<div class=\"ifb-flip-box-section ifb-flip-box-section-vertical-middle\"><div class=\"ifb-flip-box-section-content ult-responsive\"  data-ultimate-target='#flip-box-wrap-3335 .ifb-flip-box-section-content.ult-responsive'  data-responsive-json-new='{\"font-size\":\"desktop:16px;\",\"line-height\":\"desktop:22px;\"}'  style=\"color:#333333;color:#333333;\"><p>Erzielen Sie einen stabilen Umsatz dank wiederkehrender Provisionen.<\/p><\/div><\/div><\/div><!-- END .back --><\/div> <!-- ifb-flip-box --><\/div> <!-- flip-box --><\/div><!-- End icon block -->[\/vc_column_inner][vc_column_inner width=&#8220;1\/3&#8243;]<div class=\"flip-box-wrap\" tabindex=\"0\" style=\"padding:10px;\"><div class=\"flip-box ifb-custom-height  horizontal_flip_left flip-box-custom-height flip-ifb-custom-height\"  style=\"\"  data-min-height='200px'><div class=\"ifb-flip-box\" id=\"flip-box-wrap-1097\"><div class=\"ifb-face ifb-front \" style=\"color:#333333;background:#ededed;   \">\n\t\t\t\t\t\t\t<div class=\"ifb-flip-box-section ifb-flip-box-section-vertical-middle\">\n\t\t\t\t\t\t\t<div class=\"flip-box-icon\"><div class=\"ult-just-icon-wrapper  \"><div class=\"align-icon\" style=\"text-align:center;\">\n<div class=\"aio-icon-img \" style=\"font-size:100px;display:inline-block;\" >\n\t<img decoding=\"async\" class=\"img-icon\" alt=\"null\" src=\"https:\/\/www.framence.com\/wp-content\/uploads\/2023\/01\/Framence_Partner_Support.png\"\/>\n<\/div><\/div><\/div><\/div><h3 class=\"ult-responsive flipbox_heading\"  data-ultimate-target='#flip-box-wrap-1097 .ult-responsive.flipbox_heading'  data-responsive-json-new='{\"font-size\":\"\",\"line-height\":\"\"}'  style=\"color:#333333; \">Support 24\/7<\/h3><\/div><\/div><!-- END .front -->\n\t\t\t\t\t\t<div class=\"ifb-face ifb-back\" style=\"color:#333333;background:#ededed;   \">\n\t\t\t\t\t\t\t<div class=\"ifb-flip-box-section ifb-flip-box-section-vertical-middle\"><div class=\"ifb-flip-box-section-content ult-responsive\"  data-ultimate-target='#flip-box-wrap-1097 .ifb-flip-box-section-content.ult-responsive'  data-responsive-json-new='{\"font-size\":\"desktop:16px;\",\"line-height\":\"desktop:22px;\"}'  style=\"color:#333333;color:#333333;\"><p>Wir sind jederzeit eine E-Mail entfernt.<\/p><\/div><\/div><\/div><!-- END .back --><\/div> <!-- ifb-flip-box --><\/div> <!-- flip-box --><\/div><!-- End icon block -->[\/vc_column_inner][\/vc_row_inner][vc_row_inner][vc_column_inner width=&#8220;1\/3&#8243;]<div class=\"flip-box-wrap\" tabindex=\"0\" style=\"padding:10px;\"><div class=\"flip-box ifb-custom-height  horizontal_flip_left flip-box-custom-height flip-ifb-custom-height\"  style=\"\"  data-min-height='200px'><div class=\"ifb-flip-box\" id=\"flip-box-wrap-1030\"><div class=\"ifb-face ifb-front \" style=\"color:#333333;background:#ededed;   \">\n\t\t\t\t\t\t\t<div class=\"ifb-flip-box-section ifb-flip-box-section-vertical-middle\">\n\t\t\t\t\t\t\t<div class=\"flip-box-icon\"><div class=\"ult-just-icon-wrapper  \"><div class=\"align-icon\" style=\"text-align:center;\">\n<div class=\"aio-icon-img \" style=\"font-size:100px;display:inline-block;\" >\n\t<img decoding=\"async\" class=\"img-icon\" alt=\"null\" src=\"https:\/\/www.framence.com\/wp-content\/uploads\/2023\/01\/Framence_Partner_Flexible_bleiben.png\"\/>\n<\/div><\/div><\/div><\/div><h3 class=\"ult-responsive flipbox_heading\"  data-ultimate-target='#flip-box-wrap-1030 .ult-responsive.flipbox_heading'  data-responsive-json-new='{\"font-size\":\"\",\"line-height\":\"\"}'  style=\"color:#333333; \">Flexibel bleiben<\/h3><\/div><\/div><!-- END .front -->\n\t\t\t\t\t\t<div class=\"ifb-face ifb-back\" style=\"color:#333333;background:#ededed;   \">\n\t\t\t\t\t\t\t<div class=\"ifb-flip-box-section ifb-flip-box-section-vertical-middle\"><div class=\"ifb-flip-box-section-content ult-responsive\"  data-ultimate-target='#flip-box-wrap-1030 .ifb-flip-box-section-content.ult-responsive'  data-responsive-json-new='{\"font-size\":\"desktop:16px;\",\"line-height\":\"desktop:22px;\"}'  style=\"color:#333333;color:#333333;\"><p>Unsere Software integriert sich problemlos in die meisten IT-Systeme.<\/p><\/div><\/div><\/div><!-- END .back --><\/div> <!-- ifb-flip-box --><\/div> <!-- flip-box --><\/div><!-- End icon block -->[\/vc_column_inner][vc_column_inner width=&#8220;1\/3&#8243;]<div class=\"flip-box-wrap\" tabindex=\"0\" style=\"padding:10px;\"><div class=\"flip-box ifb-custom-height  horizontal_flip_left flip-box-custom-height flip-ifb-custom-height\"  style=\"\"  data-min-height='200px'><div class=\"ifb-flip-box\" id=\"flip-box-wrap-6858\"><div class=\"ifb-face ifb-front \" style=\"color:#333333;background:#ededed;   \">\n\t\t\t\t\t\t\t<div class=\"ifb-flip-box-section ifb-flip-box-section-vertical-middle\">\n\t\t\t\t\t\t\t<div class=\"flip-box-icon\"><div class=\"ult-just-icon-wrapper  \"><div class=\"align-icon\" style=\"text-align:center;\">\n<div class=\"aio-icon-img \" style=\"font-size:100px;display:inline-block;\" >\n\t<img decoding=\"async\" class=\"img-icon\" alt=\"null\" src=\"https:\/\/www.framence.com\/wp-content\/uploads\/2023\/01\/Framence_Partner_Kompetenzen_verbessern.png\"\/>\n<\/div><\/div><\/div><\/div><h3 class=\"ult-responsive flipbox_heading\"  data-ultimate-target='#flip-box-wrap-6858 .ult-responsive.flipbox_heading'  data-responsive-json-new='{\"font-size\":\"\",\"line-height\":\"\"}'  style=\"color:#333333; \">Kompetenzen verbessern<\/h3><\/div><\/div><!-- END .front -->\n\t\t\t\t\t\t<div class=\"ifb-face ifb-back\" style=\"color:#333333;background:#ededed;   \">\n\t\t\t\t\t\t\t<div class=\"ifb-flip-box-section ifb-flip-box-section-vertical-middle\"><div class=\"ifb-flip-box-section-content ult-responsive\"  data-ultimate-target='#flip-box-wrap-6858 .ifb-flip-box-section-content.ult-responsive'  data-responsive-json-new='{\"font-size\":\"desktop:16px;\",\"line-height\":\"desktop:22px;\"}'  style=\"color:#333333;color:#333333;\"><p>Nehmen Sie an unseren kostenlosen Schulungen und Webinaren teil.<\/p><\/div><\/div><\/div><!-- END .back --><\/div> <!-- ifb-flip-box --><\/div> <!-- flip-box --><\/div><!-- End icon block -->[\/vc_column_inner][vc_column_inner width=&#8220;1\/3&#8243;]<div class=\"flip-box-wrap\" tabindex=\"0\" style=\"padding:10px;\"><div class=\"flip-box ifb-custom-height  horizontal_flip_left flip-box-custom-height flip-ifb-custom-height\"  style=\"\"  data-min-height='200px'><div class=\"ifb-flip-box\" id=\"flip-box-wrap-4099\"><div class=\"ifb-face ifb-front \" style=\"color:#333333;background:#ededed;   \">\n\t\t\t\t\t\t\t<div class=\"ifb-flip-box-section ifb-flip-box-section-vertical-middle\">\n\t\t\t\t\t\t\t<div class=\"flip-box-icon\"><div class=\"ult-just-icon-wrapper  \"><div class=\"align-icon\" style=\"text-align:center;\">\n<div class=\"aio-icon-img \" style=\"font-size:100px;display:inline-block;\" >\n\t<img decoding=\"async\" class=\"img-icon\" alt=\"null\" src=\"https:\/\/www.framence.com\/wp-content\/uploads\/2023\/01\/Framence_Partner_Innovation_Steigern.png\"\/>\n<\/div><\/div><\/div><\/div><h3 class=\"ult-responsive flipbox_heading\"  data-ultimate-target='#flip-box-wrap-4099 .ult-responsive.flipbox_heading'  data-responsive-json-new='{\"font-size\":\"\",\"line-height\":\"\"}'  style=\"color:#333333; \">Innovation steigern<\/h3><\/div><\/div><!-- END .front -->\n\t\t\t\t\t\t<div class=\"ifb-face ifb-back\" style=\"color:#333333;background:#ededed;   \">\n\t\t\t\t\t\t\t<div class=\"ifb-flip-box-section ifb-flip-box-section-vertical-middle\"><div class=\"ifb-flip-box-section-content ult-responsive\"  data-ultimate-target='#flip-box-wrap-4099 .ifb-flip-box-section-content.ult-responsive'  data-responsive-json-new='{\"font-size\":\"desktop:16px;\",\"line-height\":\"desktop:22px;\"}'  style=\"color:#333333;color:#333333;\"><p>Wir geben Ihnen Zugang zu marktf\u00fchrenden Produkten.<\/p><\/div><\/div><\/div><!-- END .back --><\/div> <!-- ifb-flip-box --><\/div> <!-- flip-box --><\/div><!-- End icon block -->[\/vc_column_inner][\/vc_row_inner][\/vc_column][\/vc_row][vc_row bg_type=&#8220;image&#8220; parallax_style=&#8220;vcpb-default&#8220; bg_image_new=&#8220;id^35000|url^https:\/\/www.framence.com\/wp-content\/uploads\/2023\/02\/Framence_Hintergrundbild_Ende.jpg|caption^null|alt^null|title^Framence_Hintergrundbild_Ende|description^null&#8220; bg_override=&#8220;full&#8220; css=&#8220;.vc_custom_1676896360757{padding-top: 150px !important;padding-bottom: 120px !important;}&#8220;][vc_column]<div id=\"ultimate-heading-431569e532275d3b0\" class=\"uvc-heading ult-adjust-bottom-margin ultimate-heading-431569e532275d3b0 uvc-8103  uvc-heading-default-font-sizes\" data-hspacer=\"no_spacer\"  data-halign=\"center\" style=\"text-align:center\"><div class=\"uvc-heading-spacer no_spacer\" style=\"top\"><\/div><div class=\"uvc-main-heading ult-responsive\"  data-ultimate-target='.uvc-heading.ultimate-heading-431569e532275d3b0 h2'  data-responsive-json-new='{\"font-size\":\"\",\"line-height\":\"\"}' ><h2 style=\"--font-weight:theme;color:#ffffff;margin-bottom:20px;\">Sie m\u00f6chten Teil des globalen FRAMENCE-Partnernetzwerks werden?<\/h2><\/div><div class=\"uvc-sub-heading ult-responsive\"  data-ultimate-target='.uvc-heading.ultimate-heading-431569e532275d3b0 .uvc-sub-heading '  data-responsive-json-new='{\"font-size\":\"\",\"line-height\":\"\"}'  style=\"font-weight:normal;color:#ffffff;\"><\/p>\n<p style=\"text-align: center;\">Dann kontaktieren Sie uns noch heute und lassen Sie uns gemeinsam die Industrie digitalisieren!<\/p>\n<p><\/div><\/div><div class=\"gap\" style=\"line-height: 30px; height: 30px;\"><\/div><div class=\" ubtn-ctn-center \"><a class=\"ubtn-link ult-adjust-bottom-margin ubtn-center ubtn-normal \" href=\"\/de\/partner-fragebogen\/\" ><button type=\"button\" id=\"ubtn-9789\"  class=\"ubtn ult-adjust-bottom-margin ult-responsive ubtn-normal ubtn-no-hover-bg  none  ubtn-center   tooltip-69e532275d407\"  data-hover=\"#000000\" data-border-color=\"\" data-bg=\"#FF9696\" data-hover-bg=\"#FF5F5F\" data-border-hover=\"\" data-shadow-hover=\"\" data-shadow-click=\"none\" data-shadow=\"\" data-shd-shadow=\"\"  data-ultimate-target='#ubtn-9789'  data-responsive-json-new='{\"font-size\":\"desktop:14px;\",\"line-height\":\"\"}'  style=\"font-weight:bold;border:none;background: #FF9696;color: #000000;\"><span class=\"ubtn-hover\" style=\"background-color:#FF5F5F\"><\/span><span class=\"ubtn-data ubtn-text \" >Jetzt Partner werden<\/span><\/button><\/a><\/div>[\/vc_column][\/vc_row]<\/p>\n<\/div>","protected":false},"excerpt":{"rendered":"<p>[vc_row bg_type=&#8220;image&#8220; parallax_style=&#8220;vcpb-default&#8220; bg_image_new=&#8220;id^34205|url^https:\/\/www.framence.com\/wp-content\/uploads\/2023\/01\/Framence_Hintergrundbild_Partner_werden.jpg|caption^null|alt^null|title^Framence_Hintergrundbild_Partner_werden|description^null&#8220; bg_override=&#8220;full&#8220; css=&#8220;.vc_custom_1699343485807{padding-top: 150px !important;padding-bottom: 150px !important;}&#8220;][vc_column width=&#8220;1\/2&#8243;][\/vc_column][vc_column width=&#8220;1\/2&#8243;][\/vc_column][\/vc_row][vc_row content_placement=&#8220;middle&#8220; css=&#8220;.vc_custom_1673522609413{margin-top: 100px !important;margin-bottom: 100px !important;}&#8220;][vc_column width=&#8220;1\/4&#8243;][vc_single_image image=&#8220;35043&#8243; img_size=&#8220;full&#8220;][\/vc_column][vc_column width=&#8220;3\/4&#8243;][vc_column_text] Machen Sie FRAMENCE weltweit verf\u00fcgbar [\/vc_column_text][vc_column_text]Bereits bei unserer Gr\u00fcndung hatten wir die Vision, ein globales Partnernetzwerk aufzubauen. Daher ist unsere Plattform so angelegt, dass Sie als Partner auf Basis unserer digitalen Zwillinge Ihren&hellip;<\/p>\n","protected":false},"author":1,"featured_media":0,"parent":0,"menu_order":1,"comment_status":"closed","ping_status":"closed","template":"template-microsite.php","meta":{"footnotes":""},"class_list":["post-30089","page","type-page","status-publish","hentry","description-off"],"yoast_head":"<!-- This site is optimized with the Yoast SEO plugin v27.4 - https:\/\/yoast.com\/product\/yoast-seo-wordpress\/ -->\n<title>Partner werden | FRAMENCE<\/title>\n<meta name=\"description\" content=\"Partner werden mit FRAMENCE: Teil unseres Partnernetzwerks werden, gemeinsam wachsen und Kunden Mehrwert bieten.\" \/>\n<meta name=\"robots\" content=\"index, follow, max-snippet:-1, max-image-preview:large, max-video-preview:-1\" \/>\n<link rel=\"canonical\" href=\"https:\/\/www.framence.com\/de\/partner-werden\/\" \/>\n<meta property=\"og:locale\" content=\"de_DE\" \/>\n<meta property=\"og:type\" content=\"article\" \/>\n<meta property=\"og:title\" content=\"Partner werden | FRAMENCE\" \/>\n<meta property=\"og:description\" content=\"Partner werden mit FRAMENCE: Teil unseres Partnernetzwerks werden, gemeinsam wachsen und Kunden Mehrwert bieten.\" \/>\n<meta property=\"og:url\" content=\"https:\/\/www.framence.com\/de\/partner-werden\/\" \/>\n<meta property=\"og:site_name\" content=\"FRAMENCE\" \/>\n<meta property=\"article:modified_time\" content=\"2025-12-12T13:06:49+00:00\" \/>\n<meta property=\"og:image\" content=\"https:\/\/www.framence.com\/wp-content\/uploads\/2025\/12\/Framence_Favicon_32x32.png\" \/>\n\t<meta property=\"og:image:width\" content=\"32\" \/>\n\t<meta property=\"og:image:height\" content=\"32\" \/>\n\t<meta property=\"og:image:type\" content=\"image\/png\" \/>\n<meta name=\"twitter:card\" content=\"summary_large_image\" \/>\n<meta name=\"twitter:label1\" content=\"Gesch\u00e4tzte Lesezeit\" \/>\n\t<meta name=\"twitter:data1\" content=\"3\u00a0Minuten\" \/>\n<script type=\"application\/ld+json\" class=\"yoast-schema-graph\">{\"@context\":\"https:\\\/\\\/schema.org\",\"@graph\":[{\"@type\":\"WebPage\",\"@id\":\"https:\\\/\\\/www.framence.com\\\/de\\\/partner-werden\\\/\",\"url\":\"https:\\\/\\\/www.framence.com\\\/de\\\/partner-werden\\\/\",\"name\":\"Partner werden | FRAMENCE\",\"isPartOf\":{\"@id\":\"https:\\\/\\\/www.framence.com\\\/#website\"},\"datePublished\":\"2021-10-05T13:16:13+00:00\",\"dateModified\":\"2025-12-12T13:06:49+00:00\",\"description\":\"Partner werden mit FRAMENCE: Teil unseres Partnernetzwerks werden, gemeinsam wachsen und Kunden Mehrwert bieten.\",\"breadcrumb\":{\"@id\":\"https:\\\/\\\/www.framence.com\\\/de\\\/partner-werden\\\/#breadcrumb\"},\"inLanguage\":\"de\",\"potentialAction\":[{\"@type\":\"ReadAction\",\"target\":[\"https:\\\/\\\/www.framence.com\\\/de\\\/partner-werden\\\/\"]}]},{\"@type\":\"BreadcrumbList\",\"@id\":\"https:\\\/\\\/www.framence.com\\\/de\\\/partner-werden\\\/#breadcrumb\",\"itemListElement\":[{\"@type\":\"ListItem\",\"position\":1,\"name\":\"Startseite\",\"item\":\"https:\\\/\\\/www.framence.com\\\/de\\\/\"},{\"@type\":\"ListItem\",\"position\":2,\"name\":\"Partner werden\"}]},{\"@type\":\"WebSite\",\"@id\":\"https:\\\/\\\/www.framence.com\\\/#website\",\"url\":\"https:\\\/\\\/www.framence.com\\\/\",\"name\":\"FRAMENCE\",\"description\":\"\",\"potentialAction\":[{\"@type\":\"SearchAction\",\"target\":{\"@type\":\"EntryPoint\",\"urlTemplate\":\"https:\\\/\\\/www.framence.com\\\/?s={search_term_string}\"},\"query-input\":{\"@type\":\"PropertyValueSpecification\",\"valueRequired\":true,\"valueName\":\"search_term_string\"}}],\"inLanguage\":\"de\"}]}<\/script>\n<!-- \/ Yoast SEO plugin. -->","yoast_head_json":{"title":"Partner werden | FRAMENCE","description":"Partner werden mit FRAMENCE: Teil unseres Partnernetzwerks werden, gemeinsam wachsen und Kunden Mehrwert bieten.","robots":{"index":"index","follow":"follow","max-snippet":"max-snippet:-1","max-image-preview":"max-image-preview:large","max-video-preview":"max-video-preview:-1"},"canonical":"https:\/\/www.framence.com\/de\/partner-werden\/","og_locale":"de_DE","og_type":"article","og_title":"Partner werden | FRAMENCE","og_description":"Partner werden mit FRAMENCE: Teil unseres Partnernetzwerks werden, gemeinsam wachsen und Kunden Mehrwert bieten.","og_url":"https:\/\/www.framence.com\/de\/partner-werden\/","og_site_name":"FRAMENCE","article_modified_time":"2025-12-12T13:06:49+00:00","og_image":[{"width":32,"height":32,"url":"https:\/\/www.framence.com\/wp-content\/uploads\/2025\/12\/Framence_Favicon_32x32.png","type":"image\/png"}],"twitter_card":"summary_large_image","twitter_misc":{"Gesch\u00e4tzte Lesezeit":"3\u00a0Minuten"},"schema":{"@context":"https:\/\/schema.org","@graph":[{"@type":"WebPage","@id":"https:\/\/www.framence.com\/de\/partner-werden\/","url":"https:\/\/www.framence.com\/de\/partner-werden\/","name":"Partner werden | FRAMENCE","isPartOf":{"@id":"https:\/\/www.framence.com\/#website"},"datePublished":"2021-10-05T13:16:13+00:00","dateModified":"2025-12-12T13:06:49+00:00","description":"Partner werden mit FRAMENCE: Teil unseres Partnernetzwerks werden, gemeinsam wachsen und Kunden Mehrwert bieten.","breadcrumb":{"@id":"https:\/\/www.framence.com\/de\/partner-werden\/#breadcrumb"},"inLanguage":"de","potentialAction":[{"@type":"ReadAction","target":["https:\/\/www.framence.com\/de\/partner-werden\/"]}]},{"@type":"BreadcrumbList","@id":"https:\/\/www.framence.com\/de\/partner-werden\/#breadcrumb","itemListElement":[{"@type":"ListItem","position":1,"name":"Startseite","item":"https:\/\/www.framence.com\/de\/"},{"@type":"ListItem","position":2,"name":"Partner werden"}]},{"@type":"WebSite","@id":"https:\/\/www.framence.com\/#website","url":"https:\/\/www.framence.com\/","name":"FRAMENCE","description":"","potentialAction":[{"@type":"SearchAction","target":{"@type":"EntryPoint","urlTemplate":"https:\/\/www.framence.com\/?s={search_term_string}"},"query-input":{"@type":"PropertyValueSpecification","valueRequired":true,"valueName":"search_term_string"}}],"inLanguage":"de"}]}},"_links":{"self":[{"href":"https:\/\/www.framence.com\/de\/wp-json\/wp\/v2\/pages\/30089","targetHints":{"allow":["GET"]}}],"collection":[{"href":"https:\/\/www.framence.com\/de\/wp-json\/wp\/v2\/pages"}],"about":[{"href":"https:\/\/www.framence.com\/de\/wp-json\/wp\/v2\/types\/page"}],"author":[{"embeddable":true,"href":"https:\/\/www.framence.com\/de\/wp-json\/wp\/v2\/users\/1"}],"replies":[{"embeddable":true,"href":"https:\/\/www.framence.com\/de\/wp-json\/wp\/v2\/comments?post=30089"}],"version-history":[{"count":182,"href":"https:\/\/www.framence.com\/de\/wp-json\/wp\/v2\/pages\/30089\/revisions"}],"predecessor-version":[{"id":38599,"href":"https:\/\/www.framence.com\/de\/wp-json\/wp\/v2\/pages\/30089\/revisions\/38599"}],"wp:attachment":[{"href":"https:\/\/www.framence.com\/de\/wp-json\/wp\/v2\/media?parent=30089"}],"curies":[{"name":"wp","href":"https:\/\/api.w.org\/{rel}","templated":true}]}}