{"id":30250,"date":"2021-10-13T12:58:08","date_gmt":"2021-10-13T10:58:08","guid":{"rendered":"https:\/\/www.framence.com\/?page_id=30250"},"modified":"2025-12-12T14:48:38","modified_gmt":"2025-12-12T13:48:38","slug":"service","status":"publish","type":"page","link":"https:\/\/www.framence.com\/de\/service\/","title":{"rendered":"Service"},"content":{"rendered":"<div class=\"wpb-content-wrapper\"><p>[vc_row bg_type=&#8220;image&#8220; parallax_style=&#8220;vcpb-default&#8220; bg_image_new=&#8220;id^34211|url^https:\/\/www.framence.com\/wp-content\/uploads\/2023\/01\/Framence_Hintergrundbild_Service.jpg|caption^null|alt^null|title^Framence_Hintergrundbild_Service|description^null&#8220; bg_override=&#8220;full&#8220; css=&#8220;.vc_custom_1675943629283{padding-top: 180px !important;padding-bottom: 180px !important;}&#8220;][vc_column width=&#8220;1\/2&#8243;]<div id=\"ultimate-heading-838069e13ad72a8fb\" class=\"uvc-heading ult-adjust-bottom-margin ultimate-heading-838069e13ad72a8fb uvc-3574 \" data-hspacer=\"no_spacer\"  data-halign=\"left\" style=\"text-align:left\"><div class=\"uvc-heading-spacer no_spacer\" style=\"top\"><\/div><div class=\"uvc-main-heading ult-responsive\"  data-ultimate-target='.uvc-heading.ultimate-heading-838069e13ad72a8fb h2'  data-responsive-json-new='{\"font-size\":\"desktop:45px;\",\"line-height\":\"desktop:50px;\"}' ><h2 style=\"--font-weight:theme;color:#ffffff;margin-bottom:30px;\">FRAMENCE with a Service<\/h2><\/div><div class=\"uvc-sub-heading ult-responsive\"  data-ultimate-target='.uvc-heading.ultimate-heading-838069e13ad72a8fb .uvc-sub-heading '  data-responsive-json-new='{\"font-size\":\"desktop:25px;\",\"line-height\":\"desktop:38px;\"}'  style=\"font-weight:normal;color:#ffffff;\">Sie verf\u00fcgen nicht \u00fcber die notwendigen Personalressourcen, um Ihren digitalen Zwilling zu erstellen? Wir unterst\u00fctzen Sie gerne.<\/div><\/div>[\/vc_column][vc_column width=&#8220;1\/2&#8243;][\/vc_column][\/vc_row][vc_row css=&#8220;.vc_custom_1673275544875{padding-top: 100px !important;padding-bottom: 100px !important;}&#8220;][vc_column][vc_column_text]<\/p>\n<h2 style=\"text-align: center;\">Unsere Services<\/h2>\n<p>[\/vc_column_text]<div class=\"gap\" style=\"line-height: 50px; height: 50px;\"><\/div>[vc_column_text]<\/p>\n<p style=\"text-align: center;\">Obwohl die Erstellung und Pflege unserer fotorealistischen digitalen Zwillinge einfach und schnell ist, wissen wir, dass Ihr Tagesgesch\u00e4ft Vorrang hat. Deshalb bieten wir Ihnen eine Reihe von Leistungen an, um Sie bei der Erstellung und Nutzung Ihres digitalen Zwillings zu unterst\u00fctzen. Dabei k\u00f6nnen Sie alle Leistungen in Anspruch nehmen oder auch nur bestimmte ausw\u00e4hlen \u2013 den Grad der Dienstleistung bestimmen immer Sie.<\/p>\n<p>[\/vc_column_text]<div class=\"gap\" style=\"line-height: 80px; height: 80px;\"><\/div>[vc_row_inner][vc_column_inner width=&#8220;1\/4&#8243;]<div class=\"flip-box-wrap\" tabindex=\"0\" style=\"padding:10px;\"><div class=\"flip-box ifb-custom-height  horizontal_flip_left flip-box-custom-height flip-ifb-custom-height\"  style=\"\"  data-min-height='220px'><div class=\"ifb-flip-box\" id=\"flip-box-wrap-1387\"><div class=\"ifb-face ifb-front \" style=\"color:#333333;background:#ededed;   \">\n\t\t\t\t\t\t\t<div class=\"ifb-flip-box-section ifb-flip-box-section-vertical-middle\">\n\t\t\t\t\t\t\t<div class=\"flip-box-icon\"><div class=\"ult-just-icon-wrapper  \"><div class=\"align-icon\" style=\"text-align:center;\">\n<div class=\"aio-icon-img \" style=\"font-size:100px;display:inline-block;\" >\n\t<img decoding=\"async\" class=\"img-icon\" alt=\"null\" src=\"https:\/\/www.framence.com\/wp-content\/uploads\/2023\/01\/Framence_Service_Schulungen.png\"\/>\n<\/div><\/div><\/div><\/div><h3 class=\"ult-responsive flipbox_heading\"  data-ultimate-target='#flip-box-wrap-1387 .ult-responsive.flipbox_heading'  data-responsive-json-new='{\"font-size\":\"\",\"line-height\":\"\"}'  style=\"color:#333333; \">Schulungen<\/h3><\/div><\/div><!-- END .front -->\n\t\t\t\t\t\t<div class=\"ifb-face ifb-back\" style=\"color:#333333;background:#ededed;   \">\n\t\t\t\t\t\t\t<div class=\"ifb-flip-box-section ifb-flip-box-section-vertical-middle\"><div class=\"ifb-flip-box-section-content ult-responsive\"  data-ultimate-target='#flip-box-wrap-1387 .ifb-flip-box-section-content.ult-responsive'  data-responsive-json-new='{\"font-size\":\"desktop:16px;\",\"line-height\":\"desktop:22px;\"}'  style=\"color:#333333;color:#333333;\"><p>Wir schulen Sie und Ihre Mitarbeitenden.<\/p><\/div><\/div><\/div><!-- END .back --><\/div> <!-- ifb-flip-box --><\/div> <!-- flip-box --><\/div><!-- End icon block -->[\/vc_column_inner][vc_column_inner width=&#8220;1\/4&#8243;]<div class=\"flip-box-wrap\" tabindex=\"0\" style=\"padding:10px;\"><div class=\"flip-box ifb-custom-height  horizontal_flip_left flip-box-custom-height flip-ifb-custom-height\"  style=\"\"  data-min-height='220px'><div class=\"ifb-flip-box\" id=\"flip-box-wrap-3946\"><div class=\"ifb-face ifb-front \" style=\"color:#333333;background:#ededed;   \">\n\t\t\t\t\t\t\t<div class=\"ifb-flip-box-section ifb-flip-box-section-vertical-middle\">\n\t\t\t\t\t\t\t<div class=\"flip-box-icon\"><div class=\"ult-just-icon-wrapper  \"><div class=\"align-icon\" style=\"text-align:center;\">\n<div class=\"aio-icon-img \" style=\"font-size:100px;display:inline-block;\" >\n\t<img decoding=\"async\" class=\"img-icon\" alt=\"null\" src=\"https:\/\/www.framence.com\/wp-content\/uploads\/2023\/01\/Framence_Service_Beratung.png\"\/>\n<\/div><\/div><\/div><\/div><h3 class=\"ult-responsive flipbox_heading\"  data-ultimate-target='#flip-box-wrap-3946 .ult-responsive.flipbox_heading'  data-responsive-json-new='{\"font-size\":\"\",\"line-height\":\"\"}'  style=\"color:#333333; \">Beratung<\/h3><\/div><\/div><!-- END .front -->\n\t\t\t\t\t\t<div class=\"ifb-face ifb-back\" style=\"color:#333333;background:#ededed;   \">\n\t\t\t\t\t\t\t<div class=\"ifb-flip-box-section ifb-flip-box-section-vertical-middle\"><div class=\"ifb-flip-box-section-content ult-responsive\"  data-ultimate-target='#flip-box-wrap-3946 .ifb-flip-box-section-content.ult-responsive'  data-responsive-json-new='{\"font-size\":\"desktop:16px;\",\"line-height\":\"desktop:22px;\"}'  style=\"color:#333333;color:#333333;\"><p>Wir beraten Sie und stehen bei der Erfassung zur Seite.<\/p><\/div><\/div><\/div><!-- END .back --><\/div> <!-- ifb-flip-box --><\/div> <!-- flip-box --><\/div><!-- End icon block -->[\/vc_column_inner][vc_column_inner width=&#8220;1\/4&#8243;]<div class=\"flip-box-wrap\" tabindex=\"0\" style=\"padding:10px;\"><div class=\"flip-box ifb-custom-height  horizontal_flip_left flip-box-custom-height flip-ifb-custom-height\"  style=\"\"  data-min-height='220px'><div class=\"ifb-flip-box\" id=\"flip-box-wrap-5248\"><div class=\"ifb-face ifb-front \" style=\"color:#333333;background:#ededed;   \">\n\t\t\t\t\t\t\t<div class=\"ifb-flip-box-section ifb-flip-box-section-vertical-middle\">\n\t\t\t\t\t\t\t<div class=\"flip-box-icon\"><div class=\"ult-just-icon-wrapper  \"><div class=\"align-icon\" style=\"text-align:center;\">\n<div class=\"aio-icon-img \" style=\"font-size:100px;display:inline-block;\" >\n\t<img decoding=\"async\" class=\"img-icon\" alt=\"null\" src=\"https:\/\/www.framence.com\/wp-content\/uploads\/2023\/01\/Framence_Service_Erstellung.png\"\/>\n<\/div><\/div><\/div><\/div><h3 class=\"ult-responsive flipbox_heading\"  data-ultimate-target='#flip-box-wrap-5248 .ult-responsive.flipbox_heading'  data-responsive-json-new='{\"font-size\":\"\",\"line-height\":\"\"}'  style=\"color:#333333; \">Erstellung<\/h3><\/div><\/div><!-- END .front -->\n\t\t\t\t\t\t<div class=\"ifb-face ifb-back\" style=\"color:#333333;background:#ededed;   \">\n\t\t\t\t\t\t\t<div class=\"ifb-flip-box-section ifb-flip-box-section-vertical-middle\"><div class=\"ifb-flip-box-section-content ult-responsive\"  data-ultimate-target='#flip-box-wrap-5248 .ifb-flip-box-section-content.ult-responsive'  data-responsive-json-new='{\"font-size\":\"desktop:16px;\",\"line-height\":\"desktop:22px;\"}'  style=\"color:#333333;color:#333333;\"><p>Wir machen die Fotos und erstellen Ihren Zwilling.<\/p><\/div><\/div><\/div><!-- END .back --><\/div> <!-- ifb-flip-box --><\/div> <!-- flip-box --><\/div><!-- End icon block -->[\/vc_column_inner][vc_column_inner width=&#8220;1\/4&#8243;]<div class=\"flip-box-wrap\" tabindex=\"0\" style=\"padding:10px;\"><div class=\"flip-box ifb-custom-height  horizontal_flip_left flip-box-custom-height flip-ifb-custom-height\"  style=\"\"  data-min-height='220px'><div class=\"ifb-flip-box\" id=\"flip-box-wrap-4444\"><div class=\"ifb-face ifb-front \" style=\"color:#333333;background:#ededed;   \">\n\t\t\t\t\t\t\t<div class=\"ifb-flip-box-section ifb-flip-box-section-vertical-middle\">\n\t\t\t\t\t\t\t<div class=\"flip-box-icon\"><div class=\"ult-just-icon-wrapper  \"><div class=\"align-icon\" style=\"text-align:center;\">\n<div class=\"aio-icon-img \" style=\"font-size:100px;display:inline-block;\" >\n\t<img decoding=\"async\" class=\"img-icon\" alt=\"null\" src=\"https:\/\/www.framence.com\/wp-content\/uploads\/2023\/01\/Framence_Service_Aktualisierung.png\"\/>\n<\/div><\/div><\/div><\/div><h3 class=\"ult-responsive flipbox_heading\"  data-ultimate-target='#flip-box-wrap-4444 .ult-responsive.flipbox_heading'  data-responsive-json-new='{\"font-size\":\"\",\"line-height\":\"\"}'  style=\"color:#333333; \">Aktualisierung<\/h3><\/div><\/div><!-- END .front -->\n\t\t\t\t\t\t<div class=\"ifb-face ifb-back\" style=\"color:#333333;background:#ededed;   \">\n\t\t\t\t\t\t\t<div class=\"ifb-flip-box-section ifb-flip-box-section-vertical-middle\"><div class=\"ifb-flip-box-section-content ult-responsive\"  data-ultimate-target='#flip-box-wrap-4444 .ifb-flip-box-section-content.ult-responsive'  data-responsive-json-new='{\"font-size\":\"desktop:16px;\",\"line-height\":\"desktop:22px;\"}'  style=\"color:#333333;color:#333333;\"><p>Wir aktualisieren regelm\u00e4\u00dfig Ihren Zwilling.<\/p><\/div><\/div><\/div><!-- END .back --><\/div> <!-- ifb-flip-box --><\/div> <!-- flip-box --><\/div><!-- End icon block -->[\/vc_column_inner][\/vc_row_inner][vc_row_inner][vc_column_inner width=&#8220;1\/4&#8243;]<div class=\"flip-box-wrap\" tabindex=\"0\" style=\"padding:10px;\"><div class=\"flip-box ifb-custom-height  horizontal_flip_left flip-box-custom-height flip-ifb-custom-height\"  style=\"\"  data-min-height='220px'><div class=\"ifb-flip-box\" id=\"flip-box-wrap-4709\"><div class=\"ifb-face ifb-front \" style=\"color:#333333;background:#ededed;   \">\n\t\t\t\t\t\t\t<div class=\"ifb-flip-box-section ifb-flip-box-section-vertical-middle\">\n\t\t\t\t\t\t\t<div class=\"flip-box-icon\"><div class=\"ult-just-icon-wrapper  \"><div class=\"align-icon\" style=\"text-align:center;\">\n<div class=\"aio-icon-img \" style=\"font-size:100px;display:inline-block;\" >\n\t<img decoding=\"async\" class=\"img-icon\" alt=\"null\" src=\"https:\/\/www.framence.com\/wp-content\/uploads\/2023\/01\/Framence_Service_Erfassung.png\"\/>\n<\/div><\/div><\/div><\/div><h3 class=\"ult-responsive flipbox_heading\"  data-ultimate-target='#flip-box-wrap-4709 .ult-responsive.flipbox_heading'  data-responsive-json-new='{\"font-size\":\"\",\"line-height\":\"\"}'  style=\"color:#333333; \">Erfassung<\/h3><\/div><\/div><!-- END .front -->\n\t\t\t\t\t\t<div class=\"ifb-face ifb-back\" style=\"color:#333333;background:#ededed;   \">\n\t\t\t\t\t\t\t<div class=\"ifb-flip-box-section ifb-flip-box-section-vertical-middle\"><div class=\"ifb-flip-box-section-content ult-responsive\"  data-ultimate-target='#flip-box-wrap-4709 .ifb-flip-box-section-content.ult-responsive'  data-responsive-json-new='{\"font-size\":\"desktop:16px;\",\"line-height\":\"desktop:22px;\"}'  style=\"color:#333333;color:#333333;\"><p>Wir reichern Ihren Zwilling mit Ihren unternehmensinternen Informationen an.<\/p><\/div><\/div><\/div><!-- END .back --><\/div> <!-- ifb-flip-box --><\/div> <!-- flip-box --><\/div><!-- End icon block -->[\/vc_column_inner][vc_column_inner width=&#8220;1\/4&#8243;]<div class=\"flip-box-wrap\" tabindex=\"0\" style=\"padding:10px;\"><div class=\"flip-box ifb-custom-height  horizontal_flip_left flip-box-custom-height flip-ifb-custom-height\"  style=\"\"  data-min-height='220px'><div class=\"ifb-flip-box\" id=\"flip-box-wrap-5406\"><div class=\"ifb-face ifb-front \" style=\"color:#333333;background:#ededed;   \">\n\t\t\t\t\t\t\t<div class=\"ifb-flip-box-section ifb-flip-box-section-vertical-middle\">\n\t\t\t\t\t\t\t<div class=\"flip-box-icon\"><div class=\"ult-just-icon-wrapper  \"><div class=\"align-icon\" style=\"text-align:center;\">\n<div class=\"aio-icon-img \" style=\"font-size:100px;display:inline-block;\" >\n\t<img decoding=\"async\" class=\"img-icon\" alt=\"null\" src=\"https:\/\/www.framence.com\/wp-content\/uploads\/2023\/01\/Framence_Service_Fremdsysteme.png\"\/>\n<\/div><\/div><\/div><\/div><h3 class=\"ult-responsive flipbox_heading\"  data-ultimate-target='#flip-box-wrap-5406 .ult-responsive.flipbox_heading'  data-responsive-json-new='{\"font-size\":\"\",\"line-height\":\"\"}'  style=\"color:#333333; \">Fremdsysteme<\/h3><\/div><\/div><!-- END .front -->\n\t\t\t\t\t\t<div class=\"ifb-face ifb-back\" style=\"color:#333333;background:#ededed;   \">\n\t\t\t\t\t\t\t<div class=\"ifb-flip-box-section ifb-flip-box-section-vertical-middle\"><div class=\"ifb-flip-box-section-content ult-responsive\"  data-ultimate-target='#flip-box-wrap-5406 .ifb-flip-box-section-content.ult-responsive'  data-responsive-json-new='{\"font-size\":\"desktop:16px;\",\"line-height\":\"desktop:22px;\"}'  style=\"color:#333333;color:#333333;\"><p>Wir realisieren die Anbindung Ihrer Fremdsysteme.<\/p><\/div><\/div><\/div><!-- END .back --><\/div> <!-- ifb-flip-box --><\/div> <!-- flip-box --><\/div><!-- End icon block -->[\/vc_column_inner][vc_column_inner width=&#8220;1\/4&#8243;]<div class=\"flip-box-wrap\" tabindex=\"0\" style=\"padding:10px;\"><div class=\"flip-box ifb-custom-height  horizontal_flip_left flip-box-custom-height flip-ifb-custom-height\"  style=\"\"  data-min-height='220px'><div class=\"ifb-flip-box\" id=\"flip-box-wrap-6182\"><div class=\"ifb-face ifb-front \" style=\"color:#333333;background:#ededed;   \">\n\t\t\t\t\t\t\t<div class=\"ifb-flip-box-section ifb-flip-box-section-vertical-middle\">\n\t\t\t\t\t\t\t<div class=\"flip-box-icon\"><div class=\"ult-just-icon-wrapper  \"><div class=\"align-icon\" style=\"text-align:center;\">\n<div class=\"aio-icon-img \" style=\"font-size:100px;display:inline-block;\" >\n\t<img decoding=\"async\" class=\"img-icon\" alt=\"null\" src=\"https:\/\/www.framence.com\/wp-content\/uploads\/2023\/01\/Framence_Service_Hosting.png\"\/>\n<\/div><\/div><\/div><\/div><h3 class=\"ult-responsive flipbox_heading\"  data-ultimate-target='#flip-box-wrap-6182 .ult-responsive.flipbox_heading'  data-responsive-json-new='{\"font-size\":\"\",\"line-height\":\"\"}'  style=\"color:#333333; \">Hosting<\/h3><\/div><\/div><!-- END .front -->\n\t\t\t\t\t\t<div class=\"ifb-face ifb-back\" style=\"color:#333333;background:#ededed;   \">\n\t\t\t\t\t\t\t<div class=\"ifb-flip-box-section ifb-flip-box-section-vertical-middle\"><div class=\"ifb-flip-box-section-content ult-responsive\"  data-ultimate-target='#flip-box-wrap-6182 .ifb-flip-box-section-content.ult-responsive'  data-responsive-json-new='{\"font-size\":\"desktop:16px;\",\"line-height\":\"desktop:22px;\"}'  style=\"color:#333333;color:#333333;\"><p>Wir k\u00fcmmern uns um das Hosting und den Betrieb Ihres Zwillings.<\/p><\/div><\/div><\/div><!-- END .back --><\/div> <!-- ifb-flip-box --><\/div> <!-- flip-box --><\/div><!-- End icon block -->[\/vc_column_inner][vc_column_inner width=&#8220;1\/4&#8243;]<div class=\"flip-box-wrap\" tabindex=\"0\" style=\"padding:10px;\"><div class=\"flip-box ifb-custom-height  horizontal_flip_left flip-box-custom-height flip-ifb-custom-height\"  style=\"\"  data-min-height='220px'><div class=\"ifb-flip-box\" id=\"flip-box-wrap-9875\"><div class=\"ifb-face ifb-front \" style=\"color:#333333;background:#ededed;   \">\n\t\t\t\t\t\t\t<div class=\"ifb-flip-box-section ifb-flip-box-section-vertical-middle\">\n\t\t\t\t\t\t\t<div class=\"flip-box-icon\"><div class=\"ult-just-icon-wrapper  \"><div class=\"align-icon\" style=\"text-align:center;\">\n<div class=\"aio-icon-img \" style=\"font-size:100px;display:inline-block;\" >\n\t<img decoding=\"async\" class=\"img-icon\" alt=\"null\" src=\"https:\/\/www.framence.com\/wp-content\/uploads\/2023\/01\/Framence_Service_Turnkey.png\"\/>\n<\/div><\/div><\/div><\/div><h3 class=\"ult-responsive flipbox_heading\"  data-ultimate-target='#flip-box-wrap-9875 .ult-responsive.flipbox_heading'  data-responsive-json-new='{\"font-size\":\"\",\"line-height\":\"\"}'  style=\"color:#333333; \">Turnkey<\/h3><\/div><\/div><!-- END .front -->\n\t\t\t\t\t\t<div class=\"ifb-face ifb-back\" style=\"color:#333333;background:#ededed;   \">\n\t\t\t\t\t\t\t<div class=\"ifb-flip-box-section ifb-flip-box-section-vertical-middle\"><div class=\"ifb-flip-box-section-content ult-responsive\"  data-ultimate-target='#flip-box-wrap-9875 .ifb-flip-box-section-content.ult-responsive'  data-responsive-json-new='{\"font-size\":\"desktop:16px;\",\"line-height\":\"desktop:22px;\"}'  style=\"color:#333333;color:#333333;\"><p>Zwilling as a Service \u2013 Sie erhalten alle Leistungen.<\/p><\/div><\/div><\/div><!-- END .back --><\/div> <!-- ifb-flip-box --><\/div> <!-- flip-box --><\/div><!-- End icon block -->[\/vc_column_inner][\/vc_row_inner][\/vc_column][\/vc_row][vc_row bg_type=&#8220;image&#8220; parallax_style=&#8220;vcpb-default&#8220; bg_image_new=&#8220;id^35000|url^https:\/\/www.framence.com\/wp-content\/uploads\/2023\/02\/Framence_Hintergrundbild_Ende.jpg|caption^null|alt^null|title^Framence_Hintergrundbild_Ende|description^null&#8220; bg_override=&#8220;full&#8220; css=&#8220;.vc_custom_1676887285807{padding-top: 150px !important;padding-bottom: 120px !important;}&#8220;][vc_column]<div id=\"ultimate-heading-561469e13ad72c12c\" class=\"uvc-heading ult-adjust-bottom-margin ultimate-heading-561469e13ad72c12c uvc-6884  uvc-heading-default-font-sizes\" data-hspacer=\"no_spacer\"  data-halign=\"center\" style=\"text-align:center\"><div class=\"uvc-heading-spacer no_spacer\" style=\"top\"><\/div><div class=\"uvc-main-heading ult-responsive\"  data-ultimate-target='.uvc-heading.ultimate-heading-561469e13ad72c12c h2'  data-responsive-json-new='{\"font-size\":\"\",\"line-height\":\"\"}' ><h2 style=\"--font-weight:theme;color:#ffffff;margin-bottom:20px;\">Sie bestimmen den notwendigen Unterst\u00fctzungsumfang!<\/h2><\/div><div class=\"uvc-sub-heading ult-responsive\"  data-ultimate-target='.uvc-heading.ultimate-heading-561469e13ad72c12c .uvc-sub-heading '  data-responsive-json-new='{\"font-size\":\"\",\"line-height\":\"\"}'  style=\"font-weight:normal;color:#ffffff;\"><\/p>\n<p style=\"text-align: center;\">Kontaktieren Sie uns und gemeinsam finden wir ein passgenaues Angebot.<\/p>\n<p><\/div><\/div><div class=\"gap\" style=\"line-height: 30px; height: 30px;\"><\/div><div class=\" ubtn-ctn-center \"><a class=\"ubtn-link ult-adjust-bottom-margin ubtn-center ubtn-normal \" href=\"\/de\/kontakt\/\" ><button type=\"button\" id=\"ubtn-2583\"  class=\"ubtn ult-adjust-bottom-margin ult-responsive ubtn-normal ubtn-no-hover-bg  none  ubtn-center   tooltip-69e13ad72c186\"  data-hover=\"#000000\" data-border-color=\"\" data-bg=\"#FF9696\" data-hover-bg=\"#FF5F5F\" data-border-hover=\"\" data-shadow-hover=\"\" data-shadow-click=\"none\" data-shadow=\"\" data-shd-shadow=\"\"  data-ultimate-target='#ubtn-2583'  data-responsive-json-new='{\"font-size\":\"desktop:14px;\",\"line-height\":\"\"}'  style=\"font-weight:bold;border:none;background: #FF9696;color: #000000;\"><span class=\"ubtn-hover\" style=\"background-color:#FF5F5F\"><\/span><span class=\"ubtn-data ubtn-text \" >Sprechen Sie uns an<\/span><\/button><\/a><\/div>[\/vc_column][\/vc_row]<\/p>\n<\/div>","protected":false},"excerpt":{"rendered":"<p>[vc_row bg_type=&#8220;image&#8220; parallax_style=&#8220;vcpb-default&#8220; bg_image_new=&#8220;id^34211|url^https:\/\/www.framence.com\/wp-content\/uploads\/2023\/01\/Framence_Hintergrundbild_Service.jpg|caption^null|alt^null|title^Framence_Hintergrundbild_Service|description^null&#8220; bg_override=&#8220;full&#8220; css=&#8220;.vc_custom_1675943629283{padding-top: 180px !important;padding-bottom: 180px !important;}&#8220;][vc_column width=&#8220;1\/2&#8243;][\/vc_column][vc_column width=&#8220;1\/2&#8243;][\/vc_column][\/vc_row][vc_row css=&#8220;.vc_custom_1673275544875{padding-top: 100px !important;padding-bottom: 100px !important;}&#8220;][vc_column][vc_column_text] Unsere Services [\/vc_column_text][vc_column_text] Obwohl die Erstellung und Pflege unserer fotorealistischen digitalen Zwillinge einfach und schnell ist, wissen wir, dass Ihr Tagesgesch\u00e4ft Vorrang hat. Deshalb bieten wir Ihnen eine Reihe von Leistungen an, um Sie bei der Erstellung und&hellip;<\/p>\n","protected":false},"author":1,"featured_media":0,"parent":0,"menu_order":1,"comment_status":"closed","ping_status":"closed","template":"template-microsite.php","meta":{"footnotes":""},"class_list":["post-30250","page","type-page","status-publish","hentry","description-off"],"yoast_head":"<!-- This site is optimized with the Yoast SEO plugin v27.4 - https:\/\/yoast.com\/product\/yoast-seo-wordpress\/ -->\n<title>Service | FRAMENCE<\/title>\n<meta name=\"description\" content=\"FRAMENCE Service: zuverl\u00e4ssiger Support, individuelle Betreuung und ma\u00dfgeschneiderte L\u00f6sungen rund um digitale Zwillinge.\" \/>\n<meta name=\"robots\" content=\"index, follow, max-snippet:-1, max-image-preview:large, max-video-preview:-1\" \/>\n<link rel=\"canonical\" href=\"https:\/\/www.framence.com\/de\/service\/\" \/>\n<meta property=\"og:locale\" content=\"de_DE\" \/>\n<meta property=\"og:type\" content=\"article\" \/>\n<meta property=\"og:title\" content=\"Service | FRAMENCE\" \/>\n<meta property=\"og:description\" content=\"FRAMENCE Service: zuverl\u00e4ssiger Support, individuelle Betreuung und ma\u00dfgeschneiderte L\u00f6sungen rund um digitale Zwillinge.\" \/>\n<meta property=\"og:url\" content=\"https:\/\/www.framence.com\/de\/service\/\" \/>\n<meta property=\"og:site_name\" content=\"FRAMENCE\" \/>\n<meta property=\"article:modified_time\" content=\"2025-12-12T13:48:38+00:00\" \/>\n<meta property=\"og:image\" content=\"https:\/\/www.framence.com\/wp-content\/uploads\/2025\/12\/Framence_Favicon_32x32.png\" \/>\n\t<meta property=\"og:image:width\" content=\"32\" \/>\n\t<meta property=\"og:image:height\" content=\"32\" \/>\n\t<meta property=\"og:image:type\" content=\"image\/png\" \/>\n<meta name=\"twitter:card\" content=\"summary_large_image\" \/>\n<meta name=\"twitter:label1\" content=\"Gesch\u00e4tzte Lesezeit\" \/>\n\t<meta name=\"twitter:data1\" content=\"2\u00a0Minuten\" \/>\n<script type=\"application\/ld+json\" class=\"yoast-schema-graph\">{\"@context\":\"https:\\\/\\\/schema.org\",\"@graph\":[{\"@type\":\"WebPage\",\"@id\":\"https:\\\/\\\/www.framence.com\\\/de\\\/service\\\/\",\"url\":\"https:\\\/\\\/www.framence.com\\\/de\\\/service\\\/\",\"name\":\"Service | FRAMENCE\",\"isPartOf\":{\"@id\":\"https:\\\/\\\/www.framence.com\\\/#website\"},\"datePublished\":\"2021-10-13T10:58:08+00:00\",\"dateModified\":\"2025-12-12T13:48:38+00:00\",\"description\":\"FRAMENCE Service: zuverl\u00e4ssiger Support, individuelle Betreuung und ma\u00dfgeschneiderte L\u00f6sungen rund um digitale Zwillinge.\",\"breadcrumb\":{\"@id\":\"https:\\\/\\\/www.framence.com\\\/de\\\/service\\\/#breadcrumb\"},\"inLanguage\":\"de\",\"potentialAction\":[{\"@type\":\"ReadAction\",\"target\":[\"https:\\\/\\\/www.framence.com\\\/de\\\/service\\\/\"]}]},{\"@type\":\"BreadcrumbList\",\"@id\":\"https:\\\/\\\/www.framence.com\\\/de\\\/service\\\/#breadcrumb\",\"itemListElement\":[{\"@type\":\"ListItem\",\"position\":1,\"name\":\"Startseite\",\"item\":\"https:\\\/\\\/www.framence.com\\\/de\\\/\"},{\"@type\":\"ListItem\",\"position\":2,\"name\":\"Service\"}]},{\"@type\":\"WebSite\",\"@id\":\"https:\\\/\\\/www.framence.com\\\/#website\",\"url\":\"https:\\\/\\\/www.framence.com\\\/\",\"name\":\"FRAMENCE\",\"description\":\"\",\"potentialAction\":[{\"@type\":\"SearchAction\",\"target\":{\"@type\":\"EntryPoint\",\"urlTemplate\":\"https:\\\/\\\/www.framence.com\\\/?s={search_term_string}\"},\"query-input\":{\"@type\":\"PropertyValueSpecification\",\"valueRequired\":true,\"valueName\":\"search_term_string\"}}],\"inLanguage\":\"de\"}]}<\/script>\n<!-- \/ Yoast SEO plugin. -->","yoast_head_json":{"title":"Service | FRAMENCE","description":"FRAMENCE Service: zuverl\u00e4ssiger Support, individuelle Betreuung und ma\u00dfgeschneiderte L\u00f6sungen rund um digitale Zwillinge.","robots":{"index":"index","follow":"follow","max-snippet":"max-snippet:-1","max-image-preview":"max-image-preview:large","max-video-preview":"max-video-preview:-1"},"canonical":"https:\/\/www.framence.com\/de\/service\/","og_locale":"de_DE","og_type":"article","og_title":"Service | FRAMENCE","og_description":"FRAMENCE Service: zuverl\u00e4ssiger Support, individuelle Betreuung und ma\u00dfgeschneiderte L\u00f6sungen rund um digitale Zwillinge.","og_url":"https:\/\/www.framence.com\/de\/service\/","og_site_name":"FRAMENCE","article_modified_time":"2025-12-12T13:48:38+00:00","og_image":[{"width":32,"height":32,"url":"https:\/\/www.framence.com\/wp-content\/uploads\/2025\/12\/Framence_Favicon_32x32.png","type":"image\/png"}],"twitter_card":"summary_large_image","twitter_misc":{"Gesch\u00e4tzte Lesezeit":"2\u00a0Minuten"},"schema":{"@context":"https:\/\/schema.org","@graph":[{"@type":"WebPage","@id":"https:\/\/www.framence.com\/de\/service\/","url":"https:\/\/www.framence.com\/de\/service\/","name":"Service | FRAMENCE","isPartOf":{"@id":"https:\/\/www.framence.com\/#website"},"datePublished":"2021-10-13T10:58:08+00:00","dateModified":"2025-12-12T13:48:38+00:00","description":"FRAMENCE Service: zuverl\u00e4ssiger Support, individuelle Betreuung und ma\u00dfgeschneiderte L\u00f6sungen rund um digitale Zwillinge.","breadcrumb":{"@id":"https:\/\/www.framence.com\/de\/service\/#breadcrumb"},"inLanguage":"de","potentialAction":[{"@type":"ReadAction","target":["https:\/\/www.framence.com\/de\/service\/"]}]},{"@type":"BreadcrumbList","@id":"https:\/\/www.framence.com\/de\/service\/#breadcrumb","itemListElement":[{"@type":"ListItem","position":1,"name":"Startseite","item":"https:\/\/www.framence.com\/de\/"},{"@type":"ListItem","position":2,"name":"Service"}]},{"@type":"WebSite","@id":"https:\/\/www.framence.com\/#website","url":"https:\/\/www.framence.com\/","name":"FRAMENCE","description":"","potentialAction":[{"@type":"SearchAction","target":{"@type":"EntryPoint","urlTemplate":"https:\/\/www.framence.com\/?s={search_term_string}"},"query-input":{"@type":"PropertyValueSpecification","valueRequired":true,"valueName":"search_term_string"}}],"inLanguage":"de"}]}},"_links":{"self":[{"href":"https:\/\/www.framence.com\/de\/wp-json\/wp\/v2\/pages\/30250","targetHints":{"allow":["GET"]}}],"collection":[{"href":"https:\/\/www.framence.com\/de\/wp-json\/wp\/v2\/pages"}],"about":[{"href":"https:\/\/www.framence.com\/de\/wp-json\/wp\/v2\/types\/page"}],"author":[{"embeddable":true,"href":"https:\/\/www.framence.com\/de\/wp-json\/wp\/v2\/users\/1"}],"replies":[{"embeddable":true,"href":"https:\/\/www.framence.com\/de\/wp-json\/wp\/v2\/comments?post=30250"}],"version-history":[{"count":106,"href":"https:\/\/www.framence.com\/de\/wp-json\/wp\/v2\/pages\/30250\/revisions"}],"predecessor-version":[{"id":38593,"href":"https:\/\/www.framence.com\/de\/wp-json\/wp\/v2\/pages\/30250\/revisions\/38593"}],"wp:attachment":[{"href":"https:\/\/www.framence.com\/de\/wp-json\/wp\/v2\/media?parent=30250"}],"curies":[{"name":"wp","href":"https:\/\/api.w.org\/{rel}","templated":true}]}}