{"id":30411,"date":"2021-10-21T12:39:30","date_gmt":"2021-10-21T10:39:30","guid":{"rendered":"https:\/\/www.framence.com\/?page_id=30411"},"modified":"2025-12-12T14:44:58","modified_gmt":"2025-12-12T13:44:58","slug":"sales-specialist-m-w-d","status":"publish","type":"page","link":"https:\/\/www.framence.com\/de\/sales-specialist-m-w-d\/","title":{"rendered":"Sales Specialist (m\/w\/d)"},"content":{"rendered":"<div class=\"wpb-content-wrapper\"><p>[vc_row bg_type=&#8220;bg_color&#8220; bg_override=&#8220;full&#8220; css=&#8220;.vc_custom_1676636808658{padding-top: 150px !important;padding-bottom: 90px !important;}&#8220; bg_color_value=&#8220;#000000&#8243;][vc_column]<div id=\"ultimate-heading-347469d5b6d6a12c0\" class=\"uvc-heading ult-adjust-bottom-margin ultimate-heading-347469d5b6d6a12c0 uvc-8373 \" data-hspacer=\"no_spacer\"  data-halign=\"left\" style=\"text-align:left\"><div class=\"uvc-heading-spacer no_spacer\" style=\"top\"><\/div><div class=\"uvc-main-heading ult-responsive\"  data-ultimate-target='.uvc-heading.ultimate-heading-347469d5b6d6a12c0 h2'  data-responsive-json-new='{\"font-size\":\"desktop:45px;\",\"line-height\":\"desktop:50px;\"}' ><h2 style=\"--font-weight:theme;color:#ffffff;margin-bottom:10px;\">Sales Specialist (m\/w\/d)<\/h2><\/div><div class=\"uvc-sub-heading ult-responsive\"  data-ultimate-target='.uvc-heading.ultimate-heading-347469d5b6d6a12c0 .uvc-sub-heading '  data-responsive-json-new='{\"font-size\":\"desktop:25px;\",\"line-height\":\"desktop:38px;\"}'  style=\"font-weight:normal;color:#ffffff;\">Vollzeit<\/div><\/div>[\/vc_column][\/vc_row][vc_row css=&#8220;.vc_custom_1674217047628{margin-top: 100px !important;margin-bottom: 50px !important;}&#8220;][vc_column][vc_column_text]<\/p>\n<h3>Dein zuk\u00fcnftiger Arbeitstag<\/h3>\n<p>Du akquirierst bei gro\u00dfen und mittelst\u00e4ndischen Unternehmen und betreust die Kunden als Sales Specialist. Hierbei entwickelst Du ma\u00dfgeschneiderte IT-Projekte in unserem Gesch\u00e4ftsumfeld. Du arbeitest sehr eigenst\u00e4ndig und bist direkt dem Vorstand unterstellt. Ab dem ersten Tag \u00fcbernimmst Du Verantwortung f\u00fcr die Vertriebsstrategie bei deinen Kunden und f\u00fcr deinen Beitrag zum Gesch\u00e4ftsergebnis.[\/vc_column_text]<div class=\"gap\" style=\"line-height: 80px; height: 80px;\"><\/div>[vc_row_inner][vc_column_inner width=&#8220;1\/2&#8243;][vc_column_text]<\/p>\n<h3>Das bringst Du mit<\/h3>\n<ul>\n<li>Fachwissen im technischen Umfeld<\/li>\n<li>Erfahrungen im Vertrieb von IT-Projekten<\/li>\n<li>Ehrgeiz im IT-L\u00f6sungsvertrieb<\/li>\n<li>Sichere Verhandlungs- und Pr\u00e4sentationstechnik<\/li>\n<li>Konzeptionelle und analytische F\u00e4higkeiten<\/li>\n<li>Gesp\u00fcr f\u00fcr Kundenbed\u00fcrfnisse<\/li>\n<li>Spa\u00df am aktiven Verkaufen<\/li>\n<li>Eigenverantwortung<\/li>\n<li>Unternehmerisches Denken<\/li>\n<li>Sicher in der deutschen und englischen Sprache<\/li>\n<\/ul>\n<p>[\/vc_column_text]<div class=\"gap\" style=\"line-height: 50px; height: 50px;\"><\/div>[\/vc_column_inner][vc_column_inner width=&#8220;1\/2&#8243;][vc_column_text]<\/p>\n<h3>Das bieten wir<\/h3>\n<ul>\n<li>Flexible Arbeitszeiten<\/li>\n<li>Hybrid\/Remote Work \u2013 Einarbeitung vor Ort<\/li>\n<li>Flache Hierarchien f\u00fcr schnelle Entscheidungsprozesse<\/li>\n<li>Viel Freiraum f\u00fcr eigene Ideen<\/li>\n<li>Hervorragendes Betriebsklima und integratives Arbeitsumfeld<\/li>\n<li>Kostenlose Kalt- und Hei\u00dfgetr\u00e4nke<\/li>\n<li>Verg\u00fcnstigtes Mittagessen in diversen Restaurants<\/li>\n<li>Regelm\u00e4\u00dfige Weiterbildungen und Schulungen<\/li>\n<li>B\u00fcros mit max. zwei Personen f\u00fcr konzentriertes Arbeiten<\/li>\n<li>Gute Verkehrsanbindung und ausreichende Mitarbeiterparkpl\u00e4tze<\/li>\n<\/ul>\n<p>[\/vc_column_text]<div class=\"gap\" style=\"line-height: 50px; height: 50px;\"><\/div>[\/vc_column_inner][\/vc_row_inner][\/vc_column][\/vc_row][vc_row bg_type=&#8220;bg_color&#8220; bg_override=&#8220;full&#8220; css=&#8220;.vc_custom_1674217024536{padding-top: 100px !important;padding-bottom: 100px !important;}&#8220; bg_color_value=&#8220;#ededed&#8220;][vc_column][vc_column_text css=&#8220;&#8220;]<\/p>\n<h3>Haben wir Dein Interesse geweckt?<\/h3>\n<p>\u00dcber Deine aussagekr\u00e4ftigen Bewerbungsunterlagen an <strong><a href=\"mailto:fra-jobs@framence.com\">fra-jobs@framence.com<\/a><\/strong> freuen wir uns.<\/p>\n<p><strong>Du erf\u00fcllst nicht alle Voraussetzungen, glaubst aber trotzdem, die richtige Wahl f\u00fcr diesen Job zu sein?<\/strong><br \/>\nDann m\u00f6chten wir Dich motivieren, Dich trotzdem zu bewerben! Gemeinsam finden wir heraus, ob unsere Stelle zu Dir passt.[\/vc_column_text][\/vc_column][\/vc_row]<\/p>\n<\/div>","protected":false},"excerpt":{"rendered":"<p>[vc_row bg_type=&#8220;bg_color&#8220; bg_override=&#8220;full&#8220; css=&#8220;.vc_custom_1676636808658{padding-top: 150px !important;padding-bottom: 90px !important;}&#8220; bg_color_value=&#8220;#000000&#8243;][vc_column][\/vc_column][\/vc_row][vc_row css=&#8220;.vc_custom_1674217047628{margin-top: 100px !important;margin-bottom: 50px !important;}&#8220;][vc_column][vc_column_text] Dein zuk\u00fcnftiger Arbeitstag Du akquirierst bei gro\u00dfen und mittelst\u00e4ndischen Unternehmen und betreust die Kunden als Sales Specialist. Hierbei entwickelst Du ma\u00dfgeschneiderte IT-Projekte in unserem Gesch\u00e4ftsumfeld. Du arbeitest sehr eigenst\u00e4ndig und bist direkt dem Vorstand unterstellt. Ab dem ersten Tag \u00fcbernimmst Du&hellip;<\/p>\n","protected":false},"author":1,"featured_media":0,"parent":0,"menu_order":1,"comment_status":"closed","ping_status":"closed","template":"template-microsite.php","meta":{"footnotes":""},"class_list":["post-30411","page","type-page","status-publish","hentry","description-off"],"yoast_head":"<!-- This site is optimized with the Yoast SEO plugin v27.3 - https:\/\/yoast.com\/product\/yoast-seo-wordpress\/ -->\n<title>Sales Specialist (m\/w\/d) | FRAMENCE<\/title>\n<meta name=\"description\" content=\"Sales Specialist (m\/w\/d) bei FRAMENCE: Innovative digitale L\u00f6sungen vertreiben, Kunden beraten und Wachstum aktiv mitgestalten.\" \/>\n<meta name=\"robots\" content=\"index, follow, max-snippet:-1, max-image-preview:large, max-video-preview:-1\" \/>\n<link rel=\"canonical\" href=\"https:\/\/www.framence.com\/de\/sales-specialist-m-w-d\/\" \/>\n<meta property=\"og:locale\" content=\"de_DE\" \/>\n<meta property=\"og:type\" content=\"article\" \/>\n<meta property=\"og:title\" content=\"Sales Specialist (m\/w\/d) | FRAMENCE\" \/>\n<meta property=\"og:description\" content=\"Sales Specialist (m\/w\/d) bei FRAMENCE: Innovative digitale L\u00f6sungen vertreiben, Kunden beraten und Wachstum aktiv mitgestalten.\" \/>\n<meta property=\"og:url\" content=\"https:\/\/www.framence.com\/de\/sales-specialist-m-w-d\/\" \/>\n<meta property=\"og:site_name\" content=\"FRAMENCE\" \/>\n<meta property=\"article:modified_time\" content=\"2025-12-12T13:44:58+00:00\" \/>\n<meta property=\"og:image\" content=\"https:\/\/www.framence.com\/wp-content\/uploads\/2025\/12\/Framence_Favicon_32x32.png\" \/>\n\t<meta property=\"og:image:width\" content=\"32\" \/>\n\t<meta property=\"og:image:height\" content=\"32\" \/>\n\t<meta property=\"og:image:type\" content=\"image\/png\" \/>\n<meta name=\"twitter:card\" content=\"summary_large_image\" \/>\n<meta name=\"twitter:label1\" content=\"Gesch\u00e4tzte Lesezeit\" \/>\n\t<meta name=\"twitter:data1\" content=\"2\u00a0Minuten\" \/>\n<script type=\"application\/ld+json\" class=\"yoast-schema-graph\">{\"@context\":\"https:\\\/\\\/schema.org\",\"@graph\":[{\"@type\":\"WebPage\",\"@id\":\"https:\\\/\\\/www.framence.com\\\/de\\\/sales-specialist-m-w-d\\\/\",\"url\":\"https:\\\/\\\/www.framence.com\\\/de\\\/sales-specialist-m-w-d\\\/\",\"name\":\"Sales Specialist (m\\\/w\\\/d) | FRAMENCE\",\"isPartOf\":{\"@id\":\"https:\\\/\\\/www.framence.com\\\/#website\"},\"datePublished\":\"2021-10-21T10:39:30+00:00\",\"dateModified\":\"2025-12-12T13:44:58+00:00\",\"description\":\"Sales Specialist (m\\\/w\\\/d) bei FRAMENCE: Innovative digitale L\u00f6sungen vertreiben, Kunden beraten und Wachstum aktiv mitgestalten.\",\"breadcrumb\":{\"@id\":\"https:\\\/\\\/www.framence.com\\\/de\\\/sales-specialist-m-w-d\\\/#breadcrumb\"},\"inLanguage\":\"de\",\"potentialAction\":[{\"@type\":\"ReadAction\",\"target\":[\"https:\\\/\\\/www.framence.com\\\/de\\\/sales-specialist-m-w-d\\\/\"]}]},{\"@type\":\"BreadcrumbList\",\"@id\":\"https:\\\/\\\/www.framence.com\\\/de\\\/sales-specialist-m-w-d\\\/#breadcrumb\",\"itemListElement\":[{\"@type\":\"ListItem\",\"position\":1,\"name\":\"Startseite\",\"item\":\"https:\\\/\\\/www.framence.com\\\/de\\\/\"},{\"@type\":\"ListItem\",\"position\":2,\"name\":\"Sales Specialist (m\\\/w\\\/d)\"}]},{\"@type\":\"WebSite\",\"@id\":\"https:\\\/\\\/www.framence.com\\\/#website\",\"url\":\"https:\\\/\\\/www.framence.com\\\/\",\"name\":\"FRAMENCE\",\"description\":\"\",\"potentialAction\":[{\"@type\":\"SearchAction\",\"target\":{\"@type\":\"EntryPoint\",\"urlTemplate\":\"https:\\\/\\\/www.framence.com\\\/?s={search_term_string}\"},\"query-input\":{\"@type\":\"PropertyValueSpecification\",\"valueRequired\":true,\"valueName\":\"search_term_string\"}}],\"inLanguage\":\"de\"}]}<\/script>\n<!-- \/ Yoast SEO plugin. -->","yoast_head_json":{"title":"Sales Specialist (m\/w\/d) | FRAMENCE","description":"Sales Specialist (m\/w\/d) bei FRAMENCE: Innovative digitale L\u00f6sungen vertreiben, Kunden beraten und Wachstum aktiv mitgestalten.","robots":{"index":"index","follow":"follow","max-snippet":"max-snippet:-1","max-image-preview":"max-image-preview:large","max-video-preview":"max-video-preview:-1"},"canonical":"https:\/\/www.framence.com\/de\/sales-specialist-m-w-d\/","og_locale":"de_DE","og_type":"article","og_title":"Sales Specialist (m\/w\/d) | FRAMENCE","og_description":"Sales Specialist (m\/w\/d) bei FRAMENCE: Innovative digitale L\u00f6sungen vertreiben, Kunden beraten und Wachstum aktiv mitgestalten.","og_url":"https:\/\/www.framence.com\/de\/sales-specialist-m-w-d\/","og_site_name":"FRAMENCE","article_modified_time":"2025-12-12T13:44:58+00:00","og_image":[{"width":32,"height":32,"url":"https:\/\/www.framence.com\/wp-content\/uploads\/2025\/12\/Framence_Favicon_32x32.png","type":"image\/png"}],"twitter_card":"summary_large_image","twitter_misc":{"Gesch\u00e4tzte Lesezeit":"2\u00a0Minuten"},"schema":{"@context":"https:\/\/schema.org","@graph":[{"@type":"WebPage","@id":"https:\/\/www.framence.com\/de\/sales-specialist-m-w-d\/","url":"https:\/\/www.framence.com\/de\/sales-specialist-m-w-d\/","name":"Sales Specialist (m\/w\/d) | FRAMENCE","isPartOf":{"@id":"https:\/\/www.framence.com\/#website"},"datePublished":"2021-10-21T10:39:30+00:00","dateModified":"2025-12-12T13:44:58+00:00","description":"Sales Specialist (m\/w\/d) bei FRAMENCE: Innovative digitale L\u00f6sungen vertreiben, Kunden beraten und Wachstum aktiv mitgestalten.","breadcrumb":{"@id":"https:\/\/www.framence.com\/de\/sales-specialist-m-w-d\/#breadcrumb"},"inLanguage":"de","potentialAction":[{"@type":"ReadAction","target":["https:\/\/www.framence.com\/de\/sales-specialist-m-w-d\/"]}]},{"@type":"BreadcrumbList","@id":"https:\/\/www.framence.com\/de\/sales-specialist-m-w-d\/#breadcrumb","itemListElement":[{"@type":"ListItem","position":1,"name":"Startseite","item":"https:\/\/www.framence.com\/de\/"},{"@type":"ListItem","position":2,"name":"Sales Specialist (m\/w\/d)"}]},{"@type":"WebSite","@id":"https:\/\/www.framence.com\/#website","url":"https:\/\/www.framence.com\/","name":"FRAMENCE","description":"","potentialAction":[{"@type":"SearchAction","target":{"@type":"EntryPoint","urlTemplate":"https:\/\/www.framence.com\/?s={search_term_string}"},"query-input":{"@type":"PropertyValueSpecification","valueRequired":true,"valueName":"search_term_string"}}],"inLanguage":"de"}]}},"_links":{"self":[{"href":"https:\/\/www.framence.com\/de\/wp-json\/wp\/v2\/pages\/30411","targetHints":{"allow":["GET"]}}],"collection":[{"href":"https:\/\/www.framence.com\/de\/wp-json\/wp\/v2\/pages"}],"about":[{"href":"https:\/\/www.framence.com\/de\/wp-json\/wp\/v2\/types\/page"}],"author":[{"embeddable":true,"href":"https:\/\/www.framence.com\/de\/wp-json\/wp\/v2\/users\/1"}],"replies":[{"embeddable":true,"href":"https:\/\/www.framence.com\/de\/wp-json\/wp\/v2\/comments?post=30411"}],"version-history":[{"count":18,"href":"https:\/\/www.framence.com\/de\/wp-json\/wp\/v2\/pages\/30411\/revisions"}],"predecessor-version":[{"id":37949,"href":"https:\/\/www.framence.com\/de\/wp-json\/wp\/v2\/pages\/30411\/revisions\/37949"}],"wp:attachment":[{"href":"https:\/\/www.framence.com\/de\/wp-json\/wp\/v2\/media?parent=30411"}],"curies":[{"name":"wp","href":"https:\/\/api.w.org\/{rel}","templated":true}]}}