{"id":33130,"date":"2022-10-13T10:56:21","date_gmt":"2022-10-13T08:56:21","guid":{"rendered":"https:\/\/www.framence.com\/?page_id=33130"},"modified":"2025-12-12T14:54:19","modified_gmt":"2025-12-12T13:54:19","slug":"technologie","status":"publish","type":"page","link":"https:\/\/www.framence.com\/de\/technologie\/","title":{"rendered":"Technologie"},"content":{"rendered":"<div class=\"wpb-content-wrapper\"><p>[vc_row bg_type=&#8220;image&#8220; parallax_style=&#8220;vcpb-default&#8220; bg_image_new=&#8220;id^34215|url^https:\/\/www.framence.com\/wp-content\/uploads\/2023\/01\/Framence_Hintergrundbild_Technologie.jpg|caption^null|alt^null|title^Framence_Hintergrundbild_Technologie|description^null&#8220; bg_override=&#8220;full&#8220; css=&#8220;.vc_custom_1675937928982{padding-top: 180px !important;padding-bottom: 180px !important;}&#8220;][vc_column width=&#8220;1\/2&#8243;]<div id=\"ultimate-heading-251969de2a91bd91d\" class=\"uvc-heading ult-adjust-bottom-margin ultimate-heading-251969de2a91bd91d uvc-6929 \" data-hspacer=\"no_spacer\"  data-halign=\"left\" style=\"text-align:left\"><div class=\"uvc-heading-spacer no_spacer\" style=\"top\"><\/div><div class=\"uvc-main-heading ult-responsive\"  data-ultimate-target='.uvc-heading.ultimate-heading-251969de2a91bd91d h2'  data-responsive-json-new='{\"font-size\":\"desktop:45px;\",\"line-height\":\"desktop:50px;\"}' ><h2 style=\"--font-weight:theme;color:#ffffff;margin-bottom:30px;\">Die FRAMENCE-Methode<\/h2><\/div><div class=\"uvc-sub-heading ult-responsive\"  data-ultimate-target='.uvc-heading.ultimate-heading-251969de2a91bd91d .uvc-sub-heading '  data-responsive-json-new='{\"font-size\":\"desktop:25px;\",\"line-height\":\"desktop:38px;\"}'  style=\"font-weight:normal;color:#ffffff;\">Aus einfachen Fotos werden ma\u00dfhaltige, fotorealistische digitale Zwillinge Ihrer Geb\u00e4ude, technischen Anlagen und Installationen.<\/div><\/div>[\/vc_column][vc_column width=&#8220;1\/2&#8243;][\/vc_column][\/vc_row][vc_row content_placement=&#8220;middle&#8220; css_animation=&#8220;none&#8220; css=&#8220;.vc_custom_1676619234557{margin-top: 110px !important;margin-bottom: 110px !important;}&#8220;][vc_column][vc_column_text]<\/p>\n<h2 style=\"text-align: center;\">Wie funktioniert FRAMENCE?<\/h2>\n<p>[\/vc_column_text]<div class=\"gap\" style=\"line-height: 80px; height: 80px;\"><\/div>[vc_row_inner content_placement=&#8220;middle&#8220;][vc_column_inner width=&#8220;1\/2&#8243;][vc_single_image image=&#8220;35203&#8243; img_size=&#8220;full&#8220; alignment=&#8220;center&#8220;][\/vc_column_inner][vc_column_inner width=&#8220;1\/2&#8243;][vc_column_text]<\/p>\n<h3>01. Fotos machen<\/h3>\n<p>[\/vc_column_text]<div class=\"gap\" style=\"line-height: 30px; height: 30px;\"><\/div>[vc_column_text]F\u00fcr die Erstellung Ihres fotorealistischen digitalen Zwillings ben\u00f6tigen Sie von Ihren Geb\u00e4uden und technischen Anlagen Fotos, die Sie mit handels\u00fcblichen Digitalkameras, Smartphones oder auch Drohnen machen k\u00f6nnen. Da die Aufnahmemethode so unkompliziert ist, kann selbst ungeschultes Personal die Fotos machen. Bei Bedarf unterst\u00fctzen wir Sie gerne.[\/vc_column_text][\/vc_column_inner][\/vc_row_inner]<div class=\"gap\" style=\"line-height: 15px; height: 15px;\"><\/div>[vc_separator color=&#8220;custom&#8220; css=&#8220;&#8220; accent_color=&#8220;#555555&#8243;]<div class=\"gap\" style=\"line-height: 10px; height: 10px;\"><\/div>[vc_row_inner content_placement=&#8220;middle&#8220;][vc_column_inner width=&#8220;1\/2&#8243;][vc_single_image image=&#8220;35205&#8243; img_size=&#8220;full&#8220; alignment=&#8220;center&#8220;][\/vc_column_inner][vc_column_inner width=&#8220;1\/2&#8243;][vc_column_text]<\/p>\n<h3>02. Fotos hochladen<\/h3>\n<p>[\/vc_column_text]<div class=\"gap\" style=\"line-height: 30px; height: 30px;\"><\/div>[vc_column_text]Die Fotos werden im Anschluss in die FRAMENCE-Software hochgeladen. Ab hier m\u00fcssen Sie nichts weiter tun: Ein KI-basiertes Verfahren positioniert die Fotos automatisch an der richtigen Stelle und erstellt so einen ma\u00dfhaltigen, digitalen Zwilling, der Ihre Geb\u00e4ude und technischen Anlagen realit\u00e4tsgetreu darstellt.[\/vc_column_text][\/vc_column_inner][\/vc_row_inner]<div class=\"gap\" style=\"line-height: 10px; height: 10px;\"><\/div>[vc_separator color=&#8220;custom&#8220; css=&#8220;&#8220; accent_color=&#8220;#555555&#8243;]<div class=\"gap\" style=\"line-height: 10px; height: 10px;\"><\/div>[vc_row_inner content_placement=&#8220;middle&#8220;][vc_column_inner width=&#8220;1\/2&#8243;][vc_single_image image=&#8220;35207&#8243; img_size=&#8220;full&#8220; alignment=&#8220;center&#8220;][\/vc_column_inner][vc_column_inner width=&#8220;1\/2&#8243;][vc_column_text]<\/p>\n<h3>03. Fertig ist Ihr digitaler Zwilling<\/h3>\n<p>[\/vc_column_text]<div class=\"gap\" style=\"line-height: 30px; height: 30px;\"><\/div>[vc_column_text]Nun k\u00f6nnen Sie sich im virtuellen Abbild Ihrer Fabrik, Produktionsstra\u00dfe oder Installation wie in Street View bewegen und sich einen Eindruck von der Umgebung verschaffen. So sparen Sie Zeit und Geld, da Sie ab sofort viele Aufgaben ganz entspannt vom Schreibtisch aus erledigen k\u00f6nnen und die zeitraubenden Besuche vor Ort obsolet sind.[\/vc_column_text][\/vc_column_inner][\/vc_row_inner]<div class=\"gap\" style=\"line-height: 10px; height: 10px;\"><\/div>[vc_separator color=&#8220;custom&#8220; css=&#8220;&#8220; accent_color=&#8220;#555555&#8243;]<div class=\"gap\" style=\"line-height: 10px; height: 10px;\"><\/div>[vc_row_inner content_placement=&#8220;middle&#8220;][vc_column_inner width=&#8220;1\/2&#8243;][vc_single_image image=&#8220;35209&#8243; img_size=&#8220;full&#8220; alignment=&#8220;center&#8220;][\/vc_column_inner][vc_column_inner width=&#8220;1\/2&#8243;][vc_column_text]<\/p>\n<h3>04. Digitalen Zwilling aktualisieren<\/h3>\n<p>[\/vc_column_text]<div class=\"gap\" style=\"line-height: 30px; height: 30px;\"><\/div>[vc_column_text]Die Welt ver\u00e4ndert sich und Ihr Zwilling folgt ihr. Nach Umbauten k\u00f6nnen Sie von der neuen Situation einfach ein Foto mit Ihrem Smartphone machen und in die Software hochladen. Die KI ordnet das Foto automatisch an der richtigen Stelle an und aktualisiert Ihren digitalen Zwilling. Dabei verschwindet das alte Foto nicht, sondern wird auf einer Zeitachse gespeichert, damit Sie vergangene Situationen immer wieder betrachten k\u00f6nnen.[\/vc_column_text][\/vc_column_inner][\/vc_row_inner][\/vc_column][\/vc_row][vc_row content_placement=&#8220;middle&#8220; bg_type=&#8220;bg_color&#8220; bg_override=&#8220;full&#8220; css=&#8220;.vc_custom_1676619283828{padding-top: 120px !important;padding-bottom: 120px !important;}&#8220; bg_color_value=&#8220;#ededed&#8220;][vc_column width=&#8220;1\/2&#8243;]<div class=\"gap\" style=\"line-height: 30px; height: 30px;\"><\/div>[vc_single_image image=&#8220;35211&#8243; img_size=&#8220;full&#8220;]<div class=\"gap\" style=\"line-height: 30px; height: 30px;\"><\/div>[\/vc_column][vc_column width=&#8220;1\/2&#8243;][vc_column_text]<\/p>\n<h2>Die Macht der Pixel<\/h2>\n<p>[\/vc_column_text]<div class=\"gap\" style=\"line-height: 30px; height: 30px;\"><\/div>[vc_column_text]Moderne Kameras liefern Milliarden von Pixeln, die wir uns in FRAMENCE zu Nutze machen. Dank dieser Pixel erreichen wir einen der Realit\u00e4t entsprechenden Detailierungsgrad. So ist es problemlos m\u00f6glich, wichtige Informationen wie beispielsweise Typenschilder, Markierungen oder winzige Details zu erkennen und zu bewerten. Dar\u00fcber hinaus erlaubt diese Detailtreue im Bild Kanten, Konturen und Umrisse sehr genau zu erkennen und zu identifizieren. Das versetzt uns in die Lage, beliebige Objekte millimetergenau zu verorten und pr\u00e4zise Ma\u00dfe zu nehmen. In FRAMENCE wird die Genauigkeit nicht durch ein vorgegebenes Punktraster oder maximale Modellgr\u00f6\u00dfen bestimmt, sondern durch die Anzahl von sichtbaren Pixeln: und diese l\u00e4sst sich unendlich steigern.[\/vc_column_text]<div class=\"gap\" style=\"line-height: 30px; height: 30px;\"><\/div>[vc_column_text]F\u00fcr diese Steigerung der Pixel oder spontane Aktualisierungen des Zwillings k\u00f6nnen problemlos Fotos mit handels\u00fcblichen Smartphones gemacht werden. So k\u00f6nnen Sie auch nachtr\u00e4glich neue technische Anlagen erfassen und Ihren digitalen Zwilling ganz bequem aktualisieren.[\/vc_column_text]<div class=\"gap\" style=\"line-height: 30px; height: 30px;\"><\/div>[vc_column_text]<strong>Wir holen alles aus Ihren Bildern heraus!<\/strong>[\/vc_column_text][\/vc_column][\/vc_row][vc_row content_placement=&#8220;middle&#8220; css=&#8220;.vc_custom_1676633387972{padding-top: 130px !important;padding-bottom: 110px !important;}&#8220;][vc_column css=&#8220;.vc_custom_1676540473522{padding-right: 20px !important;}&#8220;][vc_column_text]<\/p>\n<h2>Mit FRAMENCE verlieren Sie nie wieder Ihre Daten<\/h2>\n<p>[\/vc_column_text]<div class=\"gap\" style=\"line-height: 30px; height: 30px;\"><\/div>[vc_column_text]<strong>FRAMENCE liegt ein 3D-Koordinatensystem zu Grunde, das dem fotorealistischen digitalen Zwilling seine Ma\u00dfhaltigkeit und Detailtreue verleiht. Dank unserer m\u00e4chtigen KI werden die Bilder in dem Koordinatensystem exakt verortet, wodurch sich die Position eines jeden Pixels bei Bedarf pr\u00e4zise bestimmen l\u00e4sst. Somit ist f\u00fcr eine Dreidimensionalit\u00e4t die Erstellung einer zus\u00e4tzlichen Punktwolke oder Mesh-Modell nicht mehr zwingend notwendig. Die Position der Pixel dient als Grundlage, um Messungen vorzunehmen oder Objekte zu verorten.<\/strong>[\/vc_column_text]<div class=\"gap\" style=\"line-height: 30px; height: 30px;\"><\/div>[vc_row_inner content_placement=&#8220;middle&#8220;][vc_column_inner width=&#8220;1\/2&#8243;]<div class=\"gap\" style=\"line-height: 50px; height: 50px;\"><\/div>[vc_single_image image=&#8220;35213&#8243; img_size=&#8220;full&#8220;]<div class=\"gap\" style=\"line-height: 50px; height: 50px;\"><\/div>[\/vc_column_inner][vc_column_inner width=&#8220;1\/2&#8243;][vc_column_text]Auch Points-of-Information, Live-Werte, Videos und jegliche anderen Informationen werden in diesem Koordinatensystem verortet. Hierf\u00fcr wird auf Grundlage des sichtbaren Pixels die pr\u00e4zise Position des Objekts im 3D-Raum bestimmt. Das ist besonders bei der Aktualisierung Ihres Zwillings von Vorteil, weil so die lokalisierten Daten nicht mit dem alten Bild verschwinden. Somit geht in FRAMENCE keine Information verloren.[\/vc_column_text]<div class=\"gap\" style=\"line-height: 30px; height: 30px;\"><\/div>[vc_column_text]\u00dcber die integrierte Zeitschiene k\u00f6nnen Sie sich die Modernisierungen im Laufe der Zeit samt den jeweiligen Informationen problemlos erneut nach Bedarf anschauen. Die Informationen zum Asset bleiben weiterhin an der gleichen Stelle im Koordinatensystem bestehen und verschwinden nicht, sobald das Bild durch ein aktuelleres ersetzt wird. So k\u00f6nnen Sie Ihre Geb\u00e4ude und technischen Anlagen \u00fcber die komplette Bauphase bis hin zu Umbauten und Modernisierungen dokumentieren und \u00fcber die Zeitschiene alle Ver\u00e4nderungen betrachten.[\/vc_column_text][\/vc_column_inner][\/vc_row_inner][\/vc_column][\/vc_row][vc_row bg_type=&#8220;image&#8220; parallax_style=&#8220;vcpb-default&#8220; bg_image_new=&#8220;id^35000|url^https:\/\/www.framence.com\/wp-content\/uploads\/2023\/02\/Framence_Hintergrundbild_Ende.jpg|caption^null|alt^null|title^Framence_Hintergrundbild_Ende|description^null&#8220; bg_override=&#8220;full&#8220; css=&#8220;.vc_custom_1676908363197{padding-top: 150px !important;padding-bottom: 120px !important;}&#8220;][vc_column]<div id=\"ultimate-heading-383569de2a91bdad0\" class=\"uvc-heading ult-adjust-bottom-margin ultimate-heading-383569de2a91bdad0 uvc-1127  uvc-heading-default-font-sizes\" data-hspacer=\"no_spacer\"  data-halign=\"center\" style=\"text-align:center\"><div class=\"uvc-heading-spacer no_spacer\" style=\"top\"><\/div><div class=\"uvc-main-heading ult-responsive\"  data-ultimate-target='.uvc-heading.ultimate-heading-383569de2a91bdad0 h2'  data-responsive-json-new='{\"font-size\":\"\",\"line-height\":\"\"}' ><h2 style=\"--font-weight:theme;color:#ffffff;margin-bottom:20px;\">Sie ben\u00f6tigen Hilfe bei der Erstellung Ihres digitalen Zwillings?<\/h2><\/div><div class=\"uvc-sub-heading ult-responsive\"  data-ultimate-target='.uvc-heading.ultimate-heading-383569de2a91bdad0 .uvc-sub-heading '  data-responsive-json-new='{\"font-size\":\"\",\"line-height\":\"\"}'  style=\"font-weight:normal;color:#ffffff;\">Kein Problem! Mit unserer Dienstleistung &#8222;FRAMENCE with a Service&#8220; k\u00fcmmern wir uns um alles.<\/div><\/div><div class=\"gap\" style=\"line-height: 30px; height: 30px;\"><\/div><div class=\" ubtn-ctn-center \"><a class=\"ubtn-link ult-adjust-bottom-margin ubtn-center ubtn-normal \" href=\"\/de\/service\/\" ><button type=\"button\" id=\"ubtn-1056\"  class=\"ubtn ult-adjust-bottom-margin ult-responsive ubtn-normal ubtn-no-hover-bg  none  ubtn-center   tooltip-69de2a91bdb3a\"  data-hover=\"#000000\" data-border-color=\"\" data-bg=\"#FF9696\" data-hover-bg=\"#FF5F5F\" data-border-hover=\"\" data-shadow-hover=\"\" data-shadow-click=\"none\" data-shadow=\"\" data-shd-shadow=\"\"  data-ultimate-target='#ubtn-1056'  data-responsive-json-new='{\"font-size\":\"desktop:14px;\",\"line-height\":\"\"}'  style=\"font-weight:bold;border:none;background: #FF9696;color: #000000;\"><span class=\"ubtn-hover\" style=\"background-color:#FF5F5F\"><\/span><span class=\"ubtn-data ubtn-text \" >Mehr erfahren<\/span><\/button><\/a><\/div>[\/vc_column][\/vc_row]<\/p>\n<\/div>","protected":false},"excerpt":{"rendered":"<p>[vc_row bg_type=&#8220;image&#8220; parallax_style=&#8220;vcpb-default&#8220; bg_image_new=&#8220;id^34215|url^https:\/\/www.framence.com\/wp-content\/uploads\/2023\/01\/Framence_Hintergrundbild_Technologie.jpg|caption^null|alt^null|title^Framence_Hintergrundbild_Technologie|description^null&#8220; bg_override=&#8220;full&#8220; css=&#8220;.vc_custom_1675937928982{padding-top: 180px !important;padding-bottom: 180px !important;}&#8220;][vc_column width=&#8220;1\/2&#8243;][\/vc_column][vc_column width=&#8220;1\/2&#8243;][\/vc_column][\/vc_row][vc_row content_placement=&#8220;middle&#8220; css_animation=&#8220;none&#8220; css=&#8220;.vc_custom_1676619234557{margin-top: 110px !important;margin-bottom: 110px !important;}&#8220;][vc_column][vc_column_text] Wie funktioniert FRAMENCE? [\/vc_column_text][vc_row_inner content_placement=&#8220;middle&#8220;][vc_column_inner width=&#8220;1\/2&#8243;][vc_single_image image=&#8220;35203&#8243; img_size=&#8220;full&#8220; alignment=&#8220;center&#8220;][\/vc_column_inner][vc_column_inner width=&#8220;1\/2&#8243;][vc_column_text] 01. Fotos machen [\/vc_column_text][vc_column_text]F\u00fcr die Erstellung Ihres fotorealistischen digitalen Zwillings ben\u00f6tigen Sie von Ihren Geb\u00e4uden und technischen Anlagen Fotos, die Sie mit handels\u00fcblichen Digitalkameras, Smartphones oder&hellip;<\/p>\n","protected":false},"author":1,"featured_media":0,"parent":0,"menu_order":1,"comment_status":"closed","ping_status":"closed","template":"template-microsite.php","meta":{"footnotes":""},"class_list":["post-33130","page","type-page","status-publish","hentry","description-off"],"yoast_head":"<!-- This site is optimized with the Yoast SEO plugin v27.3 - https:\/\/yoast.com\/product\/yoast-seo-wordpress\/ -->\n<title>Technologie | FRAMENCE<\/title>\n<meta name=\"description\" content=\"Technologie hinter FRAMENCE: Aus Fotos entstehen ma\u00dfhaltige, fotorealistische digitale Zwillinge von Geb\u00e4uden und Anlagen.\" \/>\n<meta name=\"robots\" content=\"index, follow, max-snippet:-1, max-image-preview:large, max-video-preview:-1\" \/>\n<link rel=\"canonical\" href=\"https:\/\/www.framence.com\/de\/technologie\/\" \/>\n<meta property=\"og:locale\" content=\"de_DE\" \/>\n<meta property=\"og:type\" content=\"article\" \/>\n<meta property=\"og:title\" content=\"Technologie | FRAMENCE\" \/>\n<meta property=\"og:description\" content=\"Technologie hinter FRAMENCE: Aus Fotos entstehen ma\u00dfhaltige, fotorealistische digitale Zwillinge von Geb\u00e4uden und Anlagen.\" \/>\n<meta property=\"og:url\" content=\"https:\/\/www.framence.com\/de\/technologie\/\" \/>\n<meta property=\"og:site_name\" content=\"FRAMENCE\" \/>\n<meta property=\"article:modified_time\" content=\"2025-12-12T13:54:19+00:00\" \/>\n<meta property=\"og:image\" content=\"https:\/\/www.framence.com\/wp-content\/uploads\/2025\/12\/Framence_Favicon_32x32.png\" \/>\n\t<meta property=\"og:image:width\" content=\"32\" \/>\n\t<meta property=\"og:image:height\" content=\"32\" \/>\n\t<meta property=\"og:image:type\" content=\"image\/png\" \/>\n<meta name=\"twitter:card\" content=\"summary_large_image\" \/>\n<meta name=\"twitter:label1\" content=\"Gesch\u00e4tzte Lesezeit\" \/>\n\t<meta name=\"twitter:data1\" content=\"6\u00a0Minuten\" \/>\n<script type=\"application\/ld+json\" class=\"yoast-schema-graph\">{\"@context\":\"https:\\\/\\\/schema.org\",\"@graph\":[{\"@type\":\"WebPage\",\"@id\":\"https:\\\/\\\/www.framence.com\\\/de\\\/technologie\\\/\",\"url\":\"https:\\\/\\\/www.framence.com\\\/de\\\/technologie\\\/\",\"name\":\"Technologie | FRAMENCE\",\"isPartOf\":{\"@id\":\"https:\\\/\\\/www.framence.com\\\/#website\"},\"datePublished\":\"2022-10-13T08:56:21+00:00\",\"dateModified\":\"2025-12-12T13:54:19+00:00\",\"description\":\"Technologie hinter FRAMENCE: Aus Fotos entstehen ma\u00dfhaltige, fotorealistische digitale Zwillinge von Geb\u00e4uden und Anlagen.\",\"breadcrumb\":{\"@id\":\"https:\\\/\\\/www.framence.com\\\/de\\\/technologie\\\/#breadcrumb\"},\"inLanguage\":\"de\",\"potentialAction\":[{\"@type\":\"ReadAction\",\"target\":[\"https:\\\/\\\/www.framence.com\\\/de\\\/technologie\\\/\"]}]},{\"@type\":\"BreadcrumbList\",\"@id\":\"https:\\\/\\\/www.framence.com\\\/de\\\/technologie\\\/#breadcrumb\",\"itemListElement\":[{\"@type\":\"ListItem\",\"position\":1,\"name\":\"Startseite\",\"item\":\"https:\\\/\\\/www.framence.com\\\/de\\\/\"},{\"@type\":\"ListItem\",\"position\":2,\"name\":\"Technologie\"}]},{\"@type\":\"WebSite\",\"@id\":\"https:\\\/\\\/www.framence.com\\\/#website\",\"url\":\"https:\\\/\\\/www.framence.com\\\/\",\"name\":\"FRAMENCE\",\"description\":\"\",\"potentialAction\":[{\"@type\":\"SearchAction\",\"target\":{\"@type\":\"EntryPoint\",\"urlTemplate\":\"https:\\\/\\\/www.framence.com\\\/?s={search_term_string}\"},\"query-input\":{\"@type\":\"PropertyValueSpecification\",\"valueRequired\":true,\"valueName\":\"search_term_string\"}}],\"inLanguage\":\"de\"}]}<\/script>\n<!-- \/ Yoast SEO plugin. -->","yoast_head_json":{"title":"Technologie | FRAMENCE","description":"Technologie hinter FRAMENCE: Aus Fotos entstehen ma\u00dfhaltige, fotorealistische digitale Zwillinge von Geb\u00e4uden und Anlagen.","robots":{"index":"index","follow":"follow","max-snippet":"max-snippet:-1","max-image-preview":"max-image-preview:large","max-video-preview":"max-video-preview:-1"},"canonical":"https:\/\/www.framence.com\/de\/technologie\/","og_locale":"de_DE","og_type":"article","og_title":"Technologie | FRAMENCE","og_description":"Technologie hinter FRAMENCE: Aus Fotos entstehen ma\u00dfhaltige, fotorealistische digitale Zwillinge von Geb\u00e4uden und Anlagen.","og_url":"https:\/\/www.framence.com\/de\/technologie\/","og_site_name":"FRAMENCE","article_modified_time":"2025-12-12T13:54:19+00:00","og_image":[{"width":32,"height":32,"url":"https:\/\/www.framence.com\/wp-content\/uploads\/2025\/12\/Framence_Favicon_32x32.png","type":"image\/png"}],"twitter_card":"summary_large_image","twitter_misc":{"Gesch\u00e4tzte Lesezeit":"6\u00a0Minuten"},"schema":{"@context":"https:\/\/schema.org","@graph":[{"@type":"WebPage","@id":"https:\/\/www.framence.com\/de\/technologie\/","url":"https:\/\/www.framence.com\/de\/technologie\/","name":"Technologie | FRAMENCE","isPartOf":{"@id":"https:\/\/www.framence.com\/#website"},"datePublished":"2022-10-13T08:56:21+00:00","dateModified":"2025-12-12T13:54:19+00:00","description":"Technologie hinter FRAMENCE: Aus Fotos entstehen ma\u00dfhaltige, fotorealistische digitale Zwillinge von Geb\u00e4uden und Anlagen.","breadcrumb":{"@id":"https:\/\/www.framence.com\/de\/technologie\/#breadcrumb"},"inLanguage":"de","potentialAction":[{"@type":"ReadAction","target":["https:\/\/www.framence.com\/de\/technologie\/"]}]},{"@type":"BreadcrumbList","@id":"https:\/\/www.framence.com\/de\/technologie\/#breadcrumb","itemListElement":[{"@type":"ListItem","position":1,"name":"Startseite","item":"https:\/\/www.framence.com\/de\/"},{"@type":"ListItem","position":2,"name":"Technologie"}]},{"@type":"WebSite","@id":"https:\/\/www.framence.com\/#website","url":"https:\/\/www.framence.com\/","name":"FRAMENCE","description":"","potentialAction":[{"@type":"SearchAction","target":{"@type":"EntryPoint","urlTemplate":"https:\/\/www.framence.com\/?s={search_term_string}"},"query-input":{"@type":"PropertyValueSpecification","valueRequired":true,"valueName":"search_term_string"}}],"inLanguage":"de"}]}},"_links":{"self":[{"href":"https:\/\/www.framence.com\/de\/wp-json\/wp\/v2\/pages\/33130","targetHints":{"allow":["GET"]}}],"collection":[{"href":"https:\/\/www.framence.com\/de\/wp-json\/wp\/v2\/pages"}],"about":[{"href":"https:\/\/www.framence.com\/de\/wp-json\/wp\/v2\/types\/page"}],"author":[{"embeddable":true,"href":"https:\/\/www.framence.com\/de\/wp-json\/wp\/v2\/users\/1"}],"replies":[{"embeddable":true,"href":"https:\/\/www.framence.com\/de\/wp-json\/wp\/v2\/comments?post=33130"}],"version-history":[{"count":159,"href":"https:\/\/www.framence.com\/de\/wp-json\/wp\/v2\/pages\/33130\/revisions"}],"predecessor-version":[{"id":38592,"href":"https:\/\/www.framence.com\/de\/wp-json\/wp\/v2\/pages\/33130\/revisions\/38592"}],"wp:attachment":[{"href":"https:\/\/www.framence.com\/de\/wp-json\/wp\/v2\/media?parent=33130"}],"curies":[{"name":"wp","href":"https:\/\/api.w.org\/{rel}","templated":true}]}}