{"id":33135,"date":"2022-10-13T11:03:32","date_gmt":"2022-10-13T09:03:32","guid":{"rendered":"https:\/\/www.framence.com\/?page_id=33135"},"modified":"2025-12-11T15:43:36","modified_gmt":"2025-12-11T14:43:36","slug":"plattform","status":"publish","type":"page","link":"https:\/\/www.framence.com\/de\/plattform\/","title":{"rendered":"Plattform"},"content":{"rendered":"<div class=\"wpb-content-wrapper\"><p>[vc_row bg_type=&#8220;image&#8220; parallax_style=&#8220;vcpb-default&#8220; bg_image_new=&#8220;id^34209|url^https:\/\/www.framence.com\/wp-content\/uploads\/2023\/01\/Framence_Hintergrundbild_Plattform.jpg|caption^null|alt^null|title^Framence_Hintergrundbild_Plattform|description^null&#8220; bg_override=&#8220;full&#8220; css=&#8220;.vc_custom_1675938126764{padding-top: 180px !important;padding-bottom: 180px !important;}&#8220;][vc_column width=&#8220;1\/2&#8243;]<div id=\"ultimate-heading-784469ee3a4c8adcb\" class=\"uvc-heading ult-adjust-bottom-margin ultimate-heading-784469ee3a4c8adcb uvc-3202 \" data-hspacer=\"no_spacer\"  data-halign=\"left\" style=\"text-align:left\"><div class=\"uvc-heading-spacer no_spacer\" style=\"top\"><\/div><div class=\"uvc-main-heading ult-responsive\"  data-ultimate-target='.uvc-heading.ultimate-heading-784469ee3a4c8adcb h2'  data-responsive-json-new='{\"font-size\":\"desktop:45px;\",\"line-height\":\"desktop:50px;\"}' ><h2 style=\"--font-weight:theme;color:#ffffff;margin-bottom:30px;\">Die FRAMENCE-Plattform<\/h2><\/div><div class=\"uvc-sub-heading ult-responsive\"  data-ultimate-target='.uvc-heading.ultimate-heading-784469ee3a4c8adcb .uvc-sub-heading '  data-responsive-json-new='{\"font-size\":\"desktop:25px;\",\"line-height\":\"desktop:38px;\"}'  style=\"font-weight:normal;color:#ffffff;\">Erledigen Sie zahlreiche Aufgaben bequem vom Schreibtisch aus dank der vielf\u00e4ltigen Funktionen von FRAMENCE.<\/div><\/div>[\/vc_column][vc_column width=&#8220;1\/2&#8243;][\/vc_column][\/vc_row][vc_row content_placement=&#8220;middle&#8220; css=&#8220;.vc_custom_1676620039060{margin-top: 110px !important;margin-bottom: 90px !important;}&#8220;][vc_column][vc_column_text]<\/p>\n<h2>Eine Plattform \u2013 unendlich viele M\u00f6glichkeiten<\/h2>\n<p>[\/vc_column_text]<div class=\"gap\" style=\"line-height: 30px; height: 30px;\"><\/div>[vc_column_text css=&#8220;&#8220;]FRAMENCE ist eine Browser-Applikation und kann dadurch von jedem PC, Smartphone oder Tablet aus genutzt werden. Auf den Endger\u00e4ten muss nichts installiert werden, auch keine Plugins. Mit Rollenkonzepten und Benutzerrechten bestimmen Sie, wer was im Zwilling machen darf und welcher Mitarbeiter auf welche Informationen zugreifen kann.[\/vc_column_text][vc_row_inner content_placement=&#8220;middle&#8220;][vc_column_inner width=&#8220;1\/2&#8243;]<div class=\"gap\" style=\"line-height: 50px; height: 50px;\"><\/div>[vc_single_image image=&#8220;38146&#8243; img_size=&#8220;full&#8220; css=&#8220;&#8220;]<div class=\"gap\" style=\"line-height: 50px; height: 50px;\"><\/div>[\/vc_column_inner][vc_column_inner width=&#8220;1\/2&#8243;][vc_column_text css=&#8220;&#8220;]Das ist besonders dann hilfreich, wenn Sie externe Dienstleister besch\u00e4ftigen oder sensible Daten und Bereiche sch\u00fctzen m\u00f6chten. Apropos Datensicherheit: FRAMENCE ist sowohl als Could- als auch als On-Premise-L\u00f6sung verf\u00fcgbar. So bestimmen ausschlie\u00dflich Sie, wo Ihre Daten liegen.[\/vc_column_text]<div class=\"gap\" style=\"line-height: 30px; height: 30px;\"><\/div>[vc_column_text]Unsere digitalen Zwillinge basieren zwar auf fotogrammetrischen Methoden, aber FRAMENCE ist viel mehr als das. Je nach Bedarf k\u00f6nnen Sie Ihre Laserscandaten von unterschiedlichen Anbietern in unsere Plattform integrieren und in der Punktwolke arbeiten. Auch 3D- oder CAD-Modelle und andere Dateiformate lassen sich problemlos auf unserer Plattform anzeigen und miteinander kombinieren. So k\u00f6nnen Sie zum Beispiel eine Punktwolke mit Fotos erg\u00e4nzen und aktualisieren. Gleichzeitig profitieren Sie von den vielen Features unserer Software, unabh\u00e4ngig von dem Dateiformat, das Sie f\u00fcr Ihren digitalen Zwilling w\u00e4hlen.[\/vc_column_text]<div class=\"gap\" style=\"line-height: 30px; height: 30px;\"><\/div>[vc_column_text]<strong>Greifen Sie auf Ihre Daten zu \u2013 immer und von \u00fcberall.<\/strong>[\/vc_column_text][\/vc_column_inner][\/vc_row_inner][\/vc_column][\/vc_row][vc_row bg_type=&#8220;bg_color&#8220; bg_override=&#8220;full&#8220; css=&#8220;.vc_custom_1676876112077{padding-top: 110px !important;padding-bottom: 90px !important;}&#8220; bg_color_value=&#8220;#ededed&#8220;][vc_column][vc_column_text]<\/p>\n<h2 style=\"text-align: center;\">Die innovativen FRAMENCE-Features<\/h2>\n<p>[\/vc_column_text]<div class=\"gap\" style=\"line-height: 80px; height: 80px;\"><\/div>[vc_row_inner][vc_column_inner width=&#8220;1\/3&#8243;][vc_single_image image=&#8220;35185&#8243; img_size=&#8220;full&#8220; alignment=&#8220;center&#8220;]<div id=\"ultimate-heading-668969ee3a4c8aebe\" class=\"uvc-heading ult-adjust-bottom-margin ultimate-heading-668969ee3a4c8aebe uvc-8633 \" data-hspacer=\"no_spacer\"  data-halign=\"center\" style=\"text-align:center\"><div class=\"uvc-heading-spacer no_spacer\" style=\"top\"><\/div><div class=\"uvc-main-heading ult-responsive\"  data-ultimate-target='.uvc-heading.ultimate-heading-668969ee3a4c8aebe h2'  data-responsive-json-new='{\"font-size\":\"desktop:25px;\",\"line-height\":\"desktop:30px;\"}' ><h2 style=\"--font-weight:theme;margin-bottom:10px;\">Pr\u00e4zise Messungen<\/h2><\/div><div class=\"uvc-sub-heading ult-responsive\"  data-ultimate-target='.uvc-heading.ultimate-heading-668969ee3a4c8aebe .uvc-sub-heading '  data-responsive-json-new='{\"font-size\":\"\",\"line-height\":\"\"}'  style=\"font-weight:normal;\">Identifizieren Sie ein beliebiges, sichtbares Pixel und nehmen Sie im Zwilling pr\u00e4zise Messungen vor.<\/div><\/div><div class=\"gap\" style=\"line-height: 50px; height: 50px;\"><\/div>[\/vc_column_inner][vc_column_inner width=&#8220;1\/3&#8243;][vc_single_image image=&#8220;35187&#8243; img_size=&#8220;full&#8220; alignment=&#8220;center&#8220;]<div id=\"ultimate-heading-257169ee3a4c8af11\" class=\"uvc-heading ult-adjust-bottom-margin ultimate-heading-257169ee3a4c8af11 uvc-3212 \" data-hspacer=\"no_spacer\"  data-halign=\"center\" style=\"text-align:center\"><div class=\"uvc-heading-spacer no_spacer\" style=\"top\"><\/div><div class=\"uvc-main-heading ult-responsive\"  data-ultimate-target='.uvc-heading.ultimate-heading-257169ee3a4c8af11 h2'  data-responsive-json-new='{\"font-size\":\"desktop:25px;\",\"line-height\":\"desktop:30px;\"}' ><h2 style=\"--font-weight:theme;margin-bottom:10px;\">Zeitschiene<\/h2><\/div><div class=\"uvc-sub-heading ult-responsive\"  data-ultimate-target='.uvc-heading.ultimate-heading-257169ee3a4c8af11 .uvc-sub-heading '  data-responsive-json-new='{\"font-size\":\"\",\"line-height\":\"\"}'  style=\"font-weight:normal;\">Betrachten Sie vergangene Zust\u00e4nde Ihrer Geb\u00e4ude und technischen Anlagen, vergleichen Sie Situationen und sehen Sie, wo TGA verbaut wurde.<\/div><\/div><div class=\"gap\" style=\"line-height: 50px; height: 50px;\"><\/div>[\/vc_column_inner][vc_column_inner width=&#8220;1\/3&#8243;][vc_single_image image=&#8220;35189&#8243; img_size=&#8220;full&#8220; alignment=&#8220;center&#8220;]<div id=\"ultimate-heading-212569ee3a4c8af64\" class=\"uvc-heading ult-adjust-bottom-margin ultimate-heading-212569ee3a4c8af64 uvc-6689 \" data-hspacer=\"no_spacer\"  data-halign=\"center\" style=\"text-align:center\"><div class=\"uvc-heading-spacer no_spacer\" style=\"top\"><\/div><div class=\"uvc-main-heading ult-responsive\"  data-ultimate-target='.uvc-heading.ultimate-heading-212569ee3a4c8af64 h2'  data-responsive-json-new='{\"font-size\":\"desktop:25px;\",\"line-height\":\"desktop:30px;\"}' ><h2 style=\"--font-weight:theme;margin-bottom:10px;\">2D-Pl\u00e4ne &amp; 3D-Modelle<\/h2><\/div><div class=\"uvc-sub-heading ult-responsive\"  data-ultimate-target='.uvc-heading.ultimate-heading-212569ee3a4c8af64 .uvc-sub-heading '  data-responsive-json-new='{\"font-size\":\"\",\"line-height\":\"\"}'  style=\"font-weight:normal;\">Importieren Sie vorhandene 2D-Pl\u00e4ne oder 3D-Modelle und blenden Sie diese in Ihren digitalen Zwilling ein.<\/div><\/div><div class=\"gap\" style=\"line-height: 50px; height: 50px;\"><\/div>[\/vc_column_inner][\/vc_row_inner][vc_row_inner][vc_column_inner width=&#8220;1\/3&#8243;][vc_single_image image=&#8220;35191&#8243; img_size=&#8220;full&#8220; alignment=&#8220;center&#8220;]<div id=\"ultimate-heading-495969ee3a4c8afad\" class=\"uvc-heading ult-adjust-bottom-margin ultimate-heading-495969ee3a4c8afad uvc-5728 \" data-hspacer=\"no_spacer\"  data-halign=\"center\" style=\"text-align:center\"><div class=\"uvc-heading-spacer no_spacer\" style=\"top\"><\/div><div class=\"uvc-main-heading ult-responsive\"  data-ultimate-target='.uvc-heading.ultimate-heading-495969ee3a4c8afad h2'  data-responsive-json-new='{\"font-size\":\"desktop:25px;\",\"line-height\":\"desktop:30px;\"}' ><h2 style=\"--font-weight:theme;margin-bottom:10px;\">Dashboards &amp; Displays<\/h2><\/div><div class=\"uvc-sub-heading ult-responsive\"  data-ultimate-target='.uvc-heading.ultimate-heading-495969ee3a4c8afad .uvc-sub-heading '  data-responsive-json-new='{\"font-size\":\"\",\"line-height\":\"\"}'  style=\"font-weight:normal;\">Blenden Sie Informationen in Dashboards an beliebigen Stellen in den digitalen Zwilling ein und interagieren Sie mit ihnen.<\/div><\/div><div class=\"gap\" style=\"line-height: 50px; height: 50px;\"><\/div>[\/vc_column_inner][vc_column_inner width=&#8220;1\/3&#8243;][vc_single_image image=&#8220;35193&#8243; img_size=&#8220;full&#8220; alignment=&#8220;center&#8220;]<div id=\"ultimate-heading-933569ee3a4c8afef\" class=\"uvc-heading ult-adjust-bottom-margin ultimate-heading-933569ee3a4c8afef uvc-2790 \" data-hspacer=\"no_spacer\"  data-halign=\"center\" style=\"text-align:center\"><div class=\"uvc-heading-spacer no_spacer\" style=\"top\"><\/div><div class=\"uvc-main-heading ult-responsive\"  data-ultimate-target='.uvc-heading.ultimate-heading-933569ee3a4c8afef h2'  data-responsive-json-new='{\"font-size\":\"desktop:25px;\",\"line-height\":\"desktop:30px;\"}' ><h2 style=\"--font-weight:theme;margin-bottom:10px;\">Informationen einbinden<\/h2><\/div><div class=\"uvc-sub-heading ult-responsive\"  data-ultimate-target='.uvc-heading.ultimate-heading-933569ee3a4c8afef .uvc-sub-heading '  data-responsive-json-new='{\"font-size\":\"\",\"line-height\":\"\"}'  style=\"font-weight:normal;\">Verorten Sie beliebige Daten oder Dokumente in Ihren Zwilling oder \u00fcberwachen Sie Sensorwerte in Echtzeit.<\/div><\/div><div class=\"gap\" style=\"line-height: 50px; height: 50px;\"><\/div>[\/vc_column_inner][vc_column_inner width=&#8220;1\/3&#8243;][vc_single_image image=&#8220;35195&#8243; img_size=&#8220;full&#8220; alignment=&#8220;center&#8220;]<div id=\"ultimate-heading-841369ee3a4c8b02f\" class=\"uvc-heading ult-adjust-bottom-margin ultimate-heading-841369ee3a4c8b02f uvc-5591 \" data-hspacer=\"no_spacer\"  data-halign=\"center\" style=\"text-align:center\"><div class=\"uvc-heading-spacer no_spacer\" style=\"top\"><\/div><div class=\"uvc-main-heading ult-responsive\"  data-ultimate-target='.uvc-heading.ultimate-heading-841369ee3a4c8b02f h2'  data-responsive-json-new='{\"font-size\":\"desktop:25px;\",\"line-height\":\"desktop:30px;\"}' ><h2 style=\"--font-weight:theme;margin-bottom:10px;\">Einmalige Informationstiefe<\/h2><\/div><div class=\"uvc-sub-heading ult-responsive\"  data-ultimate-target='.uvc-heading.ultimate-heading-841369ee3a4c8b02f .uvc-sub-heading '  data-responsive-json-new='{\"font-size\":\"\",\"line-height\":\"\"}'  style=\"font-weight:normal;\">Zoomen Sie in die Bilder hinein und sehen Sie kleinste Details wie Typenschilder, als w\u00e4ren Sie vor Ort.<\/div><\/div><div class=\"gap\" style=\"line-height: 50px; height: 50px;\"><\/div>[\/vc_column_inner][\/vc_row_inner][vc_row_inner][vc_column_inner width=&#8220;1\/3&#8243;][vc_single_image image=&#8220;35197&#8243; img_size=&#8220;full&#8220; alignment=&#8220;center&#8220;]<div id=\"ultimate-heading-229669ee3a4c8b06d\" class=\"uvc-heading ult-adjust-bottom-margin ultimate-heading-229669ee3a4c8b06d uvc-9818 \" data-hspacer=\"no_spacer\"  data-halign=\"center\" style=\"text-align:center\"><div class=\"uvc-heading-spacer no_spacer\" style=\"top\"><\/div><div class=\"uvc-main-heading ult-responsive\"  data-ultimate-target='.uvc-heading.ultimate-heading-229669ee3a4c8b06d h2'  data-responsive-json-new='{\"font-size\":\"desktop:25px;\",\"line-height\":\"desktop:30px;\"}' ><h2 style=\"--font-weight:theme;margin-bottom:10px;\">Modellieren im Bild<\/h2><\/div><div class=\"uvc-sub-heading ult-responsive\"  data-ultimate-target='.uvc-heading.ultimate-heading-229669ee3a4c8b06d .uvc-sub-heading '  data-responsive-json-new='{\"font-size\":\"\",\"line-height\":\"\"}'  style=\"font-weight:normal;\">Erstellen Sie ma\u00dfhaltige 3D-Modelle direkt aus dem digitalen Zwilling.<\/div><\/div><div class=\"gap\" style=\"line-height: 50px; height: 50px;\"><\/div>[\/vc_column_inner][vc_column_inner width=&#8220;1\/3&#8243;][vc_single_image image=&#8220;35199&#8243; img_size=&#8220;full&#8220; alignment=&#8220;center&#8220;]<div id=\"ultimate-heading-863069ee3a4c8b0aa\" class=\"uvc-heading ult-adjust-bottom-margin ultimate-heading-863069ee3a4c8b0aa uvc-3167 \" data-hspacer=\"no_spacer\"  data-halign=\"center\" style=\"text-align:center\"><div class=\"uvc-heading-spacer no_spacer\" style=\"top\"><\/div><div class=\"uvc-main-heading ult-responsive\"  data-ultimate-target='.uvc-heading.ultimate-heading-863069ee3a4c8b0aa h2'  data-responsive-json-new='{\"font-size\":\"desktop:25px;\",\"line-height\":\"desktop:30px;\"}' ><h2 style=\"--font-weight:theme;margin-bottom:10px;\">Intelligente Suche<\/h2><\/div><div class=\"uvc-sub-heading ult-responsive\"  data-ultimate-target='.uvc-heading.ultimate-heading-863069ee3a4c8b0aa .uvc-sub-heading '  data-responsive-json-new='{\"font-size\":\"\",\"line-height\":\"\"}'  style=\"font-weight:normal;\">Nutzen Sie die integrierte Suchfunktion, um die passenden technischen Anlagen direkt im Zwilling angezeigt zu bekommen.<\/div><\/div><div class=\"gap\" style=\"line-height: 50px; height: 50px;\"><\/div>[\/vc_column_inner][vc_column_inner width=&#8220;1\/3&#8243;][vc_single_image image=&#8220;35201&#8243; img_size=&#8220;full&#8220; alignment=&#8220;center&#8220;]<div id=\"ultimate-heading-419269ee3a4c8b0f1\" class=\"uvc-heading ult-adjust-bottom-margin ultimate-heading-419269ee3a4c8b0f1 uvc-6834 \" data-hspacer=\"no_spacer\"  data-halign=\"center\" style=\"text-align:center\"><div class=\"uvc-heading-spacer no_spacer\" style=\"top\"><\/div><div class=\"uvc-main-heading ult-responsive\"  data-ultimate-target='.uvc-heading.ultimate-heading-419269ee3a4c8b0f1 h2'  data-responsive-json-new='{\"font-size\":\"desktop:25px;\",\"line-height\":\"desktop:30px;\"}' ><h2 style=\"--font-weight:theme;margin-bottom:10px;\">Anbindung von Fremdsystemen<\/h2><\/div><div class=\"uvc-sub-heading ult-responsive\"  data-ultimate-target='.uvc-heading.ultimate-heading-419269ee3a4c8b0f1 .uvc-sub-heading '  data-responsive-json-new='{\"font-size\":\"\",\"line-height\":\"\"}'  style=\"font-weight:normal;\">Lassen Sie sich beliebige Daten aus Fremdsystemen direkt im Zwilling anzeigen oder springen Sie in diese ab.<\/div><\/div><div class=\"gap\" style=\"line-height: 50px; height: 50px;\"><\/div>[\/vc_column_inner][\/vc_row_inner][\/vc_column][\/vc_row][vc_row bg_type=&#8220;image&#8220; parallax_style=&#8220;vcpb-default&#8220; bg_image_new=&#8220;id^35000|url^https:\/\/www.framence.com\/wp-content\/uploads\/2023\/02\/Framence_Hintergrundbild_Ende.jpg|caption^null|alt^null|title^Framence_Hintergrundbild_Ende|description^null&#8220; bg_override=&#8220;full&#8220; seperator_enable=&#8220;seperator_enable_value&#8220; seperator_type=&#8220;triangle_svg_seperator&#8220; seperator_shape_background=&#8220;#ededed&#8220; css=&#8220;.vc_custom_1676908281737{padding-top: 160px !important;padding-bottom: 110px !important;}&#8220;][vc_column]<div id=\"ultimate-heading-594469ee3a4c8b130\" class=\"uvc-heading ult-adjust-bottom-margin ultimate-heading-594469ee3a4c8b130 uvc-7895  uvc-heading-default-font-sizes\" data-hspacer=\"no_spacer\"  data-halign=\"center\" style=\"text-align:center\"><div class=\"uvc-heading-spacer no_spacer\" style=\"top\"><\/div><div class=\"uvc-main-heading ult-responsive\"  data-ultimate-target='.uvc-heading.ultimate-heading-594469ee3a4c8b130 h2'  data-responsive-json-new='{\"font-size\":\"\",\"line-height\":\"\"}' ><h2 style=\"--font-weight:theme;color:#ffffff;margin-bottom:20px;\">Erleben Sie die FRAMENCE-Features in Aktion!<\/h2><\/div><div class=\"uvc-sub-heading ult-responsive\"  data-ultimate-target='.uvc-heading.ultimate-heading-594469ee3a4c8b130 .uvc-sub-heading '  data-responsive-json-new='{\"font-size\":\"\",\"line-height\":\"\"}'  style=\"font-weight:normal;color:#ffffff;\">Werfen Sie einen Blick in unsere Use Cases!<\/div><\/div><div class=\"gap\" style=\"line-height: 30px; height: 30px;\"><\/div><div class=\" ubtn-ctn-center \"><a class=\"ubtn-link ult-adjust-bottom-margin ubtn-center ubtn-normal \" href=\"\/de\/use-cases\/\" ><button type=\"button\" id=\"ubtn-2958\"  class=\"ubtn ult-adjust-bottom-margin ult-responsive ubtn-normal ubtn-no-hover-bg  none  ubtn-center   tooltip-69ee3a4c8b175\"  data-hover=\"#000000\" data-border-color=\"\" data-bg=\"#FF9696\" data-hover-bg=\"#FF5F5F\" data-border-hover=\"\" data-shadow-hover=\"\" data-shadow-click=\"none\" data-shadow=\"\" data-shd-shadow=\"\"  data-ultimate-target='#ubtn-2958'  data-responsive-json-new='{\"font-size\":\"desktop:14px;\",\"line-height\":\"\"}'  style=\"font-weight:bold;border:none;background: #FF9696;color: #000000;\"><span class=\"ubtn-hover\" style=\"background-color:#FF5F5F\"><\/span><span class=\"ubtn-data ubtn-text \" >Zu den Use Cases<\/span><\/button><\/a><\/div>[\/vc_column][\/vc_row]<\/p>\n<\/div>","protected":false},"excerpt":{"rendered":"<p>[vc_row bg_type=&#8220;image&#8220; parallax_style=&#8220;vcpb-default&#8220; bg_image_new=&#8220;id^34209|url^https:\/\/www.framence.com\/wp-content\/uploads\/2023\/01\/Framence_Hintergrundbild_Plattform.jpg|caption^null|alt^null|title^Framence_Hintergrundbild_Plattform|description^null&#8220; bg_override=&#8220;full&#8220; css=&#8220;.vc_custom_1675938126764{padding-top: 180px !important;padding-bottom: 180px !important;}&#8220;][vc_column width=&#8220;1\/2&#8243;][\/vc_column][vc_column width=&#8220;1\/2&#8243;][\/vc_column][\/vc_row][vc_row content_placement=&#8220;middle&#8220; css=&#8220;.vc_custom_1676620039060{margin-top: 110px !important;margin-bottom: 90px !important;}&#8220;][vc_column][vc_column_text] Eine Plattform \u2013 unendlich viele M\u00f6glichkeiten [\/vc_column_text][vc_column_text css=&#8220;&#8220;]FRAMENCE ist eine Browser-Applikation und kann dadurch von jedem PC, Smartphone oder Tablet aus genutzt werden. Auf den Endger\u00e4ten muss nichts installiert werden, auch keine Plugins. Mit Rollenkonzepten und Benutzerrechten&hellip;<\/p>\n","protected":false},"author":1,"featured_media":0,"parent":0,"menu_order":0,"comment_status":"closed","ping_status":"closed","template":"","meta":{"footnotes":""},"class_list":["post-33135","page","type-page","status-publish","hentry","description-off"],"yoast_head":"<!-- This site is optimized with the Yoast SEO plugin v27.4 - https:\/\/yoast.com\/product\/yoast-seo-wordpress\/ -->\n<title>Plattform | FRAMENCE<\/title>\n<meta name=\"description\" content=\"Entdecken Sie die FRAMENCE Plattform f\u00fcr digitale Zwillinge - browserbasiert, sicher und ideal zur Verwendung komplexer Anlagen.\" \/>\n<meta name=\"robots\" content=\"index, follow, max-snippet:-1, max-image-preview:large, max-video-preview:-1\" \/>\n<link rel=\"canonical\" href=\"https:\/\/www.framence.com\/de\/plattform\/\" \/>\n<meta property=\"og:locale\" content=\"de_DE\" \/>\n<meta property=\"og:type\" content=\"article\" \/>\n<meta property=\"og:title\" content=\"Plattform | FRAMENCE\" \/>\n<meta property=\"og:description\" content=\"Entdecken Sie die FRAMENCE Plattform f\u00fcr digitale Zwillinge - browserbasiert, sicher und ideal zur Verwendung komplexer Anlagen.\" \/>\n<meta property=\"og:url\" content=\"https:\/\/www.framence.com\/de\/plattform\/\" \/>\n<meta property=\"og:site_name\" content=\"FRAMENCE\" \/>\n<meta property=\"article:modified_time\" content=\"2025-12-11T14:43:36+00:00\" \/>\n<meta property=\"og:image\" content=\"https:\/\/www.framence.com\/wp-content\/uploads\/2025\/12\/Framence_Favicon_32x32.png\" \/>\n\t<meta property=\"og:image:width\" content=\"32\" \/>\n\t<meta property=\"og:image:height\" content=\"32\" \/>\n\t<meta property=\"og:image:type\" content=\"image\/png\" \/>\n<meta name=\"twitter:card\" content=\"summary_large_image\" \/>\n<meta name=\"twitter:label1\" content=\"Gesch\u00e4tzte Lesezeit\" \/>\n\t<meta name=\"twitter:data1\" content=\"5\u00a0Minuten\" \/>\n<script type=\"application\/ld+json\" class=\"yoast-schema-graph\">{\"@context\":\"https:\\\/\\\/schema.org\",\"@graph\":[{\"@type\":\"WebPage\",\"@id\":\"https:\\\/\\\/www.framence.com\\\/de\\\/plattform\\\/\",\"url\":\"https:\\\/\\\/www.framence.com\\\/de\\\/plattform\\\/\",\"name\":\"Plattform | FRAMENCE\",\"isPartOf\":{\"@id\":\"https:\\\/\\\/www.framence.com\\\/#website\"},\"datePublished\":\"2022-10-13T09:03:32+00:00\",\"dateModified\":\"2025-12-11T14:43:36+00:00\",\"description\":\"Entdecken Sie die FRAMENCE Plattform f\u00fcr digitale Zwillinge - browserbasiert, sicher und ideal zur Verwendung komplexer Anlagen.\",\"breadcrumb\":{\"@id\":\"https:\\\/\\\/www.framence.com\\\/de\\\/plattform\\\/#breadcrumb\"},\"inLanguage\":\"de\",\"potentialAction\":[{\"@type\":\"ReadAction\",\"target\":[\"https:\\\/\\\/www.framence.com\\\/de\\\/plattform\\\/\"]}]},{\"@type\":\"BreadcrumbList\",\"@id\":\"https:\\\/\\\/www.framence.com\\\/de\\\/plattform\\\/#breadcrumb\",\"itemListElement\":[{\"@type\":\"ListItem\",\"position\":1,\"name\":\"Startseite\",\"item\":\"https:\\\/\\\/www.framence.com\\\/de\\\/\"},{\"@type\":\"ListItem\",\"position\":2,\"name\":\"Plattform\"}]},{\"@type\":\"WebSite\",\"@id\":\"https:\\\/\\\/www.framence.com\\\/#website\",\"url\":\"https:\\\/\\\/www.framence.com\\\/\",\"name\":\"FRAMENCE\",\"description\":\"\",\"potentialAction\":[{\"@type\":\"SearchAction\",\"target\":{\"@type\":\"EntryPoint\",\"urlTemplate\":\"https:\\\/\\\/www.framence.com\\\/?s={search_term_string}\"},\"query-input\":{\"@type\":\"PropertyValueSpecification\",\"valueRequired\":true,\"valueName\":\"search_term_string\"}}],\"inLanguage\":\"de\"}]}<\/script>\n<!-- \/ Yoast SEO plugin. -->","yoast_head_json":{"title":"Plattform | FRAMENCE","description":"Entdecken Sie die FRAMENCE Plattform f\u00fcr digitale Zwillinge - browserbasiert, sicher und ideal zur Verwendung komplexer Anlagen.","robots":{"index":"index","follow":"follow","max-snippet":"max-snippet:-1","max-image-preview":"max-image-preview:large","max-video-preview":"max-video-preview:-1"},"canonical":"https:\/\/www.framence.com\/de\/plattform\/","og_locale":"de_DE","og_type":"article","og_title":"Plattform | FRAMENCE","og_description":"Entdecken Sie die FRAMENCE Plattform f\u00fcr digitale Zwillinge - browserbasiert, sicher und ideal zur Verwendung komplexer Anlagen.","og_url":"https:\/\/www.framence.com\/de\/plattform\/","og_site_name":"FRAMENCE","article_modified_time":"2025-12-11T14:43:36+00:00","og_image":[{"width":32,"height":32,"url":"https:\/\/www.framence.com\/wp-content\/uploads\/2025\/12\/Framence_Favicon_32x32.png","type":"image\/png"}],"twitter_card":"summary_large_image","twitter_misc":{"Gesch\u00e4tzte Lesezeit":"5\u00a0Minuten"},"schema":{"@context":"https:\/\/schema.org","@graph":[{"@type":"WebPage","@id":"https:\/\/www.framence.com\/de\/plattform\/","url":"https:\/\/www.framence.com\/de\/plattform\/","name":"Plattform | FRAMENCE","isPartOf":{"@id":"https:\/\/www.framence.com\/#website"},"datePublished":"2022-10-13T09:03:32+00:00","dateModified":"2025-12-11T14:43:36+00:00","description":"Entdecken Sie die FRAMENCE Plattform f\u00fcr digitale Zwillinge - browserbasiert, sicher und ideal zur Verwendung komplexer Anlagen.","breadcrumb":{"@id":"https:\/\/www.framence.com\/de\/plattform\/#breadcrumb"},"inLanguage":"de","potentialAction":[{"@type":"ReadAction","target":["https:\/\/www.framence.com\/de\/plattform\/"]}]},{"@type":"BreadcrumbList","@id":"https:\/\/www.framence.com\/de\/plattform\/#breadcrumb","itemListElement":[{"@type":"ListItem","position":1,"name":"Startseite","item":"https:\/\/www.framence.com\/de\/"},{"@type":"ListItem","position":2,"name":"Plattform"}]},{"@type":"WebSite","@id":"https:\/\/www.framence.com\/#website","url":"https:\/\/www.framence.com\/","name":"FRAMENCE","description":"","potentialAction":[{"@type":"SearchAction","target":{"@type":"EntryPoint","urlTemplate":"https:\/\/www.framence.com\/?s={search_term_string}"},"query-input":{"@type":"PropertyValueSpecification","valueRequired":true,"valueName":"search_term_string"}}],"inLanguage":"de"}]}},"_links":{"self":[{"href":"https:\/\/www.framence.com\/de\/wp-json\/wp\/v2\/pages\/33135","targetHints":{"allow":["GET"]}}],"collection":[{"href":"https:\/\/www.framence.com\/de\/wp-json\/wp\/v2\/pages"}],"about":[{"href":"https:\/\/www.framence.com\/de\/wp-json\/wp\/v2\/types\/page"}],"author":[{"embeddable":true,"href":"https:\/\/www.framence.com\/de\/wp-json\/wp\/v2\/users\/1"}],"replies":[{"embeddable":true,"href":"https:\/\/www.framence.com\/de\/wp-json\/wp\/v2\/comments?post=33135"}],"version-history":[{"count":277,"href":"https:\/\/www.framence.com\/de\/wp-json\/wp\/v2\/pages\/33135\/revisions"}],"predecessor-version":[{"id":38588,"href":"https:\/\/www.framence.com\/de\/wp-json\/wp\/v2\/pages\/33135\/revisions\/38588"}],"wp:attachment":[{"href":"https:\/\/www.framence.com\/de\/wp-json\/wp\/v2\/media?parent=33135"}],"curies":[{"name":"wp","href":"https:\/\/api.w.org\/{rel}","templated":true}]}}