{"id":33154,"date":"2022-10-13T11:09:21","date_gmt":"2022-10-13T09:09:21","guid":{"rendered":"https:\/\/www.framence.com\/?page_id=33154"},"modified":"2025-12-11T13:32:40","modified_gmt":"2025-12-11T12:32:40","slug":"faq","status":"publish","type":"page","link":"https:\/\/www.framence.com\/de\/faq\/","title":{"rendered":"FAQ"},"content":{"rendered":"<div class=\"wpb-content-wrapper\"><p>[vc_row bg_type=&#8220;image&#8220; parallax_style=&#8220;vcpb-default&#8220; bg_image_new=&#8220;id^34191|url^https:\/\/www.framence.com\/wp-content\/uploads\/2023\/01\/Framence_Hintergrundbild_FAQ.jpg|caption^null|alt^null|title^Framence_Hintergrundbild_FAQ|description^null&#8220; bg_override=&#8220;full&#8220; css=&#8220;.vc_custom_1675944120053{padding-top: 180px !important;padding-bottom: 80px !important;}&#8220;][vc_column width=&#8220;1\/2&#8243;]<div id=\"ultimate-heading-846669de28d53bc83\" class=\"uvc-heading ult-adjust-bottom-margin ultimate-heading-846669de28d53bc83 uvc-7211 \" data-hspacer=\"no_spacer\"  data-halign=\"left\" style=\"text-align:left\"><div class=\"uvc-heading-spacer no_spacer\" style=\"top\"><\/div><div class=\"uvc-main-heading ult-responsive\"  data-ultimate-target='.uvc-heading.ultimate-heading-846669de28d53bc83 h2'  data-responsive-json-new='{\"font-size\":\"desktop:45px;\",\"line-height\":\"desktop:50px;\"}' ><h2 style=\"--font-weight:theme;color:#ffffff;margin-bottom:10px;\">FAQ<\/h2><\/div><div class=\"uvc-sub-heading ult-responsive\"  data-ultimate-target='.uvc-heading.ultimate-heading-846669de28d53bc83 .uvc-sub-heading '  data-responsive-json-new='{\"font-size\":\"desktop:25px;\",\"line-height\":\"desktop:35px;\"}'  style=\"font-weight:normal;color:#ffffff;\">Antworten auf einen Blick<\/div><\/div>[\/vc_column][vc_column width=&#8220;1\/2&#8243;][\/vc_column][\/vc_row][vc_row css=&#8220;.vc_custom_1675936921989{margin-top: 100px !important;margin-bottom: 100px !important;}&#8220;][vc_column][vc_toggle title=&#8220;Was ist ein digitaler Zwilling?&#8220; style=&#8220;square&#8220;]Ein digitaler Zwilling ist eine virtuelle Darstellung eines physischen Objekts, Systems oder Prozesses. In vielen Branchen wie der Pharma-, Chemie-, Automobil-, Fertigungs- und Energieindustrie k\u00f6nnen digitale Zwillinge Unternehmen helfen, ihre Abl\u00e4ufe zu optimieren, Produktdesign und -leistung zu verbessern und Szenarien zu simulieren, um Risiken zu verringern und die Effizienz zu steigern.[\/vc_toggle][vc_separator css=&#8220;.vc_custom_1674199046078{margin-top: 20px !important;margin-bottom: 20px !important;}&#8220;][vc_toggle title=&#8220;Was ist Photogrammetrie und was haben digitale Zwillinge damit zu tun?&#8220; style=&#8220;square&#8220;]Photogrammetrie ist eine Technologie zur Messung und Extraktion von Informationen aus Fotos. Im Zusammenhang mit digitalen Zwillingen kann die Photogrammetrie verwendet werden, um hochwertige, fotorealistische digitale Darstellungen von physischen Objekten, Systemen oder Prozessen auf der Grundlage einer Reihe von Fotos zu erstellen.[\/vc_toggle][vc_separator css=&#8220;.vc_custom_1674199046078{margin-top: 20px !important;margin-bottom: 20px !important;}&#8220;][vc_toggle title=&#8220;Wie werden digitale Zwillinge mit Photogrammetrie erstellt?&#8220; style=&#8220;square&#8220;]Digitale Zwillinge werden mit Hilfe der Photogrammetrie erstellt, indem zun\u00e4chst eine Reihe von Fotos des physischen Objekts aus verschiedenen Blickwinkeln aufgenommen wird. Diese Fotos werden dann mit spezieller Software verarbeitet, um die Geometrie und die Texturen des Objekts, des Systems oder des Prozesses zu extrahieren. Die daraus resultierende digitale 3D-Darstellung kann dann verwendet werden, um ein virtuelles, interaktives Modell zu erstellen, das dem physischen Objekt exakt entspricht.[\/vc_toggle][vc_separator css=&#8220;.vc_custom_1674199046078{margin-top: 20px !important;margin-bottom: 20px !important;}&#8220;][vc_toggle title=&#8220;Welche Branchen k\u00f6nnen von den mit Photogrammetrie erstellten digitalen Zwillingen profitieren?&#8220; style=&#8220;square&#8220;]Digitale Zwillinge, die mit Hilfe der Photogrammetrie erstellt wurden, k\u00f6nnen f\u00fcr eine Reihe von Branchen von Nutzen sein, darunter die Pharma-, Chemie-, Automobil-, Fertigungs- und Energiebranche. Aufgrund der Vielf\u00e4ltigkeit der Anwendungsf\u00e4lle lassen sich andere Branchen aber nicht ausschlie\u00dfen. Wir sind \u00fcberzeugt, dass in Zukunft jedes Geb\u00e4ude und jede Fabrik einen digitalen Zwilling haben wird.[\/vc_toggle][vc_separator css=&#8220;.vc_custom_1674199046078{margin-top: 20px !important;margin-bottom: 20px !important;}&#8220;][vc_toggle title=&#8220;Welche Vorteile hat der Einsatz der Photogrammetrie gegen\u00fcber anderen Methoden zur Erstellung digitaler Zwillinge?&#8220; style=&#8220;square&#8220;]Die Photogrammetrie bietet mehrere Vorteile gegen\u00fcber anderen Methoden zur Erstellung digitaler Zwillinge, darunter hohe Genauigkeit, Skalierbarkeit und Kosteneffizienz. Durch die Verwendung einer Reihe von Fotos kann die Photogrammetrie sehr detaillierte, fotorealistische digitale Darstellungen von physischen Objekten erstellen, und das zu geringeren Kosten als andere Methoden, wie z. B. das Laserscannen.[\/vc_toggle][vc_separator css=&#8220;.vc_custom_1674199046078{margin-top: 20px !important;margin-bottom: 20px !important;}&#8220;][vc_toggle title=&#8220;Wie genau sind mit Photogrammetrie erstellte digitale Zwillinge?&#8220; style=&#8220;square&#8220;]Im Allgemeinen sind mit Photogrammetrie erstellte digitale Zwillinge sehr genau und erm\u00f6glichen es Unternehmen, auf der Grundlage ihrer virtuellen Modelle pr\u00e4zise Messungen und Simulationen durchzuf\u00fchren. Die Genauigkeit der mit Photogrammetrie erstellten digitalen Zwillinge h\u00e4ngt von der Qualit\u00e4t und Aufl\u00f6sung der verwendeten Fotos sowie von der verwendeten Verarbeitungssoftware und -technik ab.[\/vc_toggle][vc_separator css=&#8220;.vc_custom_1674199046078{margin-top: 20px !important;margin-bottom: 20px !important;}&#8220;][vc_toggle title=&#8220;Wie k\u00f6nnen mit Photogrammetrie erstellte digitale Zwillinge im Laufe der Zeit aktualisiert und gewartet werden?&#8220; style=&#8220;square&#8220;]Wenn sich das physische Objekt \u00e4ndert, k\u00f6nnen mit Photogrammetrie erstellte digitale Zwillinge im Laufe der Zeit aktualisiert und gepflegt werden. Durch die Aufnahme zus\u00e4tzlicher Fotos k\u00f6nnen Unternehmen ihre digitalen Zwillinge aktualisieren, um alle \u00c4nderungen oder Verbesserungen des physischen Objekts widerzuspiegeln und sicherzustellen, dass ihre virtuellen Modelle immer auf dem neuesten Stand sind.[\/vc_toggle][vc_separator css=&#8220;.vc_custom_1674199046078{margin-top: 20px !important;margin-bottom: 20px !important;}&#8220;][vc_toggle title=&#8220;Welche Hardware ben\u00f6tigen Unternehmen, um fotorealistische digitale Zwillinge zu erstellen?&#8220; style=&#8220;square&#8220;]Um fotorealistische digitale Zwillinge zu erstellen, ben\u00f6tigen Unternehmen in der Regel eine Digitalkamera. FRAMENCE nutzt zus\u00e4tzlich je nach Bedarf Drohnen, Smartphone-Bilder und eine Helmkamera.[\/vc_toggle][vc_separator css=&#8220;.vc_custom_1674199046078{margin-top: 20px !important;margin-bottom: 20px !important;}&#8220;][vc_toggle title=&#8220;Wer macht die Bilder?&#8220; style=&#8220;square&#8220;]Da die Aufnahmetechnik so unkompliziert ist, braucht es keine Experten, um die Bilder zu machen. Nach einer kurzen Einweisung unsererseits kann jede Person in Ihrem Unternehmen die Bilder machen. Alternativ stehen wir Ihnen nat\u00fcrlich gerne zur Seite und machen die Bilder f\u00fcr Sie. Auch die Aktualisierung und Pflege Ihres Zwillings \u00fcbernehmen wir gerne.[\/vc_toggle][\/vc_column][\/vc_row][vc_row bg_type=&#8220;image&#8220; parallax_style=&#8220;vcpb-default&#8220; bg_image_new=&#8220;id^35000|url^https:\/\/www.framence.com\/wp-content\/uploads\/2023\/02\/Framence_Hintergrundbild_Ende.jpg|caption^null|alt^null|title^Framence_Hintergrundbild_Ende|description^null&#8220; bg_override=&#8220;full&#8220; css=&#8220;.vc_custom_1676888059475{padding-top: 150px !important;padding-bottom: 120px !important;}&#8220;][vc_column]<div id=\"ultimate-heading-873769de28d53bd0d\" class=\"uvc-heading ult-adjust-bottom-margin ultimate-heading-873769de28d53bd0d uvc-4184  uvc-heading-default-font-sizes\" data-hspacer=\"no_spacer\"  data-halign=\"center\" style=\"text-align:center\"><div class=\"uvc-heading-spacer no_spacer\" style=\"top\"><\/div><div class=\"uvc-main-heading ult-responsive\"  data-ultimate-target='.uvc-heading.ultimate-heading-873769de28d53bd0d h2'  data-responsive-json-new='{\"font-size\":\"\",\"line-height\":\"\"}' ><h2 style=\"--font-weight:theme;color:#ffffff;margin-bottom:20px;\">Sie haben noch Fragen?<\/h2><\/div><div class=\"uvc-sub-heading ult-responsive\"  data-ultimate-target='.uvc-heading.ultimate-heading-873769de28d53bd0d .uvc-sub-heading '  data-responsive-json-new='{\"font-size\":\"\",\"line-height\":\"\"}'  style=\"font-weight:normal;color:#ffffff;\">Kontaktieren Sie uns gerne und sprechen Sie unverbindlich und kostenlos mit einem unserer Consultants.<\/div><\/div><div class=\"gap\" style=\"line-height: 30px; height: 30px;\"><\/div><div class=\" ubtn-ctn-center \"><a class=\"ubtn-link ult-adjust-bottom-margin ubtn-center ubtn-normal \" href=\"\/de\/kontakt\/\" ><button type=\"button\" id=\"ubtn-7936\"  class=\"ubtn ult-adjust-bottom-margin ult-responsive ubtn-normal ubtn-no-hover-bg  none  ubtn-center   tooltip-69de28d53bd7f\"  data-hover=\"#000000\" data-border-color=\"\" data-bg=\"#FF9696\" data-hover-bg=\"#FF5F5F\" data-border-hover=\"\" data-shadow-hover=\"\" data-shadow-click=\"none\" data-shadow=\"\" data-shd-shadow=\"\"  data-ultimate-target='#ubtn-7936'  data-responsive-json-new='{\"font-size\":\"desktop:14px;\",\"line-height\":\"\"}'  style=\"font-weight:bold;border:none;background: #FF9696;color: #000000;\"><span class=\"ubtn-hover\" style=\"background-color:#FF5F5F\"><\/span><span class=\"ubtn-data ubtn-text \" >Einen Consultant fragen<\/span><\/button><\/a><\/div>[\/vc_column][\/vc_row]<\/p>\n<\/div>","protected":false},"excerpt":{"rendered":"<p>[vc_row bg_type=&#8220;image&#8220; parallax_style=&#8220;vcpb-default&#8220; bg_image_new=&#8220;id^34191|url^https:\/\/www.framence.com\/wp-content\/uploads\/2023\/01\/Framence_Hintergrundbild_FAQ.jpg|caption^null|alt^null|title^Framence_Hintergrundbild_FAQ|description^null&#8220; bg_override=&#8220;full&#8220; css=&#8220;.vc_custom_1675944120053{padding-top: 180px !important;padding-bottom: 80px !important;}&#8220;][vc_column width=&#8220;1\/2&#8243;][\/vc_column][vc_column width=&#8220;1\/2&#8243;][\/vc_column][\/vc_row][vc_row css=&#8220;.vc_custom_1675936921989{margin-top: 100px !important;margin-bottom: 100px !important;}&#8220;][vc_column][vc_toggle title=&#8220;Was ist ein digitaler Zwilling?&#8220; style=&#8220;square&#8220;]Ein digitaler Zwilling ist eine virtuelle Darstellung eines physischen Objekts, Systems oder Prozesses. In vielen Branchen wie der Pharma-, Chemie-, Automobil-, Fertigungs- und Energieindustrie k\u00f6nnen digitale Zwillinge Unternehmen helfen, ihre Abl\u00e4ufe zu optimieren,&hellip;<\/p>\n","protected":false},"author":1,"featured_media":0,"parent":0,"menu_order":0,"comment_status":"closed","ping_status":"closed","template":"","meta":{"footnotes":""},"class_list":["post-33154","page","type-page","status-publish","hentry","description-off"],"yoast_head":"<!-- This site is optimized with the Yoast SEO plugin v27.3 - https:\/\/yoast.com\/product\/yoast-seo-wordpress\/ -->\n<title>FAQ | FRAMENCE<\/title>\n<meta name=\"description\" content=\"Finden Sie Antworten zu allem rund um digitale Zwillinge und Fotogrammetrie.\" \/>\n<meta name=\"robots\" content=\"index, follow, max-snippet:-1, max-image-preview:large, max-video-preview:-1\" \/>\n<link rel=\"canonical\" href=\"https:\/\/www.framence.com\/de\/faq\/\" \/>\n<meta property=\"og:locale\" content=\"de_DE\" \/>\n<meta property=\"og:type\" content=\"article\" \/>\n<meta property=\"og:title\" content=\"FAQ | FRAMENCE\" \/>\n<meta property=\"og:description\" content=\"Finden Sie Antworten zu allem rund um digitale Zwillinge und Fotogrammetrie.\" \/>\n<meta property=\"og:url\" content=\"https:\/\/www.framence.com\/de\/faq\/\" \/>\n<meta property=\"og:site_name\" content=\"FRAMENCE\" \/>\n<meta property=\"article:modified_time\" content=\"2025-12-11T12:32:40+00:00\" \/>\n<meta property=\"og:image\" content=\"https:\/\/www.framence.com\/wp-content\/uploads\/2025\/12\/Framence_Favicon_32x32.png\" \/>\n\t<meta property=\"og:image:width\" content=\"32\" \/>\n\t<meta property=\"og:image:height\" content=\"32\" \/>\n\t<meta property=\"og:image:type\" content=\"image\/png\" \/>\n<meta name=\"twitter:card\" content=\"summary_large_image\" \/>\n<meta name=\"twitter:label1\" content=\"Gesch\u00e4tzte Lesezeit\" \/>\n\t<meta name=\"twitter:data1\" content=\"4\u00a0Minuten\" \/>\n<script type=\"application\/ld+json\" class=\"yoast-schema-graph\">{\"@context\":\"https:\\\/\\\/schema.org\",\"@graph\":[{\"@type\":\"WebPage\",\"@id\":\"https:\\\/\\\/www.framence.com\\\/de\\\/faq\\\/\",\"url\":\"https:\\\/\\\/www.framence.com\\\/de\\\/faq\\\/\",\"name\":\"FAQ | FRAMENCE\",\"isPartOf\":{\"@id\":\"https:\\\/\\\/www.framence.com\\\/#website\"},\"datePublished\":\"2022-10-13T09:09:21+00:00\",\"dateModified\":\"2025-12-11T12:32:40+00:00\",\"description\":\"Finden Sie Antworten zu allem rund um digitale Zwillinge und Fotogrammetrie.\",\"breadcrumb\":{\"@id\":\"https:\\\/\\\/www.framence.com\\\/de\\\/faq\\\/#breadcrumb\"},\"inLanguage\":\"de\",\"potentialAction\":[{\"@type\":\"ReadAction\",\"target\":[\"https:\\\/\\\/www.framence.com\\\/de\\\/faq\\\/\"]}]},{\"@type\":\"BreadcrumbList\",\"@id\":\"https:\\\/\\\/www.framence.com\\\/de\\\/faq\\\/#breadcrumb\",\"itemListElement\":[{\"@type\":\"ListItem\",\"position\":1,\"name\":\"Startseite\",\"item\":\"https:\\\/\\\/www.framence.com\\\/de\\\/\"},{\"@type\":\"ListItem\",\"position\":2,\"name\":\"FAQ\"}]},{\"@type\":\"WebSite\",\"@id\":\"https:\\\/\\\/www.framence.com\\\/#website\",\"url\":\"https:\\\/\\\/www.framence.com\\\/\",\"name\":\"FRAMENCE\",\"description\":\"\",\"potentialAction\":[{\"@type\":\"SearchAction\",\"target\":{\"@type\":\"EntryPoint\",\"urlTemplate\":\"https:\\\/\\\/www.framence.com\\\/?s={search_term_string}\"},\"query-input\":{\"@type\":\"PropertyValueSpecification\",\"valueRequired\":true,\"valueName\":\"search_term_string\"}}],\"inLanguage\":\"de\"}]}<\/script>\n<!-- \/ Yoast SEO plugin. -->","yoast_head_json":{"title":"FAQ | FRAMENCE","description":"Finden Sie Antworten zu allem rund um digitale Zwillinge und Fotogrammetrie.","robots":{"index":"index","follow":"follow","max-snippet":"max-snippet:-1","max-image-preview":"max-image-preview:large","max-video-preview":"max-video-preview:-1"},"canonical":"https:\/\/www.framence.com\/de\/faq\/","og_locale":"de_DE","og_type":"article","og_title":"FAQ | FRAMENCE","og_description":"Finden Sie Antworten zu allem rund um digitale Zwillinge und Fotogrammetrie.","og_url":"https:\/\/www.framence.com\/de\/faq\/","og_site_name":"FRAMENCE","article_modified_time":"2025-12-11T12:32:40+00:00","og_image":[{"width":32,"height":32,"url":"https:\/\/www.framence.com\/wp-content\/uploads\/2025\/12\/Framence_Favicon_32x32.png","type":"image\/png"}],"twitter_card":"summary_large_image","twitter_misc":{"Gesch\u00e4tzte Lesezeit":"4\u00a0Minuten"},"schema":{"@context":"https:\/\/schema.org","@graph":[{"@type":"WebPage","@id":"https:\/\/www.framence.com\/de\/faq\/","url":"https:\/\/www.framence.com\/de\/faq\/","name":"FAQ | FRAMENCE","isPartOf":{"@id":"https:\/\/www.framence.com\/#website"},"datePublished":"2022-10-13T09:09:21+00:00","dateModified":"2025-12-11T12:32:40+00:00","description":"Finden Sie Antworten zu allem rund um digitale Zwillinge und Fotogrammetrie.","breadcrumb":{"@id":"https:\/\/www.framence.com\/de\/faq\/#breadcrumb"},"inLanguage":"de","potentialAction":[{"@type":"ReadAction","target":["https:\/\/www.framence.com\/de\/faq\/"]}]},{"@type":"BreadcrumbList","@id":"https:\/\/www.framence.com\/de\/faq\/#breadcrumb","itemListElement":[{"@type":"ListItem","position":1,"name":"Startseite","item":"https:\/\/www.framence.com\/de\/"},{"@type":"ListItem","position":2,"name":"FAQ"}]},{"@type":"WebSite","@id":"https:\/\/www.framence.com\/#website","url":"https:\/\/www.framence.com\/","name":"FRAMENCE","description":"","potentialAction":[{"@type":"SearchAction","target":{"@type":"EntryPoint","urlTemplate":"https:\/\/www.framence.com\/?s={search_term_string}"},"query-input":{"@type":"PropertyValueSpecification","valueRequired":true,"valueName":"search_term_string"}}],"inLanguage":"de"}]}},"_links":{"self":[{"href":"https:\/\/www.framence.com\/de\/wp-json\/wp\/v2\/pages\/33154","targetHints":{"allow":["GET"]}}],"collection":[{"href":"https:\/\/www.framence.com\/de\/wp-json\/wp\/v2\/pages"}],"about":[{"href":"https:\/\/www.framence.com\/de\/wp-json\/wp\/v2\/types\/page"}],"author":[{"embeddable":true,"href":"https:\/\/www.framence.com\/de\/wp-json\/wp\/v2\/users\/1"}],"replies":[{"embeddable":true,"href":"https:\/\/www.framence.com\/de\/wp-json\/wp\/v2\/comments?post=33154"}],"version-history":[{"count":24,"href":"https:\/\/www.framence.com\/de\/wp-json\/wp\/v2\/pages\/33154\/revisions"}],"predecessor-version":[{"id":38604,"href":"https:\/\/www.framence.com\/de\/wp-json\/wp\/v2\/pages\/33154\/revisions\/38604"}],"wp:attachment":[{"href":"https:\/\/www.framence.com\/de\/wp-json\/wp\/v2\/media?parent=33154"}],"curies":[{"name":"wp","href":"https:\/\/api.w.org\/{rel}","templated":true}]}}