{"id":37004,"date":"2023-11-20T11:00:03","date_gmt":"2023-11-20T10:00:03","guid":{"rendered":"https:\/\/www.framence.com\/?page_id=37004"},"modified":"2025-12-12T09:07:52","modified_gmt":"2025-12-12T08:07:52","slug":"case-study-planen-im-bestand","status":"publish","type":"page","link":"https:\/\/www.framence.com\/de\/case-study-planen-im-bestand\/","title":{"rendered":"Case Study: Planen im Bestand"},"content":{"rendered":"<div class=\"wpb-content-wrapper\"><p>[vc_row bg_type=&#8220;bg_color&#8220; bg_override=&#8220;full&#8220; bg_color_value=&#8220;#ededed&#8220; css=&#8220;.vc_custom_1701085557764{padding-top: 50px !important;}&#8220;][vc_column css=&#8220;.vc_custom_1700551267224{background-color: #ffffff !important;}&#8220;]<div class=\"gap\" style=\"line-height: 30px; height: 30px;\"><\/div>[vc_row_inner][vc_column_inner width=&#8220;1\/4&#8243;]<div id=\"highlight-box-wrap-4525\"  data-ultimate-target='#highlight-box-wrap-4525'  data-responsive-json-new='{\"font-size\":\"desktop:25px;\",\"line-height\":\"\"}'  class=\"ultimate-call-to-action ult-adjust-bottom-margin  ctaction-text-center ult-responsive\" style=\"font-weight:normal;color:#ffffff;background:#A32D33;padding-top:20px;padding-bottom:20px;\"  data-background=\"#A32D33\"  data-override=\"0\" ><div class=\"uvc-ctaction-data uvc-ctaction-data-no-effect ult-responsive\"><strong>CASE STUDY<\/strong><\/div><\/div>[\/vc_column_inner][vc_column_inner width=&#8220;1\/4&#8243;][\/vc_column_inner][vc_column_inner width=&#8220;1\/4&#8243;][\/vc_column_inner][vc_column_inner width=&#8220;1\/4&#8243;][\/vc_column_inner][\/vc_row_inner]<div class=\"gap\" style=\"line-height: 30px; height: 30px;\"><\/div>[vc_row_inner][vc_column_inner width=&#8220;1\/6&#8243;][\/vc_column_inner][vc_column_inner width=&#8220;2\/3&#8243;]<div id=\"ultimate-heading-251169eca749e104a\" class=\"uvc-heading ult-adjust-bottom-margin ultimate-heading-251169eca749e104a uvc-5279 \" data-hspacer=\"no_spacer\"  data-halign=\"left\" style=\"text-align:left\"><div class=\"uvc-heading-spacer no_spacer\" style=\"top\"><\/div><div class=\"uvc-main-heading ult-responsive\"  data-ultimate-target='.uvc-heading.ultimate-heading-251169eca749e104a h2'  data-responsive-json-new='{\"font-size\":\"desktop:42px;\",\"line-height\":\"desktop:50px;\"}' ><h2 style=\"--font-weight:theme;margin-bottom:30px;\">Visualisierung von Umbauten und Modernisierungen in der Planungsphase von Bauprojekten im Bestand<\/h2><\/div><div class=\"uvc-sub-heading ult-responsive\"  data-ultimate-target='.uvc-heading.ultimate-heading-251169eca749e104a .uvc-sub-heading '  data-responsive-json-new='{\"font-size\":\"desktop:22px;\",\"line-height\":\"desktop:35px;\"}'  style=\"font-weight:normal;\">In Zusammenarbeit mit einem Kunden aus dem Bereich Bauen im Bestand haben wir dessen Umbau- und Modernisierungspl\u00e4ne durch die Erstellung eines fotorealistischen und ma\u00dfstabsgetreuen digitalen Zwillings visualisiert.<\/div><\/div><div class=\"gap\" style=\"line-height: 50px; height: 50px;\"><\/div>[vc_single_image image=&#8220;37113&#8243; img_size=&#8220;full&#8220;]<div class=\"gap\" style=\"line-height: 60px; height: 60px;\"><\/div>[vc_column_text]<\/p>\n<h3><strong>Herausforderung<\/strong><\/h3>\n<p>In der Baubranche wird bei vielen Projekten im Bestand gearbeitet, was in der Planungsphase ein tiefes Verst\u00e4ndnis des Ist-Zustandes erfordert. Zus\u00e4tzlich ist eine exakte Darstellung der geplanten Ma\u00dfnahmen in den vorhandenen Grundrissen bzw. der Geb\u00e4udeumgebung von entscheidender Bedeutung. Unser Kunde, der Projekte im Bestand ausf\u00fchrt, suchte nach einer L\u00f6sung, Modernisierungen in Pl\u00e4nen und 3D-Modellen visuell pr\u00e4zise darzustellen.[\/vc_column_text]<div class=\"gap\" style=\"line-height: 50px; height: 50px;\"><\/div>[vc_column_text]<\/p>\n<h3><strong>L\u00f6sung<\/strong><\/h3>\n<p>Zur L\u00f6sung dieser Herausforderung implementierten wir unsere digitale Zwillingsplattform, die eine pr\u00e4zise Vorplanung direkt in einem fotorealistischen digitalen Zwilling erm\u00f6glicht. Durch die offene Struktur der FRAMENCE-Plattform konnte unser Kunde 3D-Modelle von Maschinen und Anlagen im IFC- sowie STEP-Format reibungslos in die digitale Zwillingsumgebung integrieren. Dadurch konnten wir den Zustand des Geb\u00e4udes nach Abschluss der zuk\u00fcnftigen Modernisierungsarbeiten darstellen.<\/p>\n<p>Durch die Nutzung der Messfunktion konnte unser Kunde zudem \u00fcberpr\u00fcfen, ob die Assets an den vorgesehenen Stellen Platz finden w\u00fcrden. Dar\u00fcber hinaus hat unser Kunde nun die M\u00f6glichkeit, 3D-Modelle aus dem digitalen Zwilling zu extrahieren. Diese Modelle k\u00f6nnen als Grundlage f\u00fcr weitere Planungsaufgaben dienen, beispielsweise f\u00fcr die Rohrleitungsplanung oder die Positionierung von Assets.[\/vc_column_text]<div class=\"gap\" style=\"line-height: 50px; height: 50px;\"><\/div>[vc_column_text]<\/p>\n<h3><strong>Benefits<\/strong><\/h3>\n<p>Durch die ma\u00dfstabsgetreue Vorplanung direkt im fotorealistischen digitalen Zwilling kann unser Kunde die bestehenden Gegebenheiten pr\u00e4zise ber\u00fccksichtigen. Dies f\u00fchrt zu einer genaueren und effektiveren Planung bei Projekten im Bestand. Die reibungslose Integration von 3D-Modellen und 3D-Komponenten von Herstellern, die M\u00f6glichkeit genaue Messungen durchzuf\u00fchren, sowie die M\u00f6glichkeit, 3D-Modelle direkt aus dem digitalen Zwilling zu extrahieren, erleichtern den Planungsprozess erheblich. Dies spart unserem Kunden Zeit sowie M\u00fche und verbessert die Zusammenarbeit zwischen verschiedenen Teams auf der Baustelle.[\/vc_column_text]<div class=\"gap\" style=\"line-height: 60px; height: 60px;\"><\/div>[vc_separator]<div class=\"gap\" style=\"line-height: 80px; height: 80px;\"><\/div>[\/vc_column_inner][vc_column_inner width=&#8220;1\/6&#8243;][\/vc_column_inner][\/vc_row_inner][vc_row_inner][vc_column_inner width=&#8220;1\/6&#8243;][\/vc_column_inner][vc_column_inner width=&#8220;2\/6&#8243;][vc_single_image image=&#8220;37131&#8243; img_size=&#8220;200&#215;200&#8243; alignment=&#8220;center&#8220;]<div class=\"gap\" style=\"line-height: 30px; height: 30px;\"><\/div>[\/vc_column_inner][vc_column_inner width=&#8220;1\/2&#8243;]<div id=\"ultimate-heading-759669eca749e1121\" class=\"uvc-heading ult-adjust-bottom-margin ultimate-heading-759669eca749e1121 uvc-7330  uvc-heading-default-font-sizes\" data-hspacer=\"no_spacer\"  data-halign=\"left\" style=\"text-align:left\"><div class=\"uvc-heading-spacer no_spacer\" style=\"top\"><\/div><div class=\"uvc-main-heading ult-responsive\"  data-ultimate-target='.uvc-heading.ultimate-heading-759669eca749e1121 h2'  data-responsive-json-new='{\"font-size\":\"\",\"line-height\":\"\"}' ><h2 style=\"--font-weight:theme;margin-bottom:10px;\">Noch Fragen?<\/h2><\/div><div class=\"uvc-sub-heading ult-responsive\"  data-ultimate-target='.uvc-heading.ultimate-heading-759669eca749e1121 .uvc-sub-heading '  data-responsive-json-new='{\"font-size\":\"\",\"line-height\":\"\"}'  style=\"font-weight:normal;\"><strong>Unser Projektmanager hilft Ihnen gerne weiter!<\/strong><\/p>\n<p>Wladislav Homm, Project Manager<\/div><\/div><div class=\"gap\" style=\"line-height: 30px; height: 30px;\"><\/div>[vc_btn title=&#8220;Kontaktieren Sie uns&#8220; style=&#8220;outline-custom&#8220; outline_custom_color=&#8220;#A32D33&#8243; outline_custom_hover_background=&#8220;#A32D33&#8243; outline_custom_hover_text=&#8220;#ffffff&#8220; shape=&#8220;square&#8220; align=&#8220;left&#8220; css=&#8220;&#8220; link=&#8220;url:%2Fde%2Fkontakt%2F&#8220;]<div class=\"gap\" style=\"line-height: 80px; height: 80px;\"><\/div>[\/vc_column_inner][\/vc_row_inner][\/vc_column][\/vc_row][vc_row bg_type=&#8220;bg_color&#8220; bg_override=&#8220;full&#8220; bg_color_value=&#8220;#ededed&#8220;][vc_column]<div class=\"gap\" style=\"line-height: 50px; height: 50px;\"><\/div>[\/vc_column][\/vc_row]<\/p>\n<\/div>","protected":false},"excerpt":{"rendered":"<p>[vc_row bg_type=&#8220;bg_color&#8220; bg_override=&#8220;full&#8220; bg_color_value=&#8220;#ededed&#8220; css=&#8220;.vc_custom_1701085557764{padding-top: 50px !important;}&#8220;][vc_column css=&#8220;.vc_custom_1700551267224{background-color: #ffffff !important;}&#8220;][vc_row_inner][vc_column_inner width=&#8220;1\/4&#8243;][\/vc_column_inner][vc_column_inner width=&#8220;1\/4&#8243;][\/vc_column_inner][vc_column_inner width=&#8220;1\/4&#8243;][\/vc_column_inner][vc_column_inner width=&#8220;1\/4&#8243;][\/vc_column_inner][\/vc_row_inner][vc_row_inner][vc_column_inner width=&#8220;1\/6&#8243;][\/vc_column_inner][vc_column_inner width=&#8220;2\/3&#8243;][vc_single_image image=&#8220;37113&#8243; img_size=&#8220;full&#8220;][vc_column_text] Herausforderung In der Baubranche wird bei vielen Projekten im Bestand gearbeitet, was in der Planungsphase ein tiefes Verst\u00e4ndnis des Ist-Zustandes erfordert. Zus\u00e4tzlich ist eine exakte Darstellung der geplanten Ma\u00dfnahmen in den vorhandenen Grundrissen bzw. der Geb\u00e4udeumgebung von&hellip;<\/p>\n","protected":false},"author":1,"featured_media":0,"parent":0,"menu_order":1,"comment_status":"closed","ping_status":"closed","template":"template-microsite.php","meta":{"footnotes":""},"class_list":["post-37004","page","type-page","status-publish","hentry","description-off"],"yoast_head":"<!-- This site is optimized with the Yoast SEO plugin v27.4 - https:\/\/yoast.com\/product\/yoast-seo-wordpress\/ -->\n<title>Case Study: Planen im Bestand | FRAMENCE<\/title>\n<meta name=\"description\" content=\"Planen im Bestand mit FRAMENCE: Visualisierung von Umbauten und Modernisierungen pr\u00e4zise, fotorealistisch und datenbasiert.\" \/>\n<meta name=\"robots\" content=\"index, follow, max-snippet:-1, max-image-preview:large, max-video-preview:-1\" \/>\n<link rel=\"canonical\" href=\"https:\/\/www.framence.com\/de\/case-study-planen-im-bestand\/\" \/>\n<meta property=\"og:locale\" content=\"de_DE\" \/>\n<meta property=\"og:type\" content=\"article\" \/>\n<meta property=\"og:title\" content=\"Case Study: Planen im Bestand | FRAMENCE\" \/>\n<meta property=\"og:description\" content=\"Planen im Bestand mit FRAMENCE: Visualisierung von Umbauten und Modernisierungen pr\u00e4zise, fotorealistisch und datenbasiert.\" \/>\n<meta property=\"og:url\" content=\"https:\/\/www.framence.com\/de\/case-study-planen-im-bestand\/\" \/>\n<meta property=\"og:site_name\" content=\"FRAMENCE\" \/>\n<meta property=\"article:modified_time\" content=\"2025-12-12T08:07:52+00:00\" \/>\n<meta property=\"og:image\" content=\"https:\/\/www.framence.com\/wp-content\/uploads\/2025\/12\/Framence_Favicon_32x32.png\" \/>\n\t<meta property=\"og:image:width\" content=\"32\" \/>\n\t<meta property=\"og:image:height\" content=\"32\" \/>\n\t<meta property=\"og:image:type\" content=\"image\/png\" \/>\n<meta name=\"twitter:card\" content=\"summary_large_image\" \/>\n<meta name=\"twitter:label1\" content=\"Gesch\u00e4tzte Lesezeit\" \/>\n\t<meta name=\"twitter:data1\" content=\"3\u00a0Minuten\" \/>\n<script type=\"application\/ld+json\" class=\"yoast-schema-graph\">{\"@context\":\"https:\\\/\\\/schema.org\",\"@graph\":[{\"@type\":\"WebPage\",\"@id\":\"https:\\\/\\\/www.framence.com\\\/de\\\/case-study-planen-im-bestand\\\/\",\"url\":\"https:\\\/\\\/www.framence.com\\\/de\\\/case-study-planen-im-bestand\\\/\",\"name\":\"Case Study: Planen im Bestand | FRAMENCE\",\"isPartOf\":{\"@id\":\"https:\\\/\\\/www.framence.com\\\/#website\"},\"datePublished\":\"2023-11-20T10:00:03+00:00\",\"dateModified\":\"2025-12-12T08:07:52+00:00\",\"description\":\"Planen im Bestand mit FRAMENCE: Visualisierung von Umbauten und Modernisierungen pr\u00e4zise, fotorealistisch und datenbasiert.\",\"breadcrumb\":{\"@id\":\"https:\\\/\\\/www.framence.com\\\/de\\\/case-study-planen-im-bestand\\\/#breadcrumb\"},\"inLanguage\":\"de\",\"potentialAction\":[{\"@type\":\"ReadAction\",\"target\":[\"https:\\\/\\\/www.framence.com\\\/de\\\/case-study-planen-im-bestand\\\/\"]}]},{\"@type\":\"BreadcrumbList\",\"@id\":\"https:\\\/\\\/www.framence.com\\\/de\\\/case-study-planen-im-bestand\\\/#breadcrumb\",\"itemListElement\":[{\"@type\":\"ListItem\",\"position\":1,\"name\":\"Startseite\",\"item\":\"https:\\\/\\\/www.framence.com\\\/de\\\/\"},{\"@type\":\"ListItem\",\"position\":2,\"name\":\"Case Study: Planen im Bestand\"}]},{\"@type\":\"WebSite\",\"@id\":\"https:\\\/\\\/www.framence.com\\\/#website\",\"url\":\"https:\\\/\\\/www.framence.com\\\/\",\"name\":\"FRAMENCE\",\"description\":\"\",\"potentialAction\":[{\"@type\":\"SearchAction\",\"target\":{\"@type\":\"EntryPoint\",\"urlTemplate\":\"https:\\\/\\\/www.framence.com\\\/?s={search_term_string}\"},\"query-input\":{\"@type\":\"PropertyValueSpecification\",\"valueRequired\":true,\"valueName\":\"search_term_string\"}}],\"inLanguage\":\"de\"}]}<\/script>\n<!-- \/ Yoast SEO plugin. -->","yoast_head_json":{"title":"Case Study: Planen im Bestand | FRAMENCE","description":"Planen im Bestand mit FRAMENCE: Visualisierung von Umbauten und Modernisierungen pr\u00e4zise, fotorealistisch und datenbasiert.","robots":{"index":"index","follow":"follow","max-snippet":"max-snippet:-1","max-image-preview":"max-image-preview:large","max-video-preview":"max-video-preview:-1"},"canonical":"https:\/\/www.framence.com\/de\/case-study-planen-im-bestand\/","og_locale":"de_DE","og_type":"article","og_title":"Case Study: Planen im Bestand | FRAMENCE","og_description":"Planen im Bestand mit FRAMENCE: Visualisierung von Umbauten und Modernisierungen pr\u00e4zise, fotorealistisch und datenbasiert.","og_url":"https:\/\/www.framence.com\/de\/case-study-planen-im-bestand\/","og_site_name":"FRAMENCE","article_modified_time":"2025-12-12T08:07:52+00:00","og_image":[{"width":32,"height":32,"url":"https:\/\/www.framence.com\/wp-content\/uploads\/2025\/12\/Framence_Favicon_32x32.png","type":"image\/png"}],"twitter_card":"summary_large_image","twitter_misc":{"Gesch\u00e4tzte Lesezeit":"3\u00a0Minuten"},"schema":{"@context":"https:\/\/schema.org","@graph":[{"@type":"WebPage","@id":"https:\/\/www.framence.com\/de\/case-study-planen-im-bestand\/","url":"https:\/\/www.framence.com\/de\/case-study-planen-im-bestand\/","name":"Case Study: Planen im Bestand | FRAMENCE","isPartOf":{"@id":"https:\/\/www.framence.com\/#website"},"datePublished":"2023-11-20T10:00:03+00:00","dateModified":"2025-12-12T08:07:52+00:00","description":"Planen im Bestand mit FRAMENCE: Visualisierung von Umbauten und Modernisierungen pr\u00e4zise, fotorealistisch und datenbasiert.","breadcrumb":{"@id":"https:\/\/www.framence.com\/de\/case-study-planen-im-bestand\/#breadcrumb"},"inLanguage":"de","potentialAction":[{"@type":"ReadAction","target":["https:\/\/www.framence.com\/de\/case-study-planen-im-bestand\/"]}]},{"@type":"BreadcrumbList","@id":"https:\/\/www.framence.com\/de\/case-study-planen-im-bestand\/#breadcrumb","itemListElement":[{"@type":"ListItem","position":1,"name":"Startseite","item":"https:\/\/www.framence.com\/de\/"},{"@type":"ListItem","position":2,"name":"Case Study: Planen im Bestand"}]},{"@type":"WebSite","@id":"https:\/\/www.framence.com\/#website","url":"https:\/\/www.framence.com\/","name":"FRAMENCE","description":"","potentialAction":[{"@type":"SearchAction","target":{"@type":"EntryPoint","urlTemplate":"https:\/\/www.framence.com\/?s={search_term_string}"},"query-input":{"@type":"PropertyValueSpecification","valueRequired":true,"valueName":"search_term_string"}}],"inLanguage":"de"}]}},"_links":{"self":[{"href":"https:\/\/www.framence.com\/de\/wp-json\/wp\/v2\/pages\/37004","targetHints":{"allow":["GET"]}}],"collection":[{"href":"https:\/\/www.framence.com\/de\/wp-json\/wp\/v2\/pages"}],"about":[{"href":"https:\/\/www.framence.com\/de\/wp-json\/wp\/v2\/types\/page"}],"author":[{"embeddable":true,"href":"https:\/\/www.framence.com\/de\/wp-json\/wp\/v2\/users\/1"}],"replies":[{"embeddable":true,"href":"https:\/\/www.framence.com\/de\/wp-json\/wp\/v2\/comments?post=37004"}],"version-history":[{"count":10,"href":"https:\/\/www.framence.com\/de\/wp-json\/wp\/v2\/pages\/37004\/revisions"}],"predecessor-version":[{"id":38570,"href":"https:\/\/www.framence.com\/de\/wp-json\/wp\/v2\/pages\/37004\/revisions\/38570"}],"wp:attachment":[{"href":"https:\/\/www.framence.com\/de\/wp-json\/wp\/v2\/media?parent=37004"}],"curies":[{"name":"wp","href":"https:\/\/api.w.org\/{rel}","templated":true}]}}