{"id":37010,"date":"2024-01-17T10:06:10","date_gmt":"2024-01-17T09:06:10","guid":{"rendered":"https:\/\/www.framence.com\/?page_id=37010"},"modified":"2025-12-12T11:44:51","modified_gmt":"2025-12-12T10:44:51","slug":"case-study-zentrale-informationsbereitstellung","status":"publish","type":"page","link":"https:\/\/www.framence.com\/de\/case-study-zentrale-informationsbereitstellung\/","title":{"rendered":"Case Study: Zentrale Informationsbereitstellung"},"content":{"rendered":"<div class=\"wpb-content-wrapper\"><p>[vc_row bg_type=&#8220;bg_color&#8220; bg_override=&#8220;full&#8220; bg_color_value=&#8220;#ededed&#8220; css=&#8220;.vc_custom_1701085557764{padding-top: 50px !important;}&#8220;][vc_column css=&#8220;.vc_custom_1700551267224{background-color: #ffffff !important;}&#8220;]<div class=\"gap\" style=\"line-height: 30px; height: 30px;\"><\/div>[vc_row_inner][vc_column_inner width=&#8220;1\/4&#8243;]<div id=\"highlight-box-wrap-1124\"  data-ultimate-target='#highlight-box-wrap-1124'  data-responsive-json-new='{\"font-size\":\"desktop:25px;\",\"line-height\":\"\"}'  class=\"ultimate-call-to-action ult-adjust-bottom-margin  ctaction-text-center ult-responsive\" style=\"font-weight:normal;color:#ffffff;background:#A32D33;padding-top:20px;padding-bottom:20px;\"  data-background=\"#A32D33\"  data-override=\"0\" ><div class=\"uvc-ctaction-data uvc-ctaction-data-no-effect ult-responsive\"><strong>CASE STUDY<\/strong><\/div><\/div>[\/vc_column_inner][vc_column_inner width=&#8220;1\/4&#8243;][\/vc_column_inner][vc_column_inner width=&#8220;1\/4&#8243;][\/vc_column_inner][vc_column_inner width=&#8220;1\/4&#8243;][\/vc_column_inner][\/vc_row_inner]<div class=\"gap\" style=\"line-height: 30px; height: 30px;\"><\/div>[vc_row_inner][vc_column_inner width=&#8220;1\/6&#8243;][\/vc_column_inner][vc_column_inner width=&#8220;2\/3&#8243;]<div id=\"ultimate-heading-758169eca86d10e1b\" class=\"uvc-heading ult-adjust-bottom-margin ultimate-heading-758169eca86d10e1b uvc-3681 \" data-hspacer=\"no_spacer\"  data-halign=\"left\" style=\"text-align:left\"><div class=\"uvc-heading-spacer no_spacer\" style=\"top\"><\/div><div class=\"uvc-main-heading ult-responsive\"  data-ultimate-target='.uvc-heading.ultimate-heading-758169eca86d10e1b h2'  data-responsive-json-new='{\"font-size\":\"desktop:42px;\",\"line-height\":\"desktop:50px;\"}' ><h2 style=\"--font-weight:theme;margin-bottom:30px;\">Daten in der Pharmaindustrie mit nur einem Klick speichern und abrufen<\/h2><\/div><div class=\"uvc-sub-heading ult-responsive\"  data-ultimate-target='.uvc-heading.ultimate-heading-758169eca86d10e1b .uvc-sub-heading '  data-responsive-json-new='{\"font-size\":\"desktop:22px;\",\"line-height\":\"desktop:35px;\"}'  style=\"font-weight:normal;\">Um einen Kunden aus der Pharmaindustrie bei der ad-hoc Speicherung, Abrufung und Dokumentation von Informationen zu unterst\u00fctzen, haben wir einen fotorealistischen digitalen Zwilling seines Werks und seiner Labore erstellt. Auch s\u00e4mtliche notwendigen Informationen von Drittanbietern haben wir in den digitalen Zwilling integriert.<\/div><\/div><div class=\"gap\" style=\"line-height: 50px; height: 50px;\"><\/div>[vc_single_image image=&#8220;37115&#8243; img_size=&#8220;full&#8220;]<div class=\"gap\" style=\"line-height: 60px; height: 60px;\"><\/div>[vc_column_text]<\/p>\n<h3><strong>Herausforderung<\/strong><\/h3>\n<p>In der Pharmaindustrie werden w\u00e4hrend der gesamten Lebensdauer von Anlagen umfangreiche Daten generiert. Der spontane Zugriff auf diese Daten kann jedoch ein zeitaufw\u00e4ndiger Prozess sein, der oft einen erheblichen Aufwand durch verschiedene Softwarel\u00f6sungen hindurch erfordert. Angesichts der Notwendigkeit, Informationen schnell und effizient zu speichern und abzurufen, suchte unser Kunde nach einer L\u00f6sung, die diese Prozesse optimiert.[\/vc_column_text]<div class=\"gap\" style=\"line-height: 50px; height: 50px;\"><\/div>[vc_column_text]<\/p>\n<h3><strong>L\u00f6sung<\/strong><\/h3>\n<p>Um die Herausforderungen der Verwaltung und des Zugriffs auf umfangreiche Datenmengen in der Pharmaindustrie zu bew\u00e4ltigen, haben wir unsere Plattform f\u00fcr fotorealistische digitale Zwillinge, FRAMENCE, eingef\u00fchrt. Der digitale Zwilling fungiert als umfassende L\u00f6sung und bietet einen \u201eSingle Point of Data Access\u201c. Relevante Informationen wurden direkt in den digitalen Zwilling integriert, sodass unser Kunde die ben\u00f6tigten Daten m\u00fchelos mit nur wenigen Klicks finden und abrufen kann. Die intuitive Benutzeroberfl\u00e4che unserer digitalen Zwillingplattform vereinfacht den Prozess des Informationsabrufs weiter und bietet eine nahtlose und benutzerfreundliche Erfahrung. Dar\u00fcber hinaus erm\u00f6glichen Schnittstellen im digitalen Zwilling die einfache Integration von Drittsystemen. Das sorgt f\u00fcr einen reibungslosen \u00dcbergang zwischen verschiedenen Softwarel\u00f6sungen.[\/vc_column_text]<div class=\"gap\" style=\"line-height: 50px; height: 50px;\"><\/div>[vc_column_text]<\/p>\n<h3><strong>Benefits<\/strong><\/h3>\n<p>Die M\u00f6glichkeit, mit nur einer Softwarel\u00f6sung auf alle vorhandenen Daten zugreifen zu k\u00f6nnen, hat ma\u00dfgeblich dazu beigetragen, den zeitlichen und arbeitsbezogenen Aufwand unseres Kunden f\u00fcr ad-hoc Datensuchen zu reduzieren. Innerhalb der digitalen Zwillingsumgebung k\u00f6nnen die Mitarbeiter nun schnell und effizient auf s\u00e4mtliche ben\u00f6tigten Informationen zugreifen. Die reibungslose Integration von Drittanbietersystemen gew\u00e4hrleistet eine flexible Arbeitsablaufgestaltung und erm\u00f6glicht es unserem Kunden, m\u00fchelos zwischen verschiedenen Softwarel\u00f6sungen zu wechseln, um die Daten zu verarbeiten. Dabei werden die Sicherheitsprotokolle f\u00fcr kritische Daten stets gewahrt. Diese Vorgehensweise steigert nicht nur die Gesamteffizienz des Informationsmanagements, sondern tr\u00e4gt auch zu einer schlankeren und benutzerfreundlicheren Erfahrung f\u00fcr unseren Kunden aus der Pharmaindustrie bei.[\/vc_column_text]<div class=\"gap\" style=\"line-height: 60px; height: 60px;\"><\/div>[vc_separator]<div class=\"gap\" style=\"line-height: 80px; height: 80px;\"><\/div>[\/vc_column_inner][vc_column_inner width=&#8220;1\/6&#8243;][\/vc_column_inner][\/vc_row_inner][vc_row_inner][vc_column_inner width=&#8220;1\/6&#8243;][\/vc_column_inner][vc_column_inner width=&#8220;2\/6&#8243;][vc_single_image image=&#8220;37131&#8243; img_size=&#8220;200&#215;200&#8243; alignment=&#8220;center&#8220;]<div class=\"gap\" style=\"line-height: 30px; height: 30px;\"><\/div>[\/vc_column_inner][vc_column_inner width=&#8220;1\/2&#8243;]<div id=\"ultimate-heading-418169eca86d10ed5\" class=\"uvc-heading ult-adjust-bottom-margin ultimate-heading-418169eca86d10ed5 uvc-7392  uvc-heading-default-font-sizes\" data-hspacer=\"no_spacer\"  data-halign=\"left\" style=\"text-align:left\"><div class=\"uvc-heading-spacer no_spacer\" style=\"top\"><\/div><div class=\"uvc-main-heading ult-responsive\"  data-ultimate-target='.uvc-heading.ultimate-heading-418169eca86d10ed5 h2'  data-responsive-json-new='{\"font-size\":\"\",\"line-height\":\"\"}' ><h2 style=\"--font-weight:theme;margin-bottom:10px;\">Noch Fragen?<\/h2><\/div><div class=\"uvc-sub-heading ult-responsive\"  data-ultimate-target='.uvc-heading.ultimate-heading-418169eca86d10ed5 .uvc-sub-heading '  data-responsive-json-new='{\"font-size\":\"\",\"line-height\":\"\"}'  style=\"font-weight:normal;\"><strong>Unser Projektmanager hilft Ihnen gerne weiter!<\/strong><\/p>\n<p>Wladislav Homm, Project Manager<\/div><\/div><div class=\"gap\" style=\"line-height: 30px; height: 30px;\"><\/div>[vc_btn title=&#8220;Kontaktieren Sie uns&#8220; style=&#8220;outline-custom&#8220; outline_custom_color=&#8220;#A32D33&#8243; outline_custom_hover_background=&#8220;#A32D33&#8243; outline_custom_hover_text=&#8220;#ffffff&#8220; shape=&#8220;square&#8220; align=&#8220;left&#8220; css=&#8220;&#8220; link=&#8220;url:%2Fde%2Fkontakt%2F&#8220;]<div class=\"gap\" style=\"line-height: 80px; height: 80px;\"><\/div>[\/vc_column_inner][\/vc_row_inner][\/vc_column][\/vc_row][vc_row bg_type=&#8220;bg_color&#8220; bg_override=&#8220;full&#8220; bg_color_value=&#8220;#ededed&#8220;][vc_column]<div class=\"gap\" style=\"line-height: 50px; height: 50px;\"><\/div>[\/vc_column][\/vc_row]<\/p>\n<\/div>","protected":false},"excerpt":{"rendered":"<p>[vc_row bg_type=&#8220;bg_color&#8220; bg_override=&#8220;full&#8220; bg_color_value=&#8220;#ededed&#8220; css=&#8220;.vc_custom_1701085557764{padding-top: 50px !important;}&#8220;][vc_column css=&#8220;.vc_custom_1700551267224{background-color: #ffffff !important;}&#8220;][vc_row_inner][vc_column_inner width=&#8220;1\/4&#8243;][\/vc_column_inner][vc_column_inner width=&#8220;1\/4&#8243;][\/vc_column_inner][vc_column_inner width=&#8220;1\/4&#8243;][\/vc_column_inner][vc_column_inner width=&#8220;1\/4&#8243;][\/vc_column_inner][\/vc_row_inner][vc_row_inner][vc_column_inner width=&#8220;1\/6&#8243;][\/vc_column_inner][vc_column_inner width=&#8220;2\/3&#8243;][vc_single_image image=&#8220;37115&#8243; img_size=&#8220;full&#8220;][vc_column_text] Herausforderung In der Pharmaindustrie werden w\u00e4hrend der gesamten Lebensdauer von Anlagen umfangreiche Daten generiert. Der spontane Zugriff auf diese Daten kann jedoch ein zeitaufw\u00e4ndiger Prozess sein, der oft einen erheblichen Aufwand durch verschiedene Softwarel\u00f6sungen hindurch erfordert. Angesichts&hellip;<\/p>\n","protected":false},"author":1,"featured_media":0,"parent":0,"menu_order":1,"comment_status":"closed","ping_status":"closed","template":"template-microsite.php","meta":{"footnotes":""},"class_list":["post-37010","page","type-page","status-publish","hentry","description-off"],"yoast_head":"<!-- This site is optimized with the Yoast SEO plugin v27.4 - https:\/\/yoast.com\/product\/yoast-seo-wordpress\/ -->\n<title>Case Study: Zentrale Informationsbereitstellung | FRAMENCE<\/title>\n<meta name=\"description\" content=\"Zentrale Informationsbereitstellung mit FRAMENCE: Daten b\u00fcndeln, Prozesse optimieren und Informationen effizient bereitstellen.\" \/>\n<meta name=\"robots\" content=\"index, follow, max-snippet:-1, max-image-preview:large, max-video-preview:-1\" \/>\n<link rel=\"canonical\" href=\"https:\/\/www.framence.com\/de\/case-study-zentrale-informationsbereitstellung\/\" \/>\n<meta property=\"og:locale\" content=\"de_DE\" \/>\n<meta property=\"og:type\" content=\"article\" \/>\n<meta property=\"og:title\" content=\"Case Study: Zentrale Informationsbereitstellung | FRAMENCE\" \/>\n<meta property=\"og:description\" content=\"Zentrale Informationsbereitstellung mit FRAMENCE: Daten b\u00fcndeln, Prozesse optimieren und Informationen effizient bereitstellen.\" \/>\n<meta property=\"og:url\" content=\"https:\/\/www.framence.com\/de\/case-study-zentrale-informationsbereitstellung\/\" \/>\n<meta property=\"og:site_name\" content=\"FRAMENCE\" \/>\n<meta property=\"article:modified_time\" content=\"2025-12-12T10:44:51+00:00\" \/>\n<meta property=\"og:image\" content=\"https:\/\/www.framence.com\/wp-content\/uploads\/2025\/12\/Framence_Favicon_32x32.png\" \/>\n\t<meta property=\"og:image:width\" content=\"32\" \/>\n\t<meta property=\"og:image:height\" content=\"32\" \/>\n\t<meta property=\"og:image:type\" content=\"image\/png\" \/>\n<meta name=\"twitter:card\" content=\"summary_large_image\" \/>\n<meta name=\"twitter:label1\" content=\"Gesch\u00e4tzte Lesezeit\" \/>\n\t<meta name=\"twitter:data1\" content=\"3\u00a0Minuten\" \/>\n<script type=\"application\/ld+json\" class=\"yoast-schema-graph\">{\"@context\":\"https:\\\/\\\/schema.org\",\"@graph\":[{\"@type\":\"WebPage\",\"@id\":\"https:\\\/\\\/www.framence.com\\\/de\\\/case-study-zentrale-informationsbereitstellung\\\/\",\"url\":\"https:\\\/\\\/www.framence.com\\\/de\\\/case-study-zentrale-informationsbereitstellung\\\/\",\"name\":\"Case Study: Zentrale Informationsbereitstellung | FRAMENCE\",\"isPartOf\":{\"@id\":\"https:\\\/\\\/www.framence.com\\\/#website\"},\"datePublished\":\"2024-01-17T09:06:10+00:00\",\"dateModified\":\"2025-12-12T10:44:51+00:00\",\"description\":\"Zentrale Informationsbereitstellung mit FRAMENCE: Daten b\u00fcndeln, Prozesse optimieren und Informationen effizient bereitstellen.\",\"breadcrumb\":{\"@id\":\"https:\\\/\\\/www.framence.com\\\/de\\\/case-study-zentrale-informationsbereitstellung\\\/#breadcrumb\"},\"inLanguage\":\"de\",\"potentialAction\":[{\"@type\":\"ReadAction\",\"target\":[\"https:\\\/\\\/www.framence.com\\\/de\\\/case-study-zentrale-informationsbereitstellung\\\/\"]}]},{\"@type\":\"BreadcrumbList\",\"@id\":\"https:\\\/\\\/www.framence.com\\\/de\\\/case-study-zentrale-informationsbereitstellung\\\/#breadcrumb\",\"itemListElement\":[{\"@type\":\"ListItem\",\"position\":1,\"name\":\"Startseite\",\"item\":\"https:\\\/\\\/www.framence.com\\\/de\\\/\"},{\"@type\":\"ListItem\",\"position\":2,\"name\":\"Case Study: Zentrale Informationsbereitstellung\"}]},{\"@type\":\"WebSite\",\"@id\":\"https:\\\/\\\/www.framence.com\\\/#website\",\"url\":\"https:\\\/\\\/www.framence.com\\\/\",\"name\":\"FRAMENCE\",\"description\":\"\",\"potentialAction\":[{\"@type\":\"SearchAction\",\"target\":{\"@type\":\"EntryPoint\",\"urlTemplate\":\"https:\\\/\\\/www.framence.com\\\/?s={search_term_string}\"},\"query-input\":{\"@type\":\"PropertyValueSpecification\",\"valueRequired\":true,\"valueName\":\"search_term_string\"}}],\"inLanguage\":\"de\"}]}<\/script>\n<!-- \/ Yoast SEO plugin. -->","yoast_head_json":{"title":"Case Study: Zentrale Informationsbereitstellung | FRAMENCE","description":"Zentrale Informationsbereitstellung mit FRAMENCE: Daten b\u00fcndeln, Prozesse optimieren und Informationen effizient bereitstellen.","robots":{"index":"index","follow":"follow","max-snippet":"max-snippet:-1","max-image-preview":"max-image-preview:large","max-video-preview":"max-video-preview:-1"},"canonical":"https:\/\/www.framence.com\/de\/case-study-zentrale-informationsbereitstellung\/","og_locale":"de_DE","og_type":"article","og_title":"Case Study: Zentrale Informationsbereitstellung | FRAMENCE","og_description":"Zentrale Informationsbereitstellung mit FRAMENCE: Daten b\u00fcndeln, Prozesse optimieren und Informationen effizient bereitstellen.","og_url":"https:\/\/www.framence.com\/de\/case-study-zentrale-informationsbereitstellung\/","og_site_name":"FRAMENCE","article_modified_time":"2025-12-12T10:44:51+00:00","og_image":[{"width":32,"height":32,"url":"https:\/\/www.framence.com\/wp-content\/uploads\/2025\/12\/Framence_Favicon_32x32.png","type":"image\/png"}],"twitter_card":"summary_large_image","twitter_misc":{"Gesch\u00e4tzte Lesezeit":"3\u00a0Minuten"},"schema":{"@context":"https:\/\/schema.org","@graph":[{"@type":"WebPage","@id":"https:\/\/www.framence.com\/de\/case-study-zentrale-informationsbereitstellung\/","url":"https:\/\/www.framence.com\/de\/case-study-zentrale-informationsbereitstellung\/","name":"Case Study: Zentrale Informationsbereitstellung | FRAMENCE","isPartOf":{"@id":"https:\/\/www.framence.com\/#website"},"datePublished":"2024-01-17T09:06:10+00:00","dateModified":"2025-12-12T10:44:51+00:00","description":"Zentrale Informationsbereitstellung mit FRAMENCE: Daten b\u00fcndeln, Prozesse optimieren und Informationen effizient bereitstellen.","breadcrumb":{"@id":"https:\/\/www.framence.com\/de\/case-study-zentrale-informationsbereitstellung\/#breadcrumb"},"inLanguage":"de","potentialAction":[{"@type":"ReadAction","target":["https:\/\/www.framence.com\/de\/case-study-zentrale-informationsbereitstellung\/"]}]},{"@type":"BreadcrumbList","@id":"https:\/\/www.framence.com\/de\/case-study-zentrale-informationsbereitstellung\/#breadcrumb","itemListElement":[{"@type":"ListItem","position":1,"name":"Startseite","item":"https:\/\/www.framence.com\/de\/"},{"@type":"ListItem","position":2,"name":"Case Study: Zentrale Informationsbereitstellung"}]},{"@type":"WebSite","@id":"https:\/\/www.framence.com\/#website","url":"https:\/\/www.framence.com\/","name":"FRAMENCE","description":"","potentialAction":[{"@type":"SearchAction","target":{"@type":"EntryPoint","urlTemplate":"https:\/\/www.framence.com\/?s={search_term_string}"},"query-input":{"@type":"PropertyValueSpecification","valueRequired":true,"valueName":"search_term_string"}}],"inLanguage":"de"}]}},"_links":{"self":[{"href":"https:\/\/www.framence.com\/de\/wp-json\/wp\/v2\/pages\/37010","targetHints":{"allow":["GET"]}}],"collection":[{"href":"https:\/\/www.framence.com\/de\/wp-json\/wp\/v2\/pages"}],"about":[{"href":"https:\/\/www.framence.com\/de\/wp-json\/wp\/v2\/types\/page"}],"author":[{"embeddable":true,"href":"https:\/\/www.framence.com\/de\/wp-json\/wp\/v2\/users\/1"}],"replies":[{"embeddable":true,"href":"https:\/\/www.framence.com\/de\/wp-json\/wp\/v2\/comments?post=37010"}],"version-history":[{"count":6,"href":"https:\/\/www.framence.com\/de\/wp-json\/wp\/v2\/pages\/37010\/revisions"}],"predecessor-version":[{"id":38577,"href":"https:\/\/www.framence.com\/de\/wp-json\/wp\/v2\/pages\/37010\/revisions\/38577"}],"wp:attachment":[{"href":"https:\/\/www.framence.com\/de\/wp-json\/wp\/v2\/media?parent=37010"}],"curies":[{"name":"wp","href":"https:\/\/api.w.org\/{rel}","templated":true}]}}