{"id":37013,"date":"2024-01-17T10:06:30","date_gmt":"2024-01-17T09:06:30","guid":{"rendered":"https:\/\/www.framence.com\/?page_id=37013"},"modified":"2025-12-12T10:28:20","modified_gmt":"2025-12-12T09:28:20","slug":"case-study-onboarding-und-training","status":"publish","type":"page","link":"https:\/\/www.framence.com\/de\/case-study-onboarding-und-training\/","title":{"rendered":"Case Study: Onboarding und Training"},"content":{"rendered":"<div class=\"wpb-content-wrapper\"><p>[vc_row bg_type=&#8220;bg_color&#8220; bg_override=&#8220;full&#8220; bg_color_value=&#8220;#ededed&#8220; css=&#8220;.vc_custom_1701085557764{padding-top: 50px !important;}&#8220;][vc_column css=&#8220;.vc_custom_1700551267224{background-color: #ffffff !important;}&#8220;]<div class=\"gap\" style=\"line-height: 30px; height: 30px;\"><\/div>[vc_row_inner][vc_column_inner width=&#8220;1\/4&#8243;]<div id=\"highlight-box-wrap-5769\"  data-ultimate-target='#highlight-box-wrap-5769'  data-responsive-json-new='{\"font-size\":\"desktop:25px;\",\"line-height\":\"\"}'  class=\"ultimate-call-to-action ult-adjust-bottom-margin  ctaction-text-center ult-responsive\" style=\"font-weight:normal;color:#ffffff;background:#A32D33;padding-top:20px;padding-bottom:20px;\"  data-background=\"#A32D33\"  data-override=\"0\" ><div class=\"uvc-ctaction-data uvc-ctaction-data-no-effect ult-responsive\"><strong>CASE STUDY<\/strong><\/div><\/div>[\/vc_column_inner][vc_column_inner width=&#8220;1\/4&#8243;][\/vc_column_inner][vc_column_inner width=&#8220;1\/4&#8243;][\/vc_column_inner][vc_column_inner width=&#8220;1\/4&#8243;][\/vc_column_inner][\/vc_row_inner]<div class=\"gap\" style=\"line-height: 30px; height: 30px;\"><\/div>[vc_row_inner][vc_column_inner width=&#8220;1\/6&#8243;][\/vc_column_inner][vc_column_inner width=&#8220;2\/3&#8243;]<div id=\"ultimate-heading-802869f46cdbcf376\" class=\"uvc-heading ult-adjust-bottom-margin ultimate-heading-802869f46cdbcf376 uvc-1553 \" data-hspacer=\"no_spacer\"  data-halign=\"left\" style=\"text-align:left\"><div class=\"uvc-heading-spacer no_spacer\" style=\"top\"><\/div><div class=\"uvc-main-heading ult-responsive\"  data-ultimate-target='.uvc-heading.ultimate-heading-802869f46cdbcf376 h2'  data-responsive-json-new='{\"font-size\":\"desktop:42px;\",\"line-height\":\"desktop:50px;\"}' ><h2 style=\"--font-weight:theme;margin-bottom:30px;\">Schulung und Onboarding von Mitarbeitern in der Lebensmittelindustrie<\/h2><\/div><div class=\"uvc-sub-heading ult-responsive\"  data-ultimate-target='.uvc-heading.ultimate-heading-802869f46cdbcf376 .uvc-sub-heading '  data-responsive-json-new='{\"font-size\":\"desktop:22px;\",\"line-height\":\"desktop:35px;\"}'  style=\"font-weight:normal;\">Um einen Kunden aus der Lebensmittelbranche bei der effizienteren, schnelleren und kosteng\u00fcnstigeren Schulung von Mitarbeitern und dem Onboarding neuer Teammitglieder zu unterst\u00fctzen, haben wir einen fotorealistischen digitalen Zwilling seiner Lebensmittelfabrik und der darin befindlichen Maschinen erstellt. Zus\u00e4tzlich haben wir eine Virtual-Reality-Umgebung geschaffen, die es den Mitarbeitern erm\u00f6glicht, geschult und eingearbeitet zu werden, ohne dabei den t\u00e4glichen Betrieb zu st\u00f6ren.<\/div><\/div><div class=\"gap\" style=\"line-height: 50px; height: 50px;\"><\/div>[vc_single_image image=&#8220;37117&#8243; img_size=&#8220;full&#8220;]<div class=\"gap\" style=\"line-height: 60px; height: 60px;\"><\/div>[vc_column_text]<\/p>\n<h3><strong>Herausforderung<\/strong><\/h3>\n<p>Die Lebensmittelindustrie ist gepr\u00e4gt von komplexen technischen Prozessen und hochkomplizierten Maschinen. Das erfordert eine gr\u00fcndliche Schulung und Einarbeitung neuer Mitarbeiter, um Sicherheit und Effizienz zu gew\u00e4hrleisten. H\u00e4ufig bedienen sich herk\u00f6mmliche Schulungs- und Einarbeitungsmethoden jedoch zeitaufw\u00e4ndiger und kostspieliger Vor-Ort-Einweisungen, die den regul\u00e4ren Betrieb st\u00f6ren k\u00f6nnen und potenzielle Risiken f\u00fcr die Sicherheit der Mitarbeiter mit sich bringen.[\/vc_column_text]<div class=\"gap\" style=\"line-height: 50px; height: 50px;\"><\/div>[vc_column_text]<\/p>\n<h3><strong>L\u00f6sung<\/strong><\/h3>\n<p>Zur L\u00f6sung dieser Herausforderung haben wir unsere fotorealistischen digitalen Zwillinge eingesetzt, um immersive und interaktive Schulungsumgebungen zu schaffen. Dabei haben wir mithilfe von einfachen Fotos Lebensmittelproduktionsanlagen und -ger\u00e4te detailgetreu nachgebildet. Dieser digitale Zwilling umfasste nicht nur die Fabrikumgebung, sondern auch die darin befindlichen Maschinen.<\/p>\n<p>Um autonomes Training und das Onboarding von Mitarbeitern zu erm\u00f6glichen, integrierten wir pr\u00e4zise Asset-Anmerkungen, Anweisungen, Videos und Handb\u00fccher in den digitalen Zwilling, und zwar direkt an der Anlage. Dadurch wird der Zugang zu Informationen und Anleitungen erleichtert. Zus\u00e4tzlich implementierten wir Virtual-Reality-Funktionen, um eine immersive Schulungserfahrung zu erm\u00f6glichen, ohne dass das Team vor Ort sein muss.[\/vc_column_text]<div class=\"gap\" style=\"line-height: 50px; height: 50px;\"><\/div>[vc_column_text]<\/p>\n<h3><strong>Benefits<\/strong><\/h3>\n<p>Unser Kunde konnte die Schulungszeit und Onboarding-Kosten erheblich reduzieren, w\u00e4hrend gleichzeitig die Sicherheit der Mitarbeiter gesteigert und Unterbrechungen des t\u00e4glichen Betriebs vermieden wurden. Die immersive und interaktive Lernerfahrung f\u00fchrte zu einer verbesserten Schulungseffizienz und Wissensspeicherung. Durch die gr\u00f6\u00dfere Flexibilit\u00e4t und Zug\u00e4nglichkeit der Schulungsmaterialien k\u00f6nnen die Mitarbeiter unseres Kunden nun in ihrem eigenen Tempo und zu ihrer eigenen Zeit lernen.<\/p>\n<p>Zus\u00e4tzlich ist die L\u00f6sung skalierbar und kann leicht an neue Ger\u00e4te oder Prozess\u00e4nderungen angepasst werden. Sie kann international in verschiedenen Lebensmittelfabriken eingesetzt werden, was einen weiteren Vorteil f\u00fcr die Effizienz und Konsistenz der Schulungsprozesse darstellt.[\/vc_column_text]<div class=\"gap\" style=\"line-height: 60px; height: 60px;\"><\/div>[vc_separator]<div class=\"gap\" style=\"line-height: 80px; height: 80px;\"><\/div>[\/vc_column_inner][vc_column_inner width=&#8220;1\/6&#8243;][\/vc_column_inner][\/vc_row_inner][vc_row_inner][vc_column_inner width=&#8220;1\/6&#8243;][\/vc_column_inner][vc_column_inner width=&#8220;2\/6&#8243;][vc_single_image image=&#8220;37131&#8243; img_size=&#8220;200&#215;200&#8243; alignment=&#8220;center&#8220;]<div class=\"gap\" style=\"line-height: 30px; height: 30px;\"><\/div>[\/vc_column_inner][vc_column_inner width=&#8220;1\/2&#8243;]<div id=\"ultimate-heading-320069f46cdbcf48a\" class=\"uvc-heading ult-adjust-bottom-margin ultimate-heading-320069f46cdbcf48a uvc-8854  uvc-heading-default-font-sizes\" data-hspacer=\"no_spacer\"  data-halign=\"left\" style=\"text-align:left\"><div class=\"uvc-heading-spacer no_spacer\" style=\"top\"><\/div><div class=\"uvc-main-heading ult-responsive\"  data-ultimate-target='.uvc-heading.ultimate-heading-320069f46cdbcf48a h2'  data-responsive-json-new='{\"font-size\":\"\",\"line-height\":\"\"}' ><h2 style=\"--font-weight:theme;margin-bottom:10px;\">Noch Fragen?<\/h2><\/div><div class=\"uvc-sub-heading ult-responsive\"  data-ultimate-target='.uvc-heading.ultimate-heading-320069f46cdbcf48a .uvc-sub-heading '  data-responsive-json-new='{\"font-size\":\"\",\"line-height\":\"\"}'  style=\"font-weight:normal;\"><strong>Unser Projektmanager hilft Ihnen gerne weiter!<\/strong><\/p>\n<p>Wladislav Homm, Project Manager<\/div><\/div><div class=\"gap\" style=\"line-height: 30px; height: 30px;\"><\/div>[vc_btn title=&#8220;Kontaktieren Sie uns&#8220; style=&#8220;outline-custom&#8220; outline_custom_color=&#8220;#A32D33&#8243; outline_custom_hover_background=&#8220;#A32D33&#8243; outline_custom_hover_text=&#8220;#ffffff&#8220; shape=&#8220;square&#8220; align=&#8220;left&#8220; css=&#8220;&#8220; link=&#8220;url:%2Fde%2Fkontakt%2F&#8220;]<div class=\"gap\" style=\"line-height: 80px; height: 80px;\"><\/div>[\/vc_column_inner][\/vc_row_inner][\/vc_column][\/vc_row][vc_row bg_type=&#8220;bg_color&#8220; bg_override=&#8220;full&#8220; bg_color_value=&#8220;#ededed&#8220;][vc_column]<div class=\"gap\" style=\"line-height: 50px; height: 50px;\"><\/div>[\/vc_column][\/vc_row]<\/p>\n<\/div>","protected":false},"excerpt":{"rendered":"<p>[vc_row bg_type=&#8220;bg_color&#8220; bg_override=&#8220;full&#8220; bg_color_value=&#8220;#ededed&#8220; css=&#8220;.vc_custom_1701085557764{padding-top: 50px !important;}&#8220;][vc_column css=&#8220;.vc_custom_1700551267224{background-color: #ffffff !important;}&#8220;][vc_row_inner][vc_column_inner width=&#8220;1\/4&#8243;][\/vc_column_inner][vc_column_inner width=&#8220;1\/4&#8243;][\/vc_column_inner][vc_column_inner width=&#8220;1\/4&#8243;][\/vc_column_inner][vc_column_inner width=&#8220;1\/4&#8243;][\/vc_column_inner][\/vc_row_inner][vc_row_inner][vc_column_inner width=&#8220;1\/6&#8243;][\/vc_column_inner][vc_column_inner width=&#8220;2\/3&#8243;][vc_single_image image=&#8220;37117&#8243; img_size=&#8220;full&#8220;][vc_column_text] Herausforderung Die Lebensmittelindustrie ist gepr\u00e4gt von komplexen technischen Prozessen und hochkomplizierten Maschinen. Das erfordert eine gr\u00fcndliche Schulung und Einarbeitung neuer Mitarbeiter, um Sicherheit und Effizienz zu gew\u00e4hrleisten. H\u00e4ufig bedienen sich herk\u00f6mmliche Schulungs- und Einarbeitungsmethoden jedoch zeitaufw\u00e4ndiger und&hellip;<\/p>\n","protected":false},"author":1,"featured_media":0,"parent":0,"menu_order":1,"comment_status":"closed","ping_status":"closed","template":"template-microsite.php","meta":{"footnotes":""},"class_list":["post-37013","page","type-page","status-publish","hentry","description-off"],"yoast_head":"<!-- This site is optimized with the Yoast SEO plugin v27.5 - https:\/\/yoast.com\/product\/yoast-seo-wordpress\/ -->\n<title>Case Study: Onboarding &amp; Training | FRAMENCE<\/title>\n<meta name=\"description\" content=\"Onboarding &amp; Training mit FRAMENCE: Unternehmen beim Einstieg in die FRAMENCE-Plattform unterst\u00fctzen, Nutzung sicherstellen und Know-how effizient vermitteln.\" \/>\n<meta name=\"robots\" content=\"index, follow, max-snippet:-1, max-image-preview:large, max-video-preview:-1\" \/>\n<link rel=\"canonical\" href=\"https:\/\/www.framence.com\/de\/case-study-onboarding-und-training\/\" \/>\n<meta property=\"og:locale\" content=\"de_DE\" \/>\n<meta property=\"og:type\" content=\"article\" \/>\n<meta property=\"og:title\" content=\"Case Study: Onboarding &amp; Training | FRAMENCE\" \/>\n<meta property=\"og:description\" content=\"Onboarding &amp; Training mit FRAMENCE: Unternehmen beim Einstieg in die FRAMENCE-Plattform unterst\u00fctzen, Nutzung sicherstellen und Know-how effizient vermitteln.\" \/>\n<meta property=\"og:url\" content=\"https:\/\/www.framence.com\/de\/case-study-onboarding-und-training\/\" \/>\n<meta property=\"og:site_name\" content=\"FRAMENCE\" \/>\n<meta property=\"article:modified_time\" content=\"2025-12-12T09:28:20+00:00\" \/>\n<meta property=\"og:image\" content=\"https:\/\/www.framence.com\/wp-content\/uploads\/2025\/12\/Framence_Favicon_32x32.png\" \/>\n\t<meta property=\"og:image:width\" content=\"32\" \/>\n\t<meta property=\"og:image:height\" content=\"32\" \/>\n\t<meta property=\"og:image:type\" content=\"image\/png\" \/>\n<meta name=\"twitter:card\" content=\"summary_large_image\" \/>\n<meta name=\"twitter:label1\" content=\"Gesch\u00e4tzte Lesezeit\" \/>\n\t<meta name=\"twitter:data1\" content=\"3\u00a0Minuten\" \/>\n<script type=\"application\/ld+json\" class=\"yoast-schema-graph\">{\"@context\":\"https:\\\/\\\/schema.org\",\"@graph\":[{\"@type\":\"WebPage\",\"@id\":\"https:\\\/\\\/www.framence.com\\\/de\\\/case-study-onboarding-und-training\\\/\",\"url\":\"https:\\\/\\\/www.framence.com\\\/de\\\/case-study-onboarding-und-training\\\/\",\"name\":\"Case Study: Onboarding & Training | FRAMENCE\",\"isPartOf\":{\"@id\":\"https:\\\/\\\/www.framence.com\\\/#website\"},\"datePublished\":\"2024-01-17T09:06:30+00:00\",\"dateModified\":\"2025-12-12T09:28:20+00:00\",\"description\":\"Onboarding & Training mit FRAMENCE: Unternehmen beim Einstieg in die FRAMENCE-Plattform unterst\u00fctzen, Nutzung sicherstellen und Know-how effizient vermitteln.\",\"breadcrumb\":{\"@id\":\"https:\\\/\\\/www.framence.com\\\/de\\\/case-study-onboarding-und-training\\\/#breadcrumb\"},\"inLanguage\":\"de\",\"potentialAction\":[{\"@type\":\"ReadAction\",\"target\":[\"https:\\\/\\\/www.framence.com\\\/de\\\/case-study-onboarding-und-training\\\/\"]}]},{\"@type\":\"BreadcrumbList\",\"@id\":\"https:\\\/\\\/www.framence.com\\\/de\\\/case-study-onboarding-und-training\\\/#breadcrumb\",\"itemListElement\":[{\"@type\":\"ListItem\",\"position\":1,\"name\":\"Startseite\",\"item\":\"https:\\\/\\\/www.framence.com\\\/de\\\/\"},{\"@type\":\"ListItem\",\"position\":2,\"name\":\"Case Study: Onboarding und Training\"}]},{\"@type\":\"WebSite\",\"@id\":\"https:\\\/\\\/www.framence.com\\\/#website\",\"url\":\"https:\\\/\\\/www.framence.com\\\/\",\"name\":\"FRAMENCE\",\"description\":\"\",\"potentialAction\":[{\"@type\":\"SearchAction\",\"target\":{\"@type\":\"EntryPoint\",\"urlTemplate\":\"https:\\\/\\\/www.framence.com\\\/?s={search_term_string}\"},\"query-input\":{\"@type\":\"PropertyValueSpecification\",\"valueRequired\":true,\"valueName\":\"search_term_string\"}}],\"inLanguage\":\"de\"}]}<\/script>\n<!-- \/ Yoast SEO plugin. -->","yoast_head_json":{"title":"Case Study: Onboarding & Training | FRAMENCE","description":"Onboarding & Training mit FRAMENCE: Unternehmen beim Einstieg in die FRAMENCE-Plattform unterst\u00fctzen, Nutzung sicherstellen und Know-how effizient vermitteln.","robots":{"index":"index","follow":"follow","max-snippet":"max-snippet:-1","max-image-preview":"max-image-preview:large","max-video-preview":"max-video-preview:-1"},"canonical":"https:\/\/www.framence.com\/de\/case-study-onboarding-und-training\/","og_locale":"de_DE","og_type":"article","og_title":"Case Study: Onboarding & Training | FRAMENCE","og_description":"Onboarding & Training mit FRAMENCE: Unternehmen beim Einstieg in die FRAMENCE-Plattform unterst\u00fctzen, Nutzung sicherstellen und Know-how effizient vermitteln.","og_url":"https:\/\/www.framence.com\/de\/case-study-onboarding-und-training\/","og_site_name":"FRAMENCE","article_modified_time":"2025-12-12T09:28:20+00:00","og_image":[{"width":32,"height":32,"url":"https:\/\/www.framence.com\/wp-content\/uploads\/2025\/12\/Framence_Favicon_32x32.png","type":"image\/png"}],"twitter_card":"summary_large_image","twitter_misc":{"Gesch\u00e4tzte Lesezeit":"3\u00a0Minuten"},"schema":{"@context":"https:\/\/schema.org","@graph":[{"@type":"WebPage","@id":"https:\/\/www.framence.com\/de\/case-study-onboarding-und-training\/","url":"https:\/\/www.framence.com\/de\/case-study-onboarding-und-training\/","name":"Case Study: Onboarding & Training | FRAMENCE","isPartOf":{"@id":"https:\/\/www.framence.com\/#website"},"datePublished":"2024-01-17T09:06:30+00:00","dateModified":"2025-12-12T09:28:20+00:00","description":"Onboarding & Training mit FRAMENCE: Unternehmen beim Einstieg in die FRAMENCE-Plattform unterst\u00fctzen, Nutzung sicherstellen und Know-how effizient vermitteln.","breadcrumb":{"@id":"https:\/\/www.framence.com\/de\/case-study-onboarding-und-training\/#breadcrumb"},"inLanguage":"de","potentialAction":[{"@type":"ReadAction","target":["https:\/\/www.framence.com\/de\/case-study-onboarding-und-training\/"]}]},{"@type":"BreadcrumbList","@id":"https:\/\/www.framence.com\/de\/case-study-onboarding-und-training\/#breadcrumb","itemListElement":[{"@type":"ListItem","position":1,"name":"Startseite","item":"https:\/\/www.framence.com\/de\/"},{"@type":"ListItem","position":2,"name":"Case Study: Onboarding und Training"}]},{"@type":"WebSite","@id":"https:\/\/www.framence.com\/#website","url":"https:\/\/www.framence.com\/","name":"FRAMENCE","description":"","potentialAction":[{"@type":"SearchAction","target":{"@type":"EntryPoint","urlTemplate":"https:\/\/www.framence.com\/?s={search_term_string}"},"query-input":{"@type":"PropertyValueSpecification","valueRequired":true,"valueName":"search_term_string"}}],"inLanguage":"de"}]}},"_links":{"self":[{"href":"https:\/\/www.framence.com\/de\/wp-json\/wp\/v2\/pages\/37013","targetHints":{"allow":["GET"]}}],"collection":[{"href":"https:\/\/www.framence.com\/de\/wp-json\/wp\/v2\/pages"}],"about":[{"href":"https:\/\/www.framence.com\/de\/wp-json\/wp\/v2\/types\/page"}],"author":[{"embeddable":true,"href":"https:\/\/www.framence.com\/de\/wp-json\/wp\/v2\/users\/1"}],"replies":[{"embeddable":true,"href":"https:\/\/www.framence.com\/de\/wp-json\/wp\/v2\/comments?post=37013"}],"version-history":[{"count":6,"href":"https:\/\/www.framence.com\/de\/wp-json\/wp\/v2\/pages\/37013\/revisions"}],"predecessor-version":[{"id":38572,"href":"https:\/\/www.framence.com\/de\/wp-json\/wp\/v2\/pages\/37013\/revisions\/38572"}],"wp:attachment":[{"href":"https:\/\/www.framence.com\/de\/wp-json\/wp\/v2\/media?parent=37013"}],"curies":[{"name":"wp","href":"https:\/\/api.w.org\/{rel}","templated":true}]}}