{"id":37021,"date":"2024-01-17T10:05:43","date_gmt":"2024-01-17T09:05:43","guid":{"rendered":"https:\/\/www.framence.com\/?page_id=37021"},"modified":"2025-12-12T10:33:43","modified_gmt":"2025-12-12T09:33:43","slug":"case-study-optical-character-recognition","status":"publish","type":"page","link":"https:\/\/www.framence.com\/de\/case-study-optical-character-recognition\/","title":{"rendered":"Case Study: Optical Character Recognition"},"content":{"rendered":"<div class=\"wpb-content-wrapper\"><p>[vc_row bg_type=&#8220;bg_color&#8220; bg_override=&#8220;full&#8220; bg_color_value=&#8220;#ededed&#8220; css=&#8220;.vc_custom_1701085557764{padding-top: 50px !important;}&#8220;][vc_column css=&#8220;.vc_custom_1700551267224{background-color: #ffffff !important;}&#8220;]<div class=\"gap\" style=\"line-height: 30px; height: 30px;\"><\/div>[vc_row_inner][vc_column_inner width=&#8220;1\/4&#8243;]<div id=\"highlight-box-wrap-2085\"  data-ultimate-target='#highlight-box-wrap-2085'  data-responsive-json-new='{\"font-size\":\"desktop:25px;\",\"line-height\":\"\"}'  class=\"ultimate-call-to-action ult-adjust-bottom-margin  ctaction-text-center ult-responsive\" style=\"font-weight:normal;color:#ffffff;background:#A32D33;padding-top:20px;padding-bottom:20px;\"  data-background=\"#A32D33\"  data-override=\"0\" ><div class=\"uvc-ctaction-data uvc-ctaction-data-no-effect ult-responsive\"><strong>CASE STUDY<\/strong><\/div><\/div>[\/vc_column_inner][vc_column_inner width=&#8220;1\/4&#8243;][\/vc_column_inner][vc_column_inner width=&#8220;1\/4&#8243;][\/vc_column_inner][vc_column_inner width=&#8220;1\/4&#8243;][\/vc_column_inner][\/vc_row_inner]<div class=\"gap\" style=\"line-height: 30px; height: 30px;\"><\/div>[vc_row_inner][vc_column_inner width=&#8220;1\/6&#8243;][\/vc_column_inner][vc_column_inner width=&#8220;2\/3&#8243;]<div id=\"ultimate-heading-669969ea6ac2aad3d\" class=\"uvc-heading ult-adjust-bottom-margin ultimate-heading-669969ea6ac2aad3d uvc-7400 \" data-hspacer=\"no_spacer\"  data-halign=\"left\" style=\"text-align:left\"><div class=\"uvc-heading-spacer no_spacer\" style=\"top\"><\/div><div class=\"uvc-main-heading ult-responsive\"  data-ultimate-target='.uvc-heading.ultimate-heading-669969ea6ac2aad3d h2'  data-responsive-json-new='{\"font-size\":\"desktop:42px;\",\"line-height\":\"desktop:50px;\"}' ><h2 style=\"--font-weight:theme;margin-bottom:30px;\">Anlagen in der Energiewirtschaft finden und digitalisieren<\/h2><\/div><div class=\"uvc-sub-heading ult-responsive\"  data-ultimate-target='.uvc-heading.ultimate-heading-669969ea6ac2aad3d .uvc-sub-heading '  data-responsive-json-new='{\"font-size\":\"desktop:22px;\",\"line-height\":\"desktop:35px;\"}'  style=\"font-weight:normal;\">Um einem Kunden aus der Energiewirtschaft dabei zu helfen, seine Anlagen schneller zu finden und zu digitalisieren, sowie automatisch Points of Information (PoI) f\u00fcr kritische Anlagen zu generieren, haben wir einen fotorealistischen digitalen Zwilling des Kraftwerks erstellt. Dabei haben wir Methoden der automatisierten Texterkennung angewandt, um Tags und Texte, die an Anlagen angebracht sind, zu identifizieren. Das erm\u00f6glicht es, alle vorhandenen Anlagen \u00fcber ein typisches Suchfeld zu finden.<\/div><\/div><div class=\"gap\" style=\"line-height: 50px; height: 50px;\"><\/div>[vc_single_image image=&#8220;37119&#8243; img_size=&#8220;full&#8220;]<div class=\"gap\" style=\"line-height: 60px; height: 60px;\"><\/div>[vc_column_text]<\/p>\n<h3><strong>Herausforderung<\/strong><\/h3>\n<p>Unser Kunde aus der Energiewirtschaft steht h\u00e4ufig vor der Herausforderung, eine Vielzahl wichtiger Anlagen in Kraftwerken zu lokalisieren, zu digitalisieren und zu verwalten. Dies kostet viel Zeit, da die Grundrisse veraltet und nicht digitalisiert sind. Der Digitalisierungsprozess bestehender Anlagen ist zeitaufw\u00e4ndig und kostspielig, weshalb eine effiziente L\u00f6sung gefragt ist.[\/vc_column_text]<div class=\"gap\" style=\"line-height: 50px; height: 50px;\"><\/div>[vc_column_text]<\/p>\n<h3><strong>L\u00f6sung<\/strong><\/h3>\n<p>Um diese Herausforderung zu bew\u00e4ltigen, setzten wir die hochaufl\u00f6senden Bilder unserer Plattform f\u00fcr fotorealistische digitale Zwillinge FRAMENCE ein. Mit einfachen Digitalkameras haben wir Fotos vom Kraftwerk erstellt. Diese Bilder sind so detailliert, dass unsere Software in der Lage ist, die an den verschiedenen Anlagen angebrachten Tags zu identifizieren. Mithilfe automatisierter Texterkennung identifiziert und digitalisiert FRAMENCE automatisch kritische Anlagen und erstellt auf Basis der erkannten Tags PoI.[\/vc_column_text]<div class=\"gap\" style=\"line-height: 50px; height: 50px;\"><\/div>[vc_column_text]<\/p>\n<h3><strong>Benefits<\/strong><\/h3>\n<p>Die M\u00f6glichkeit, Assets automatisch zu finden und zu digitalisieren, indem einfach eine Beschreibung des Assets in das Suchfeld eingegeben wird (z. B. \u201eBoiler\u201c), hat das Asset-Management erheblich vereinfacht. Die automatische Generierung von PoI, welche die Software mit relevanten Informationen zu kritischen Anlagen f\u00fcllt, lieferte wertvolle Einblicke, verbesserte die betriebliche Effizienz und reduzierte den Zeit- und Kostenaufwand f\u00fcr die manuelle Anlagen-Identifizierung. Durch die Verwendung hochaufl\u00f6sender Bilder in FRAMENCE verf\u00fcgt unser Kunde nun \u00fcber eine praktische und zeitsparende Methode zur Identifizierung, Digitalisierung und Verwaltung von Anlagen im Vergleich zu herk\u00f6mmlichen Methoden.[\/vc_column_text]<div class=\"gap\" style=\"line-height: 60px; height: 60px;\"><\/div>[vc_separator]<div class=\"gap\" style=\"line-height: 80px; height: 80px;\"><\/div>[\/vc_column_inner][vc_column_inner width=&#8220;1\/6&#8243;][\/vc_column_inner][\/vc_row_inner][vc_row_inner][vc_column_inner width=&#8220;1\/6&#8243;][\/vc_column_inner][vc_column_inner width=&#8220;2\/6&#8243;][vc_single_image image=&#8220;37131&#8243; img_size=&#8220;200&#215;200&#8243; alignment=&#8220;center&#8220;]<div class=\"gap\" style=\"line-height: 30px; height: 30px;\"><\/div>[\/vc_column_inner][vc_column_inner width=&#8220;1\/2&#8243;]<div id=\"ultimate-heading-186669ea6ac2aae1b\" class=\"uvc-heading ult-adjust-bottom-margin ultimate-heading-186669ea6ac2aae1b uvc-6419  uvc-heading-default-font-sizes\" data-hspacer=\"no_spacer\"  data-halign=\"left\" style=\"text-align:left\"><div class=\"uvc-heading-spacer no_spacer\" style=\"top\"><\/div><div class=\"uvc-main-heading ult-responsive\"  data-ultimate-target='.uvc-heading.ultimate-heading-186669ea6ac2aae1b h2'  data-responsive-json-new='{\"font-size\":\"\",\"line-height\":\"\"}' ><h2 style=\"--font-weight:theme;margin-bottom:10px;\">Noch Fragen?<\/h2><\/div><div class=\"uvc-sub-heading ult-responsive\"  data-ultimate-target='.uvc-heading.ultimate-heading-186669ea6ac2aae1b .uvc-sub-heading '  data-responsive-json-new='{\"font-size\":\"\",\"line-height\":\"\"}'  style=\"font-weight:normal;\"><strong>Unser Projektmanager hilft Ihnen gerne weiter!<\/strong><\/p>\n<p>Wladislav Homm, Project Manager<\/div><\/div><div class=\"gap\" style=\"line-height: 30px; height: 30px;\"><\/div>[vc_btn title=&#8220;Kontaktieren Sie uns&#8220; style=&#8220;outline-custom&#8220; outline_custom_color=&#8220;#A32D33&#8243; outline_custom_hover_background=&#8220;#A32D33&#8243; outline_custom_hover_text=&#8220;#ffffff&#8220; shape=&#8220;square&#8220; align=&#8220;left&#8220; css=&#8220;&#8220; link=&#8220;url:%2Fde%2Fkontakt%2F&#8220;]<div class=\"gap\" style=\"line-height: 80px; height: 80px;\"><\/div>[\/vc_column_inner][\/vc_row_inner][\/vc_column][\/vc_row][vc_row bg_type=&#8220;bg_color&#8220; bg_override=&#8220;full&#8220; bg_color_value=&#8220;#ededed&#8220;][vc_column]<div class=\"gap\" style=\"line-height: 50px; height: 50px;\"><\/div>[\/vc_column][\/vc_row]<\/p>\n<\/div>","protected":false},"excerpt":{"rendered":"<p>[vc_row bg_type=&#8220;bg_color&#8220; bg_override=&#8220;full&#8220; bg_color_value=&#8220;#ededed&#8220; css=&#8220;.vc_custom_1701085557764{padding-top: 50px !important;}&#8220;][vc_column css=&#8220;.vc_custom_1700551267224{background-color: #ffffff !important;}&#8220;][vc_row_inner][vc_column_inner width=&#8220;1\/4&#8243;][\/vc_column_inner][vc_column_inner width=&#8220;1\/4&#8243;][\/vc_column_inner][vc_column_inner width=&#8220;1\/4&#8243;][\/vc_column_inner][vc_column_inner width=&#8220;1\/4&#8243;][\/vc_column_inner][\/vc_row_inner][vc_row_inner][vc_column_inner width=&#8220;1\/6&#8243;][\/vc_column_inner][vc_column_inner width=&#8220;2\/3&#8243;][vc_single_image image=&#8220;37119&#8243; img_size=&#8220;full&#8220;][vc_column_text] Herausforderung Unser Kunde aus der Energiewirtschaft steht h\u00e4ufig vor der Herausforderung, eine Vielzahl wichtiger Anlagen in Kraftwerken zu lokalisieren, zu digitalisieren und zu verwalten. Dies kostet viel Zeit, da die Grundrisse veraltet und nicht digitalisiert sind. Der&hellip;<\/p>\n","protected":false},"author":1,"featured_media":0,"parent":0,"menu_order":1,"comment_status":"closed","ping_status":"closed","template":"template-microsite.php","meta":{"footnotes":""},"class_list":["post-37021","page","type-page","status-publish","hentry","description-off"],"yoast_head":"<!-- This site is optimized with the Yoast SEO plugin v27.4 - https:\/\/yoast.com\/product\/yoast-seo-wordpress\/ -->\n<title>Case Study: Optical Character Recognition | FRAMENCE<\/title>\n<meta name=\"description\" content=\"Optical Character Recognition mit FRAMENCE: Texte automatisch erkennen, Daten extrahieren und Prozesse effizient digitalisieren.\" \/>\n<meta name=\"robots\" content=\"index, follow, max-snippet:-1, max-image-preview:large, max-video-preview:-1\" \/>\n<link rel=\"canonical\" href=\"https:\/\/www.framence.com\/de\/case-study-optical-character-recognition\/\" \/>\n<meta property=\"og:locale\" content=\"de_DE\" \/>\n<meta property=\"og:type\" content=\"article\" \/>\n<meta property=\"og:title\" content=\"Case Study: Optical Character Recognition | FRAMENCE\" \/>\n<meta property=\"og:description\" content=\"Optical Character Recognition mit FRAMENCE: Texte automatisch erkennen, Daten extrahieren und Prozesse effizient digitalisieren.\" \/>\n<meta property=\"og:url\" content=\"https:\/\/www.framence.com\/de\/case-study-optical-character-recognition\/\" \/>\n<meta property=\"og:site_name\" content=\"FRAMENCE\" \/>\n<meta property=\"article:modified_time\" content=\"2025-12-12T09:33:43+00:00\" \/>\n<meta property=\"og:image\" content=\"https:\/\/www.framence.com\/wp-content\/uploads\/2025\/12\/Framence_Favicon_32x32.png\" \/>\n\t<meta property=\"og:image:width\" content=\"32\" \/>\n\t<meta property=\"og:image:height\" content=\"32\" \/>\n\t<meta property=\"og:image:type\" content=\"image\/png\" \/>\n<meta name=\"twitter:card\" content=\"summary_large_image\" \/>\n<meta name=\"twitter:label1\" content=\"Gesch\u00e4tzte Lesezeit\" \/>\n\t<meta name=\"twitter:data1\" content=\"2\u00a0Minuten\" \/>\n<script type=\"application\/ld+json\" class=\"yoast-schema-graph\">{\"@context\":\"https:\\\/\\\/schema.org\",\"@graph\":[{\"@type\":\"WebPage\",\"@id\":\"https:\\\/\\\/www.framence.com\\\/de\\\/case-study-optical-character-recognition\\\/\",\"url\":\"https:\\\/\\\/www.framence.com\\\/de\\\/case-study-optical-character-recognition\\\/\",\"name\":\"Case Study: Optical Character Recognition | FRAMENCE\",\"isPartOf\":{\"@id\":\"https:\\\/\\\/www.framence.com\\\/#website\"},\"datePublished\":\"2024-01-17T09:05:43+00:00\",\"dateModified\":\"2025-12-12T09:33:43+00:00\",\"description\":\"Optical Character Recognition mit FRAMENCE: Texte automatisch erkennen, Daten extrahieren und Prozesse effizient digitalisieren.\",\"breadcrumb\":{\"@id\":\"https:\\\/\\\/www.framence.com\\\/de\\\/case-study-optical-character-recognition\\\/#breadcrumb\"},\"inLanguage\":\"de\",\"potentialAction\":[{\"@type\":\"ReadAction\",\"target\":[\"https:\\\/\\\/www.framence.com\\\/de\\\/case-study-optical-character-recognition\\\/\"]}]},{\"@type\":\"BreadcrumbList\",\"@id\":\"https:\\\/\\\/www.framence.com\\\/de\\\/case-study-optical-character-recognition\\\/#breadcrumb\",\"itemListElement\":[{\"@type\":\"ListItem\",\"position\":1,\"name\":\"Startseite\",\"item\":\"https:\\\/\\\/www.framence.com\\\/de\\\/\"},{\"@type\":\"ListItem\",\"position\":2,\"name\":\"Case Study: Optical Character Recognition\"}]},{\"@type\":\"WebSite\",\"@id\":\"https:\\\/\\\/www.framence.com\\\/#website\",\"url\":\"https:\\\/\\\/www.framence.com\\\/\",\"name\":\"FRAMENCE\",\"description\":\"\",\"potentialAction\":[{\"@type\":\"SearchAction\",\"target\":{\"@type\":\"EntryPoint\",\"urlTemplate\":\"https:\\\/\\\/www.framence.com\\\/?s={search_term_string}\"},\"query-input\":{\"@type\":\"PropertyValueSpecification\",\"valueRequired\":true,\"valueName\":\"search_term_string\"}}],\"inLanguage\":\"de\"}]}<\/script>\n<!-- \/ Yoast SEO plugin. -->","yoast_head_json":{"title":"Case Study: Optical Character Recognition | FRAMENCE","description":"Optical Character Recognition mit FRAMENCE: Texte automatisch erkennen, Daten extrahieren und Prozesse effizient digitalisieren.","robots":{"index":"index","follow":"follow","max-snippet":"max-snippet:-1","max-image-preview":"max-image-preview:large","max-video-preview":"max-video-preview:-1"},"canonical":"https:\/\/www.framence.com\/de\/case-study-optical-character-recognition\/","og_locale":"de_DE","og_type":"article","og_title":"Case Study: Optical Character Recognition | FRAMENCE","og_description":"Optical Character Recognition mit FRAMENCE: Texte automatisch erkennen, Daten extrahieren und Prozesse effizient digitalisieren.","og_url":"https:\/\/www.framence.com\/de\/case-study-optical-character-recognition\/","og_site_name":"FRAMENCE","article_modified_time":"2025-12-12T09:33:43+00:00","og_image":[{"width":32,"height":32,"url":"https:\/\/www.framence.com\/wp-content\/uploads\/2025\/12\/Framence_Favicon_32x32.png","type":"image\/png"}],"twitter_card":"summary_large_image","twitter_misc":{"Gesch\u00e4tzte Lesezeit":"2\u00a0Minuten"},"schema":{"@context":"https:\/\/schema.org","@graph":[{"@type":"WebPage","@id":"https:\/\/www.framence.com\/de\/case-study-optical-character-recognition\/","url":"https:\/\/www.framence.com\/de\/case-study-optical-character-recognition\/","name":"Case Study: Optical Character Recognition | FRAMENCE","isPartOf":{"@id":"https:\/\/www.framence.com\/#website"},"datePublished":"2024-01-17T09:05:43+00:00","dateModified":"2025-12-12T09:33:43+00:00","description":"Optical Character Recognition mit FRAMENCE: Texte automatisch erkennen, Daten extrahieren und Prozesse effizient digitalisieren.","breadcrumb":{"@id":"https:\/\/www.framence.com\/de\/case-study-optical-character-recognition\/#breadcrumb"},"inLanguage":"de","potentialAction":[{"@type":"ReadAction","target":["https:\/\/www.framence.com\/de\/case-study-optical-character-recognition\/"]}]},{"@type":"BreadcrumbList","@id":"https:\/\/www.framence.com\/de\/case-study-optical-character-recognition\/#breadcrumb","itemListElement":[{"@type":"ListItem","position":1,"name":"Startseite","item":"https:\/\/www.framence.com\/de\/"},{"@type":"ListItem","position":2,"name":"Case Study: Optical Character Recognition"}]},{"@type":"WebSite","@id":"https:\/\/www.framence.com\/#website","url":"https:\/\/www.framence.com\/","name":"FRAMENCE","description":"","potentialAction":[{"@type":"SearchAction","target":{"@type":"EntryPoint","urlTemplate":"https:\/\/www.framence.com\/?s={search_term_string}"},"query-input":{"@type":"PropertyValueSpecification","valueRequired":true,"valueName":"search_term_string"}}],"inLanguage":"de"}]}},"_links":{"self":[{"href":"https:\/\/www.framence.com\/de\/wp-json\/wp\/v2\/pages\/37021","targetHints":{"allow":["GET"]}}],"collection":[{"href":"https:\/\/www.framence.com\/de\/wp-json\/wp\/v2\/pages"}],"about":[{"href":"https:\/\/www.framence.com\/de\/wp-json\/wp\/v2\/types\/page"}],"author":[{"embeddable":true,"href":"https:\/\/www.framence.com\/de\/wp-json\/wp\/v2\/users\/1"}],"replies":[{"embeddable":true,"href":"https:\/\/www.framence.com\/de\/wp-json\/wp\/v2\/comments?post=37021"}],"version-history":[{"count":4,"href":"https:\/\/www.framence.com\/de\/wp-json\/wp\/v2\/pages\/37021\/revisions"}],"predecessor-version":[{"id":38580,"href":"https:\/\/www.framence.com\/de\/wp-json\/wp\/v2\/pages\/37021\/revisions\/38580"}],"wp:attachment":[{"href":"https:\/\/www.framence.com\/de\/wp-json\/wp\/v2\/media?parent=37021"}],"curies":[{"name":"wp","href":"https:\/\/api.w.org\/{rel}","templated":true}]}}