{"id":37026,"date":"2024-01-17T10:05:33","date_gmt":"2024-01-17T09:05:33","guid":{"rendered":"https:\/\/www.framence.com\/?page_id=37026"},"modified":"2025-12-12T10:04:16","modified_gmt":"2025-12-12T09:04:16","slug":"case-study-millimetergenau-messen","status":"publish","type":"page","link":"https:\/\/www.framence.com\/de\/case-study-millimetergenau-messen\/","title":{"rendered":"Case Study: Millimetergenau messen"},"content":{"rendered":"<div class=\"wpb-content-wrapper\"><p>[vc_row bg_type=&#8220;bg_color&#8220; bg_override=&#8220;full&#8220; bg_color_value=&#8220;#ededed&#8220; css=&#8220;.vc_custom_1701085557764{padding-top: 50px !important;}&#8220;][vc_column css=&#8220;.vc_custom_1700551267224{background-color: #ffffff !important;}&#8220;]<div class=\"gap\" style=\"line-height: 30px; height: 30px;\"><\/div>[vc_row_inner][vc_column_inner width=&#8220;1\/4&#8243;]<div id=\"highlight-box-wrap-2487\"  data-ultimate-target='#highlight-box-wrap-2487'  data-responsive-json-new='{\"font-size\":\"desktop:25px;\",\"line-height\":\"\"}'  class=\"ultimate-call-to-action ult-adjust-bottom-margin  ctaction-text-center ult-responsive\" style=\"font-weight:normal;color:#ffffff;background:#A32D33;padding-top:20px;padding-bottom:20px;\"  data-background=\"#A32D33\"  data-override=\"0\" ><div class=\"uvc-ctaction-data uvc-ctaction-data-no-effect ult-responsive\"><strong>CASE STUDY<\/strong><\/div><\/div>[\/vc_column_inner][vc_column_inner width=&#8220;1\/4&#8243;][\/vc_column_inner][vc_column_inner width=&#8220;1\/4&#8243;][\/vc_column_inner][vc_column_inner width=&#8220;1\/4&#8243;][\/vc_column_inner][\/vc_row_inner]<div class=\"gap\" style=\"line-height: 30px; height: 30px;\"><\/div>[vc_row_inner][vc_column_inner width=&#8220;1\/6&#8243;][\/vc_column_inner][vc_column_inner width=&#8220;2\/3&#8243;]<div id=\"ultimate-heading-220069f46b27ae6fa\" class=\"uvc-heading ult-adjust-bottom-margin ultimate-heading-220069f46b27ae6fa uvc-1298 \" data-hspacer=\"no_spacer\"  data-halign=\"left\" style=\"text-align:left\"><div class=\"uvc-heading-spacer no_spacer\" style=\"top\"><\/div><div class=\"uvc-main-heading ult-responsive\"  data-ultimate-target='.uvc-heading.ultimate-heading-220069f46b27ae6fa h2'  data-responsive-json-new='{\"font-size\":\"desktop:42px;\",\"line-height\":\"desktop:50px;\"}' ><h2 style=\"--font-weight:theme;margin-bottom:30px;\">Pr\u00e4zise Messungen f\u00fcr die Installation neuer Anlagen in der Chemieindustrie<\/h2><\/div><div class=\"uvc-sub-heading ult-responsive\"  data-ultimate-target='.uvc-heading.ultimate-heading-220069f46b27ae6fa .uvc-sub-heading '  data-responsive-json-new='{\"font-size\":\"desktop:22px;\",\"line-height\":\"desktop:35px;\"}'  style=\"font-weight:normal;\">Um einen Kunden aus der Chemieindustrie bei der effizienteren Planung der Installation neuer Anlagen zu unterst\u00fctzen, haben wir einen fotorealistischen digitalen Zwilling seiner chemischen Anlage erstellt. Dadurch ist unser Kunde nun in der Lage, die G\u00e4nge und T\u00fcren, die zum vorgesehenen Installationsraum f\u00fchren, sowie den Raum selbst genau remote zu vermessen.<\/div><\/div><div class=\"gap\" style=\"line-height: 50px; height: 50px;\"><\/div>[vc_single_image image=&#8220;37121&#8243; img_size=&#8220;full&#8220;]<div class=\"gap\" style=\"line-height: 60px; height: 60px;\"><\/div>[vc_column_text]<\/p>\n<h3><strong>Herausforderung<\/strong><\/h3>\n<p>Unser Kunde aus der chemischen Industrie steht vor der anspruchsvollen Aufgabe, regelm\u00e4\u00dfig neue Anlagen in seinen Werken zu installieren. Die Herausforderung besteht darin, pr\u00e4zise zu planen, sicherzustellen, dass ausreichend Platz f\u00fcr die neuen Anlagen vorhanden ist, und potenzielle Kollisionen mit der bestehenden Infrastruktur zu minimieren. Konventionelle Planungs- und Messmethoden sind zeitintensiv, anf\u00e4llig f\u00fcr Ungenauigkeiten und setzen voraus, dass vor Ort Experten verf\u00fcgbar sind, was angesichts des Fachkr\u00e4ftemangels nicht immer gew\u00e4hrleistet ist.[\/vc_column_text]<div class=\"gap\" style=\"line-height: 50px; height: 50px;\"><\/div>[vc_column_text]<\/p>\n<h3><strong>L\u00f6sung<\/strong><\/h3>\n<p>Um die Herausforderungen bei der Installation neuer Anlagen in der Chemiefabrik zu bew\u00e4ltigen, haben wir auf unsere fotorealistischen digitalen Zwillinge als leistungsstarkes Werkzeug gesetzt. Mithilfe photogrammetrischer Methoden lieferte unser digitaler Zwilling eine genaue und detaillierte Darstellung des aktuellen Zustands der Anlage. Dadurch waren pr\u00e4zise Messungen m\u00f6glich, sodass der Kunde die Installation neuer Anlagen zuverl\u00e4ssig planen konnte. Der fotorealistische Aspekt des digitalen Zwillings erm\u00f6glichte zudem eine realistische Visualisierung der Anlage, was wiederum bei der Identifikation optimaler Standorte f\u00fcr neue Anlagen half.[\/vc_column_text]<div class=\"gap\" style=\"line-height: 50px; height: 50px;\"><\/div>[vc_column_text]<\/p>\n<h3><strong>Benefits<\/strong><\/h3>\n<p>Durch die M\u00f6glichkeit zur pr\u00e4zisen Planung und detaillierten Visualisierung der Anlage konnte unser Kunde fundierte Entscheidungen hinsichtlich der Platzierung neuer Anlagen treffen. Die digitalen Zwillinge minderten nicht nur das Risiko von r\u00e4umlichen Konflikten, sondern beschleunigten auch ma\u00dfgeblich die Planungsphase. Die Integration pr\u00e4ziser Messfunktionen innerhalb des digitalen Zwillings steigerte die Gesamteffizienz des Installationsprozesses, was zu einer Reduzierung von St\u00f6rungen und einer optimalen Nutzung des verf\u00fcgbaren Raums in der Chemieanlage f\u00fchrte. Unser Ansatz trug wesentlich dazu bei, die Installation der Anlagen f\u00fcr unseren Kunden effizienter und effektiver zu gestalten.[\/vc_column_text]<div class=\"gap\" style=\"line-height: 60px; height: 60px;\"><\/div>[vc_separator]<div class=\"gap\" style=\"line-height: 80px; height: 80px;\"><\/div>[\/vc_column_inner][vc_column_inner width=&#8220;1\/6&#8243;][\/vc_column_inner][\/vc_row_inner][vc_row_inner][vc_column_inner width=&#8220;1\/6&#8243;][\/vc_column_inner][vc_column_inner width=&#8220;2\/6&#8243;][vc_single_image image=&#8220;37131&#8243; img_size=&#8220;200&#215;200&#8243; alignment=&#8220;center&#8220;]<div class=\"gap\" style=\"line-height: 30px; height: 30px;\"><\/div>[\/vc_column_inner][vc_column_inner width=&#8220;1\/2&#8243;]<div id=\"ultimate-heading-369f46b27ae7b5\" class=\"uvc-heading ult-adjust-bottom-margin ultimate-heading-369f46b27ae7b5 uvc-8911  uvc-heading-default-font-sizes\" data-hspacer=\"no_spacer\"  data-halign=\"left\" style=\"text-align:left\"><div class=\"uvc-heading-spacer no_spacer\" style=\"top\"><\/div><div class=\"uvc-main-heading ult-responsive\"  data-ultimate-target='.uvc-heading.ultimate-heading-369f46b27ae7b5 h2'  data-responsive-json-new='{\"font-size\":\"\",\"line-height\":\"\"}' ><h2 style=\"--font-weight:theme;margin-bottom:10px;\">Noch Fragen?<\/h2><\/div><div class=\"uvc-sub-heading ult-responsive\"  data-ultimate-target='.uvc-heading.ultimate-heading-369f46b27ae7b5 .uvc-sub-heading '  data-responsive-json-new='{\"font-size\":\"\",\"line-height\":\"\"}'  style=\"font-weight:normal;\"><strong>Unser Projektmanager hilft Ihnen gerne weiter!<\/strong><\/p>\n<p>Wladislav Homm, Project Manager<\/div><\/div><div class=\"gap\" style=\"line-height: 30px; height: 30px;\"><\/div>[vc_btn title=&#8220;Kontaktieren Sie uns&#8220; style=&#8220;outline-custom&#8220; outline_custom_color=&#8220;#A32D33&#8243; outline_custom_hover_background=&#8220;#A32D33&#8243; outline_custom_hover_text=&#8220;#ffffff&#8220; shape=&#8220;square&#8220; align=&#8220;left&#8220; css=&#8220;&#8220; link=&#8220;url:%2Fde%2Fkontakt%2F&#8220;]<div class=\"gap\" style=\"line-height: 60px; height: 60px;\"><\/div>[\/vc_column_inner][\/vc_row_inner][\/vc_column][\/vc_row][vc_row bg_type=&#8220;bg_color&#8220; bg_override=&#8220;full&#8220; bg_color_value=&#8220;#ededed&#8220;][vc_column]<div class=\"gap\" style=\"line-height: 50px; height: 50px;\"><\/div>[\/vc_column][\/vc_row]<\/p>\n<\/div>","protected":false},"excerpt":{"rendered":"<p>[vc_row bg_type=&#8220;bg_color&#8220; bg_override=&#8220;full&#8220; bg_color_value=&#8220;#ededed&#8220; css=&#8220;.vc_custom_1701085557764{padding-top: 50px !important;}&#8220;][vc_column css=&#8220;.vc_custom_1700551267224{background-color: #ffffff !important;}&#8220;][vc_row_inner][vc_column_inner width=&#8220;1\/4&#8243;][\/vc_column_inner][vc_column_inner width=&#8220;1\/4&#8243;][\/vc_column_inner][vc_column_inner width=&#8220;1\/4&#8243;][\/vc_column_inner][vc_column_inner width=&#8220;1\/4&#8243;][\/vc_column_inner][\/vc_row_inner][vc_row_inner][vc_column_inner width=&#8220;1\/6&#8243;][\/vc_column_inner][vc_column_inner width=&#8220;2\/3&#8243;][vc_single_image image=&#8220;37121&#8243; img_size=&#8220;full&#8220;][vc_column_text] Herausforderung Unser Kunde aus der chemischen Industrie steht vor der anspruchsvollen Aufgabe, regelm\u00e4\u00dfig neue Anlagen in seinen Werken zu installieren. Die Herausforderung besteht darin, pr\u00e4zise zu planen, sicherzustellen, dass ausreichend Platz f\u00fcr die neuen Anlagen vorhanden ist,&hellip;<\/p>\n","protected":false},"author":1,"featured_media":0,"parent":0,"menu_order":1,"comment_status":"closed","ping_status":"closed","template":"template-microsite.php","meta":{"footnotes":""},"class_list":["post-37026","page","type-page","status-publish","hentry","description-off"],"yoast_head":"<!-- This site is optimized with the Yoast SEO plugin v27.5 - https:\/\/yoast.com\/product\/yoast-seo-wordpress\/ -->\n<title>Case Study: Pr\u00e4zise Messungen | FRAMENCE<\/title>\n<meta name=\"description\" content=\"Pr\u00e4zise Messungen mit FRAMENCE: millimetergenaue Datenerfassung f\u00fcr exakte Planung, Analyse und Dokumentation.\" \/>\n<meta name=\"robots\" content=\"index, follow, max-snippet:-1, max-image-preview:large, max-video-preview:-1\" \/>\n<link rel=\"canonical\" href=\"https:\/\/www.framence.com\/de\/case-study-millimetergenau-messen\/\" \/>\n<meta property=\"og:locale\" content=\"de_DE\" \/>\n<meta property=\"og:type\" content=\"article\" \/>\n<meta property=\"og:title\" content=\"Case Study: Pr\u00e4zise Messungen | FRAMENCE\" \/>\n<meta property=\"og:description\" content=\"Pr\u00e4zise Messungen mit FRAMENCE: millimetergenaue Datenerfassung f\u00fcr exakte Planung, Analyse und Dokumentation.\" \/>\n<meta property=\"og:url\" content=\"https:\/\/www.framence.com\/de\/case-study-millimetergenau-messen\/\" \/>\n<meta property=\"og:site_name\" content=\"FRAMENCE\" \/>\n<meta property=\"article:modified_time\" content=\"2025-12-12T09:04:16+00:00\" \/>\n<meta property=\"og:image\" content=\"https:\/\/www.framence.com\/wp-content\/uploads\/2025\/12\/Framence_Favicon_32x32.png\" \/>\n\t<meta property=\"og:image:width\" content=\"32\" \/>\n\t<meta property=\"og:image:height\" content=\"32\" \/>\n\t<meta property=\"og:image:type\" content=\"image\/png\" \/>\n<meta name=\"twitter:card\" content=\"summary_large_image\" \/>\n<meta name=\"twitter:label1\" content=\"Gesch\u00e4tzte Lesezeit\" \/>\n\t<meta name=\"twitter:data1\" content=\"3\u00a0Minuten\" \/>\n<script type=\"application\/ld+json\" class=\"yoast-schema-graph\">{\"@context\":\"https:\\\/\\\/schema.org\",\"@graph\":[{\"@type\":\"WebPage\",\"@id\":\"https:\\\/\\\/www.framence.com\\\/de\\\/case-study-millimetergenau-messen\\\/\",\"url\":\"https:\\\/\\\/www.framence.com\\\/de\\\/case-study-millimetergenau-messen\\\/\",\"name\":\"Case Study: Pr\u00e4zise Messungen | FRAMENCE\",\"isPartOf\":{\"@id\":\"https:\\\/\\\/www.framence.com\\\/#website\"},\"datePublished\":\"2024-01-17T09:05:33+00:00\",\"dateModified\":\"2025-12-12T09:04:16+00:00\",\"description\":\"Pr\u00e4zise Messungen mit FRAMENCE: millimetergenaue Datenerfassung f\u00fcr exakte Planung, Analyse und Dokumentation.\",\"breadcrumb\":{\"@id\":\"https:\\\/\\\/www.framence.com\\\/de\\\/case-study-millimetergenau-messen\\\/#breadcrumb\"},\"inLanguage\":\"de\",\"potentialAction\":[{\"@type\":\"ReadAction\",\"target\":[\"https:\\\/\\\/www.framence.com\\\/de\\\/case-study-millimetergenau-messen\\\/\"]}]},{\"@type\":\"BreadcrumbList\",\"@id\":\"https:\\\/\\\/www.framence.com\\\/de\\\/case-study-millimetergenau-messen\\\/#breadcrumb\",\"itemListElement\":[{\"@type\":\"ListItem\",\"position\":1,\"name\":\"Startseite\",\"item\":\"https:\\\/\\\/www.framence.com\\\/de\\\/\"},{\"@type\":\"ListItem\",\"position\":2,\"name\":\"Case Study: Millimetergenau messen\"}]},{\"@type\":\"WebSite\",\"@id\":\"https:\\\/\\\/www.framence.com\\\/#website\",\"url\":\"https:\\\/\\\/www.framence.com\\\/\",\"name\":\"FRAMENCE\",\"description\":\"\",\"potentialAction\":[{\"@type\":\"SearchAction\",\"target\":{\"@type\":\"EntryPoint\",\"urlTemplate\":\"https:\\\/\\\/www.framence.com\\\/?s={search_term_string}\"},\"query-input\":{\"@type\":\"PropertyValueSpecification\",\"valueRequired\":true,\"valueName\":\"search_term_string\"}}],\"inLanguage\":\"de\"}]}<\/script>\n<!-- \/ Yoast SEO plugin. -->","yoast_head_json":{"title":"Case Study: Pr\u00e4zise Messungen | FRAMENCE","description":"Pr\u00e4zise Messungen mit FRAMENCE: millimetergenaue Datenerfassung f\u00fcr exakte Planung, Analyse und Dokumentation.","robots":{"index":"index","follow":"follow","max-snippet":"max-snippet:-1","max-image-preview":"max-image-preview:large","max-video-preview":"max-video-preview:-1"},"canonical":"https:\/\/www.framence.com\/de\/case-study-millimetergenau-messen\/","og_locale":"de_DE","og_type":"article","og_title":"Case Study: Pr\u00e4zise Messungen | FRAMENCE","og_description":"Pr\u00e4zise Messungen mit FRAMENCE: millimetergenaue Datenerfassung f\u00fcr exakte Planung, Analyse und Dokumentation.","og_url":"https:\/\/www.framence.com\/de\/case-study-millimetergenau-messen\/","og_site_name":"FRAMENCE","article_modified_time":"2025-12-12T09:04:16+00:00","og_image":[{"width":32,"height":32,"url":"https:\/\/www.framence.com\/wp-content\/uploads\/2025\/12\/Framence_Favicon_32x32.png","type":"image\/png"}],"twitter_card":"summary_large_image","twitter_misc":{"Gesch\u00e4tzte Lesezeit":"3\u00a0Minuten"},"schema":{"@context":"https:\/\/schema.org","@graph":[{"@type":"WebPage","@id":"https:\/\/www.framence.com\/de\/case-study-millimetergenau-messen\/","url":"https:\/\/www.framence.com\/de\/case-study-millimetergenau-messen\/","name":"Case Study: Pr\u00e4zise Messungen | FRAMENCE","isPartOf":{"@id":"https:\/\/www.framence.com\/#website"},"datePublished":"2024-01-17T09:05:33+00:00","dateModified":"2025-12-12T09:04:16+00:00","description":"Pr\u00e4zise Messungen mit FRAMENCE: millimetergenaue Datenerfassung f\u00fcr exakte Planung, Analyse und Dokumentation.","breadcrumb":{"@id":"https:\/\/www.framence.com\/de\/case-study-millimetergenau-messen\/#breadcrumb"},"inLanguage":"de","potentialAction":[{"@type":"ReadAction","target":["https:\/\/www.framence.com\/de\/case-study-millimetergenau-messen\/"]}]},{"@type":"BreadcrumbList","@id":"https:\/\/www.framence.com\/de\/case-study-millimetergenau-messen\/#breadcrumb","itemListElement":[{"@type":"ListItem","position":1,"name":"Startseite","item":"https:\/\/www.framence.com\/de\/"},{"@type":"ListItem","position":2,"name":"Case Study: Millimetergenau messen"}]},{"@type":"WebSite","@id":"https:\/\/www.framence.com\/#website","url":"https:\/\/www.framence.com\/","name":"FRAMENCE","description":"","potentialAction":[{"@type":"SearchAction","target":{"@type":"EntryPoint","urlTemplate":"https:\/\/www.framence.com\/?s={search_term_string}"},"query-input":{"@type":"PropertyValueSpecification","valueRequired":true,"valueName":"search_term_string"}}],"inLanguage":"de"}]}},"_links":{"self":[{"href":"https:\/\/www.framence.com\/de\/wp-json\/wp\/v2\/pages\/37026","targetHints":{"allow":["GET"]}}],"collection":[{"href":"https:\/\/www.framence.com\/de\/wp-json\/wp\/v2\/pages"}],"about":[{"href":"https:\/\/www.framence.com\/de\/wp-json\/wp\/v2\/types\/page"}],"author":[{"embeddable":true,"href":"https:\/\/www.framence.com\/de\/wp-json\/wp\/v2\/users\/1"}],"replies":[{"embeddable":true,"href":"https:\/\/www.framence.com\/de\/wp-json\/wp\/v2\/comments?post=37026"}],"version-history":[{"count":7,"href":"https:\/\/www.framence.com\/de\/wp-json\/wp\/v2\/pages\/37026\/revisions"}],"predecessor-version":[{"id":38898,"href":"https:\/\/www.framence.com\/de\/wp-json\/wp\/v2\/pages\/37026\/revisions\/38898"}],"wp:attachment":[{"href":"https:\/\/www.framence.com\/de\/wp-json\/wp\/v2\/media?parent=37026"}],"curies":[{"name":"wp","href":"https:\/\/api.w.org\/{rel}","templated":true}]}}