{"id":37030,"date":"2024-01-17T10:05:57","date_gmt":"2024-01-17T09:05:57","guid":{"rendered":"https:\/\/www.framence.com\/?page_id=37030"},"modified":"2025-12-12T11:38:32","modified_gmt":"2025-12-12T10:38:32","slug":"case-study-showrooms-fuer-komplexe-anlagen","status":"publish","type":"page","link":"https:\/\/www.framence.com\/de\/case-study-showrooms-fuer-komplexe-anlagen\/","title":{"rendered":"Case Study: Showrooms f\u00fcr komplexe Anlagen"},"content":{"rendered":"<div class=\"wpb-content-wrapper\"><p>[vc_row bg_type=&#8220;bg_color&#8220; bg_override=&#8220;full&#8220; bg_color_value=&#8220;#ededed&#8220; css=&#8220;.vc_custom_1701085557764{padding-top: 50px !important;}&#8220;][vc_column css=&#8220;.vc_custom_1700551267224{background-color: #ffffff !important;}&#8220;]<div class=\"gap\" style=\"line-height: 30px; height: 30px;\"><\/div>[vc_row_inner][vc_column_inner width=&#8220;1\/4&#8243;]<div id=\"highlight-box-wrap-2305\"  data-ultimate-target='#highlight-box-wrap-2305'  data-responsive-json-new='{\"font-size\":\"desktop:25px;\",\"line-height\":\"\"}'  class=\"ultimate-call-to-action ult-adjust-bottom-margin  ctaction-text-center ult-responsive\" style=\"font-weight:normal;color:#ffffff;background:#A32D33;padding-top:20px;padding-bottom:20px;\"  data-background=\"#A32D33\"  data-override=\"0\" ><div class=\"uvc-ctaction-data uvc-ctaction-data-no-effect ult-responsive\"><strong>CASE STUDY<\/strong><\/div><\/div>[\/vc_column_inner][vc_column_inner width=&#8220;1\/4&#8243;][\/vc_column_inner][vc_column_inner width=&#8220;1\/4&#8243;][\/vc_column_inner][vc_column_inner width=&#8220;1\/4&#8243;][\/vc_column_inner][\/vc_row_inner]<div class=\"gap\" style=\"line-height: 30px; height: 30px;\"><\/div>[vc_row_inner][vc_column_inner width=&#8220;1\/6&#8243;][\/vc_column_inner][vc_column_inner width=&#8220;2\/3&#8243;]<div id=\"ultimate-heading-385969d71ea3e8999\" class=\"uvc-heading ult-adjust-bottom-margin ultimate-heading-385969d71ea3e8999 uvc-8841 \" data-hspacer=\"no_spacer\"  data-halign=\"left\" style=\"text-align:left\"><div class=\"uvc-heading-spacer no_spacer\" style=\"top\"><\/div><div class=\"uvc-main-heading ult-responsive\"  data-ultimate-target='.uvc-heading.ultimate-heading-385969d71ea3e8999 h2'  data-responsive-json-new='{\"font-size\":\"desktop:45px;\",\"line-height\":\"desktop:50px;\"}' ><h2 style=\"--font-weight:theme;margin-bottom:30px;\">Maschinen im Anlagenbau aus der Ferne abnehmen<\/h2><\/div><div class=\"uvc-sub-heading ult-responsive\"  data-ultimate-target='.uvc-heading.ultimate-heading-385969d71ea3e8999 .uvc-sub-heading '  data-responsive-json-new='{\"font-size\":\"desktop:25px;\",\"line-height\":\"desktop:38px;\"}'  style=\"font-weight:normal;\">Um unseren Kunden aus dem Anlagenbau in Zeiten von COVID-19-Reisebeschr\u00e4nkungen bei der Umsetzung von Remote-Abnahmepr\u00fcfungen und -Maschinendemos zu unterst\u00fctzen, haben wir einen fotorealistischen digitalen Zwilling des Testzentrums erstellt. Dabei wurden 3D-Modelle der Maschinen importiert, um virtuelle Demos und Abnahmepr\u00fcfungen aus der Ferne zu erm\u00f6glichen.<\/div><\/div><div class=\"gap\" style=\"line-height: 50px; height: 50px;\"><\/div>[vc_single_image image=&#8220;37123&#8243; img_size=&#8220;full&#8220;]<div class=\"gap\" style=\"line-height: 60px; height: 60px;\"><\/div>[vc_column_text]<\/p>\n<h3><strong>Herausforderung<\/strong><\/h3>\n<p>Der Verkauf komplexer technischer Anlagen stellt f\u00fcr unseren Kunden aus dem Anlagenbau eine betr\u00e4chtliche Herausforderung dar. Potenzielle Auftraggeber verlangen oft ein greifbares Verst\u00e4ndnis der technischen Anlagen in Betrieb, bevor sie eine Kaufentscheidung treffen. Traditionelle Methoden, Anlagen an die Auftraggeber zu verschicken oder diese vor Ort anreisen zu lassen, erweisen sich jedoch als ressourcenintensiv und verursachen erhebliche Zeit- und Kosteninvestitionen. Zus\u00e4tzlich musste unser Kunde aufgrund der COVID-19-Pandemie Demos und Abnahmepr\u00fcfungen von Maschinen virtuell durchf\u00fchren.[\/vc_column_text]<div class=\"gap\" style=\"line-height: 50px; height: 50px;\"><\/div>[vc_column_text]<\/p>\n<h3><strong>L\u00f6sung<\/strong><\/h3>\n<p>Um die Herausforderungen bei der Vorf\u00fchrung komplexer technischer Anlagen im Anlagenbau und der Durchf\u00fchrung von virtuellen Abnahmepr\u00fcfungen zu bew\u00e4ltigen, haben wir erfolgreich unsere Plattform f\u00fcr fotorealistische digitale Zwillinge implementiert. Mithilfe dieser L\u00f6sung k\u00f6nnen die Auftraggeber unseres Kunden technische Anlagen in beeindruckender Detailtreue betrachten, ohne daf\u00fcr pers\u00f6nlich vor Ort sein zu m\u00fcssen. Zus\u00e4tzlich erm\u00f6glicht der digitale Zwilling die nahtlose Integration von Funktions- und Erkl\u00e4rungsvideos (beispielsweise zu Gie\u00df- oder Schleifprozessen), Messdaten, Sensorwerten, Datenbl\u00e4ttern und Echtzeit-Dashboards. Diese umfassende Kombination schafft f\u00fcr die Auftraggeber unseres Kunden ein ganzheitliches Erlebnis, das ihnen ein tiefgehendes Verst\u00e4ndnis der Maschinen vermittelt.[\/vc_column_text]<div class=\"gap\" style=\"line-height: 50px; height: 50px;\"><\/div>[vc_column_text]<\/p>\n<h3><strong>Benefits<\/strong><\/h3>\n<p>Unser Kunde hat nun die M\u00f6glichkeit, seinen Auftraggebern komplexe Maschinen in beeindruckender Detailgenauigkeit aus der Ferne zu pr\u00e4sentieren, was teure und zeitintensive Reisen \u00fcberfl\u00fcssig macht. Die hochaufl\u00f6senden 3D-Modelle und die immersiven Funktionen des digitalen Zwillings erlauben es den Auftraggebern, die technischen Anlagen bis ins kleinste Detail zu erkunden und mit ihnen zu interagieren \u2013 sogar das Zerlegen und der Blick ins Innere sind m\u00f6glich. Durch die Integration von erkl\u00e4renden Inhalten bietet der digitale Zwilling einen umfassenden \u00dcberblick, der den Verkaufs- und Abnahme-Prozess erheblich beschleunigt. Das spart nicht nur unserem Kunden, sondern auch seinen Auftraggebern wertvolle Zeit und Ressourcen.[\/vc_column_text]<div class=\"gap\" style=\"line-height: 60px; height: 60px;\"><\/div>[vc_separator]<div class=\"gap\" style=\"line-height: 80px; height: 80px;\"><\/div>[\/vc_column_inner][vc_column_inner width=&#8220;1\/6&#8243;][\/vc_column_inner][\/vc_row_inner][vc_row_inner][vc_column_inner width=&#8220;1\/6&#8243;][\/vc_column_inner][vc_column_inner width=&#8220;2\/6&#8243;][vc_single_image image=&#8220;37131&#8243; img_size=&#8220;200&#215;200&#8243; alignment=&#8220;center&#8220;]<div class=\"gap\" style=\"line-height: 30px; height: 30px;\"><\/div>[\/vc_column_inner][vc_column_inner width=&#8220;1\/2&#8243;]<div id=\"ultimate-heading-283369d71ea3e8a63\" class=\"uvc-heading ult-adjust-bottom-margin ultimate-heading-283369d71ea3e8a63 uvc-1002  uvc-heading-default-font-sizes\" data-hspacer=\"no_spacer\"  data-halign=\"left\" style=\"text-align:left\"><div class=\"uvc-heading-spacer no_spacer\" style=\"top\"><\/div><div class=\"uvc-main-heading ult-responsive\"  data-ultimate-target='.uvc-heading.ultimate-heading-283369d71ea3e8a63 h2'  data-responsive-json-new='{\"font-size\":\"\",\"line-height\":\"\"}' ><h2 style=\"--font-weight:theme;margin-bottom:10px;\">Noch Fragen?<\/h2><\/div><div class=\"uvc-sub-heading ult-responsive\"  data-ultimate-target='.uvc-heading.ultimate-heading-283369d71ea3e8a63 .uvc-sub-heading '  data-responsive-json-new='{\"font-size\":\"\",\"line-height\":\"\"}'  style=\"font-weight:normal;\"><strong>Unser Projektmanager hilft Ihnen gerne weiter!<\/strong><\/p>\n<p>Wladislav Homm, Project Manager<\/div><\/div><div class=\"gap\" style=\"line-height: 30px; height: 30px;\"><\/div>[vc_btn title=&#8220;Kontaktieren Sie uns&#8220; style=&#8220;outline-custom&#8220; outline_custom_color=&#8220;#A32D33&#8243; outline_custom_hover_background=&#8220;#A32D33&#8243; outline_custom_hover_text=&#8220;#ffffff&#8220; shape=&#8220;square&#8220; align=&#8220;left&#8220; css=&#8220;&#8220; link=&#8220;url:%2Fde%2Fkontakt%2F&#8220;]<div class=\"gap\" style=\"line-height: 80px; height: 80px;\"><\/div>[\/vc_column_inner][\/vc_row_inner][\/vc_column][\/vc_row][vc_row bg_type=&#8220;bg_color&#8220; bg_override=&#8220;full&#8220; bg_color_value=&#8220;#ededed&#8220;][vc_column]<div class=\"gap\" style=\"line-height: 50px; height: 50px;\"><\/div>[\/vc_column][\/vc_row]<\/p>\n<\/div>","protected":false},"excerpt":{"rendered":"<p>[vc_row bg_type=&#8220;bg_color&#8220; bg_override=&#8220;full&#8220; bg_color_value=&#8220;#ededed&#8220; css=&#8220;.vc_custom_1701085557764{padding-top: 50px !important;}&#8220;][vc_column css=&#8220;.vc_custom_1700551267224{background-color: #ffffff !important;}&#8220;][vc_row_inner][vc_column_inner width=&#8220;1\/4&#8243;][\/vc_column_inner][vc_column_inner width=&#8220;1\/4&#8243;][\/vc_column_inner][vc_column_inner width=&#8220;1\/4&#8243;][\/vc_column_inner][vc_column_inner width=&#8220;1\/4&#8243;][\/vc_column_inner][\/vc_row_inner][vc_row_inner][vc_column_inner width=&#8220;1\/6&#8243;][\/vc_column_inner][vc_column_inner width=&#8220;2\/3&#8243;][vc_single_image image=&#8220;37123&#8243; img_size=&#8220;full&#8220;][vc_column_text] Herausforderung Der Verkauf komplexer technischer Anlagen stellt f\u00fcr unseren Kunden aus dem Anlagenbau eine betr\u00e4chtliche Herausforderung dar. Potenzielle Auftraggeber verlangen oft ein greifbares Verst\u00e4ndnis der technischen Anlagen in Betrieb, bevor sie eine Kaufentscheidung treffen. Traditionelle Methoden, Anlagen&hellip;<\/p>\n","protected":false},"author":1,"featured_media":0,"parent":0,"menu_order":1,"comment_status":"closed","ping_status":"closed","template":"template-microsite.php","meta":{"footnotes":""},"class_list":["post-37030","page","type-page","status-publish","hentry","description-off"],"yoast_head":"<!-- This site is optimized with the Yoast SEO plugin v27.3 - https:\/\/yoast.com\/product\/yoast-seo-wordpress\/ -->\n<title>Case Study: Showrooms f\u00fcr komplexe Anlagen | FRAMENCE<\/title>\n<meta name=\"description\" content=\"Remote Factory Acceptance Tests mit FRAMENCE: Anlagen digital pr\u00fcfen, Abnahmen ortsunabh\u00e4ngig durchf\u00fchren und Prozesse effizient absichern.\" \/>\n<meta name=\"robots\" content=\"index, follow, max-snippet:-1, max-image-preview:large, max-video-preview:-1\" \/>\n<link rel=\"canonical\" href=\"https:\/\/www.framence.com\/de\/case-study-showrooms-fuer-komplexe-anlagen\/\" \/>\n<meta property=\"og:locale\" content=\"de_DE\" \/>\n<meta property=\"og:type\" content=\"article\" \/>\n<meta property=\"og:title\" content=\"Case Study: Showrooms f\u00fcr komplexe Anlagen | FRAMENCE\" \/>\n<meta property=\"og:description\" content=\"Remote Factory Acceptance Tests mit FRAMENCE: Anlagen digital pr\u00fcfen, Abnahmen ortsunabh\u00e4ngig durchf\u00fchren und Prozesse effizient absichern.\" \/>\n<meta property=\"og:url\" content=\"https:\/\/www.framence.com\/de\/case-study-showrooms-fuer-komplexe-anlagen\/\" \/>\n<meta property=\"og:site_name\" content=\"FRAMENCE\" \/>\n<meta property=\"article:modified_time\" content=\"2025-12-12T10:38:32+00:00\" \/>\n<meta property=\"og:image\" content=\"https:\/\/www.framence.com\/wp-content\/uploads\/2025\/12\/Framence_Favicon_32x32.png\" \/>\n\t<meta property=\"og:image:width\" content=\"32\" \/>\n\t<meta property=\"og:image:height\" content=\"32\" \/>\n\t<meta property=\"og:image:type\" content=\"image\/png\" \/>\n<meta name=\"twitter:card\" content=\"summary_large_image\" \/>\n<meta name=\"twitter:label1\" content=\"Gesch\u00e4tzte Lesezeit\" \/>\n\t<meta name=\"twitter:data1\" content=\"3\u00a0Minuten\" \/>\n<script type=\"application\/ld+json\" class=\"yoast-schema-graph\">{\"@context\":\"https:\\\/\\\/schema.org\",\"@graph\":[{\"@type\":\"WebPage\",\"@id\":\"https:\\\/\\\/www.framence.com\\\/de\\\/case-study-showrooms-fuer-komplexe-anlagen\\\/\",\"url\":\"https:\\\/\\\/www.framence.com\\\/de\\\/case-study-showrooms-fuer-komplexe-anlagen\\\/\",\"name\":\"Case Study: Showrooms f\u00fcr komplexe Anlagen | FRAMENCE\",\"isPartOf\":{\"@id\":\"https:\\\/\\\/www.framence.com\\\/#website\"},\"datePublished\":\"2024-01-17T09:05:57+00:00\",\"dateModified\":\"2025-12-12T10:38:32+00:00\",\"description\":\"Remote Factory Acceptance Tests mit FRAMENCE: Anlagen digital pr\u00fcfen, Abnahmen ortsunabh\u00e4ngig durchf\u00fchren und Prozesse effizient absichern.\",\"breadcrumb\":{\"@id\":\"https:\\\/\\\/www.framence.com\\\/de\\\/case-study-showrooms-fuer-komplexe-anlagen\\\/#breadcrumb\"},\"inLanguage\":\"de\",\"potentialAction\":[{\"@type\":\"ReadAction\",\"target\":[\"https:\\\/\\\/www.framence.com\\\/de\\\/case-study-showrooms-fuer-komplexe-anlagen\\\/\"]}]},{\"@type\":\"BreadcrumbList\",\"@id\":\"https:\\\/\\\/www.framence.com\\\/de\\\/case-study-showrooms-fuer-komplexe-anlagen\\\/#breadcrumb\",\"itemListElement\":[{\"@type\":\"ListItem\",\"position\":1,\"name\":\"Startseite\",\"item\":\"https:\\\/\\\/www.framence.com\\\/de\\\/\"},{\"@type\":\"ListItem\",\"position\":2,\"name\":\"Case Study: Showrooms f\u00fcr komplexe Anlagen\"}]},{\"@type\":\"WebSite\",\"@id\":\"https:\\\/\\\/www.framence.com\\\/#website\",\"url\":\"https:\\\/\\\/www.framence.com\\\/\",\"name\":\"FRAMENCE\",\"description\":\"\",\"potentialAction\":[{\"@type\":\"SearchAction\",\"target\":{\"@type\":\"EntryPoint\",\"urlTemplate\":\"https:\\\/\\\/www.framence.com\\\/?s={search_term_string}\"},\"query-input\":{\"@type\":\"PropertyValueSpecification\",\"valueRequired\":true,\"valueName\":\"search_term_string\"}}],\"inLanguage\":\"de\"}]}<\/script>\n<!-- \/ Yoast SEO plugin. -->","yoast_head_json":{"title":"Case Study: Showrooms f\u00fcr komplexe Anlagen | FRAMENCE","description":"Remote Factory Acceptance Tests mit FRAMENCE: Anlagen digital pr\u00fcfen, Abnahmen ortsunabh\u00e4ngig durchf\u00fchren und Prozesse effizient absichern.","robots":{"index":"index","follow":"follow","max-snippet":"max-snippet:-1","max-image-preview":"max-image-preview:large","max-video-preview":"max-video-preview:-1"},"canonical":"https:\/\/www.framence.com\/de\/case-study-showrooms-fuer-komplexe-anlagen\/","og_locale":"de_DE","og_type":"article","og_title":"Case Study: Showrooms f\u00fcr komplexe Anlagen | FRAMENCE","og_description":"Remote Factory Acceptance Tests mit FRAMENCE: Anlagen digital pr\u00fcfen, Abnahmen ortsunabh\u00e4ngig durchf\u00fchren und Prozesse effizient absichern.","og_url":"https:\/\/www.framence.com\/de\/case-study-showrooms-fuer-komplexe-anlagen\/","og_site_name":"FRAMENCE","article_modified_time":"2025-12-12T10:38:32+00:00","og_image":[{"width":32,"height":32,"url":"https:\/\/www.framence.com\/wp-content\/uploads\/2025\/12\/Framence_Favicon_32x32.png","type":"image\/png"}],"twitter_card":"summary_large_image","twitter_misc":{"Gesch\u00e4tzte Lesezeit":"3\u00a0Minuten"},"schema":{"@context":"https:\/\/schema.org","@graph":[{"@type":"WebPage","@id":"https:\/\/www.framence.com\/de\/case-study-showrooms-fuer-komplexe-anlagen\/","url":"https:\/\/www.framence.com\/de\/case-study-showrooms-fuer-komplexe-anlagen\/","name":"Case Study: Showrooms f\u00fcr komplexe Anlagen | FRAMENCE","isPartOf":{"@id":"https:\/\/www.framence.com\/#website"},"datePublished":"2024-01-17T09:05:57+00:00","dateModified":"2025-12-12T10:38:32+00:00","description":"Remote Factory Acceptance Tests mit FRAMENCE: Anlagen digital pr\u00fcfen, Abnahmen ortsunabh\u00e4ngig durchf\u00fchren und Prozesse effizient absichern.","breadcrumb":{"@id":"https:\/\/www.framence.com\/de\/case-study-showrooms-fuer-komplexe-anlagen\/#breadcrumb"},"inLanguage":"de","potentialAction":[{"@type":"ReadAction","target":["https:\/\/www.framence.com\/de\/case-study-showrooms-fuer-komplexe-anlagen\/"]}]},{"@type":"BreadcrumbList","@id":"https:\/\/www.framence.com\/de\/case-study-showrooms-fuer-komplexe-anlagen\/#breadcrumb","itemListElement":[{"@type":"ListItem","position":1,"name":"Startseite","item":"https:\/\/www.framence.com\/de\/"},{"@type":"ListItem","position":2,"name":"Case Study: Showrooms f\u00fcr komplexe Anlagen"}]},{"@type":"WebSite","@id":"https:\/\/www.framence.com\/#website","url":"https:\/\/www.framence.com\/","name":"FRAMENCE","description":"","potentialAction":[{"@type":"SearchAction","target":{"@type":"EntryPoint","urlTemplate":"https:\/\/www.framence.com\/?s={search_term_string}"},"query-input":{"@type":"PropertyValueSpecification","valueRequired":true,"valueName":"search_term_string"}}],"inLanguage":"de"}]}},"_links":{"self":[{"href":"https:\/\/www.framence.com\/de\/wp-json\/wp\/v2\/pages\/37030","targetHints":{"allow":["GET"]}}],"collection":[{"href":"https:\/\/www.framence.com\/de\/wp-json\/wp\/v2\/pages"}],"about":[{"href":"https:\/\/www.framence.com\/de\/wp-json\/wp\/v2\/types\/page"}],"author":[{"embeddable":true,"href":"https:\/\/www.framence.com\/de\/wp-json\/wp\/v2\/users\/1"}],"replies":[{"embeddable":true,"href":"https:\/\/www.framence.com\/de\/wp-json\/wp\/v2\/comments?post=37030"}],"version-history":[{"count":8,"href":"https:\/\/www.framence.com\/de\/wp-json\/wp\/v2\/pages\/37030\/revisions"}],"predecessor-version":[{"id":38562,"href":"https:\/\/www.framence.com\/de\/wp-json\/wp\/v2\/pages\/37030\/revisions\/38562"}],"wp:attachment":[{"href":"https:\/\/www.framence.com\/de\/wp-json\/wp\/v2\/media?parent=37030"}],"curies":[{"name":"wp","href":"https:\/\/api.w.org\/{rel}","templated":true}]}}