{"id":37035,"date":"2024-01-17T10:06:42","date_gmt":"2024-01-17T09:06:42","guid":{"rendered":"https:\/\/www.framence.com\/?page_id=37035"},"modified":"2025-12-12T11:16:14","modified_gmt":"2025-12-12T10:16:14","slug":"case-study-remote-support","status":"publish","type":"page","link":"https:\/\/www.framence.com\/de\/case-study-remote-support\/","title":{"rendered":"Case Study: Remote Support"},"content":{"rendered":"<div class=\"wpb-content-wrapper\"><p>[vc_row bg_type=&#8220;bg_color&#8220; bg_override=&#8220;full&#8220; bg_color_value=&#8220;#ededed&#8220; css=&#8220;.vc_custom_1701085557764{padding-top: 50px !important;}&#8220;][vc_column css=&#8220;.vc_custom_1700551267224{background-color: #ffffff !important;}&#8220;]<div class=\"gap\" style=\"line-height: 30px; height: 30px;\"><\/div>[vc_row_inner][vc_column_inner width=&#8220;1\/4&#8243;]<div id=\"highlight-box-wrap-6815\"  data-ultimate-target='#highlight-box-wrap-6815'  data-responsive-json-new='{\"font-size\":\"desktop:25px;\",\"line-height\":\"\"}'  class=\"ultimate-call-to-action ult-adjust-bottom-margin  ctaction-text-center ult-responsive\" style=\"font-weight:normal;color:#ffffff;background:#A32D33;padding-top:20px;padding-bottom:20px;\"  data-background=\"#A32D33\"  data-override=\"0\" ><div class=\"uvc-ctaction-data uvc-ctaction-data-no-effect ult-responsive\"><strong>CASE STUDY<\/strong><\/div><\/div>[\/vc_column_inner][vc_column_inner width=&#8220;1\/4&#8243;][\/vc_column_inner][vc_column_inner width=&#8220;1\/4&#8243;][\/vc_column_inner][vc_column_inner width=&#8220;1\/4&#8243;][\/vc_column_inner][\/vc_row_inner]<div class=\"gap\" style=\"line-height: 30px; height: 30px;\"><\/div>[vc_row_inner][vc_column_inner width=&#8220;1\/6&#8243;][\/vc_column_inner][vc_column_inner width=&#8220;2\/3&#8243;]<div id=\"ultimate-heading-469369f46755196b0\" class=\"uvc-heading ult-adjust-bottom-margin ultimate-heading-469369f46755196b0 uvc-9649 \" data-hspacer=\"no_spacer\"  data-halign=\"left\" style=\"text-align:left\"><div class=\"uvc-heading-spacer no_spacer\" style=\"top\"><\/div><div class=\"uvc-main-heading ult-responsive\"  data-ultimate-target='.uvc-heading.ultimate-heading-469369f46755196b0 h2'  data-responsive-json-new='{\"font-size\":\"desktop:45px;\",\"line-height\":\"desktop:50px;\"}' ><h2 style=\"--font-weight:theme;margin-bottom:30px;\">Remote Support mit Augmented Reality in der Automobilindustrie<\/h2><\/div><div class=\"uvc-sub-heading ult-responsive\"  data-ultimate-target='.uvc-heading.ultimate-heading-469369f46755196b0 .uvc-sub-heading '  data-responsive-json-new='{\"font-size\":\"desktop:25px;\",\"line-height\":\"desktop:38px;\"}'  style=\"font-weight:normal;\">Zur Optimierung von Wartungs- und Betriebsabl\u00e4ufen an internationalen Standorten f\u00fcr einen namhaften Kunden in der Automobilindustrie haben wir Augmented Reality (AR)<br \/>\nf\u00fcr den Remote Support \u00fcber unsere fotorealistische digitale Zwillingsplattform eingesetzt.<\/div><\/div><div class=\"gap\" style=\"line-height: 50px; height: 50px;\"><\/div>[vc_single_image image=&#8220;37125&#8243; img_size=&#8220;full&#8220;]<div class=\"gap\" style=\"line-height: 60px; height: 60px;\"><\/div>[vc_column_text]<\/p>\n<h3><strong>Herausforderung<\/strong><\/h3>\n<p>Wir bei Framence kennen die speziellen Herausforderungen, mit denen die Automobilindustrie bei der Instandhaltung und dem Betrieb komplexer Maschinen konfrontiert ist. Die Notwendigkeit effizienter Wartungsprozesse zur Reduzierung von Ausfallzeiten und zur Kostensenkung ist insbesondere in Zeiten des Fachkr\u00e4ftemangels wichtig. Unser Kunde aus der Automobilbranche strebte daher an, seine weltweiten Wartungs- und Betriebsprozesse zu optimieren, um gleichzeitig die Ausfallzeiten zu minimieren und die Effizienz seiner betrieblichen Abl\u00e4ufe zu steigern.[\/vc_column_text]<div class=\"gap\" style=\"line-height: 50px; height: 50px;\"><\/div>[vc_column_text]<\/p>\n<h3><strong>L\u00f6sung<\/strong><\/h3>\n<p>Zur L\u00f6sung dieser Herausforderungen haben wir unser Expertenwissen im Bereich fotorealistischer digitaler Zwillinge mit Augmented Reality (AR) und Remote-Support-L\u00f6sungen kombiniert. Unsere hochdetaillierten und pr\u00e4zisen digitalen Zwillinge bieten exakte Abbilder von physischen Anlagen und Geb\u00e4uden. Durch die Integration fortschrittlicher AR-Funktionen k\u00f6nnen Techniker vor Ort problemlos auf wichtige Anlageninformationen wie Wartungsprotokolle, Schaltpl\u00e4ne und historische Daten zugreifen. Diese Informationen k\u00f6nnen in Echtzeit \u00fcber die physische Anlage gelegt werden, um Technikern bei Wartungsaufgaben zu unterst\u00fctzen.<\/p>\n<p>Zus\u00e4tzlich erm\u00f6glicht unsere Plattform Technikern vor Ort, remote mit Spezialisten in Kontakt zu treten. Mithilfe von AR k\u00f6nnen diese Spezialisten in Echtzeit Wartungsschritte erl\u00e4utern, indem sie die zu reparierenden Maschinenteile hervorheben oder zus\u00e4tzliche Informationen und Anweisungen direkt in das Sichtfeld des Technikers vor Ort einblenden.[\/vc_column_text]<div class=\"gap\" style=\"line-height: 50px; height: 50px;\"><\/div>[vc_column_text]<\/p>\n<h3><strong>Benefits<\/strong><\/h3>\n<p>Durch die Synergie von fotorealistischen digitalen Zwillingen und Augmented Reality (AR) konnten wir unserem Kunden dabei helfen, Ausfallzeiten signifikant zu reduzieren, indem wir historische Daten und Wartungsprotokolle integriert haben. Die drastische Reduzierung von aufw\u00e4ndigen Reisen von Spezialisten und Technikern f\u00fchrte zu erheblichen Kosten- und Zeitersparnissen. Unsere L\u00f6sung erm\u00f6glicht es Spezialisten, ihren Support nun remote anzubieten, ohne physisch vor Ort sein zu m\u00fcssen, und dabei ihr Fachwissen global einzusetzen. So kann unser Kunde ein einheitliches Serviceniveau an verschiedenen Standorten sicherstellen.[\/vc_column_text]<div class=\"gap\" style=\"line-height: 60px; height: 60px;\"><\/div>[vc_separator]<div class=\"gap\" style=\"line-height: 80px; height: 80px;\"><\/div>[\/vc_column_inner][vc_column_inner width=&#8220;1\/6&#8243;][\/vc_column_inner][\/vc_row_inner][vc_row_inner][vc_column_inner width=&#8220;1\/6&#8243;][\/vc_column_inner][vc_column_inner width=&#8220;2\/6&#8243;][vc_single_image image=&#8220;37131&#8243; img_size=&#8220;200&#215;200&#8243; alignment=&#8220;center&#8220;]<div class=\"gap\" style=\"line-height: 30px; height: 30px;\"><\/div>[\/vc_column_inner][vc_column_inner width=&#8220;1\/2&#8243;]<div id=\"ultimate-heading-806869f467551976d\" class=\"uvc-heading ult-adjust-bottom-margin ultimate-heading-806869f467551976d uvc-1229  uvc-heading-default-font-sizes\" data-hspacer=\"no_spacer\"  data-halign=\"left\" style=\"text-align:left\"><div class=\"uvc-heading-spacer no_spacer\" style=\"top\"><\/div><div class=\"uvc-main-heading ult-responsive\"  data-ultimate-target='.uvc-heading.ultimate-heading-806869f467551976d h2'  data-responsive-json-new='{\"font-size\":\"\",\"line-height\":\"\"}' ><h2 style=\"--font-weight:theme;margin-bottom:10px;\">Noch Fragen?<\/h2><\/div><div class=\"uvc-sub-heading ult-responsive\"  data-ultimate-target='.uvc-heading.ultimate-heading-806869f467551976d .uvc-sub-heading '  data-responsive-json-new='{\"font-size\":\"\",\"line-height\":\"\"}'  style=\"font-weight:normal;\"><strong>Unser Projektmanager hilft Ihnen gerne weiter!<\/strong><\/p>\n<p>Wladislav Homm, Project Manager<\/div><\/div><div class=\"gap\" style=\"line-height: 30px; height: 30px;\"><\/div>[vc_btn title=&#8220;Kontaktieren Sie uns&#8220; style=&#8220;outline-custom&#8220; outline_custom_color=&#8220;#A32D33&#8243; outline_custom_hover_background=&#8220;#A32D33&#8243; outline_custom_hover_text=&#8220;#ffffff&#8220; shape=&#8220;square&#8220; align=&#8220;left&#8220; css=&#8220;&#8220; link=&#8220;url:%2Fde%2Fkontakt%2F&#8220;]<div class=\"gap\" style=\"line-height: 80px; height: 80px;\"><\/div>[\/vc_column_inner][\/vc_row_inner][\/vc_column][\/vc_row][vc_row bg_type=&#8220;bg_color&#8220; bg_override=&#8220;full&#8220; bg_color_value=&#8220;#ededed&#8220;][vc_column]<div class=\"gap\" style=\"line-height: 50px; height: 50px;\"><\/div>[\/vc_column][\/vc_row]<\/p>\n<\/div>","protected":false},"excerpt":{"rendered":"<p>[vc_row bg_type=&#8220;bg_color&#8220; bg_override=&#8220;full&#8220; bg_color_value=&#8220;#ededed&#8220; css=&#8220;.vc_custom_1701085557764{padding-top: 50px !important;}&#8220;][vc_column css=&#8220;.vc_custom_1700551267224{background-color: #ffffff !important;}&#8220;][vc_row_inner][vc_column_inner width=&#8220;1\/4&#8243;][\/vc_column_inner][vc_column_inner width=&#8220;1\/4&#8243;][\/vc_column_inner][vc_column_inner width=&#8220;1\/4&#8243;][\/vc_column_inner][vc_column_inner width=&#8220;1\/4&#8243;][\/vc_column_inner][\/vc_row_inner][vc_row_inner][vc_column_inner width=&#8220;1\/6&#8243;][\/vc_column_inner][vc_column_inner width=&#8220;2\/3&#8243;][vc_single_image image=&#8220;37125&#8243; img_size=&#8220;full&#8220;][vc_column_text] Herausforderung Wir bei Framence kennen die speziellen Herausforderungen, mit denen die Automobilindustrie bei der Instandhaltung und dem Betrieb komplexer Maschinen konfrontiert ist. Die Notwendigkeit effizienter Wartungsprozesse zur Reduzierung von Ausfallzeiten und zur Kostensenkung ist insbesondere in Zeiten&hellip;<\/p>\n","protected":false},"author":1,"featured_media":0,"parent":0,"menu_order":1,"comment_status":"closed","ping_status":"closed","template":"template-microsite.php","meta":{"footnotes":""},"class_list":["post-37035","page","type-page","status-publish","hentry","description-off"],"yoast_head":"<!-- This site is optimized with the Yoast SEO plugin v27.5 - https:\/\/yoast.com\/product\/yoast-seo-wordpress\/ -->\n<title>Case Study: Remote Support | FRAMENCE<\/title>\n<meta name=\"description\" content=\"AR-gest\u00fctzter Remote Support mit FRAMENCE: Automobilhersteller bei Wartung und Support unterst\u00fctzen, Prozesse beschleunigen und Ausfallzeiten reduzieren.\" \/>\n<meta name=\"robots\" content=\"index, follow, max-snippet:-1, max-image-preview:large, max-video-preview:-1\" \/>\n<link rel=\"canonical\" href=\"https:\/\/www.framence.com\/de\/case-study-remote-support\/\" \/>\n<meta property=\"og:locale\" content=\"de_DE\" \/>\n<meta property=\"og:type\" content=\"article\" \/>\n<meta property=\"og:title\" content=\"Case Study: Remote Support | FRAMENCE\" \/>\n<meta property=\"og:description\" content=\"AR-gest\u00fctzter Remote Support mit FRAMENCE: Automobilhersteller bei Wartung und Support unterst\u00fctzen, Prozesse beschleunigen und Ausfallzeiten reduzieren.\" \/>\n<meta property=\"og:url\" content=\"https:\/\/www.framence.com\/de\/case-study-remote-support\/\" \/>\n<meta property=\"og:site_name\" content=\"FRAMENCE\" \/>\n<meta property=\"article:modified_time\" content=\"2025-12-12T10:16:14+00:00\" \/>\n<meta property=\"og:image\" content=\"https:\/\/www.framence.com\/wp-content\/uploads\/2025\/12\/Framence_Favicon_32x32.png\" \/>\n\t<meta property=\"og:image:width\" content=\"32\" \/>\n\t<meta property=\"og:image:height\" content=\"32\" \/>\n\t<meta property=\"og:image:type\" content=\"image\/png\" \/>\n<meta name=\"twitter:card\" content=\"summary_large_image\" \/>\n<meta name=\"twitter:label1\" content=\"Gesch\u00e4tzte Lesezeit\" \/>\n\t<meta name=\"twitter:data1\" content=\"3\u00a0Minuten\" \/>\n<script type=\"application\/ld+json\" class=\"yoast-schema-graph\">{\"@context\":\"https:\\\/\\\/schema.org\",\"@graph\":[{\"@type\":\"WebPage\",\"@id\":\"https:\\\/\\\/www.framence.com\\\/de\\\/case-study-remote-support\\\/\",\"url\":\"https:\\\/\\\/www.framence.com\\\/de\\\/case-study-remote-support\\\/\",\"name\":\"Case Study: Remote Support | FRAMENCE\",\"isPartOf\":{\"@id\":\"https:\\\/\\\/www.framence.com\\\/#website\"},\"datePublished\":\"2024-01-17T09:06:42+00:00\",\"dateModified\":\"2025-12-12T10:16:14+00:00\",\"description\":\"AR-gest\u00fctzter Remote Support mit FRAMENCE: Automobilhersteller bei Wartung und Support unterst\u00fctzen, Prozesse beschleunigen und Ausfallzeiten reduzieren.\",\"breadcrumb\":{\"@id\":\"https:\\\/\\\/www.framence.com\\\/de\\\/case-study-remote-support\\\/#breadcrumb\"},\"inLanguage\":\"de\",\"potentialAction\":[{\"@type\":\"ReadAction\",\"target\":[\"https:\\\/\\\/www.framence.com\\\/de\\\/case-study-remote-support\\\/\"]}]},{\"@type\":\"BreadcrumbList\",\"@id\":\"https:\\\/\\\/www.framence.com\\\/de\\\/case-study-remote-support\\\/#breadcrumb\",\"itemListElement\":[{\"@type\":\"ListItem\",\"position\":1,\"name\":\"Startseite\",\"item\":\"https:\\\/\\\/www.framence.com\\\/de\\\/\"},{\"@type\":\"ListItem\",\"position\":2,\"name\":\"Case Study: Remote Support\"}]},{\"@type\":\"WebSite\",\"@id\":\"https:\\\/\\\/www.framence.com\\\/#website\",\"url\":\"https:\\\/\\\/www.framence.com\\\/\",\"name\":\"FRAMENCE\",\"description\":\"\",\"potentialAction\":[{\"@type\":\"SearchAction\",\"target\":{\"@type\":\"EntryPoint\",\"urlTemplate\":\"https:\\\/\\\/www.framence.com\\\/?s={search_term_string}\"},\"query-input\":{\"@type\":\"PropertyValueSpecification\",\"valueRequired\":true,\"valueName\":\"search_term_string\"}}],\"inLanguage\":\"de\"}]}<\/script>\n<!-- \/ Yoast SEO plugin. -->","yoast_head_json":{"title":"Case Study: Remote Support | FRAMENCE","description":"AR-gest\u00fctzter Remote Support mit FRAMENCE: Automobilhersteller bei Wartung und Support unterst\u00fctzen, Prozesse beschleunigen und Ausfallzeiten reduzieren.","robots":{"index":"index","follow":"follow","max-snippet":"max-snippet:-1","max-image-preview":"max-image-preview:large","max-video-preview":"max-video-preview:-1"},"canonical":"https:\/\/www.framence.com\/de\/case-study-remote-support\/","og_locale":"de_DE","og_type":"article","og_title":"Case Study: Remote Support | FRAMENCE","og_description":"AR-gest\u00fctzter Remote Support mit FRAMENCE: Automobilhersteller bei Wartung und Support unterst\u00fctzen, Prozesse beschleunigen und Ausfallzeiten reduzieren.","og_url":"https:\/\/www.framence.com\/de\/case-study-remote-support\/","og_site_name":"FRAMENCE","article_modified_time":"2025-12-12T10:16:14+00:00","og_image":[{"width":32,"height":32,"url":"https:\/\/www.framence.com\/wp-content\/uploads\/2025\/12\/Framence_Favicon_32x32.png","type":"image\/png"}],"twitter_card":"summary_large_image","twitter_misc":{"Gesch\u00e4tzte Lesezeit":"3\u00a0Minuten"},"schema":{"@context":"https:\/\/schema.org","@graph":[{"@type":"WebPage","@id":"https:\/\/www.framence.com\/de\/case-study-remote-support\/","url":"https:\/\/www.framence.com\/de\/case-study-remote-support\/","name":"Case Study: Remote Support | FRAMENCE","isPartOf":{"@id":"https:\/\/www.framence.com\/#website"},"datePublished":"2024-01-17T09:06:42+00:00","dateModified":"2025-12-12T10:16:14+00:00","description":"AR-gest\u00fctzter Remote Support mit FRAMENCE: Automobilhersteller bei Wartung und Support unterst\u00fctzen, Prozesse beschleunigen und Ausfallzeiten reduzieren.","breadcrumb":{"@id":"https:\/\/www.framence.com\/de\/case-study-remote-support\/#breadcrumb"},"inLanguage":"de","potentialAction":[{"@type":"ReadAction","target":["https:\/\/www.framence.com\/de\/case-study-remote-support\/"]}]},{"@type":"BreadcrumbList","@id":"https:\/\/www.framence.com\/de\/case-study-remote-support\/#breadcrumb","itemListElement":[{"@type":"ListItem","position":1,"name":"Startseite","item":"https:\/\/www.framence.com\/de\/"},{"@type":"ListItem","position":2,"name":"Case Study: Remote Support"}]},{"@type":"WebSite","@id":"https:\/\/www.framence.com\/#website","url":"https:\/\/www.framence.com\/","name":"FRAMENCE","description":"","potentialAction":[{"@type":"SearchAction","target":{"@type":"EntryPoint","urlTemplate":"https:\/\/www.framence.com\/?s={search_term_string}"},"query-input":{"@type":"PropertyValueSpecification","valueRequired":true,"valueName":"search_term_string"}}],"inLanguage":"de"}]}},"_links":{"self":[{"href":"https:\/\/www.framence.com\/de\/wp-json\/wp\/v2\/pages\/37035","targetHints":{"allow":["GET"]}}],"collection":[{"href":"https:\/\/www.framence.com\/de\/wp-json\/wp\/v2\/pages"}],"about":[{"href":"https:\/\/www.framence.com\/de\/wp-json\/wp\/v2\/types\/page"}],"author":[{"embeddable":true,"href":"https:\/\/www.framence.com\/de\/wp-json\/wp\/v2\/users\/1"}],"replies":[{"embeddable":true,"href":"https:\/\/www.framence.com\/de\/wp-json\/wp\/v2\/comments?post=37035"}],"version-history":[{"count":5,"href":"https:\/\/www.framence.com\/de\/wp-json\/wp\/v2\/pages\/37035\/revisions"}],"predecessor-version":[{"id":38566,"href":"https:\/\/www.framence.com\/de\/wp-json\/wp\/v2\/pages\/37035\/revisions\/38566"}],"wp:attachment":[{"href":"https:\/\/www.framence.com\/de\/wp-json\/wp\/v2\/media?parent=37035"}],"curies":[{"name":"wp","href":"https:\/\/api.w.org\/{rel}","templated":true}]}}