{"id":37038,"date":"2024-01-17T10:06:03","date_gmt":"2024-01-17T09:06:03","guid":{"rendered":"https:\/\/www.framence.com\/?page_id=37038"},"modified":"2025-12-12T11:41:04","modified_gmt":"2025-12-12T10:41:04","slug":"case-study-visuelle-baustellendokumentation","status":"publish","type":"page","link":"https:\/\/www.framence.com\/de\/case-study-visuelle-baustellendokumentation\/","title":{"rendered":"Case Study: Visuelle Baustellendokumentation"},"content":{"rendered":"<div class=\"wpb-content-wrapper\"><p>[vc_row bg_type=&#8220;bg_color&#8220; bg_override=&#8220;full&#8220; bg_color_value=&#8220;#ededed&#8220; css=&#8220;.vc_custom_1701085557764{padding-top: 50px !important;}&#8220;][vc_column css=&#8220;.vc_custom_1700551267224{background-color: #ffffff !important;}&#8220;]<div class=\"gap\" style=\"line-height: 30px; height: 30px;\"><\/div>[vc_row_inner][vc_column_inner width=&#8220;1\/4&#8243;]<div id=\"highlight-box-wrap-8175\"  data-ultimate-target='#highlight-box-wrap-8175'  data-responsive-json-new='{\"font-size\":\"desktop:25px;\",\"line-height\":\"\"}'  class=\"ultimate-call-to-action ult-adjust-bottom-margin  ctaction-text-center ult-responsive\" style=\"font-weight:normal;color:#ffffff;background:#A32D33;padding-top:20px;padding-bottom:20px;\"  data-background=\"#A32D33\"  data-override=\"0\" ><div class=\"uvc-ctaction-data uvc-ctaction-data-no-effect ult-responsive\"><strong>CASE STUDY<\/strong><\/div><\/div>[\/vc_column_inner][vc_column_inner width=&#8220;1\/4&#8243;][\/vc_column_inner][vc_column_inner width=&#8220;1\/4&#8243;][\/vc_column_inner][vc_column_inner width=&#8220;1\/4&#8243;][\/vc_column_inner][\/vc_row_inner]<div class=\"gap\" style=\"line-height: 30px; height: 30px;\"><\/div>[vc_row_inner][vc_column_inner width=&#8220;1\/6&#8243;][\/vc_column_inner][vc_column_inner width=&#8220;2\/3&#8243;]<div id=\"ultimate-heading-22469f46c6e4f59c\" class=\"uvc-heading ult-adjust-bottom-margin ultimate-heading-22469f46c6e4f59c uvc-6521 \" data-hspacer=\"no_spacer\"  data-halign=\"left\" style=\"text-align:left\"><div class=\"uvc-heading-spacer no_spacer\" style=\"top\"><\/div><div class=\"uvc-main-heading ult-responsive\"  data-ultimate-target='.uvc-heading.ultimate-heading-22469f46c6e4f59c h2'  data-responsive-json-new='{\"font-size\":\"desktop:42px;\",\"line-height\":\"desktop:50px;\"}' ><h2 style=\"--font-weight:theme;margin-bottom:30px;\">Baustellen\u00fcberwachung in der Baubranche mithilfe fotorealistischer digitaler Zwillinge<\/h2><\/div><div class=\"uvc-sub-heading ult-responsive\"  data-ultimate-target='.uvc-heading.ultimate-heading-22469f46c6e4f59c .uvc-sub-heading '  data-responsive-json-new='{\"font-size\":\"desktop:22px;\",\"line-height\":\"desktop:35px;\"}'  style=\"font-weight:normal;\">Durch die Einf\u00fchrung eines fotorealistischen digitalen Zwillings unterst\u00fctzten wir erfolgreich einen Kunden aus der Baubranche dabei, seinen Projektfortschritt effizienter zu dokumentieren. Dies wurde durch die Bereitstellung pr\u00e4ziser und umfassender visueller Aufzeichnungen \u00fcber den gesamten Projektverlauf erreicht. Unsere L\u00f6sung erm\u00f6glichte zudem eine Fortschrittsverfolgung in Echtzeit und trug zu einer verbesserten Entscheidungsfindung bei.<\/div><\/div><div class=\"gap\" style=\"line-height: 50px; height: 50px;\"><\/div>[vc_single_image image=&#8220;37129&#8243; img_size=&#8220;full&#8220;]<div class=\"gap\" style=\"line-height: 60px; height: 60px;\"><\/div>[vc_column_text]<\/p>\n<h3><strong>Herausforderung<\/strong><\/h3>\n<p>In der Baubranche verlaufen Projekte selten genau nach Plan. Ob es an betrieblichen Entscheidungen oder den \u00f6rtlichen Gegebenheiten liegt, Abweichungen von der urspr\u00fcnglichen Planung sind eher die Regel als die Ausnahme. Unser Kunde, ein f\u00fchrendes Unternehmen im Bausektor, hat uns \u00fcber die Herausforderungen informiert, die mit der pr\u00e4zisen Dokumentation von Bauprojekten einhergehen. Diese Herausforderungen erschweren die Verfolgung des Baufortschritts und die effektive und rechtzeitige Behebung unerwarteter Abweichungen.[\/vc_column_text]<div class=\"gap\" style=\"line-height: 50px; height: 50px;\"><\/div>[vc_column_text]<\/p>\n<h3><strong>L\u00f6sung<\/strong><\/h3>\n<p>Zur Bew\u00e4ltigung dieser Herausforderung haben wir erfolgreich unsere benutzerfreundliche Plattform f\u00fcr digitale Zwillinge implementiert. Durch die Zusammenarbeit mit den Mitarbeitern vor Ort und die Integration verschiedener Bildformate, darunter Panoramen, Handyfotos und Drohnenaufnahmen, konnte unser Kunde problemlos einen ma\u00dfstabsgetreuen digitalen Zwilling seiner Baustelle erstellen. Dieses Bildmodell bietet einen detaillierten \u00dcberblick \u00fcber die Aktivit\u00e4ten vor Ort und erm\u00f6glicht eine Echtzeit\u00fcberwachung des Bauprojekts.<\/p>\n<p>Dar\u00fcber hinaus erm\u00f6glicht die einfache Aktualisierungsmethode dem Management-Team, auf dem Laufenden zu bleiben, ohne selbst vor Ort sein zu m\u00fcssen. Unsere Plattform verf\u00fcgt au\u00dferdem \u00fcber eine Zeitschienen-Funktion zur detaillierten Verfolgung des Projektfortschritts. Diese Zeitschiene erm\u00f6glicht es, vergangene Situationen erneut zu betrachten; selbst verdeckte Installationen wie Leitungen werden mit der Zeitschiene sichtbar gemacht. Diese visuelle Dokumentation ist auch nach Abschluss des Baus wertvoll f\u00fcr andere Bereiche wie den Geb\u00e4udebetrieb oder die Planung von Modernisierungen.[\/vc_column_text]<div class=\"gap\" style=\"line-height: 50px; height: 50px;\"><\/div>[vc_column_text]<\/p>\n<h3><strong>Benefits<\/strong><\/h3>\n<p>Der ma\u00dfstabsgetreue digitale Zwilling bietet eine pr\u00e4zise Darstellung des Baufortschritts und erm\u00f6glicht eine umfassende visuelle Dokumentation von Bauprojekten. Unser Kunde kann nun den Projektfortschritt im Zeitverlauf effektiv \u00fcberwachen und Abweichungen vom urspr\u00fcnglichen Plan schnell identifizieren und angehen. So ist es m\u00f6glich, den Zeitplan des Projekts strikt einzuhalten. Die Zeitschiene erm\u00f6glicht es unserem Kunden, sich vergangene Situationen sowie bereits verdeckte technische Installationen anzuschauen. Dies unterst\u00fctzt den Entscheidungsprozess und tr\u00e4gt zu einer reibungsloseren Projektdurchf\u00fchrung bei.<\/p>\n<p>Insgesamt hat die Implementierung eines fotorealistischen digitalen Zwillings den Dokumentationsprozess f\u00fcr unseren Kunden optimiert, signifikante Zeitersparnisse erm\u00f6glicht und die Genauigkeit der Dokumentation sichergestellt. Dies ist auch f\u00fcr die Einhaltung von Gesetzen und Vorschriften sowie f\u00fcr die Erf\u00fcllung der Nachweispflicht von entscheidender Bedeutung.[\/vc_column_text]<div class=\"gap\" style=\"line-height: 60px; height: 60px;\"><\/div>[vc_separator]<div class=\"gap\" style=\"line-height: 80px; height: 80px;\"><\/div>[\/vc_column_inner][vc_column_inner width=&#8220;1\/6&#8243;][\/vc_column_inner][\/vc_row_inner][vc_row_inner][vc_column_inner width=&#8220;1\/6&#8243;][\/vc_column_inner][vc_column_inner width=&#8220;2\/6&#8243;][vc_single_image image=&#8220;37131&#8243; img_size=&#8220;200&#215;200&#8243; alignment=&#8220;center&#8220;]<div class=\"gap\" style=\"line-height: 30px; height: 30px;\"><\/div>[\/vc_column_inner][vc_column_inner width=&#8220;1\/2&#8243;]<div id=\"ultimate-heading-430669f46c6e4f65c\" class=\"uvc-heading ult-adjust-bottom-margin ultimate-heading-430669f46c6e4f65c uvc-853  uvc-heading-default-font-sizes\" data-hspacer=\"no_spacer\"  data-halign=\"left\" style=\"text-align:left\"><div class=\"uvc-heading-spacer no_spacer\" style=\"top\"><\/div><div class=\"uvc-main-heading ult-responsive\"  data-ultimate-target='.uvc-heading.ultimate-heading-430669f46c6e4f65c h2'  data-responsive-json-new='{\"font-size\":\"\",\"line-height\":\"\"}' ><h2 style=\"--font-weight:theme;margin-bottom:10px;\">Noch Fragen?<\/h2><\/div><div class=\"uvc-sub-heading ult-responsive\"  data-ultimate-target='.uvc-heading.ultimate-heading-430669f46c6e4f65c .uvc-sub-heading '  data-responsive-json-new='{\"font-size\":\"\",\"line-height\":\"\"}'  style=\"font-weight:normal;\"><strong>Unser Projektmanager hilft Ihnen gerne weiter!<\/strong><\/p>\n<p>Wladislav Homm, Project Manager<\/div><\/div><div class=\"gap\" style=\"line-height: 30px; height: 30px;\"><\/div>[vc_btn title=&#8220;Kontaktieren Sie uns&#8220; style=&#8220;outline-custom&#8220; outline_custom_color=&#8220;#A32D33&#8243; outline_custom_hover_background=&#8220;#A32D33&#8243; outline_custom_hover_text=&#8220;#ffffff&#8220; shape=&#8220;square&#8220; align=&#8220;left&#8220; css=&#8220;&#8220; link=&#8220;url:%2Fde%2Fkontakt%2F&#8220;]<div class=\"gap\" style=\"line-height: 80px; height: 80px;\"><\/div>[\/vc_column_inner][\/vc_row_inner][\/vc_column][\/vc_row][vc_row bg_type=&#8220;bg_color&#8220; bg_override=&#8220;full&#8220; bg_color_value=&#8220;#ededed&#8220;][vc_column]<div class=\"gap\" style=\"line-height: 50px; height: 50px;\"><\/div>[\/vc_column][\/vc_row]<\/p>\n<\/div>","protected":false},"excerpt":{"rendered":"<p>[vc_row bg_type=&#8220;bg_color&#8220; bg_override=&#8220;full&#8220; bg_color_value=&#8220;#ededed&#8220; css=&#8220;.vc_custom_1701085557764{padding-top: 50px !important;}&#8220;][vc_column css=&#8220;.vc_custom_1700551267224{background-color: #ffffff !important;}&#8220;][vc_row_inner][vc_column_inner width=&#8220;1\/4&#8243;][\/vc_column_inner][vc_column_inner width=&#8220;1\/4&#8243;][\/vc_column_inner][vc_column_inner width=&#8220;1\/4&#8243;][\/vc_column_inner][vc_column_inner width=&#8220;1\/4&#8243;][\/vc_column_inner][\/vc_row_inner][vc_row_inner][vc_column_inner width=&#8220;1\/6&#8243;][\/vc_column_inner][vc_column_inner width=&#8220;2\/3&#8243;][vc_single_image image=&#8220;37129&#8243; img_size=&#8220;full&#8220;][vc_column_text] Herausforderung In der Baubranche verlaufen Projekte selten genau nach Plan. Ob es an betrieblichen Entscheidungen oder den \u00f6rtlichen Gegebenheiten liegt, Abweichungen von der urspr\u00fcnglichen Planung sind eher die Regel als die Ausnahme. Unser Kunde, ein f\u00fchrendes Unternehmen&hellip;<\/p>\n","protected":false},"author":1,"featured_media":0,"parent":0,"menu_order":1,"comment_status":"closed","ping_status":"closed","template":"template-microsite.php","meta":{"footnotes":""},"class_list":["post-37038","page","type-page","status-publish","hentry","description-off"],"yoast_head":"<!-- This site is optimized with the Yoast SEO plugin v27.5 - https:\/\/yoast.com\/product\/yoast-seo-wordpress\/ -->\n<title>Case Study: Visuelle Baustellendokumentation | FRAMENCE<\/title>\n<meta name=\"description\" content=\"Visuelle Baustellendokumentation mit FRAMENCE: Baufortschritt zeitlich nachvollziehen, Fotos zentral b\u00fcndeln und Transparenz schaffen.\" \/>\n<meta name=\"robots\" content=\"index, follow, max-snippet:-1, max-image-preview:large, max-video-preview:-1\" \/>\n<link rel=\"canonical\" href=\"https:\/\/www.framence.com\/de\/case-study-visuelle-baustellendokumentation\/\" \/>\n<meta property=\"og:locale\" content=\"de_DE\" \/>\n<meta property=\"og:type\" content=\"article\" \/>\n<meta property=\"og:title\" content=\"Case Study: Visuelle Baustellendokumentation | FRAMENCE\" \/>\n<meta property=\"og:description\" content=\"Visuelle Baustellendokumentation mit FRAMENCE: Baufortschritt zeitlich nachvollziehen, Fotos zentral b\u00fcndeln und Transparenz schaffen.\" \/>\n<meta property=\"og:url\" content=\"https:\/\/www.framence.com\/de\/case-study-visuelle-baustellendokumentation\/\" \/>\n<meta property=\"og:site_name\" content=\"FRAMENCE\" \/>\n<meta property=\"article:modified_time\" content=\"2025-12-12T10:41:04+00:00\" \/>\n<meta property=\"og:image\" content=\"https:\/\/www.framence.com\/wp-content\/uploads\/2025\/12\/Framence_Favicon_32x32.png\" \/>\n\t<meta property=\"og:image:width\" content=\"32\" \/>\n\t<meta property=\"og:image:height\" content=\"32\" \/>\n\t<meta property=\"og:image:type\" content=\"image\/png\" \/>\n<meta name=\"twitter:card\" content=\"summary_large_image\" \/>\n<meta name=\"twitter:label1\" content=\"Gesch\u00e4tzte Lesezeit\" \/>\n\t<meta name=\"twitter:data1\" content=\"3\u00a0Minuten\" \/>\n<script type=\"application\/ld+json\" class=\"yoast-schema-graph\">{\"@context\":\"https:\\\/\\\/schema.org\",\"@graph\":[{\"@type\":\"WebPage\",\"@id\":\"https:\\\/\\\/www.framence.com\\\/de\\\/case-study-visuelle-baustellendokumentation\\\/\",\"url\":\"https:\\\/\\\/www.framence.com\\\/de\\\/case-study-visuelle-baustellendokumentation\\\/\",\"name\":\"Case Study: Visuelle Baustellendokumentation | FRAMENCE\",\"isPartOf\":{\"@id\":\"https:\\\/\\\/www.framence.com\\\/#website\"},\"datePublished\":\"2024-01-17T09:06:03+00:00\",\"dateModified\":\"2025-12-12T10:41:04+00:00\",\"description\":\"Visuelle Baustellendokumentation mit FRAMENCE: Baufortschritt zeitlich nachvollziehen, Fotos zentral b\u00fcndeln und Transparenz schaffen.\",\"breadcrumb\":{\"@id\":\"https:\\\/\\\/www.framence.com\\\/de\\\/case-study-visuelle-baustellendokumentation\\\/#breadcrumb\"},\"inLanguage\":\"de\",\"potentialAction\":[{\"@type\":\"ReadAction\",\"target\":[\"https:\\\/\\\/www.framence.com\\\/de\\\/case-study-visuelle-baustellendokumentation\\\/\"]}]},{\"@type\":\"BreadcrumbList\",\"@id\":\"https:\\\/\\\/www.framence.com\\\/de\\\/case-study-visuelle-baustellendokumentation\\\/#breadcrumb\",\"itemListElement\":[{\"@type\":\"ListItem\",\"position\":1,\"name\":\"Startseite\",\"item\":\"https:\\\/\\\/www.framence.com\\\/de\\\/\"},{\"@type\":\"ListItem\",\"position\":2,\"name\":\"Case Study: Visuelle Baustellendokumentation\"}]},{\"@type\":\"WebSite\",\"@id\":\"https:\\\/\\\/www.framence.com\\\/#website\",\"url\":\"https:\\\/\\\/www.framence.com\\\/\",\"name\":\"FRAMENCE\",\"description\":\"\",\"potentialAction\":[{\"@type\":\"SearchAction\",\"target\":{\"@type\":\"EntryPoint\",\"urlTemplate\":\"https:\\\/\\\/www.framence.com\\\/?s={search_term_string}\"},\"query-input\":{\"@type\":\"PropertyValueSpecification\",\"valueRequired\":true,\"valueName\":\"search_term_string\"}}],\"inLanguage\":\"de\"}]}<\/script>\n<!-- \/ Yoast SEO plugin. -->","yoast_head_json":{"title":"Case Study: Visuelle Baustellendokumentation | FRAMENCE","description":"Visuelle Baustellendokumentation mit FRAMENCE: Baufortschritt zeitlich nachvollziehen, Fotos zentral b\u00fcndeln und Transparenz schaffen.","robots":{"index":"index","follow":"follow","max-snippet":"max-snippet:-1","max-image-preview":"max-image-preview:large","max-video-preview":"max-video-preview:-1"},"canonical":"https:\/\/www.framence.com\/de\/case-study-visuelle-baustellendokumentation\/","og_locale":"de_DE","og_type":"article","og_title":"Case Study: Visuelle Baustellendokumentation | FRAMENCE","og_description":"Visuelle Baustellendokumentation mit FRAMENCE: Baufortschritt zeitlich nachvollziehen, Fotos zentral b\u00fcndeln und Transparenz schaffen.","og_url":"https:\/\/www.framence.com\/de\/case-study-visuelle-baustellendokumentation\/","og_site_name":"FRAMENCE","article_modified_time":"2025-12-12T10:41:04+00:00","og_image":[{"width":32,"height":32,"url":"https:\/\/www.framence.com\/wp-content\/uploads\/2025\/12\/Framence_Favicon_32x32.png","type":"image\/png"}],"twitter_card":"summary_large_image","twitter_misc":{"Gesch\u00e4tzte Lesezeit":"3\u00a0Minuten"},"schema":{"@context":"https:\/\/schema.org","@graph":[{"@type":"WebPage","@id":"https:\/\/www.framence.com\/de\/case-study-visuelle-baustellendokumentation\/","url":"https:\/\/www.framence.com\/de\/case-study-visuelle-baustellendokumentation\/","name":"Case Study: Visuelle Baustellendokumentation | FRAMENCE","isPartOf":{"@id":"https:\/\/www.framence.com\/#website"},"datePublished":"2024-01-17T09:06:03+00:00","dateModified":"2025-12-12T10:41:04+00:00","description":"Visuelle Baustellendokumentation mit FRAMENCE: Baufortschritt zeitlich nachvollziehen, Fotos zentral b\u00fcndeln und Transparenz schaffen.","breadcrumb":{"@id":"https:\/\/www.framence.com\/de\/case-study-visuelle-baustellendokumentation\/#breadcrumb"},"inLanguage":"de","potentialAction":[{"@type":"ReadAction","target":["https:\/\/www.framence.com\/de\/case-study-visuelle-baustellendokumentation\/"]}]},{"@type":"BreadcrumbList","@id":"https:\/\/www.framence.com\/de\/case-study-visuelle-baustellendokumentation\/#breadcrumb","itemListElement":[{"@type":"ListItem","position":1,"name":"Startseite","item":"https:\/\/www.framence.com\/de\/"},{"@type":"ListItem","position":2,"name":"Case Study: Visuelle Baustellendokumentation"}]},{"@type":"WebSite","@id":"https:\/\/www.framence.com\/#website","url":"https:\/\/www.framence.com\/","name":"FRAMENCE","description":"","potentialAction":[{"@type":"SearchAction","target":{"@type":"EntryPoint","urlTemplate":"https:\/\/www.framence.com\/?s={search_term_string}"},"query-input":{"@type":"PropertyValueSpecification","valueRequired":true,"valueName":"search_term_string"}}],"inLanguage":"de"}]}},"_links":{"self":[{"href":"https:\/\/www.framence.com\/de\/wp-json\/wp\/v2\/pages\/37038","targetHints":{"allow":["GET"]}}],"collection":[{"href":"https:\/\/www.framence.com\/de\/wp-json\/wp\/v2\/pages"}],"about":[{"href":"https:\/\/www.framence.com\/de\/wp-json\/wp\/v2\/types\/page"}],"author":[{"embeddable":true,"href":"https:\/\/www.framence.com\/de\/wp-json\/wp\/v2\/users\/1"}],"replies":[{"embeddable":true,"href":"https:\/\/www.framence.com\/de\/wp-json\/wp\/v2\/comments?post=37038"}],"version-history":[{"count":7,"href":"https:\/\/www.framence.com\/de\/wp-json\/wp\/v2\/pages\/37038\/revisions"}],"predecessor-version":[{"id":38567,"href":"https:\/\/www.framence.com\/de\/wp-json\/wp\/v2\/pages\/37038\/revisions\/38567"}],"wp:attachment":[{"href":"https:\/\/www.framence.com\/de\/wp-json\/wp\/v2\/media?parent=37038"}],"curies":[{"name":"wp","href":"https:\/\/api.w.org\/{rel}","templated":true}]}}