{"id":37437,"date":"2024-03-11T13:07:07","date_gmt":"2024-03-11T12:07:07","guid":{"rendered":"https:\/\/www.framence.com\/?page_id=37437"},"modified":"2025-12-12T09:55:29","modified_gmt":"2025-12-12T08:55:29","slug":"case-study-gis","status":"publish","type":"page","link":"https:\/\/www.framence.com\/de\/case-study-gis\/","title":{"rendered":"Case Study: GIS"},"content":{"rendered":"<div class=\"wpb-content-wrapper\"><p>[vc_row bg_type=&#8220;bg_color&#8220; bg_override=&#8220;full&#8220; bg_color_value=&#8220;#ededed&#8220; css=&#8220;.vc_custom_1701085557764{padding-top: 50px !important;}&#8220;][vc_column css=&#8220;.vc_custom_1700551267224{background-color: #ffffff !important;}&#8220;]<div class=\"gap\" style=\"line-height: 30px; height: 30px;\"><\/div>[vc_row_inner][vc_column_inner width=&#8220;1\/4&#8243;]<div id=\"highlight-box-wrap-8315\"  data-ultimate-target='#highlight-box-wrap-8315'  data-responsive-json-new='{\"font-size\":\"desktop:25px;\",\"line-height\":\"\"}'  class=\"ultimate-call-to-action ult-adjust-bottom-margin  ctaction-text-center ult-responsive\" style=\"font-weight:normal;color:#ffffff;background:#A32D33;padding-top:20px;padding-bottom:20px;\"  data-background=\"#A32D33\"  data-override=\"0\" ><div class=\"uvc-ctaction-data uvc-ctaction-data-no-effect ult-responsive\"><strong>CASE STUDY<\/strong><\/div><\/div>[\/vc_column_inner][vc_column_inner width=&#8220;1\/4&#8243;][\/vc_column_inner][vc_column_inner width=&#8220;1\/4&#8243;][\/vc_column_inner][vc_column_inner width=&#8220;1\/4&#8243;][\/vc_column_inner][\/vc_row_inner]<div class=\"gap\" style=\"line-height: 30px; height: 30px;\"><\/div>[vc_row_inner][vc_column_inner width=&#8220;1\/6&#8243;][\/vc_column_inner][vc_column_inner width=&#8220;2\/3&#8243;]<div id=\"ultimate-heading-816069d71e3dc643f\" class=\"uvc-heading ult-adjust-bottom-margin ultimate-heading-816069d71e3dc643f uvc-3439 \" data-hspacer=\"no_spacer\"  data-halign=\"left\" style=\"text-align:left\"><div class=\"uvc-heading-spacer no_spacer\" style=\"top\"><\/div><div class=\"uvc-main-heading ult-responsive\"  data-ultimate-target='.uvc-heading.ultimate-heading-816069d71e3dc643f h2'  data-responsive-json-new='{\"font-size\":\"desktop:45px;\",\"line-height\":\"desktop:50px;\"}' ><h2 style=\"--font-weight:theme;margin-bottom:30px;\">GIS und Sachdaten in der Fertigungsindustrie verbinden<\/h2><\/div><div class=\"uvc-sub-heading ult-responsive\"  data-ultimate-target='.uvc-heading.ultimate-heading-816069d71e3dc643f .uvc-sub-heading '  data-responsive-json-new='{\"font-size\":\"desktop:25px;\",\"line-height\":\"desktop:38px;\"}'  style=\"font-weight:normal;\">Um eine umfassendere und pr\u00e4zisere Darstellung der Realit\u00e4t von Produktionsanlagen und Geb\u00e4uden an verschiedenen Standorten zu erzielen, haben wir f\u00fcr unseren Kunden aus der Fertigungsindustrie diverse Sach- und Prozessdaten aus seiner Systemlandschaft in seine bestehende GIS-L\u00f6sung integriert.<\/div><\/div><div class=\"gap\" style=\"line-height: 50px; height: 50px;\"><\/div>[vc_single_image image=&#8220;37443&#8243; img_size=&#8220;full&#8220;]<div class=\"gap\" style=\"line-height: 60px; height: 60px;\"><\/div>[vc_column_text]<\/p>\n<h3>Herausforderung<\/h3>\n<p>Unser Kunde aus der Fertigungsindustrie stand vor der Herausforderung, Sach- und Prozessdaten, auch aus Fremdsystemen, in sein bestehendes Geografisches Informationssystem (GIS) zu integrieren. Ziel war es, eine ganzheitliche Sicht samt Live-Daten, Videos, Anleitungen und sonstigen notwendigen Informationen seiner Produktionsanlagen und Geb\u00e4ude zu gew\u00e4hrleisten.[\/vc_column_text]<div class=\"gap\" style=\"line-height: 50px; height: 50px;\"><\/div>[vc_column_text]<\/p>\n<h3>L\u00f6sung<\/h3>\n<p>Zur L\u00f6sung dieser Herausforderung haben wir unser Expertenwissen im Bereich fotorealistischer digitaler Zwillinge angewandt und FRAMENCE als Bindeglied zwischen GIS und Sach- und Prozessdaten implementiert. Hierzu haben wir digitale Zwillinge der Produktionsanlagen und Geb\u00e4ude unseres Kunden erstellt, alle relevanten Anlagen- und Prozessdaten aus seiner Systemlandschaft erfasst und diese in den jeweiligen digitalen Zwillingen verortet. Die digitalen Zwillinge der Anlagen und Geb\u00e4ude wurden in einem weiteren Schritt \u00fcber Schnittstellen an das GIS-System des Kunden angebunden. Dabei wurden die Koordinatensysteme der digitalen Zwillinge mit dem Koordinatensystem der GIS-L\u00f6sung verkn\u00fcpft. So bieten die FRAMENCE-Zwillinge eine visuelle, intuitive sowie geografisch und geometrisch korrekte Umgebung, in der sowohl Geb\u00e4ude- als auch Anlageninformationen visuell mit nur einem Klick abgerufen und bearbeitet werden k\u00f6nnen. Durch die Integration von Sach- und Prozessdaten in das bestehende GIS-System unseres Kunden erm\u00f6glicht FRAMENCE einen einfachen Zugriff auf detaillierte Informationen und eine nahtlose Navigation zwischen verschiedenen Datenquellen. Auch Daten aus Drittsystemen lassen sich auf diesem Weg verorten.[\/vc_column_text]<div class=\"gap\" style=\"line-height: 50px; height: 50px;\"><\/div>[vc_column_text]<\/p>\n<h3>Benefits<\/h3>\n<p>Die Integration von FRAMENCE in das bestehende GIS-System sowie die Anbindung aller relevanten Informationen bieten f\u00fcr unseren Kunden aus der Fertigungsindustrie zahlreiche Vorteile. Mitarbeiter k\u00f6nnen effizienter auf ben\u00f6tigte Informationen zugreifen, um fundierte Entscheidungen zu treffen. Die grafische \u00dcbermittlung von Informationen in GIS (zum Beispiel durch eine farbliche Markierung des betroffenen Geb\u00e4udes im GIS-System) erm\u00f6glicht eine schnellere Reaktion auf kritische Situationen wie Anlagenst\u00f6rungen. Dank der Anbindung der Sachdaten in GIS, schafft FRAMENCE ein verbessertes Infrastrukturmanagement f\u00fcr unseren Kunden, l\u00e4sst ihn effizienter arbeiten und minimiert gleichzeitig die Dauer der Downtimes seiner Produktionsanlagen.[\/vc_column_text]<div class=\"gap\" style=\"line-height: 60px; height: 60px;\"><\/div>[vc_separator]<div class=\"gap\" style=\"line-height: 80px; height: 80px;\"><\/div>[\/vc_column_inner][vc_column_inner width=&#8220;1\/6&#8243;][\/vc_column_inner][\/vc_row_inner][vc_row_inner][vc_column_inner width=&#8220;1\/6&#8243;][\/vc_column_inner][vc_column_inner width=&#8220;2\/6&#8243;][vc_single_image image=&#8220;37131&#8243; img_size=&#8220;200&#215;200&#8243; alignment=&#8220;center&#8220;]<div class=\"gap\" style=\"line-height: 30px; height: 30px;\"><\/div>[\/vc_column_inner][vc_column_inner width=&#8220;1\/2&#8243;]<div id=\"ultimate-heading-575169d71e3dc6501\" class=\"uvc-heading ult-adjust-bottom-margin ultimate-heading-575169d71e3dc6501 uvc-6176  uvc-heading-default-font-sizes\" data-hspacer=\"no_spacer\"  data-halign=\"left\" style=\"text-align:left\"><div class=\"uvc-heading-spacer no_spacer\" style=\"top\"><\/div><div class=\"uvc-main-heading ult-responsive\"  data-ultimate-target='.uvc-heading.ultimate-heading-575169d71e3dc6501 h2'  data-responsive-json-new='{\"font-size\":\"\",\"line-height\":\"\"}' ><h2 style=\"--font-weight:theme;margin-bottom:10px;\">Noch Fragen?<\/h2><\/div><div class=\"uvc-sub-heading ult-responsive\"  data-ultimate-target='.uvc-heading.ultimate-heading-575169d71e3dc6501 .uvc-sub-heading '  data-responsive-json-new='{\"font-size\":\"\",\"line-height\":\"\"}'  style=\"font-weight:normal;\"><strong>Unser Projektmanager hilft Ihnen gerne weiter!<\/strong><\/p>\n<p>Wladislav Homm, Project Manage<\/div><\/div><div class=\"gap\" style=\"line-height: 30px; height: 30px;\"><\/div>[vc_btn title=&#8220;Kontaktieren Sie uns&#8220; style=&#8220;outline-custom&#8220; outline_custom_color=&#8220;#A32D33&#8243; outline_custom_hover_background=&#8220;#A32D33&#8243; outline_custom_hover_text=&#8220;#ffffff&#8220; shape=&#8220;square&#8220; align=&#8220;left&#8220; css=&#8220;&#8220; link=&#8220;url:%2Fde%2Fkontakt%2F&#8220;]<div class=\"gap\" style=\"line-height: 80px; height: 80px;\"><\/div>[\/vc_column_inner][\/vc_row_inner][\/vc_column][\/vc_row][vc_row bg_type=&#8220;bg_color&#8220; bg_override=&#8220;full&#8220; bg_color_value=&#8220;#ededed&#8220;][vc_column]<div class=\"gap\" style=\"line-height: 30px; height: 30px;\"><\/div>[\/vc_column][\/vc_row]<\/p>\n<\/div>","protected":false},"excerpt":{"rendered":"<p>[vc_row bg_type=&#8220;bg_color&#8220; bg_override=&#8220;full&#8220; bg_color_value=&#8220;#ededed&#8220; css=&#8220;.vc_custom_1701085557764{padding-top: 50px !important;}&#8220;][vc_column css=&#8220;.vc_custom_1700551267224{background-color: #ffffff !important;}&#8220;][vc_row_inner][vc_column_inner width=&#8220;1\/4&#8243;][\/vc_column_inner][vc_column_inner width=&#8220;1\/4&#8243;][\/vc_column_inner][vc_column_inner width=&#8220;1\/4&#8243;][\/vc_column_inner][vc_column_inner width=&#8220;1\/4&#8243;][\/vc_column_inner][\/vc_row_inner][vc_row_inner][vc_column_inner width=&#8220;1\/6&#8243;][\/vc_column_inner][vc_column_inner width=&#8220;2\/3&#8243;][vc_single_image image=&#8220;37443&#8243; img_size=&#8220;full&#8220;][vc_column_text] Herausforderung Unser Kunde aus der Fertigungsindustrie stand vor der Herausforderung, Sach- und Prozessdaten, auch aus Fremdsystemen, in sein bestehendes Geografisches Informationssystem (GIS) zu integrieren. Ziel war es, eine ganzheitliche Sicht samt Live-Daten, Videos, Anleitungen und sonstigen notwendigen&hellip;<\/p>\n","protected":false},"author":1,"featured_media":0,"parent":0,"menu_order":1,"comment_status":"closed","ping_status":"closed","template":"template-microsite.php","meta":{"footnotes":""},"class_list":["post-37437","page","type-page","status-publish","hentry","description-off"],"yoast_head":"<!-- This site is optimized with the Yoast SEO plugin v27.3 - https:\/\/yoast.com\/product\/yoast-seo-wordpress\/ -->\n<title>Case Study: GIS | Framence<\/title>\n<meta name=\"description\" content=\"GIS-Integration mit FRAMENCE: GIS-, Prozess- und Bestandsdaten zentral verkn\u00fcpfen und industrialisierte Anwendungen pr\u00e4zise umsetzen.\" \/>\n<meta name=\"robots\" content=\"index, follow, max-snippet:-1, max-image-preview:large, max-video-preview:-1\" \/>\n<link rel=\"canonical\" href=\"https:\/\/www.framence.com\/de\/case-study-gis\/\" \/>\n<meta property=\"og:locale\" content=\"de_DE\" \/>\n<meta property=\"og:type\" content=\"article\" \/>\n<meta property=\"og:title\" content=\"Case Study: GIS | Framence\" \/>\n<meta property=\"og:description\" content=\"GIS-Integration mit FRAMENCE: GIS-, Prozess- und Bestandsdaten zentral verkn\u00fcpfen und industrialisierte Anwendungen pr\u00e4zise umsetzen.\" \/>\n<meta property=\"og:url\" content=\"https:\/\/www.framence.com\/de\/case-study-gis\/\" \/>\n<meta property=\"og:site_name\" content=\"FRAMENCE\" \/>\n<meta property=\"article:modified_time\" content=\"2025-12-12T08:55:29+00:00\" \/>\n<meta property=\"og:image\" content=\"https:\/\/www.framence.com\/wp-content\/uploads\/2025\/12\/Framence_Favicon_32x32.png\" \/>\n\t<meta property=\"og:image:width\" content=\"32\" \/>\n\t<meta property=\"og:image:height\" content=\"32\" \/>\n\t<meta property=\"og:image:type\" content=\"image\/png\" \/>\n<meta name=\"twitter:card\" content=\"summary_large_image\" \/>\n<meta name=\"twitter:label1\" content=\"Gesch\u00e4tzte Lesezeit\" \/>\n\t<meta name=\"twitter:data1\" content=\"3\u00a0Minuten\" \/>\n<script type=\"application\/ld+json\" class=\"yoast-schema-graph\">{\"@context\":\"https:\\\/\\\/schema.org\",\"@graph\":[{\"@type\":\"WebPage\",\"@id\":\"https:\\\/\\\/www.framence.com\\\/de\\\/case-study-gis\\\/\",\"url\":\"https:\\\/\\\/www.framence.com\\\/de\\\/case-study-gis\\\/\",\"name\":\"Case Study: GIS | Framence\",\"isPartOf\":{\"@id\":\"https:\\\/\\\/www.framence.com\\\/#website\"},\"datePublished\":\"2024-03-11T12:07:07+00:00\",\"dateModified\":\"2025-12-12T08:55:29+00:00\",\"description\":\"GIS-Integration mit FRAMENCE: GIS-, Prozess- und Bestandsdaten zentral verkn\u00fcpfen und industrialisierte Anwendungen pr\u00e4zise umsetzen.\",\"breadcrumb\":{\"@id\":\"https:\\\/\\\/www.framence.com\\\/de\\\/case-study-gis\\\/#breadcrumb\"},\"inLanguage\":\"de\",\"potentialAction\":[{\"@type\":\"ReadAction\",\"target\":[\"https:\\\/\\\/www.framence.com\\\/de\\\/case-study-gis\\\/\"]}]},{\"@type\":\"BreadcrumbList\",\"@id\":\"https:\\\/\\\/www.framence.com\\\/de\\\/case-study-gis\\\/#breadcrumb\",\"itemListElement\":[{\"@type\":\"ListItem\",\"position\":1,\"name\":\"Startseite\",\"item\":\"https:\\\/\\\/www.framence.com\\\/de\\\/\"},{\"@type\":\"ListItem\",\"position\":2,\"name\":\"Case Study: GIS\"}]},{\"@type\":\"WebSite\",\"@id\":\"https:\\\/\\\/www.framence.com\\\/#website\",\"url\":\"https:\\\/\\\/www.framence.com\\\/\",\"name\":\"FRAMENCE\",\"description\":\"\",\"potentialAction\":[{\"@type\":\"SearchAction\",\"target\":{\"@type\":\"EntryPoint\",\"urlTemplate\":\"https:\\\/\\\/www.framence.com\\\/?s={search_term_string}\"},\"query-input\":{\"@type\":\"PropertyValueSpecification\",\"valueRequired\":true,\"valueName\":\"search_term_string\"}}],\"inLanguage\":\"de\"}]}<\/script>\n<!-- \/ Yoast SEO plugin. -->","yoast_head_json":{"title":"Case Study: GIS | Framence","description":"GIS-Integration mit FRAMENCE: GIS-, Prozess- und Bestandsdaten zentral verkn\u00fcpfen und industrialisierte Anwendungen pr\u00e4zise umsetzen.","robots":{"index":"index","follow":"follow","max-snippet":"max-snippet:-1","max-image-preview":"max-image-preview:large","max-video-preview":"max-video-preview:-1"},"canonical":"https:\/\/www.framence.com\/de\/case-study-gis\/","og_locale":"de_DE","og_type":"article","og_title":"Case Study: GIS | Framence","og_description":"GIS-Integration mit FRAMENCE: GIS-, Prozess- und Bestandsdaten zentral verkn\u00fcpfen und industrialisierte Anwendungen pr\u00e4zise umsetzen.","og_url":"https:\/\/www.framence.com\/de\/case-study-gis\/","og_site_name":"FRAMENCE","article_modified_time":"2025-12-12T08:55:29+00:00","og_image":[{"width":32,"height":32,"url":"https:\/\/www.framence.com\/wp-content\/uploads\/2025\/12\/Framence_Favicon_32x32.png","type":"image\/png"}],"twitter_card":"summary_large_image","twitter_misc":{"Gesch\u00e4tzte Lesezeit":"3\u00a0Minuten"},"schema":{"@context":"https:\/\/schema.org","@graph":[{"@type":"WebPage","@id":"https:\/\/www.framence.com\/de\/case-study-gis\/","url":"https:\/\/www.framence.com\/de\/case-study-gis\/","name":"Case Study: GIS | Framence","isPartOf":{"@id":"https:\/\/www.framence.com\/#website"},"datePublished":"2024-03-11T12:07:07+00:00","dateModified":"2025-12-12T08:55:29+00:00","description":"GIS-Integration mit FRAMENCE: GIS-, Prozess- und Bestandsdaten zentral verkn\u00fcpfen und industrialisierte Anwendungen pr\u00e4zise umsetzen.","breadcrumb":{"@id":"https:\/\/www.framence.com\/de\/case-study-gis\/#breadcrumb"},"inLanguage":"de","potentialAction":[{"@type":"ReadAction","target":["https:\/\/www.framence.com\/de\/case-study-gis\/"]}]},{"@type":"BreadcrumbList","@id":"https:\/\/www.framence.com\/de\/case-study-gis\/#breadcrumb","itemListElement":[{"@type":"ListItem","position":1,"name":"Startseite","item":"https:\/\/www.framence.com\/de\/"},{"@type":"ListItem","position":2,"name":"Case Study: GIS"}]},{"@type":"WebSite","@id":"https:\/\/www.framence.com\/#website","url":"https:\/\/www.framence.com\/","name":"FRAMENCE","description":"","potentialAction":[{"@type":"SearchAction","target":{"@type":"EntryPoint","urlTemplate":"https:\/\/www.framence.com\/?s={search_term_string}"},"query-input":{"@type":"PropertyValueSpecification","valueRequired":true,"valueName":"search_term_string"}}],"inLanguage":"de"}]}},"_links":{"self":[{"href":"https:\/\/www.framence.com\/de\/wp-json\/wp\/v2\/pages\/37437","targetHints":{"allow":["GET"]}}],"collection":[{"href":"https:\/\/www.framence.com\/de\/wp-json\/wp\/v2\/pages"}],"about":[{"href":"https:\/\/www.framence.com\/de\/wp-json\/wp\/v2\/types\/page"}],"author":[{"embeddable":true,"href":"https:\/\/www.framence.com\/de\/wp-json\/wp\/v2\/users\/1"}],"replies":[{"embeddable":true,"href":"https:\/\/www.framence.com\/de\/wp-json\/wp\/v2\/comments?post=37437"}],"version-history":[{"count":8,"href":"https:\/\/www.framence.com\/de\/wp-json\/wp\/v2\/pages\/37437\/revisions"}],"predecessor-version":[{"id":38897,"href":"https:\/\/www.framence.com\/de\/wp-json\/wp\/v2\/pages\/37437\/revisions\/38897"}],"wp:attachment":[{"href":"https:\/\/www.framence.com\/de\/wp-json\/wp\/v2\/media?parent=37437"}],"curies":[{"name":"wp","href":"https:\/\/api.w.org\/{rel}","templated":true}]}}