{"id":38844,"date":"2025-11-26T10:25:16","date_gmt":"2025-11-26T09:25:16","guid":{"rendered":"https:\/\/www.framence.com\/?page_id=38844"},"modified":"2025-12-12T09:49:25","modified_gmt":"2025-12-12T08:49:25","slug":"case-study-digitalisierung-komplexer-tatorte","status":"publish","type":"page","link":"https:\/\/www.framence.com\/de\/case-study-digitalisierung-komplexer-tatorte\/","title":{"rendered":"Case Study: Digitalisierung komplexer Tatorte"},"content":{"rendered":"<div class=\"wpb-content-wrapper\"><p>[vc_row bg_type=&#8220;bg_color&#8220; bg_override=&#8220;full&#8220; bg_color_value=&#8220;#ededed&#8220; css=&#8220;.vc_custom_1701085557764{padding-top: 50px !important;}&#8220;][vc_column css=&#8220;.vc_custom_1700551267224{background-color: #ffffff !important;}&#8220;]<div class=\"gap\" style=\"line-height: 30px; height: 30px;\"><\/div>[vc_row_inner][vc_column_inner width=&#8220;1\/4&#8243;]<div id=\"highlight-box-wrap-5945\"  data-ultimate-target='#highlight-box-wrap-5945'  data-responsive-json-new='{\"font-size\":\"desktop:25px;\",\"line-height\":\"\"}'  class=\"ultimate-call-to-action ult-adjust-bottom-margin  ctaction-text-center ult-responsive\" style=\"font-weight:normal;color:#ffffff;background:#A32D33;padding-top:20px;padding-bottom:20px;\"  data-background=\"#A32D33\"  data-override=\"0\" ><div class=\"uvc-ctaction-data uvc-ctaction-data-no-effect ult-responsive\"><strong>CASE STUDY<\/strong><\/div><\/div>[\/vc_column_inner][vc_column_inner width=&#8220;1\/4&#8243;][\/vc_column_inner][vc_column_inner width=&#8220;1\/4&#8243;][\/vc_column_inner][vc_column_inner width=&#8220;1\/4&#8243;][\/vc_column_inner][\/vc_row_inner]<div class=\"gap\" style=\"line-height: 30px; height: 30px;\"><\/div>[vc_row_inner][vc_column_inner width=&#8220;1\/6&#8243;][\/vc_column_inner][vc_column_inner width=&#8220;2\/3&#8243;]<div id=\"ultimate-heading-196869ea6abca23fc\" class=\"uvc-heading ult-adjust-bottom-margin ultimate-heading-196869ea6abca23fc uvc-4708 \" data-hspacer=\"no_spacer\"  data-halign=\"left\" style=\"text-align:left\"><div class=\"uvc-heading-spacer no_spacer\" style=\"top\"><\/div><div class=\"uvc-main-heading ult-responsive\"  data-ultimate-target='.uvc-heading.ultimate-heading-196869ea6abca23fc h2'  data-responsive-json-new='{\"font-size\":\"desktop:42px;\",\"line-height\":\"desktop:50px;\"}' ><h2 style=\"--font-weight:theme;margin-bottom:30px;\">Digitalisierung komplexer Tatorte f\u00fcr Strafverfolgungsbeh\u00f6rden<\/h2><\/div><div class=\"uvc-sub-heading ult-responsive\"  data-ultimate-target='.uvc-heading.ultimate-heading-196869ea6abca23fc .uvc-sub-heading '  data-responsive-json-new='{\"font-size\":\"desktop:22px;\",\"line-height\":\"desktop:35px;\"}'  style=\"font-weight:normal;\">Ermittler, Forensiker und Staatsanw\u00e4lte k\u00f6nnen Beweise gemeinsam in Framence auf einer XYZ-Axis pr\u00e4zise verorten und analysieren, r\u00e4umliche Zusammenh\u00e4nge exakt nachvollziehen und die Kommunikation verbessern. So wird die Beweissicherung effizienter, transparenter und vor Gericht \u00fcberzeugender.<\/div><\/div><div class=\"gap\" style=\"line-height: 50px; height: 50px;\"><\/div>[vc_single_image image=&#8220;38855&#8243; img_size=&#8220;full&#8220; css=&#8220;&#8220;]<div class=\"gap\" style=\"line-height: 60px; height: 60px;\"><\/div>[vc_column_text css=&#8220;&#8220;]<\/p>\n<h3><strong>Herausforderung<\/strong><\/h3>\n<p>Bei Framence verstehen wir die besonderen Herausforderungen, mit denen Polizei- und Forensik-Teams bei der Dokumentation und Analyse von Tatorten konfrontiert sind. Traditionelle Methoden wie Fotos, Skizzen und Berichte erfassen oft nicht die gesamte Komplexit\u00e4t eines Tatorts. Dadurch wird es schwierig, r\u00e4umliche Zusammenh\u00e4nge zu verstehen, Beweise \u00fcber l\u00e4ngere Zeit nachzuverfolgen und Erkenntnisse zwischen verschiedenen Beh\u00f6rden zu teilen.<\/p>\n<p>Unser Kunde, eine gro\u00dfe Strafverfolgungsbeh\u00f6rde, stand vor der Aufgabe, komplexe Tatorte so zu digitalisieren und zu sichern, dass sie nach der R\u00e4umung virtuell wieder aufgerufen werden k\u00f6nnen. Zudem sollten Beweise zuverl\u00e4ssig \u00fcber die Zeit hinweg dokumentiert und annotiert, die Zusammenarbeit zwischen Ermittlern, Forensikern und Staatsanw\u00e4lten verbessert und die Pr\u00e4sentation von Beweismitteln vor Gericht gest\u00e4rkt werden.[\/vc_column_text]<div class=\"gap\" style=\"line-height: 50px; height: 50px;\"><\/div>[vc_column_text css=&#8220;&#8220;]<\/p>\n<h3><strong>L\u00f6sung<\/strong><\/h3>\n<p>Unsere Digital Twins liefern hochdetaillierte und pr\u00e4zise Rekonstruktionen von Tatorten auf Basis von fotografischen Panoramen, Smartphone-Aufnahmen und Drohnenbildern. Ermittler k\u00f6nnen digitale Markierungen in einem XYZ-Koordinatensystem auf Beweisobjekten wie Patronenh\u00fclsen, Blutspuren oder Waffen setzen und diese direkt mit Metadaten, Informationen zur Beweismittelkette und erg\u00e4nzender Dokumentation verkn\u00fcpfen. \u00dcber unsere Plattform k\u00f6nnen Forensiker den Tatort in 3D aus der Ferne erkunden, Abst\u00e4nde und Winkel millimetergenau messen sowie Modelle wie Geschossbahnen oder Blutspurenmuster \u00fcberlagern. Alle Beteiligten, von Tatorttechnikern bis zu Staatsanw\u00e4lten, erhalten kontrollierten Zugriff auf dieselbe digitale Version des Tatorts, was f\u00fcr Konsistenz in der Kommunikation sorgt.<\/p>\n<p>Dar\u00fcber hinaus garantiert die Plattform die Beweissicherheit durch Versionskontrolle, unver\u00e4nderbare Audit-Trails und rollenbasierte Zugriffsrechte. F\u00fcr den Einsatz im Gerichtssaal erm\u00f6glichen immersive Visualisierungen Richtern ein besseres Verst\u00e4ndnis r\u00e4umlicher Zusammenh\u00e4nge und der Positionierung von Beweismitteln.[\/vc_column_text]<div class=\"gap\" style=\"line-height: 50px; height: 50px;\"><\/div>[vc_column_text css=&#8220;&#8220;]<\/p>\n<h3><strong>Benefits<\/strong><\/h3>\n<p>Durch den Einsatz fotorealistischer Digital Twins f\u00fcr die Tatortdokumentation konnten wir unserem Kunden helfen, sowohl die Effizienz der Ermittlungen als auch die Verl\u00e4sslichkeit der Beweissicherung erheblich zu steigern. Ermittler k\u00f6nnen nun auf den digitalen Zwilling zur\u00fcckgreifen, anstatt den physischen Tatort erneut aufzusuchen. Gleichzeitig k\u00f6nnen sie an verschiedenen Standorten gemeinsam auf derselben digitalen Beweisgrundlage arbeiten. Komplexe r\u00e4umliche Zusammenh\u00e4nge bleiben erhalten und k\u00f6nnen vor Gericht wesentlich klarer dargestellt werden.<\/p>\n<p>Dank der M\u00f6glichkeit, den Tatort digital \u201eeinzufrieren\u201c, konnte unser Kunde das Aufkommen von doppelten oder unvollst\u00e4ndigen Beweisdokumentationen reduzieren und den gesamten Fallfortschritt beschleunigen. Durch die Transformation traditioneller Dokumentationsmethoden in einen interaktiven Digital Twin erm\u00f6glichte Framence der Strafverfolgungsbeh\u00f6rde ein neues Ma\u00df an r\u00e4umliches Verst\u00e4ndnis, eine effizientere Beweisverfolgung und letztlich st\u00e4rkere, transparentere F\u00e4lle.[\/vc_column_text]<div class=\"gap\" style=\"line-height: 60px; height: 60px;\"><\/div>[vc_separator]<div class=\"gap\" style=\"line-height: 80px; height: 80px;\"><\/div>[\/vc_column_inner][vc_column_inner width=&#8220;1\/6&#8243;][\/vc_column_inner][\/vc_row_inner][vc_row_inner][vc_column_inner width=&#8220;1\/6&#8243;][\/vc_column_inner][vc_column_inner width=&#8220;2\/6&#8243;][vc_single_image image=&#8220;37131&#8243; img_size=&#8220;200&#215;200&#8243; alignment=&#8220;center&#8220;]<div class=\"gap\" style=\"line-height: 30px; height: 30px;\"><\/div>[\/vc_column_inner][vc_column_inner width=&#8220;1\/2&#8243;]<div id=\"ultimate-heading-748869ea6abca24c8\" class=\"uvc-heading ult-adjust-bottom-margin ultimate-heading-748869ea6abca24c8 uvc-1605  uvc-heading-default-font-sizes\" data-hspacer=\"no_spacer\"  data-halign=\"left\" style=\"text-align:left\"><div class=\"uvc-heading-spacer no_spacer\" style=\"top\"><\/div><div class=\"uvc-main-heading ult-responsive\"  data-ultimate-target='.uvc-heading.ultimate-heading-748869ea6abca24c8 h2'  data-responsive-json-new='{\"font-size\":\"\",\"line-height\":\"\"}' ><h2 style=\"--font-weight:theme;margin-bottom:10px;\">Noch Fragen?<\/h2><\/div><div class=\"uvc-sub-heading ult-responsive\"  data-ultimate-target='.uvc-heading.ultimate-heading-748869ea6abca24c8 .uvc-sub-heading '  data-responsive-json-new='{\"font-size\":\"\",\"line-height\":\"\"}'  style=\"font-weight:normal;\"><strong>Unser Projektmanager hilft Ihnen gerne weiter!<\/strong><\/p>\n<p>Wladislav Homm, Project Manager<\/div><\/div><div class=\"gap\" style=\"line-height: 30px; height: 30px;\"><\/div>[vc_btn title=&#8220;Kontaktieren Sie uns&#8220; style=&#8220;outline-custom&#8220; outline_custom_color=&#8220;#A32D33&#8243; outline_custom_hover_background=&#8220;#A32D33&#8243; outline_custom_hover_text=&#8220;#ffffff&#8220; shape=&#8220;square&#8220; align=&#8220;left&#8220; css=&#8220;&#8220; link=&#8220;url:%2Fde%2Fkontakt%2F&#8220;]<div class=\"gap\" style=\"line-height: 80px; height: 80px;\"><\/div>[\/vc_column_inner][\/vc_row_inner][\/vc_column][\/vc_row][vc_row bg_type=&#8220;bg_color&#8220; bg_override=&#8220;full&#8220; bg_color_value=&#8220;#ededed&#8220;][vc_column]<div class=\"gap\" style=\"line-height: 50px; height: 50px;\"><\/div>[\/vc_column][\/vc_row]<\/p>\n<\/div>","protected":false},"excerpt":{"rendered":"<p>[vc_row bg_type=&#8220;bg_color&#8220; bg_override=&#8220;full&#8220; bg_color_value=&#8220;#ededed&#8220; css=&#8220;.vc_custom_1701085557764{padding-top: 50px !important;}&#8220;][vc_column css=&#8220;.vc_custom_1700551267224{background-color: #ffffff !important;}&#8220;][vc_row_inner][vc_column_inner width=&#8220;1\/4&#8243;][\/vc_column_inner][vc_column_inner width=&#8220;1\/4&#8243;][\/vc_column_inner][vc_column_inner width=&#8220;1\/4&#8243;][\/vc_column_inner][vc_column_inner width=&#8220;1\/4&#8243;][\/vc_column_inner][\/vc_row_inner][vc_row_inner][vc_column_inner width=&#8220;1\/6&#8243;][\/vc_column_inner][vc_column_inner width=&#8220;2\/3&#8243;][vc_single_image image=&#8220;38855&#8243; img_size=&#8220;full&#8220; css=&#8220;&#8220;][vc_column_text css=&#8220;&#8220;] Herausforderung Bei Framence verstehen wir die besonderen Herausforderungen, mit denen Polizei- und Forensik-Teams bei der Dokumentation und Analyse von Tatorten konfrontiert sind. Traditionelle Methoden wie Fotos, Skizzen und Berichte erfassen oft nicht die gesamte Komplexit\u00e4t&hellip;<\/p>\n","protected":false},"author":1,"featured_media":0,"parent":0,"menu_order":1,"comment_status":"closed","ping_status":"closed","template":"template-microsite.php","meta":{"footnotes":""},"class_list":["post-38844","page","type-page","status-publish","hentry","description-off"],"yoast_head":"<!-- This site is optimized with the Yoast SEO plugin v27.4 - https:\/\/yoast.com\/product\/yoast-seo-wordpress\/ -->\n<title>Case Study: Digitalisierung komplexer Tatorte | FRAMENCE<\/title>\n<meta name=\"description\" content=\"Digitalisierung komplexer Tatorte mit FRAMENCE: komplexe Tatorte pr\u00e4zise erfassen, digital abbilden und strukturiert analysieren.\" \/>\n<meta name=\"robots\" content=\"index, follow, max-snippet:-1, max-image-preview:large, max-video-preview:-1\" \/>\n<link rel=\"canonical\" href=\"https:\/\/www.framence.com\/de\/case-study-digitalisierung-komplexer-tatorte\/\" \/>\n<meta property=\"og:locale\" content=\"de_DE\" \/>\n<meta property=\"og:type\" content=\"article\" \/>\n<meta property=\"og:title\" content=\"Case Study: Digitalisierung komplexer Tatorte | FRAMENCE\" \/>\n<meta property=\"og:description\" content=\"Digitalisierung komplexer Tatorte mit FRAMENCE: komplexe Tatorte pr\u00e4zise erfassen, digital abbilden und strukturiert analysieren.\" \/>\n<meta property=\"og:url\" content=\"https:\/\/www.framence.com\/de\/case-study-digitalisierung-komplexer-tatorte\/\" \/>\n<meta property=\"og:site_name\" content=\"FRAMENCE\" \/>\n<meta property=\"article:modified_time\" content=\"2025-12-12T08:49:25+00:00\" \/>\n<meta property=\"og:image\" content=\"https:\/\/www.framence.com\/wp-content\/uploads\/2025\/12\/Framence_Favicon_32x32.png\" \/>\n\t<meta property=\"og:image:width\" content=\"32\" \/>\n\t<meta property=\"og:image:height\" content=\"32\" \/>\n\t<meta property=\"og:image:type\" content=\"image\/png\" \/>\n<meta name=\"twitter:card\" content=\"summary_large_image\" \/>\n<meta name=\"twitter:label1\" content=\"Gesch\u00e4tzte Lesezeit\" \/>\n\t<meta name=\"twitter:data1\" content=\"4\u00a0Minuten\" \/>\n<script type=\"application\/ld+json\" class=\"yoast-schema-graph\">{\"@context\":\"https:\\\/\\\/schema.org\",\"@graph\":[{\"@type\":\"WebPage\",\"@id\":\"https:\\\/\\\/www.framence.com\\\/de\\\/case-study-digitalisierung-komplexer-tatorte\\\/\",\"url\":\"https:\\\/\\\/www.framence.com\\\/de\\\/case-study-digitalisierung-komplexer-tatorte\\\/\",\"name\":\"Case Study: Digitalisierung komplexer Tatorte | FRAMENCE\",\"isPartOf\":{\"@id\":\"https:\\\/\\\/www.framence.com\\\/#website\"},\"datePublished\":\"2025-11-26T09:25:16+00:00\",\"dateModified\":\"2025-12-12T08:49:25+00:00\",\"description\":\"Digitalisierung komplexer Tatorte mit FRAMENCE: komplexe Tatorte pr\u00e4zise erfassen, digital abbilden und strukturiert analysieren.\",\"breadcrumb\":{\"@id\":\"https:\\\/\\\/www.framence.com\\\/de\\\/case-study-digitalisierung-komplexer-tatorte\\\/#breadcrumb\"},\"inLanguage\":\"de\",\"potentialAction\":[{\"@type\":\"ReadAction\",\"target\":[\"https:\\\/\\\/www.framence.com\\\/de\\\/case-study-digitalisierung-komplexer-tatorte\\\/\"]}]},{\"@type\":\"BreadcrumbList\",\"@id\":\"https:\\\/\\\/www.framence.com\\\/de\\\/case-study-digitalisierung-komplexer-tatorte\\\/#breadcrumb\",\"itemListElement\":[{\"@type\":\"ListItem\",\"position\":1,\"name\":\"Startseite\",\"item\":\"https:\\\/\\\/www.framence.com\\\/de\\\/\"},{\"@type\":\"ListItem\",\"position\":2,\"name\":\"Case Study: Digitalisierung komplexer Tatorte\"}]},{\"@type\":\"WebSite\",\"@id\":\"https:\\\/\\\/www.framence.com\\\/#website\",\"url\":\"https:\\\/\\\/www.framence.com\\\/\",\"name\":\"FRAMENCE\",\"description\":\"\",\"potentialAction\":[{\"@type\":\"SearchAction\",\"target\":{\"@type\":\"EntryPoint\",\"urlTemplate\":\"https:\\\/\\\/www.framence.com\\\/?s={search_term_string}\"},\"query-input\":{\"@type\":\"PropertyValueSpecification\",\"valueRequired\":true,\"valueName\":\"search_term_string\"}}],\"inLanguage\":\"de\"}]}<\/script>\n<!-- \/ Yoast SEO plugin. -->","yoast_head_json":{"title":"Case Study: Digitalisierung komplexer Tatorte | FRAMENCE","description":"Digitalisierung komplexer Tatorte mit FRAMENCE: komplexe Tatorte pr\u00e4zise erfassen, digital abbilden und strukturiert analysieren.","robots":{"index":"index","follow":"follow","max-snippet":"max-snippet:-1","max-image-preview":"max-image-preview:large","max-video-preview":"max-video-preview:-1"},"canonical":"https:\/\/www.framence.com\/de\/case-study-digitalisierung-komplexer-tatorte\/","og_locale":"de_DE","og_type":"article","og_title":"Case Study: Digitalisierung komplexer Tatorte | FRAMENCE","og_description":"Digitalisierung komplexer Tatorte mit FRAMENCE: komplexe Tatorte pr\u00e4zise erfassen, digital abbilden und strukturiert analysieren.","og_url":"https:\/\/www.framence.com\/de\/case-study-digitalisierung-komplexer-tatorte\/","og_site_name":"FRAMENCE","article_modified_time":"2025-12-12T08:49:25+00:00","og_image":[{"width":32,"height":32,"url":"https:\/\/www.framence.com\/wp-content\/uploads\/2025\/12\/Framence_Favicon_32x32.png","type":"image\/png"}],"twitter_card":"summary_large_image","twitter_misc":{"Gesch\u00e4tzte Lesezeit":"4\u00a0Minuten"},"schema":{"@context":"https:\/\/schema.org","@graph":[{"@type":"WebPage","@id":"https:\/\/www.framence.com\/de\/case-study-digitalisierung-komplexer-tatorte\/","url":"https:\/\/www.framence.com\/de\/case-study-digitalisierung-komplexer-tatorte\/","name":"Case Study: Digitalisierung komplexer Tatorte | FRAMENCE","isPartOf":{"@id":"https:\/\/www.framence.com\/#website"},"datePublished":"2025-11-26T09:25:16+00:00","dateModified":"2025-12-12T08:49:25+00:00","description":"Digitalisierung komplexer Tatorte mit FRAMENCE: komplexe Tatorte pr\u00e4zise erfassen, digital abbilden und strukturiert analysieren.","breadcrumb":{"@id":"https:\/\/www.framence.com\/de\/case-study-digitalisierung-komplexer-tatorte\/#breadcrumb"},"inLanguage":"de","potentialAction":[{"@type":"ReadAction","target":["https:\/\/www.framence.com\/de\/case-study-digitalisierung-komplexer-tatorte\/"]}]},{"@type":"BreadcrumbList","@id":"https:\/\/www.framence.com\/de\/case-study-digitalisierung-komplexer-tatorte\/#breadcrumb","itemListElement":[{"@type":"ListItem","position":1,"name":"Startseite","item":"https:\/\/www.framence.com\/de\/"},{"@type":"ListItem","position":2,"name":"Case Study: Digitalisierung komplexer Tatorte"}]},{"@type":"WebSite","@id":"https:\/\/www.framence.com\/#website","url":"https:\/\/www.framence.com\/","name":"FRAMENCE","description":"","potentialAction":[{"@type":"SearchAction","target":{"@type":"EntryPoint","urlTemplate":"https:\/\/www.framence.com\/?s={search_term_string}"},"query-input":{"@type":"PropertyValueSpecification","valueRequired":true,"valueName":"search_term_string"}}],"inLanguage":"de"}]}},"_links":{"self":[{"href":"https:\/\/www.framence.com\/de\/wp-json\/wp\/v2\/pages\/38844","targetHints":{"allow":["GET"]}}],"collection":[{"href":"https:\/\/www.framence.com\/de\/wp-json\/wp\/v2\/pages"}],"about":[{"href":"https:\/\/www.framence.com\/de\/wp-json\/wp\/v2\/types\/page"}],"author":[{"embeddable":true,"href":"https:\/\/www.framence.com\/de\/wp-json\/wp\/v2\/users\/1"}],"replies":[{"embeddable":true,"href":"https:\/\/www.framence.com\/de\/wp-json\/wp\/v2\/comments?post=38844"}],"version-history":[{"count":4,"href":"https:\/\/www.framence.com\/de\/wp-json\/wp\/v2\/pages\/38844\/revisions"}],"predecessor-version":[{"id":38860,"href":"https:\/\/www.framence.com\/de\/wp-json\/wp\/v2\/pages\/38844\/revisions\/38860"}],"wp:attachment":[{"href":"https:\/\/www.framence.com\/de\/wp-json\/wp\/v2\/media?parent=38844"}],"curies":[{"name":"wp","href":"https:\/\/api.w.org\/{rel}","templated":true}]}}